{"id":22416,"date":"2025-03-14T19:30:58","date_gmt":"2025-03-14T12:30:58","guid":{"rendered":"https:\/\/hfoods.vn\/?post_type=product&#038;p=22416"},"modified":"2026-04-02T17:58:41","modified_gmt":"2026-04-02T10:58:41","slug":"chanh-dong-lanh","status":"publish","type":"product","link":"https:\/\/hfoods.vn\/vi\/san-pham\/chanh-dong-lanh\/","title":{"rendered":"Chanh \u0110\u00f4ng L\u1ea1nh"},"content":{"rendered":"<h2><span style=\"color: #000000;\">CHANH \u0110\u00d4NG L\u1ea0NH<\/span><\/h2>\n<p><span style=\"color: #000000;\"><span style=\"font-weight: 400;\">Chanh\u00a0 \u0111\u00f4ng l\u1ea1nh<\/span><span style=\"font-weight: 400;\"> c\u1ee7a C\u00f4ng ty C\u1ed5 ph\u1ea7n Th\u1ef1c ph\u1ea9m H\u00f9ng H\u1eadu (HungHau Foods), \u0111\u01b0\u1ee3c tuy\u1ec3n ch\u1ecdn t\u1eeb nh\u1eefng tr\u00e1i chanh \u0111\u1ea1t chu\u1ea9n t\u1ea1i c\u00e1c v\u00f9ng tr\u1ed3ng thu\u1ed9c khu v\u1ef1c \u0110\u1ed3ng B\u1eb1ng S\u00f4ng C\u1eedu Long (Vi\u1ec7t Nam). S\u1ea3n ph\u1ea9m \u0111\u01b0\u1ee3c c\u1ea5p \u0111\u00f4ng b\u1eb1ng c\u00f4ng ngh\u1ec7 IQF hi\u1ec7n \u0111\u1ea1i, \u0111\u1ea3m b\u1ea3o gi\u1eef \u0111\u01b0\u1ee3c h\u01b0\u01a1ng v\u1ecb, m\u00e0u s\u1eafc v\u00e0 ch\u1ea5t l\u01b0\u1ee3ng t\u1ef1 nhi\u00ean.\u00a0<\/span><\/span><\/p>\n<p><span style=\"font-weight: 400; color: #000000;\">HungHau Foods s\u1edf h\u1eefu n\u0103ng l\u1ef1c cung \u1ee9ng chanh \u0111\u00f4ng l\u1ea1nh l\u00ean \u0111\u1ebfn 500 t\u1ea5n th\u00e0nh ph\u1ea9m m\u1ed7i n\u0103m. S\u1ea3n ph\u1ea9m &amp; nh\u00e0 m\u00e1y ch\u1ebf bi\u1ebfn c\u1ee7a HungHau Foods \u0111\u1ea1t c\u00e1c ch\u1ee9ng nh\u1eadn, ti\u00eau chu\u1ea9n qu\u1ed1c t\u1ebf, bao g\u1ed3m g\u1ed3m: BRCGS, HACCP, ISO 22000, FDA, KV, HALAL v\u00e0 SMETA.\u00a0<\/span><\/p>\n<h2><span style=\"color: #000000;\">TH\u00d4NG TIN N\u1ed4I B\u1eacT<\/span><\/h2>\n<ul>\n<li style=\"font-weight: 400;\" aria-level=\"1\"><span style=\"color: #000000;\">H\u00ecnh d\u1ea1ng &amp; tr\u1ecdng l\u01b0\u1ee3ng:<span style=\"font-weight: 400;\"> Qu\u1ea3 nh\u1ecf, tr\u00f2n ho\u1eb7c h\u01a1i b\u1ea7u, trung b\u00ecnh 50\u2013100g\/qu\u1ea3.<\/span><\/span><\/li>\n<li style=\"font-weight: 400;\" aria-level=\"1\"><span style=\"color: #000000;\">Th\u1ecbt qu\u1ea3 &amp; v\u1ecf:<span style=\"font-weight: 400;\"> Ru\u1ed9t m\u1ecdng n\u01b0\u1edbc, v\u1ecf m\u1ecfng,, gi\u1eef m\u00f9i th\u01a1m.<\/span><\/span><\/li>\n<li aria-level=\"1\">M\u00e0u s\u1eafc: <span style=\"color: #000000;\"><span style=\"font-weight: 400;\">m\u00e0u xanh nh\u1ea1t \u2013 v\u00e0ng nh\u1ea1t<\/span><\/span><\/li>\n<li style=\"font-weight: 400;\" aria-level=\"1\"><span style=\"color: #000000;\">H\u01b0\u01a1ng v\u1ecb:<span style=\"font-weight: 400;\"> Chua \u0111\u1eb7c<\/span><\/span><\/li>\n<li style=\"font-weight: 400;\" aria-level=\"1\"><span style=\"color: #000000;\">Ph\u00e2n lo\u1ea1i: <span style=\"font-weight: 400;\">Nguy\u00ean tr\u00e1i<\/span>,<span style=\"font-weight: 400;\"> C\u1eaft n\u1eeda tr\u00e1i, c\u1eaft 1\/4, c\u1eaft l\u00e1t, n\u01b0\u1edbc \u00e9p<\/span><\/span><\/li>\n<li style=\"font-weight: 400;\" aria-level=\"1\"><span style=\"color: #000000;\">C\u00f4ng ngh\u1ec7:<span style=\"font-weight: 400;\"> IQF \u2013 c\u1ea5p \u0111\u00f4ng nhanh t\u1eebng c\u00e1 th\u1ec3<\/span><\/span><\/li>\n<\/ul>\n<h2><span style=\"font-weight: 400; color: #000000;\">TH\u00d4NG TIN K\u1ef8 THU\u1eacT<\/span><\/h2>\n<table style=\"width: 901px;\">\n<tbody>\n<tr>\n<td style=\"width: 294.514px;\"><span style=\"font-weight: 400; color: #000000;\">Lo\u1ea1i h\u00e0ng (Style)<\/span><\/td>\n<td style=\"width: 591.486px;\"><span style=\"font-weight: 400; color: #000000;\">\u0110\u00f4ng L\u1ea1nh<\/span><\/td>\n<\/tr>\n<tr>\n<td style=\"width: 294.514px;\"><span style=\"font-weight: 400; color: #000000;\">M\u00e0u s\u1eafc (Color)<\/span><\/td>\n<td style=\"width: 591.486px;\"><span style=\"font-weight: 400; color: #000000;\">Xanh ng\u1ea3 v\u00e0ng nh\u1ea1t<\/span><\/td>\n<\/tr>\n<tr>\n<td style=\"width: 294.514px;\"><span style=\"font-weight: 400; color: #000000;\">K\u00edch th\u01b0\u1edbc (size)<\/span><\/td>\n<td style=\"width: 591.486px;\"><span style=\"color: #000000;\"><span style=\"font-weight: 400;\">Nguy\u00ean tr\u00e1i<\/span><b>,<\/b><span style=\"font-weight: 400;\"> C\u1eaft n\u1eeda tr\u00e1i, c\u1eaft 1\/4, c\u1eaft l\u00e1t, n\u01b0\u1edbc \u00e9p<\/span><\/span><\/td>\n<\/tr>\n<tr>\n<td style=\"width: 294.514px;\"><span style=\"font-weight: 400; color: #000000;\">Qu\u00e1 tr\u00ecnh \u0111\u00f4ng l\u1ea1nh (Freezing Process):<\/span><\/td>\n<td style=\"width: 591.486px;\"><span style=\"font-weight: 400; color: #000000;\">S\u1eed d\u1ee5ng c\u00f4ng ngh\u1ec7 c\u1ea5p \u0111\u00f4ng nhanh IQF (Individual Quick Freezing) \u2013 c\u1ea5p \u0111\u00f4ng t\u1eebng c\u00e1 th\u1ec3.<\/span><\/td>\n<\/tr>\n<tr>\n<td style=\"width: 294.514px;\"><span style=\"font-weight: 400; color: #000000;\">Tr\u1ecdng l\u01b0\u1ee3ng PA (Weight\/PA)<\/span><\/td>\n<td style=\"width: 591.486px;\"><span style=\"font-weight: 400; color: #000000;\">T\u00f9y theo y\u00eau c\u1ea7u kh\u00e1ch h\u00e0ng<\/span><\/td>\n<\/tr>\n<tr>\n<td style=\"width: 294.514px;\"><span style=\"font-weight: 400; color: #000000;\">Tr\u1ecdng l\u01b0\u1ee3ng\/ctn (Weight\/ctn):<\/span><\/td>\n<td style=\"width: 591.486px;\"><span style=\"font-weight: 400; color: #000000;\">T\u00f9y theo y\u00eau c\u1ea7u kh\u00e1ch h\u00e0ng<\/span><\/td>\n<\/tr>\n<tr>\n<td style=\"width: 294.514px;\"><span style=\"font-weight: 400; color: #000000;\">Nhi\u1ec7t \u0111\u1ed9 l\u01b0u tr\u1eef (Storage):<\/span><\/td>\n<td style=\"width: 591.486px;\"><span style=\"font-weight: 400; color: #000000;\">-18\u2103<\/span><\/td>\n<\/tr>\n<tr>\n<td style=\"width: 294.514px;\"><span style=\"font-weight: 400; color: #000000;\">Ngu\u1ed3n g\u1ed1c (origin):\u00a0<\/span><\/td>\n<td style=\"width: 591.486px;\"><span style=\"font-weight: 400; color: #000000;\">Vi\u1ec7t Nam<\/span><\/td>\n<\/tr>\n<tr>\n<td style=\"width: 294.514px;\"><span style=\"font-weight: 400; color: #000000;\">Ph\u01b0\u01a1ng th\u1ee9c v\u1eadn chuy\u1ec3n (Method of delivery)<\/span><\/td>\n<td style=\"width: 591.486px;\"><span style=\"font-weight: 400; color: #000000;\">\u0110\u01b0\u1eddng bi\u1ec3n ho\u1eb7c \u0111\u01b0\u1eddng h\u00e0ng kh\u00f4ng.\u00a0<\/span><\/td>\n<\/tr>\n<tr>\n<td style=\"width: 294.514px;\"><span style=\"font-weight: 400; color: #000000;\">\u0110\u00f3ng g\u00f3i (packaging)<\/span><\/td>\n<td style=\"width: 591.486px;\"><span style=\"font-weight: 400; color: #000000;\">10kg \/ 1 t\u00fai ho\u1eb7c t\u00f9y theo y\u00eau c\u1ea7u kh\u00e1ch h\u00e0ng<\/span><\/td>\n<\/tr>\n<tr>\n<td style=\"width: 294.514px;\"><span style=\"font-weight: 400; color: #000000;\">Theo m\u00f9a (season)<\/span><\/td>\n<td style=\"width: 591.486px;\"><span style=\"font-weight: 400; color: #000000;\">T\u1eeb th\u00e1ng 3 \u0111\u1ebfn th\u00e1ng 6<\/span><\/td>\n<\/tr>\n<tr>\n<td style=\"width: 294.514px;\"><span style=\"font-weight: 400; color: #000000;\">H\u1ea1n s\u1eed d\u1ee5ng (Shelf life)<\/span><\/td>\n<td style=\"width: 591.486px;\"><span style=\"font-weight: 400; color: #000000;\">\u00a024 th\u00e1ng<\/span><\/td>\n<\/tr>\n<\/tbody>\n<\/table>\n<h2>H\u00ccNH \u1ea2NH S\u1ea2N PH\u1ea8M<\/h2>\n<figure id=\"attachment_22417\" aria-describedby=\"caption-attachment-22417\" style=\"width: 1000px\" class=\"wp-caption aligncenter\"><img loading=\"lazy\" decoding=\"async\" class=\"size-full wp-image-22417\" src=\"https:\/\/hfoods.vn\/wp-content\/uploads\/2025\/12\/HHF_Hang-Dong_chanh-trai-1.jpg\" alt=\"Chanh \u0111\u00f4ng l\u1ea1nh nguy\u00ean tr\u00e1i HungHau Foods\" width=\"1000\" height=\"1000\" \/><figcaption id=\"caption-attachment-22417\" class=\"wp-caption-text\"><center>Chanh \u0111\u00f4ng l\u1ea1nh nguy\u00ean tr\u00e1i HungHau Foods<center><\/center><\/center><\/figcaption><\/figure>\n<figure id=\"attachment_22419\" aria-describedby=\"caption-attachment-22419\" style=\"width: 1000px\" class=\"wp-caption aligncenter\"><img loading=\"lazy\" decoding=\"async\" class=\"size-full wp-image-22419\" src=\"https:\/\/hfoods.vn\/wp-content\/uploads\/2025\/12\/HHF_Hang-Dong_chanh-12-1.jpg\" alt=\"Chanh \u0111\u00f4ng l\u1ea1nh c\u1eaft n\u1eeda tr\u00e1i HungHau Foods\" width=\"1000\" height=\"1000\" \/><figcaption id=\"caption-attachment-22419\" class=\"wp-caption-text\"><center>Chanh \u0111\u00f4ng l\u1ea1nh c\u1eaft n\u1eeda tr\u00e1i HungHau Foods<center><\/center><\/center><\/figcaption><\/figure>\n<figure id=\"attachment_22421\" aria-describedby=\"caption-attachment-22421\" style=\"width: 1000px\" class=\"wp-caption aligncenter\"><img loading=\"lazy\" decoding=\"async\" class=\"size-full wp-image-22421\" src=\"https:\/\/hfoods.vn\/wp-content\/uploads\/2025\/12\/HHF_Hang-Dong_chanh-18-1.jpg\" alt=\"Chanh \u0111\u00f4ng l\u1ea1nh c\u1eaft 1\/4 HungHau Foods\" width=\"1000\" height=\"1000\" srcset=\"https:\/\/hfoods.vn\/wp-content\/uploads\/2025\/12\/HHF_Hang-Dong_chanh-18-1.jpg 1000w, https:\/\/hfoods.vn\/wp-content\/uploads\/2025\/12\/HHF_Hang-Dong_chanh-18-1-768x768.jpg 768w, https:\/\/hfoods.vn\/wp-content\/uploads\/2025\/12\/HHF_Hang-Dong_chanh-18-1-45x45.jpg 45w, https:\/\/hfoods.vn\/wp-content\/uploads\/2025\/12\/HHF_Hang-Dong_chanh-18-1-100x100.jpg 100w\" sizes=\"auto, (max-width: 1000px) 100vw, 1000px\" \/><figcaption id=\"caption-attachment-22421\" class=\"wp-caption-text\"><center>Chanh \u0111\u00f4ng l\u1ea1nh c\u1eaft 1\/4 HungHau Foods<center><\/center><\/center><\/figcaption><\/figure>\n<figure id=\"attachment_22423\" aria-describedby=\"caption-attachment-22423\" style=\"width: 1000px\" class=\"wp-caption aligncenter\"><img loading=\"lazy\" decoding=\"async\" class=\"size-full wp-image-22423\" src=\"https:\/\/hfoods.vn\/wp-content\/uploads\/2025\/12\/HHF_Hang-Dong_chanh-lat-1.jpg\" alt=\"Chanh \u0111\u00f4ng l\u1ea1nh c\u1eaft l\u00e1t HungHau Foods\" width=\"1000\" height=\"1000\" \/><figcaption id=\"caption-attachment-22423\" class=\"wp-caption-text\"><center>Chanh \u0111\u00f4ng l\u1ea1nh c\u1eaft l\u00e1t HungHau Foods<center><\/center><\/center><\/figcaption><\/figure>\n<h2>TH\u00d4NG TIN LI\u00caN H\u1ec6<\/h2>\n<p><span style=\"color: #000000; font-family: arial, helvetica, sans-serif;\">Email:\u00a0<span style=\"color: #1755ad;\"><a style=\"color: #1755ad;\" href=\"mailto:sales@hunghau.vn\">sales@hunghau.vn<\/a><\/span><\/span><br \/>\n<span style=\"color: #000000; font-family: arial, helvetica, sans-serif;\">Hotline: (+84)79 721 3333\u00a0<\/span><\/p>\n<p><span style=\"color: #000000; font-family: arial, helvetica, sans-serif;\"><span style=\"font-weight: 400;\">Email:\u00a0 <\/span><span style=\"font-weight: 400; color: #333399;\">Hanna@hunghau.vn <\/span><span style=\"font-weight: 400;\"><br \/>\n<\/span><span style=\"font-weight: 400;\">Hotline: (+84)79 721 3333\u00a0<\/span><\/span><\/p>\n<p><span style=\"color: #000000; font-family: arial, helvetica, sans-serif;\">Email:\u00a0<span style=\"color: #1755ad;\"><a style=\"color: #1755ad;\" href=\"mailto:yenn@hunghau.vn\">yenn@hunghau.vn<\/a>\u00a0<\/span><\/span><br \/>\n<span style=\"color: #000000; font-family: arial, helvetica, sans-serif;\">Hotline: (+84)78 520 3333<\/span><\/p>\n<p><span style=\"font-weight: 400; color: #000000;\">LinkedIn<span style=\"color: #1755ad;\">:<\/span><\/span><span style=\"color: #1755ad;\"><a style=\"color: #1755ad;\" href=\"https:\/\/lnkd.in\/g_KkBKHf\"><span style=\"font-weight: 400;\"> https:\/\/lnkd.in\/g_KkBKHf<\/span><\/a><\/span><\/p>\n<h3><span style=\"color: #000000;\">TH\u00c0NH PH\u1ea6N DINH D\u01af\u1ee0NG<\/span><\/h3>\n<ul>\n<li style=\"font-weight: 400;\" aria-level=\"1\"><span style=\"color: #000000;\"><b>Carbohydrate &amp; ch\u1ea5t x\u01a1:<\/b><span style=\"font-weight: 400;\"> H\u00e0m l\u01b0\u1ee3ng carbohydrate th\u1ea5p, gi\u00e0u ch\u1ea5t x\u01a1 t\u1ef1 nhi\u00ean, th\u00fac \u0111\u1ea9y qu\u00e1 tr\u00ecnh thanh l\u1ecdc c\u01a1 th\u1ec3 v\u00e0 c\u00e2n b\u1eb1ng dinh d\u01b0\u1ee1ng.<\/span><\/span><\/li>\n<li style=\"font-weight: 400;\" aria-level=\"1\"><span style=\"color: #000000;\"><b>N\u0103ng l\u01b0\u1ee3ng:<\/b><span style=\"font-weight: 400;\"> Cung c\u1ea5p kho\u1ea3ng 30\u201335 kcal\/100g, mang l\u1ea1i ngu\u1ed3n n\u0103ng l\u01b0\u1ee3ng nh\u1eb9 nh\u00e0ng, ph\u00f9 h\u1ee3p cho ch\u1ebf \u0111\u1ed9 \u0103n l\u00e0nh m\u1ea1nh v\u00e0 ki\u1ec3m so\u00e1t c\u00e2n n\u1eb7ng.<\/span><\/span><\/li>\n<li style=\"font-weight: 400;\" aria-level=\"1\"><span style=\"color: #000000;\"><b>Vitamin:<\/b><span style=\"font-weight: 400;\"> Gi\u00e0u vitamin C (~50\u201360 mg\/100g) c\u00f9ng c\u00e1c vitamin nh\u00f3m B, gi\u00fap t\u0103ng c\u01b0\u1eddng \u0111\u1ec1 kh\u00e1ng, ch\u1ed1ng oxy h\u00f3a v\u00e0 h\u1ed7 tr\u1ee3 ch\u0103m s\u00f3c l\u00e0n da.<\/span><\/span><\/li>\n<li style=\"font-weight: 400;\" aria-level=\"1\"><span style=\"color: #000000;\"><b>Kho\u00e1ng ch\u1ea5t:<\/b> Cung c\u1ea5p c\u00e1c kho\u00e1ng ch\u1ea5t h\u1ed7 tr\u1ee3 ho\u1ea1t \u0111\u1ed9ng tim m\u1ea1ch, c\u00e2n b\u1eb1ng \u0111i\u1ec7n gi\u1ea3i v\u00e0 t\u0103ng c\u01b0\u1eddng ch\u1ee9c n\u0103ng h\u1ec7 th\u1ea7n kinh.<\/span><\/li>\n<\/ul>\n<h3><span style=\"font-weight: 400; color: #000000;\">\u1ee8NG D\u1ee4NG CHANH \u0110\u00d4NG L\u1ea0NH\u00a0<\/span><\/h3>\n<p><span style=\"color: #000000;\"><b>Ng\u00e0nh \u0111\u1ed3 u\u1ed1ng:<\/b><span style=\"font-weight: 400;\"> D\u00f9ng pha ch\u1ebf n\u01b0\u1edbc chanh, tr\u00e0 chanh, cocktail, mocktail, sinh t\u1ed1 v\u00e0 n\u01b0\u1edbc detox; gi\u00fap t\u1ea1o v\u1ecb chua thanh t\u1ef1 nhi\u00ean v\u00e0 h\u01b0\u01a1ng th\u01a1m t\u01b0\u01a1i m\u00e1t quanh n\u0103m.<\/span><\/span><\/p>\n<p><span style=\"color: #000000;\"><b>Ch\u1ebf bi\u1ebfn th\u1ef1c ph\u1ea9m:<\/b><span style=\"font-weight: 400;\"> \u1ee8ng d\u1ee5ng trong n\u01b0\u1edbc s\u1ed1t, salad dressing, \u01b0\u1edbp h\u1ea3i s\u1ea3n \u2013 th\u1ecbt, l\u00e0m b\u00e1nh, m\u1ee9t v\u00e0 c\u00e1c m\u00f3n tr\u00e1ng mi\u1ec7ng; gi\u00fap c\u00e2n v\u1ecb v\u00e0 t\u0103ng h\u01b0\u01a1ng v\u1ecb m\u00f3n \u0103n.<\/span><\/span><\/p>\n<p><span style=\"color: #000000;\"><b>Ng\u00e0nh c\u00f4ng nghi\u1ec7p th\u1ef1c ph\u1ea9m:<\/b><span style=\"font-weight: 400;\"> S\u1eed d\u1ee5ng l\u00e0m nguy\u00ean li\u1ec7u cho n\u01b0\u1edbc c\u1ed1t chanh, puree, siro, th\u1ef1c ph\u1ea9m ch\u1ebf bi\u1ebfn s\u1eb5n v\u00e0 s\u1ea3n ph\u1ea9m \u0111\u00f4ng l\u1ea1nh; ti\u1ec7n l\u1ee3i, \u0111\u1ed3ng \u0111\u1ec1u ch\u1ea5t l\u01b0\u1ee3ng, d\u1ec5 ki\u1ec3m so\u00e1t \u0111\u1ecbnh l\u01b0\u1ee3ng.<\/span><\/span><\/p>\n<p><span style=\"color: #000000;\"><b>Ng\u00e0nh Nh\u00e0 h\u00e0ng &#8211; kh\u00e1ch s\u1ea1n &#8211; cafe &amp; xu\u1ea5t kh\u1ea9u:<\/b><span style=\"font-weight: 400;\"> Ph\u00f9 h\u1ee3p cho nh\u00e0 h\u00e0ng, kh\u00e1ch s\u1ea1n, qu\u00e1n c\u00e0 ph\u00ea v\u00e0 th\u1ecb tr\u01b0\u1eddng xu\u1ea5t kh\u1ea9u nh\u1edd b\u1ea3o qu\u1ea3n l\u00e2u, gi\u1ea3m hao h\u1ee5t, gi\u1eef h\u01b0\u01a1ng v\u1ecb v\u00e0 dinh d\u01b0\u1ee1ng nh\u1edd c\u00f4ng ngh\u1ec7 c\u1ea5p \u0111\u00f4ng nhanh IQF.<\/span><\/span><\/p>\n<h3><span style=\"color: #000000; font-family: arial, helvetica, sans-serif;\">TH\u00d4NG TIN LI\u00caN H\u1ec6:<\/span><\/h3>\n<p><span style=\"color: #000000; font-family: arial, helvetica, sans-serif;\">Email:\u00a0<span style=\"color: #1755ad;\"><a style=\"color: #1755ad;\" href=\"mailto:sales@hunghau.vn\">sales@hunghau.vn<\/a><\/span><\/span><br \/>\n<span style=\"color: #000000; font-family: arial, helvetica, sans-serif;\">Hotline: (+84)79 721 3333\u00a0<\/span><\/p>\n<p><span style=\"color: #000000; font-family: arial, helvetica, sans-serif;\"><span style=\"font-weight: 400;\">Email:\u00a0 <\/span><span style=\"font-weight: 400; color: #333399;\">Hana@hunghau.vn <\/span><span style=\"font-weight: 400;\"><br \/>\n<\/span><span style=\"font-weight: 400;\">Hotline: (+84)79 721 3333\u00a0<\/span><\/span><\/p>\n<p><span style=\"color: #000000; font-family: arial, helvetica, sans-serif;\">Email:\u00a0<span style=\"color: #1755ad;\"><a style=\"color: #1755ad;\" href=\"mailto:yenn@hunghau.vn\">yenn@hunghau.vn<\/a>\u00a0<\/span><\/span><br \/>\n<span style=\"color: #000000; font-family: arial, helvetica, sans-serif;\">Hotline: (+84)78 520 3333<\/span><\/p>\n<p><span style=\"font-weight: 400; color: #000000;\">LinkedIn<span style=\"color: #1755ad;\">:<\/span><\/span><span style=\"color: #1755ad;\"><a style=\"color: #1755ad;\" href=\"https:\/\/lnkd.in\/g_KkBKHf\"><span style=\"font-weight: 400;\"> https:\/\/lnkd.in\/g_KkBKHf<\/span><\/a><\/span><\/p>\n<p><span style=\"color: #000000; font-family: arial, helvetica, sans-serif;\"><b>C\u00f4ng ty C\u1ed5 ph\u1ea7n Th\u1ef1c ph\u1ea9m H\u00f9ng H\u1eadu (HungHau Foods)<\/b><\/span><\/p>\n<p><span style=\"font-family: arial, helvetica, sans-serif;\"><strong><span style=\"color: #000000;\">\u0110\u1ecba ch\u1ec9: 642 \u00c2u C\u01a1, Ph\u01b0\u1eddng B\u1ea3y Hi\u1ec1n, Th\u00e0nh Ph\u1ed1 H\u1ed3 Ch\u00ed Minh<\/span><\/strong><\/span><\/p>\n<p><span style=\"color: #000000; font-family: arial, helvetica, sans-serif;\"><b>Nh\u00e0 xu\u1ea5t kh\u1ea9u n\u00f4ng s\u1ea3n &#8211; Nh\u00e0 cung \u1ee9ng tr\u00e1i c\u00e2y &amp; rau c\u1ee7 \u0111\u00f4ng l\u1ea1nh t\u1ea1i Vi\u1ec7t Nam.<\/b><\/span><\/p>\n","protected":false},"excerpt":{"rendered":"<table style=\"width: 372.454px;\">\n<tbody>\n<tr style=\"height: 43px;\">\n<td style=\"width: 122px; height: 43px;\"><span style=\"color: #1755ad;\"><strong>Lo\u1ea1i<\/strong><\/span><\/td>\n<td style=\"width: 236.454px; height: 43px;\"><span style=\"color: #000000;\">Nguy\u00ean tr\u00e1i, n\u1eeda tr\u00e1i, c\u1eaft 1\/4, c\u1eaft 1\/8, n\u01b0\u1edbc \u00e9p\u2026ho\u1eb7c theo y\u00eau c\u1ea7u kh\u00e1ch h\u00e0ng.<\/span><\/td>\n<\/tr>\n<tr style=\"height: 21.8281px;\">\n<td style=\"width: 122px; height: 21.8281px;\"><span style=\"color: #1755ad;\"><strong>M\u00f9a v\u1ee5 ch\u00ednh<\/strong><\/span><\/td>\n<td style=\"width: 236.454px; height: 21.8281px;\"><span style=\"color: #000000;\">Th\u00e1ng 3-4-5-6<\/span><\/td>\n<\/tr>\n<tr style=\"height: 43px;\">\n<td style=\"width: 122px; height: 43px;\"><span style=\"color: #1755ad;\"><strong>Quy c\u00e1ch<\/strong><\/span><\/td>\n<td style=\"width: 236.454px; height: 43px;\"><span style=\"color: #000000;\">10kg\/t\u00fai ho\u1eb7c theo y\u00eau c\u1ea7u kh\u00e1ch h\u00e0ng<\/span><\/td>\n<\/tr>\n<tr style=\"height: 21px;\">\n<td style=\"width: 122px; height: 21px;\"><span style=\"color: #1755ad;\"><strong>\u0110i\u1ec1u ki\u1ec7n<\/strong><\/span><\/td>\n<td style=\"width: 236.454px; height: 21px;\"><span style=\"color: #000000;\">-18 \u0111\u1ed9<\/span><\/td>\n<\/tr>\n<tr style=\"height: 21px;\">\n<td style=\"width: 122px; height: 21px;\"><span style=\"color: #1755ad;\"><b>C\u00f4ng su\u1ea5t<\/b><\/span><\/td>\n<td style=\"width: 236.454px; height: 21px;\"><span style=\"color: #000000;\">500 t\u1ea5n 1 n\u0103m<\/span><\/td>\n<\/tr>\n<tr style=\"height: 43px;\">\n<td style=\"width: 122px; height: 43px;\"><span style=\"color: #1755ad;\"><b>Th\u1eddi h\u1ea1n s\u1eed d\u1ee5ng<\/b><\/span><\/td>\n<td style=\"width: 236.454px; height: 43px;\"><span style=\"color: #000000;\">24 th\u00e1ng<\/span><\/td>\n<\/tr>\n<\/tbody>\n<\/table>\n","protected":false},"featured_media":22419,"comment_status":"closed","ping_status":"closed","template":"","meta":[],"product_brand":[],"product_cat":[99],"product_tag":[],"class_list":{"0":"post-22416","1":"product","2":"type-product","3":"status-publish","4":"has-post-thumbnail","6":"product_cat-rau-cu-qua-dong-lanh","8":"first","9":"instock","10":"shipping-taxable","11":"product-type-simple"},"_links":{"self":[{"href":"https:\/\/hfoods.vn\/vi\/wp-json\/wp\/v2\/product\/22416","targetHints":{"allow":["GET"]}}],"collection":[{"href":"https:\/\/hfoods.vn\/vi\/wp-json\/wp\/v2\/product"}],"about":[{"href":"https:\/\/hfoods.vn\/vi\/wp-json\/wp\/v2\/types\/product"}],"replies":[{"embeddable":true,"href":"https:\/\/hfoods.vn\/vi\/wp-json\/wp\/v2\/comments?post=22416"}],"wp:featuredmedia":[{"embeddable":true,"href":"https:\/\/hfoods.vn\/vi\/wp-json\/wp\/v2\/media\/22419"}],"wp:attachment":[{"href":"https:\/\/hfoods.vn\/vi\/wp-json\/wp\/v2\/media?parent=22416"}],"wp:term":[{"taxonomy":"product_brand","embeddable":true,"href":"https:\/\/hfoods.vn\/vi\/wp-json\/wp\/v2\/product_brand?post=22416"},{"taxonomy":"product_cat","embeddable":true,"href":"https:\/\/hfoods.vn\/vi\/wp-json\/wp\/v2\/product_cat?post=22416"},{"taxonomy":"product_tag","embeddable":true,"href":"https:\/\/hfoods.vn\/vi\/wp-json\/wp\/v2\/product_tag?post=22416"}],"curies":[{"name":"wp","href":"https:\/\/api.w.org\/{rel}","templated":true}]}}