{"id":22427,"date":"2025-03-19T21:50:53","date_gmt":"2025-03-19T14:50:53","guid":{"rendered":"https:\/\/hfoods.vn\/?post_type=product&#038;p=22427"},"modified":"2026-04-02T17:59:44","modified_gmt":"2026-04-02T10:59:44","slug":"sa-dong-lanh-2","status":"publish","type":"product","link":"https:\/\/hfoods.vn\/vi\/san-pham\/sa-dong-lanh-2\/","title":{"rendered":"S\u1ea3 \u0110\u00f4ng L\u1ea1nh"},"content":{"rendered":"<h2><span style=\"color: #000000;\">S\u1ea2 \u0110\u00d4NG L\u1ea0NH<\/span><\/h2>\n<p><span style=\"color: #000000;\"><span style=\"font-weight: 400;\">S\u1ea3 \u0111\u00f4ng l\u1ea1nh<\/span><span style=\"font-weight: 400;\"> c\u1ee7a C\u00f4ng ty C\u1ed5 ph\u1ea7n Th\u1ef1c ph\u1ea9m H\u00f9ng H\u1eadu (HungHau Foods), \u0111\u01b0\u1ee3c tuy\u1ec3n ch\u1ecdn t\u1eeb nh\u1eefng c\u00e2y s\u1ea3 \u0111\u1ea1t chu\u1ea9n t\u1ea1i c\u00e1c v\u00f9ng tr\u1ed3ng thu\u1ed9c t\u1ec9nh \u0110\u1ed3ng Th\u00e1p (Vi\u1ec7t Nam). S\u1ea3n ph\u1ea9m \u0111\u01b0\u1ee3c c\u1ea5p \u0111\u00f4ng b\u1eb1ng c\u00f4ng ngh\u1ec7 IQF hi\u1ec7n \u0111\u1ea1i, \u0111\u1ea3m b\u1ea3o gi\u1eef \u0111\u01b0\u1ee3c h\u01b0\u01a1ng v\u1ecb, m\u00e0u s\u1eafc v\u00e0 ch\u1ea5t l\u01b0\u1ee3ng t\u1ef1 nhi\u00ean.\u00a0<\/span><\/span><\/p>\n<p><span style=\"font-weight: 400; color: #000000;\">HungHau Foods s\u1edf h\u1eefu n\u0103ng l\u1ef1c cung \u1ee9ng s\u1ea3 \u0111\u00f4ng l\u1ea1nh l\u00ean \u0111\u1ebfn 500 t\u1ea5n th\u00e0nh ph\u1ea9m m\u1ed7i n\u0103m. S\u1ea3n ph\u1ea9m &amp; nh\u00e0 m\u00e1y ch\u1ebf bi\u1ebfn c\u1ee7a HungHau Foods \u0111\u1ea1t c\u00e1c ch\u1ee9ng nh\u1eadn, ti\u00eau chu\u1ea9n qu\u1ed1c t\u1ebf, bao g\u1ed3m g\u1ed3m: BRCGS, HACCP, ISO 22000, FDA, KV, HALAL v\u00e0 SMETA.\u00a0<\/span><\/p>\n<h2><span style=\"color: #000000;\">\u0110\u1eb6C \u0110I\u1ec2M N\u1ed4I B\u1eacT<\/span><\/h2>\n<ul>\n<li><span style=\"font-weight: 400; color: #000000;\">H\u00ecnh d\u1ea1ng &amp; k\u00edch th\u01b0\u1edbc: chi\u1ec1u d\u00e0i trung b\u00ecnh 20\u201340 cm\/c\u00e2y<\/span><\/li>\n<li><span style=\"font-weight: 400; color: #000000;\">H\u01b0\u01a1ng v\u1ecb: M\u00f9i th\u01a1m tinh d\u1ea7u \u0111\u1eb7c tr\u01b0ng, cay nh\u1eb9, the m\u00e1t.<\/span><\/li>\n<li><span style=\"font-weight: 400; color: #000000;\">M\u00e0u s\u1eafc: tr\u1eafng ng\u00e0 g\u1ed1c \u0111\u1ebfn xanh nh\u1ea1t th\u00e2n<\/span><\/li>\n<li><span style=\"color: #000000;\"><span style=\"font-weight: 400;\">D\u1ea1ng cung c\u1ea5p : n<\/span><span style=\"font-weight: 400;\">guy\u00ean c\u00e2y<\/span><b>,<\/b><span style=\"font-weight: 400;\"> c\u1eaft kh\u00fac, c\u1eaft l\u00e1t, s\u1ea3 b\u0103m<\/span><\/span><\/li>\n<li><span style=\"font-weight: 400; color: #000000;\">C\u00f4ng ngh\u1ec7: \u1ee8ng d\u1ee5ng IQF \u2013 c\u1ea5p \u0111\u00f4ng nhanh t\u1eebng c\u00e1 th\u1ec3.\u00a0<\/span><\/li>\n<\/ul>\n<h2><span style=\"color: #000000;\">TH\u00d4NG TIN K\u1ef8 THU\u1eacT:<\/span><\/h2>\n<table>\n<tbody>\n<tr>\n<td><span style=\"font-weight: 400; color: #000000;\">Lo\u1ea1i h\u00e0ng (Style)<\/span><\/td>\n<td><span style=\"font-weight: 400; color: #000000;\">\u0110\u00f4ng L\u1ea1nh<\/span><\/td>\n<\/tr>\n<tr>\n<td><span style=\"font-weight: 400; color: #000000;\">M\u00e0u s\u1eafc (Color)<\/span><\/td>\n<td><span style=\"font-weight: 400; color: #000000;\">tr\u1eafng ng\u00e0 \u0111\u1ebfn xanh nh\u1ea1t<\/span><\/td>\n<\/tr>\n<tr>\n<td><span style=\"font-weight: 400; color: #000000;\">K\u00edch th\u01b0\u1edbc (size)<\/span><\/td>\n<td><span style=\"color: #000000;\"><span style=\"font-weight: 400;\">Nguy\u00ean c\u00e2y<\/span><b>,<\/b><span style=\"font-weight: 400;\"> C\u1eaft kh\u00fac, c\u1eaft l\u00e1t, s\u1ea3 b\u0103m<\/span><\/span><\/td>\n<\/tr>\n<tr>\n<td><span style=\"font-weight: 400; color: #000000;\">Qu\u00e1 tr\u00ecnh \u0111\u00f4ng l\u1ea1nh (Freezing Process):<\/span><\/td>\n<td><span style=\"font-weight: 400; color: #000000;\">S\u1eed d\u1ee5ng c\u00f4ng ngh\u1ec7 c\u1ea5p \u0111\u00f4ng nhanh IQF (Individual Quick Freezing) \u2013 c\u1ea5p \u0111\u00f4ng t\u1eebng c\u00e1 th\u1ec3.<\/span><\/td>\n<\/tr>\n<tr>\n<td><span style=\"font-weight: 400; color: #000000;\">Tr\u1ecdng l\u01b0\u1ee3ng PA (Weight\/PA)<\/span><\/td>\n<td><span style=\"font-weight: 400; color: #000000;\">T\u00f9y theo y\u00eau c\u1ea7u kh\u00e1ch h\u00e0ng<\/span><\/td>\n<\/tr>\n<tr>\n<td><span style=\"font-weight: 400; color: #000000;\">Tr\u1ecdng l\u01b0\u1ee3ng\/ctn (Weight\/ctn):<\/span><\/td>\n<td><span style=\"font-weight: 400; color: #000000;\">T\u00f9y theo y\u00eau c\u1ea7u kh\u00e1ch h\u00e0ng<\/span><\/td>\n<\/tr>\n<tr>\n<td><span style=\"font-weight: 400; color: #000000;\">Nhi\u1ec7t \u0111\u1ed9 l\u01b0u tr\u1eef (Storage):<\/span><\/td>\n<td><span style=\"font-weight: 400; color: #000000;\">-18\u2103<\/span><\/td>\n<\/tr>\n<tr>\n<td><span style=\"font-weight: 400; color: #000000;\">Ngu\u1ed3n g\u1ed1c (origin):\u00a0<\/span><\/td>\n<td><span style=\"font-weight: 400; color: #000000;\">Vi\u1ec7t Nam<\/span><\/td>\n<\/tr>\n<tr>\n<td><span style=\"font-weight: 400; color: #000000;\">Ph\u01b0\u01a1ng th\u1ee9c v\u1eadn chuy\u1ec3n (Method of delivery)<\/span><\/td>\n<td><span style=\"font-weight: 400; color: #000000;\">\u0110\u01b0\u1eddng bi\u1ec3n ho\u1eb7c \u0111\u01b0\u1eddng h\u00e0ng kh\u00f4ng.\u00a0<\/span><\/td>\n<\/tr>\n<tr>\n<td><span style=\"font-weight: 400; color: #000000;\">\u0110\u00f3ng g\u00f3i (packaging)<\/span><\/td>\n<td><span style=\"font-weight: 400; color: #000000;\">10kg \/ 1 t\u00fai ho\u1eb7c t\u00f9y theo y\u00eau c\u1ea7u kh\u00e1ch h\u00e0ng<\/span><\/td>\n<\/tr>\n<tr>\n<td><span style=\"font-weight: 400; color: #000000;\">Theo m\u00f9a (season)<\/span><\/td>\n<td><span style=\"font-weight: 400; color: #000000;\">T\u1eeb th\u00e1ng 11 \u0111\u1ebfn th\u00e1ng 7<\/span><\/td>\n<\/tr>\n<tr>\n<td><span style=\"font-weight: 400; color: #000000;\">H\u1ea1n s\u1eed d\u1ee5ng (Shelf life)<\/span><\/td>\n<td><span style=\"font-weight: 400; color: #000000;\">24 th\u00e1ng<\/span><\/td>\n<\/tr>\n<\/tbody>\n<\/table>\n<h2><span style=\"font-weight: 400; color: #000000;\">TH\u00d4NG TIN LI\u00caN H\u1ec6\u00a0<\/span><\/h2>\n<p><span style=\"color: #000000; font-family: arial, helvetica, sans-serif;\">Email:\u00a0<span style=\"color: #1755ad;\"><a style=\"color: #1755ad;\" href=\"mailto:sales@hunghau.vn\">sales@hunghau.vn<\/a><\/span><\/span><br \/>\n<span style=\"color: #000000; font-family: arial, helvetica, sans-serif;\">Hotline: (+84)79 721 3333\u00a0<\/span><\/p>\n<p><span style=\"color: #000000; font-family: arial, helvetica, sans-serif;\"><span style=\"font-weight: 400;\">Email:\u00a0 <\/span><span style=\"font-weight: 400; color: #333399;\">Hana@hunghau.vn <\/span><span style=\"font-weight: 400;\"><br \/>\n<\/span><span style=\"font-weight: 400;\">Hotline: (+84)79 721 3333\u00a0<\/span><\/span><\/p>\n<p><span style=\"color: #000000; font-family: arial, helvetica, sans-serif;\">Email:\u00a0<span style=\"color: #1755ad;\"><a style=\"color: #1755ad;\" href=\"mailto:yenn@hunghau.vn\">yenn@hunghau.vn<\/a>\u00a0<\/span><\/span><br \/>\n<span style=\"color: #000000; font-family: arial, helvetica, sans-serif;\">Hotline: (+84)78 520 3333<\/span><\/p>\n<p><span style=\"font-weight: 400; color: #000000;\">LinkedIn<span style=\"color: #1755ad;\">:<\/span><\/span><span style=\"color: #1755ad;\"><a style=\"color: #1755ad;\" href=\"https:\/\/lnkd.in\/g_KkBKHf\"><span style=\"font-weight: 400;\"> https:\/\/lnkd.in\/g_KkBKHf<\/span><\/a><\/span><\/p>\n<h2><span style=\"font-weight: 400; color: #000000;\">H\u00ccNH \u1ea2NH S\u1ea2N PH\u1ea8M\u00a0<\/span><\/h2>\n<figure id=\"attachment_22432\" aria-describedby=\"caption-attachment-22432\" style=\"width: 1000px\" class=\"wp-caption aligncenter\"><img loading=\"lazy\" decoding=\"async\" class=\"size-full wp-image-22432\" src=\"https:\/\/hfoods.vn\/wp-content\/uploads\/2025\/12\/HHF_Hang-Dong_3-sa-lat.jpg\" alt=\"S\u1ea3 \u0111\u00f4ng l\u1ea1nh c\u1eaft l\u00e1t HungHau Foods\" width=\"1000\" height=\"1000\" \/><figcaption id=\"caption-attachment-22432\" class=\"wp-caption-text\"><center>S\u1ea3 \u0111\u00f4ng l\u1ea1nh c\u1eaft l\u00e1t HungHau Foods<center><\/center><\/center><\/figcaption><\/figure>\n<figure id=\"attachment_22430\" aria-describedby=\"caption-attachment-22430\" style=\"width: 1000px\" class=\"wp-caption aligncenter\"><img loading=\"lazy\" decoding=\"async\" class=\"size-full wp-image-22430\" src=\"https:\/\/hfoods.vn\/wp-content\/uploads\/2025\/12\/HHF_Hang-Dong_2-sa-khuc.jpg\" alt=\"S\u1ea3 \u0111\u00f4ng l\u1ea1nh c\u1eaft kh\u00fac HungHau Foods\" width=\"1000\" height=\"1000\" \/><figcaption id=\"caption-attachment-22430\" class=\"wp-caption-text\"><center>S\u1ea3 \u0111\u00f4ng l\u1ea1nh c\u1eaft kh\u00fac HungHau Foods<center><\/center><\/center><\/figcaption><\/figure>\n<figure id=\"attachment_22434\" aria-describedby=\"caption-attachment-22434\" style=\"width: 1000px\" class=\"wp-caption aligncenter\"><img loading=\"lazy\" decoding=\"async\" class=\"size-full wp-image-22434\" src=\"https:\/\/hfoods.vn\/wp-content\/uploads\/2025\/12\/HHF_Hang-Dong_4-sa-bam.jpg\" alt=\"S\u1ea3 b\u0103m \u0111\u00f4ng l\u1ea1nh HungHau Foods\" width=\"1000\" height=\"1000\" \/><figcaption id=\"caption-attachment-22434\" class=\"wp-caption-text\"><center>S\u1ea3 b\u0103m \u0111\u00f4ng l\u1ea1nh HungHau Foods<center><\/center><\/center><\/figcaption><\/figure>\n<figure id=\"attachment_22428\" aria-describedby=\"caption-attachment-22428\" style=\"width: 1000px\" class=\"wp-caption aligncenter\"><img loading=\"lazy\" decoding=\"async\" class=\"size-full wp-image-22428\" src=\"https:\/\/hfoods.vn\/wp-content\/uploads\/2025\/12\/HHF_Hang-Dong_1-sa-cay.jpg\" alt=\"S\u1ea3 nguy\u00ean c\u00e2y \u0111\u00f4ng l\u1ea1nh HungHau Foods\" width=\"1000\" height=\"1000\" \/><figcaption id=\"caption-attachment-22428\" class=\"wp-caption-text\"><center>S\u1ea3 nguy\u00ean c\u00e2y \u0111\u00f4ng l\u1ea1nh HungHau Foods<center><\/center><\/center><\/figcaption><\/figure>\n<h3><\/h3>\n<h3><span style=\"color: #000000;\">TH\u00c0NH PH\u1ea6N DINH D\u01af\u1ee0NG\u00a0<\/span><\/h3>\n<ul>\n<li><span style=\"color: #000000;\"><b>Kho\u00e1ng ch\u1ea5t:<\/b><span style=\"font-weight: 400;\"> S\u1ea3 ch\u1ee9a c\u00e1c kho\u00e1ng ch\u1ea5t thi\u1ebft y\u1ebfu nh\u01b0 s\u1eaft, magi\u00ea, kali, k\u1ebdm v\u00e0 folate, h\u1ed7 tr\u1ee3 ho\u1ea1t \u0111\u1ed9ng b\u00ecnh th\u01b0\u1eddng c\u1ee7a c\u01a1 th\u1ec3.<\/span><\/span><\/li>\n<li><span style=\"color: #000000;\"><b>Ch\u1ea5t ch\u1ed1ng oxy h\u00f3a: <\/b><span style=\"font-weight: 400;\">Gi\u00e0u quercetin v\u00e0 geranial, gi\u00fap b\u1ea3o v\u1ec7 t\u1ebf b\u00e0o kh\u1ecfi t\u00e1c \u0111\u1ed9ng c\u1ee7a g\u1ed1c t\u1ef1 do.<\/span><\/span><\/li>\n<li><span style=\"color: #000000;\"><b>T\u0103ng c\u01b0\u1eddng mi\u1ec5n d\u1ecbch:<\/b><span style=\"font-weight: 400;\"> C\u00e1c vitamin v\u00e0 kho\u00e1ng ch\u1ea5t trong s\u1ea3 g\u00f3p ph\u1ea7n n\u00e2ng cao s\u1ee9c \u0111\u1ec1 kh\u00e1ng, h\u1ed7 tr\u1ee3 ph\u00f2ng ng\u1eeba b\u1ec7nh t\u1eadt.<\/span><\/span><\/li>\n<\/ul>\n<h3><span style=\"color: #000000;\">\u1ee8NG D\u1ee4NG S\u1ea2 \u0110\u00d4NG L\u1ea0NH\u00a0<\/span><\/h3>\n<ul>\n<li><span style=\"color: #000000;\"><b>Ng\u00e0nh ch\u1ebf bi\u1ebfn th\u1ef1c ph\u1ea9m:<\/b><span style=\"font-weight: 400;\"> D\u00f9ng l\u00e0m nguy\u00ean li\u1ec7u cho gia v\u1ecb, n\u01b0\u1edbc s\u1ed1t, s\u00fap, m\u00f3n \u0103n ch\u1ebf bi\u1ebfn s\u1eb5n, th\u1ef1c ph\u1ea9m \u0111\u00f4ng l\u1ea1nh, \u0111\u1ea3m b\u1ea3o h\u01b0\u01a1ng th\u01a1m \u0111\u1ed3ng \u0111\u1ec1u v\u00e0 d\u1ec5 ki\u1ec3m so\u00e1t \u0111\u1ecbnh l\u01b0\u1ee3ng.<\/span><\/span><\/li>\n<li><span style=\"color: #000000;\"><b>Ng\u00e0nh \u0111\u1ed3 u\u1ed1ng:<\/b><span style=\"font-weight: 400;\"> \u1ee8ng d\u1ee5ng trong tr\u00e0 s\u1ea3, n\u01b0\u1edbc th\u1ea3o m\u1ed9c, \u0111\u1ed3 u\u1ed1ng detox, \u0111\u1ed3 u\u1ed1ng \u0111\u00f3ng chai, gi\u00fap t\u1ea1o h\u01b0\u01a1ng v\u1ecb t\u1ef1 nhi\u00ean v\u00e0 \u1ed5n \u0111\u1ecbnh quanh n\u0103m.<\/span><\/span><\/li>\n<li><span style=\"color: #000000;\"><b>Ng\u00e0nh nh\u00e0 h\u00e0ng &#8211; kh\u00e1ch s\u1ea1n: <\/b><span style=\"font-weight: 400;\">Ph\u00f9 h\u1ee3p cho nh\u00e0 h\u00e0ng, kh\u00e1ch s\u1ea1n, b\u1ebfp trung t\u00e2m, gi\u00fap ti\u1ebft ki\u1ec7m th\u1eddi gian s\u01a1 ch\u1ebf, gi\u1ea3m hao h\u1ee5t v\u00e0 \u0111\u1ea3m b\u1ea3o ch\u1ea5t l\u01b0\u1ee3ng \u0111\u1ed3ng nh\u1ea5t.<\/span><\/span><\/li>\n<li><span style=\"color: #000000;\"><b>Xu\u1ea5t kh\u1ea9u &amp; OEM: <\/b><span style=\"font-weight: 400;\">Nguy\u00ean li\u1ec7u \u1ed5n \u0111\u1ecbnh cho gia c\u00f4ng OEM, s\u1ea3n ph\u1ea9m xu\u1ea5t kh\u1ea9u, \u0111\u00e1p \u1ee9ng y\u00eau c\u1ea7u b\u1ea3o qu\u1ea3n l\u00e2u d\u00e0i, truy xu\u1ea5t ngu\u1ed3n g\u1ed1c v\u00e0 ti\u00eau chu\u1ea9n ch\u1ea5t l\u01b0\u1ee3ng qu\u1ed1c t\u1ebf.<\/span><\/span><\/li>\n<\/ul>\n<h3><span style=\"color: #000000; font-family: arial, helvetica, sans-serif;\">TH\u00d4NG TIN LI\u00caN H\u1ec6:<\/span><\/h3>\n<p><span style=\"color: #000000; font-family: arial, helvetica, sans-serif;\">Email:\u00a0<span style=\"color: #1755ad;\"><a style=\"color: #1755ad;\" href=\"mailto:sales@hunghau.vn\">sales@hunghau.vn<\/a><\/span><\/span><br \/>\n<span style=\"color: #000000; font-family: arial, helvetica, sans-serif;\">Hotline: (+84)79 721 3333\u00a0<\/span><\/p>\n<p><span style=\"color: #000000; font-family: arial, helvetica, sans-serif;\"><span style=\"font-weight: 400;\">Email:\u00a0 <\/span><span style=\"font-weight: 400; color: #333399;\">Hana@hunghau.vn <\/span><span style=\"font-weight: 400;\"><br \/>\n<\/span><span style=\"font-weight: 400;\">Hotline: (+84)79 721 3333\u00a0<\/span><\/span><\/p>\n<p><span style=\"color: #000000; font-family: arial, helvetica, sans-serif;\">Email:\u00a0<span style=\"color: #1755ad;\"><a style=\"color: #1755ad;\" href=\"mailto:yenn@hunghau.vn\">yenn@hunghau.vn<\/a>\u00a0<\/span><\/span><br \/>\n<span style=\"color: #000000; font-family: arial, helvetica, sans-serif;\">Hotline: (+84)78 520 3333<\/span><\/p>\n<p><span style=\"font-weight: 400; color: #000000;\">LinkedIn<span style=\"color: #1755ad;\">:<\/span><\/span><span style=\"color: #1755ad;\"><a style=\"color: #1755ad;\" href=\"https:\/\/lnkd.in\/g_KkBKHf\"><span style=\"font-weight: 400;\"> https:\/\/lnkd.in\/g_KkBKHf<\/span><\/a><\/span><\/p>\n<p><span style=\"color: #000000; font-family: arial, helvetica, sans-serif;\"><b>C\u00f4ng ty C\u1ed5 ph\u1ea7n Th\u1ef1c ph\u1ea9m H\u00f9ng H\u1eadu (HungHau Foods)<\/b><\/span><\/p>\n<p><span style=\"font-family: arial, helvetica, sans-serif;\"><strong><span style=\"color: #000000;\">\u0110\u1ecba ch\u1ec9: 642 \u00c2u C\u01a1, Ph\u01b0\u1eddng B\u1ea3y Hi\u1ec1n, Th\u00e0nh Ph\u1ed1 H\u1ed3 Ch\u00ed Minh<\/span><\/strong><\/span><\/p>\n<p><span style=\"color: #000000; font-family: arial, helvetica, sans-serif;\"><b>Nh\u00e0 xu\u1ea5t kh\u1ea9u n\u00f4ng s\u1ea3n &#8211; Nh\u00e0 cung \u1ee9ng tr\u00e1i c\u00e2y &amp; rau c\u1ee7 \u0111\u00f4ng l\u1ea1nh t\u1ea1i Vi\u1ec7t Nam.<\/b><\/span><\/p>\n","protected":false},"excerpt":{"rendered":"<table style=\"width: 372.454px;\">\n<tbody>\n<tr style=\"height: 43px;\">\n<td style=\"width: 122px; height: 43px;\"><span style=\"color: #1755ad;\"><strong>Lo\u1ea1i<\/strong><\/span><\/td>\n<td style=\"width: 236.454px; height: 43px;\"><span style=\"color: #000000;\">Nguy\u00ean c\u00e2y, c\u1eaft kh\u00fac, c\u1eaft l\u00e1t, s\u1ea3 b\u0103m \u2026ho\u1eb7c theo y\u00eau c\u1ea7u kh\u00e1ch h\u00e0ng.<\/span><\/td>\n<\/tr>\n<tr style=\"height: 21.8281px;\">\n<td style=\"width: 122px; height: 21.8281px;\"><span style=\"color: #1755ad;\"><strong>M\u00f9a v\u1ee5 ch\u00ednh<\/strong><\/span><\/td>\n<td style=\"width: 236.454px; height: 21.8281px;\"><span style=\"color: #000000;\">Th\u00e1ng 11-12-1-2-3-4-5-6-7<\/span><\/td>\n<\/tr>\n<tr style=\"height: 43px;\">\n<td style=\"width: 122px; height: 43px;\"><span style=\"color: #1755ad;\"><strong>Quy c\u00e1ch<\/strong><\/span><\/td>\n<td style=\"width: 236.454px; height: 43px;\"><span style=\"color: #000000;\">10kg\/t\u00fai ho\u1eb7c theo y\u00eau c\u1ea7u kh\u00e1ch h\u00e0ng<\/span><\/td>\n<\/tr>\n<tr style=\"height: 21px;\">\n<td style=\"width: 122px; height: 21px;\"><span style=\"color: #1755ad;\"><strong>\u0110i\u1ec1u ki\u1ec7n<\/strong><\/span><\/td>\n<td style=\"width: 236.454px; height: 21px;\"><span style=\"color: #000000;\">-18 \u0111\u1ed9<\/span><\/td>\n<\/tr>\n<tr style=\"height: 21px;\">\n<td style=\"width: 122px; height: 21px;\"><span style=\"color: #1755ad;\"><b>C\u00f4ng su\u1ea5t<\/b><\/span><\/td>\n<td style=\"width: 236.454px; height: 21px;\"><span style=\"color: #000000;\">500 t\u1ea5n 1 n\u0103m<\/span><\/td>\n<\/tr>\n<tr style=\"height: 43px;\">\n<td style=\"width: 122px; height: 43px;\"><span style=\"color: #1755ad;\"><b>Th\u1eddi h\u1ea1n s\u1eed d\u1ee5ng<\/b><\/span><\/td>\n<td style=\"width: 236.454px; height: 43px;\"><span style=\"color: #000000;\">24 th\u00e1ng<\/span><\/td>\n<\/tr>\n<\/tbody>\n<\/table>\n","protected":false},"featured_media":22432,"comment_status":"closed","ping_status":"closed","template":"","meta":[],"product_brand":[],"product_cat":[99],"product_tag":[],"class_list":{"0":"post-22427","1":"product","2":"type-product","3":"status-publish","4":"has-post-thumbnail","6":"product_cat-rau-cu-qua-dong-lanh","8":"first","9":"instock","10":"shipping-taxable","11":"product-type-simple"},"_links":{"self":[{"href":"https:\/\/hfoods.vn\/vi\/wp-json\/wp\/v2\/product\/22427","targetHints":{"allow":["GET"]}}],"collection":[{"href":"https:\/\/hfoods.vn\/vi\/wp-json\/wp\/v2\/product"}],"about":[{"href":"https:\/\/hfoods.vn\/vi\/wp-json\/wp\/v2\/types\/product"}],"replies":[{"embeddable":true,"href":"https:\/\/hfoods.vn\/vi\/wp-json\/wp\/v2\/comments?post=22427"}],"wp:featuredmedia":[{"embeddable":true,"href":"https:\/\/hfoods.vn\/vi\/wp-json\/wp\/v2\/media\/22432"}],"wp:attachment":[{"href":"https:\/\/hfoods.vn\/vi\/wp-json\/wp\/v2\/media?parent=22427"}],"wp:term":[{"taxonomy":"product_brand","embeddable":true,"href":"https:\/\/hfoods.vn\/vi\/wp-json\/wp\/v2\/product_brand?post=22427"},{"taxonomy":"product_cat","embeddable":true,"href":"https:\/\/hfoods.vn\/vi\/wp-json\/wp\/v2\/product_cat?post=22427"},{"taxonomy":"product_tag","embeddable":true,"href":"https:\/\/hfoods.vn\/vi\/wp-json\/wp\/v2\/product_tag?post=22427"}],"curies":[{"name":"wp","href":"https:\/\/api.w.org\/{rel}","templated":true}]}}