{"id":22563,"date":"2025-12-18T14:51:24","date_gmt":"2025-12-18T07:51:24","guid":{"rendered":"https:\/\/hfoods.vn\/?post_type=product&#038;p=22563"},"modified":"2026-04-02T16:51:00","modified_gmt":"2026-04-02T09:51:00","slug":"xoai-que-nhung-socola-dong-lanh","status":"publish","type":"product","link":"https:\/\/hfoods.vn\/vi\/san-pham\/xoai-que-nhung-socola-dong-lanh\/","title":{"rendered":"Xo\u00e0i Que Nh\u00fang Socola \u0110\u00f4ng L\u1ea1nh"},"content":{"rendered":"<h2><span style=\"color: #000000;\">XO\u00c0I QUE NH\u00daNG SOCOLA \u0110\u00d4NG L\u1ea0NH\u00a0<\/span><\/h2>\n<p><span style=\"color: #000000;\"><b>Xo\u00e0i que nh\u00fang socola \u0111\u00f4ng l\u1ea1nh c\u1ee7a C\u00f4ng ty Th\u1ef1c ph\u1ea9m H\u00f9ng H\u1eadu (HungHau Foods) <\/b><span style=\"font-weight: 400;\">\u0111\u01b0\u1ee3c tuy\u1ec3n ch\u1ecdn t\u1eeb nh\u1eefng qu\u1ea3 xo\u00e0i \u0111\u1ea1t chu\u1ea9n t\u1ea1i c\u00e1c v\u00f9ng tr\u1ed3ng thu\u1ed9c t\u1ec9nh \u0110\u1ed3ng Th\u00e1p v\u00e0 An Giang (Vi\u1ec7t Nam). S\u1ea3n ph\u1ea9m k\u1ebft h\u1ee3p c\u00f9ng socola cao c\u1ea5p nguy\u00ean ch\u1ea5t, t\u1ea1o n\u00ean h\u01b0\u01a1ng v\u1ecb h\u00e0i h\u00f2a gi\u1eefa v\u1ecb ng\u1ecdt t\u1ef1 nhi\u00ean c\u1ee7a xo\u00e0i v\u00e0 l\u1edbp socola b\u00e9o m\u1ecbn, h\u1ea5p d\u1eabn. S\u1ea3n ph\u1ea9m \u0111\u01b0\u1ee3c c\u1ea5p \u0111\u00f4ng b\u1eb1ng c\u00f4ng ngh\u1ec7 IQF hi\u1ec7n \u0111\u1ea1i, \u0111\u1ea3m b\u1ea3o gi\u1eef \u0111\u01b0\u1ee3c h\u01b0\u01a1ng v\u1ecb, m\u00e0u s\u1eafc v\u00e0 ch\u1ea5t l\u01b0\u1ee3ng t\u1ef1 nhi\u00ean.\u00a0<\/span><\/span><\/p>\n<p><span style=\"font-weight: 400; color: #000000;\">D\u00f2ng s\u1ea3n ph\u1ea9m n\u00e0y \u0111\u01b0\u1ee3c s\u1ea3n xu\u1ea5t t\u1ea1i nh\u00e0 m\u00e1y HungHau Foods \u1edf \u0110\u1ed3ng Th\u00e1p v\u1edbi h\u1ea1n s\u1eed d\u1ee5ng l\u00ean \u0111\u1ebfn 12 th\u00e1ng, \u0111\u00e1p \u1ee9ng nghi\u00eam ng\u1eb7t c\u00e1c ti\u00eau chu\u1ea9n v\u1ec1 an to\u00e0n v\u00e0 ch\u1ea5t l\u01b0\u1ee3ng th\u1ef1c ph\u1ea9m. Nh\u00e0 m\u00e1y \u0111\u1ea1t c\u00e1c ch\u1ee9ng nh\u1eadn BRCGS, HACCP, ISO 22000, SMETA, trong khi s\u1ea3n ph\u1ea9m \u0111\u00e1p \u1ee9ng c\u00e1c y\u00eau c\u1ea7u c\u1ee7a nhi\u1ec1u th\u1ecb tr\u01b0\u1eddng v\u1edbi c\u00e1c ch\u1ee9ng nh\u1eadn nh\u01b0 FDA, KV, HALAL<\/span><\/p>\n<h2><span style=\"color: #000000;\">\u0110\u1eb6C \u0110I\u1ec2M N\u1ed4I B\u1eacT<\/span><\/h2>\n<ul>\n<li data-start=\"76\" data-end=\"217\">\n<p data-start=\"78\" data-end=\"217\"><span style=\"color: #000000;\"><strong data-start=\"78\" data-end=\"91\">B\u1ec1 ngo\u00e0i:<\/strong> Xo\u00e0i \u0111\u01b0\u1ee3c c\u1eaft d\u1ea1ng que th\u1eb3ng, k\u00edch th\u01b0\u1edbc \u0111\u1ed3ng \u0111\u1ec1u, b\u00ean ngo\u00e0i ph\u1ee7 l\u1edbp socola m\u1ecbn, b\u00e1m \u0111\u1ec1u b\u1ec1 m\u1eb7t, m\u00e0u s\u1eafc b\u00f3ng \u0111\u1eb9p, b\u1eaft m\u1eaft.<\/span><\/p>\n<\/li>\n<li data-start=\"218\" data-end=\"350\">\n<p data-start=\"220\" data-end=\"350\"><span style=\"color: #000000;\"><strong data-start=\"220\" data-end=\"233\">H\u01b0\u01a1ng v\u1ecb:<\/strong> V\u1ecb ng\u1ecdt v\u00e0 h\u01a1i chua nh\u1eb9 c\u1ee7a xo\u00e0i h\u00f2a quy\u1ec7n c\u00f9ng v\u1ecb socola \u0111\u1eadm nh\u1eb9. .<\/span><\/p>\n<\/li>\n<li data-start=\"351\" data-end=\"546\" data-is-last-node=\"\">\n<p data-start=\"353\" data-end=\"546\" data-is-last-node=\"\"><span style=\"color: #000000;\"><strong data-start=\"353\" data-end=\"368\">Tr\u1ea1ng th\u00e1i:<\/strong> S\u1ea3n ph\u1ea9m \u0111\u01b0\u1ee3c <strong data-start=\"383\" data-end=\"401\" data-is-only-node=\"\">c\u1ea5p \u0111\u00f4ng nhanh b\u1eb1ng c\u00f4ng ngh\u1ec7 IQF<\/strong><\/span><\/p>\n<\/li>\n<\/ul>\n<p><span style=\"font-weight: 400; color: #000000;\">S\u1ea3n ph\u1ea9m mang \u0111\u1ebfn ph\u1ea7n nh\u00e2n xo\u00e0i ng\u1ecdt thanh, chua d\u1ecbu, k\u1ebft h\u1ee3p ho\u00e0n h\u1ea3o v\u1edbi v\u1ecb \u0111\u1eafng-ng\u1ecdt \u0111\u1eadm \u0111\u00e0 c\u1ee7a socola \u0111en, t\u1ea5t c\u1ea3 t\u1eeb 100% xo\u00e0i Vi\u1ec7t Nam t\u1ef1 nhi\u00ean. Ch\u1ee9a nhi\u1ec1u ch\u1ea5t ch\u1ed1ng oxy h\u00f3a t\u1eeb socola \u0111en v\u00e0 vitamin t\u1eeb xo\u00e0i, s\u1ea3n ph\u1ea9m v\u1eeba ngon v\u1eeba b\u1ed5 d\u01b0\u1ee1ng. L\u1edbp v\u1ecf gi\u00f2n k\u1ebft h\u1ee3p ph\u1ea7n nh\u00e2n m\u1ecdng n\u01b0\u1edbc t\u1ea1o tr\u1ea3i nghi\u1ec7m th\u01b0\u1edfng th\u1ee9c tinh t\u1ebf, ph\u00f9 h\u1ee3p cho c\u00e1c m\u00f3n \u0103n nh\u1eb9 cao c\u1ea5p, s\u1ef1 ki\u1ec7n, ho\u1eb7c k\u1ebft h\u1ee3p trong c\u00e1c m\u00f3n tr\u00e1ng mi\u1ec7ng, thu h\u00fat kh\u00e1ch h\u00e0ng B2B t\u00ecm ki\u1ebfm s\u1ea3n ph\u1ea9m tr\u00e1i c\u00e2y \u0111\u00f4ng l\u1ea1nh t\u1ef1 nhi\u00ean, ch\u1ea5t l\u01b0\u1ee3ng cao.<\/span><\/p>\n<h2><span style=\"color: #000000;\">TH\u00d4NG TIN K\u1ef8 THU\u1eacT<\/span><\/h2>\n<table>\n<tbody>\n<tr style=\"height: 50px;\">\n<td style=\"height: 50px;\"><span style=\"font-weight: 400; color: #000000;\">Lo\u1ea1i h\u00e0ng (Style)<\/span><\/td>\n<td style=\"height: 50px;\"><span style=\"font-weight: 400; color: #000000;\">Xo\u00e0i que nh\u00fang socola \u0111\u00f4ng l\u1ea1nh\u00a0<\/span><\/td>\n<\/tr>\n<tr style=\"height: 50px;\">\n<td style=\"height: 50px;\"><span style=\"font-weight: 400; color: #000000;\">Gi\u1ed1ng xo\u00e0i<\/span><\/td>\n<td style=\"height: 50px;\"><span style=\"font-weight: 400; color: #000000;\">Keo<\/span><\/td>\n<\/tr>\n<tr style=\"height: 41.8281px;\">\n<td style=\"height: 41.8281px;\"><span style=\"color: #000000;\">Th\u00e0nh ph\u1ea7n\u00a0<\/span><\/td>\n<td style=\"height: 41.8281px;\"><span style=\"color: #000000;\">Xo\u00e0i keo v\u00e0 socola\u00a0<\/span><\/td>\n<\/tr>\n<tr style=\"height: 50px;\">\n<td style=\"height: 50px;\"><span style=\"font-weight: 400; color: #000000;\">Qu\u00e1 tr\u00ecnh \u0111\u00f4ng l\u1ea1nh (Freezing Process):<\/span><\/td>\n<td style=\"height: 50px;\"><span style=\"font-weight: 400; color: #000000;\">S\u1eed d\u1ee5ng c\u00f4ng ngh\u1ec7 c\u1ea5p \u0111\u00f4ng nhanh IQF (Individual Quick Freezing) \u2013 c\u1ea5p \u0111\u00f4ng t\u1eebng c\u00e1 th\u1ec3.<\/span><\/td>\n<\/tr>\n<tr style=\"height: 50px;\">\n<td style=\"height: 50px;\"><span style=\"font-weight: 400; color: #000000;\">Tr\u1ecdng l\u01b0\u1ee3ng PA (Weight\/PA)<\/span><\/td>\n<td style=\"height: 50px;\"><span style=\"font-weight: 400; color: #000000;\">T\u00f9y theo y\u00eau c\u1ea7u kh\u00e1ch h\u00e0ng<\/span><\/td>\n<\/tr>\n<tr style=\"height: 50px;\">\n<td style=\"height: 50px;\"><span style=\"font-weight: 400; color: #000000;\">Tr\u1ecdng l\u01b0\u1ee3ng\/ctn (Weight\/ctn):<\/span><\/td>\n<td style=\"height: 50px;\"><span style=\"font-weight: 400; color: #000000;\">T\u00f9y theo y\u00eau c\u1ea7u kh\u00e1ch h\u00e0ng<\/span><\/td>\n<\/tr>\n<tr style=\"height: 50px;\">\n<td style=\"height: 50px;\"><span style=\"font-weight: 400; color: #000000;\">Nhi\u1ec7t \u0111\u1ed9 l\u01b0u tr\u1eef (Storage):<\/span><\/td>\n<td style=\"height: 50px;\"><span style=\"font-weight: 400; color: #000000;\">-18\u2103<\/span><\/td>\n<\/tr>\n<tr style=\"height: 50px;\">\n<td style=\"height: 50px;\"><span style=\"font-weight: 400; color: #000000;\">Ngu\u1ed3n g\u1ed1c (origin):\u00a0<\/span><\/td>\n<td style=\"height: 50px;\"><span style=\"font-weight: 400; color: #000000;\">Vi\u1ec7t Nam<\/span><\/td>\n<\/tr>\n<tr style=\"height: 50px;\">\n<td style=\"height: 50px;\"><span style=\"font-weight: 400; color: #000000;\">Ph\u01b0\u01a1ng th\u1ee9c v\u1eadn chuy\u1ec3n (Method of delivery)<\/span><\/td>\n<td style=\"height: 50px;\"><span style=\"font-weight: 400; color: #000000;\">\u0110\u01b0\u1eddng bi\u1ec3n ho\u1eb7c \u0111\u01b0\u1eddng h\u00e0ng kh\u00f4ng.\u00a0<\/span><\/td>\n<\/tr>\n<tr style=\"height: 72px;\">\n<td style=\"height: 72px;\"><span style=\"font-weight: 400; color: #000000;\">\u0110\u00f3ng g\u00f3i (packaging)<\/span><\/td>\n<td style=\"height: 72px;\"><span style=\"color: #000000;\"><span style=\"font-weight: 400;\"> 1 que\/ 1 t\u00fai ho\u1eb7c 8-16\u00a0 t\u00fai 1 h\u1ed9p ho\u1eb7c\u00a0 theo y\u00eau c\u1ea7u kh\u00e1ch h\u00e0ng<\/span><\/span><\/p>\n<p>&nbsp;<\/td>\n<\/tr>\n<tr style=\"height: 50px;\">\n<td style=\"height: 50px;\"><span style=\"font-weight: 400; color: #000000;\">H\u1ea1n s\u1eed d\u1ee5ng (Shelf life)<\/span><\/td>\n<td style=\"height: 50px;\"><span style=\"font-weight: 400; color: #000000;\">12 th\u00e1ng\u00a0<\/span><\/td>\n<\/tr>\n<tr style=\"height: 72px;\">\n<td style=\"height: 72px;\"><span style=\"font-weight: 400; color: #000000;\">Th\u00f4ng tin th\u00eam<\/span><\/td>\n<td style=\"height: 72px;\"><span style=\"color: #000000;\"><span style=\"font-weight: 400;\">L\u1edbp ph\u1ee7 socola \u0111en c\u00f3 th\u1ec3 \u0111i\u1ec1u ch\u1ec9nh h\u00e0m l\u01b0\u1ee3ng \u0111\u01b0\u1eddng theo y\u00eau c\u1ea7u kh\u00e1ch h\u00e0ng<\/span><\/span><\/p>\n<p>&nbsp;<\/td>\n<\/tr>\n<\/tbody>\n<\/table>\n<h3><span style=\"color: #000000;\">H\u00ccNH \u1ea2NH S\u1ea2N PH\u1ea8M\u00a0<\/span><\/h3>\n<figure id=\"attachment_22564\" aria-describedby=\"caption-attachment-22564\" style=\"width: 1500px\" class=\"wp-caption aligncenter\"><img loading=\"lazy\" decoding=\"async\" class=\"wp-image-22564 size-full\" src=\"https:\/\/hfoods.vn\/wp-content\/uploads\/2025\/12\/HungHau-Foods_SNArtboard-1-copy-8-1.jpg\" alt=\"Xo\u00e0i que nh\u00fang socola \u0111\u00f4ng l\u1ea1nh HungHau Foods \" width=\"1500\" height=\"1500\" \/><figcaption id=\"caption-attachment-22564\" class=\"wp-caption-text\"><center><span style=\"color: #000000;\">Xo\u00e0i que nh\u00fang socola \u0111\u00f4ng l\u1ea1nh HungHau Foods<\/span><center><\/center><\/center><\/figcaption><\/figure>\n<figure id=\"attachment_22566\" aria-describedby=\"caption-attachment-22566\" style=\"width: 2009px\" class=\"wp-caption aligncenter\"><img loading=\"lazy\" decoding=\"async\" class=\"size-full wp-image-22566\" src=\"https:\/\/hfoods.vn\/wp-content\/uploads\/2025\/12\/HungHau-Foods_SNArtboard-15.jpg\" alt=\"Xo\u00e0i que nh\u00fang socola \u0111\u00f4ng l\u1ea1nh HungHau Foods\" width=\"2009\" height=\"1500\" \/><figcaption id=\"caption-attachment-22566\" class=\"wp-caption-text\"><center><span style=\"color: #000000;\">Xo\u00e0i que nh\u00fang socola \u0111\u00f4ng l\u1ea1nh HungHau Foods<\/span><center><\/center><\/center><\/figcaption><\/figure>\n<h2><span style=\"color: #000000;\">TH\u00c0NH PH\u1ea6N DINH D\u01af\u1ee0NG\u00a0<\/span><\/h2>\n<ul>\n<li style=\"font-weight: 400;\" aria-level=\"1\"><span style=\"font-weight: 400; color: #000000;\">Xo\u00e0i que nh\u00fang socola \u0111\u00f4ng l\u1ea1nh \u0111\u01b0\u1ee3c l\u00e0m t\u1eeb xo\u00e0i t\u01b0\u01a1i c\u1ea5p \u0111\u00f4ng IQF k\u1ebft h\u1ee3p socola \u0111en, gi\u00fap gi\u1eef tr\u1ecdn h\u01b0\u01a1ng v\u1ecb v\u00e0 gi\u00e1 tr\u1ecb dinh d\u01b0\u1ee1ng t\u1ef1 nhi\u00ean c\u1ee7a tr\u00e1i c\u00e2y.<\/span><\/li>\n<li style=\"font-weight: 400;\" aria-level=\"1\"><span style=\"font-weight: 400; color: #000000;\">S\u1ea3n ph\u1ea9m cung c\u1ea5p carbohydrate t\u1ef1 nhi\u00ean v\u00e0 ch\u1ea5t x\u01a1, h\u1ed7 tr\u1ee3 b\u1ed5 sung n\u0103ng l\u01b0\u1ee3ng, gi\u00fap no l\u00e2u v\u00e0 t\u1ed1t cho h\u1ec7 ti\u00eau h\u00f3a.<\/span><\/li>\n<li style=\"font-weight: 400;\" aria-level=\"1\"><span style=\"font-weight: 400; color: #000000;\">Nh\u1edd xo\u00e0i v\u00e0 cacao, s\u1ea3n ph\u1ea9m ch\u1ee9a vitamin C, vitamin carotenoids c\u00f9ng c\u00e1c ch\u1ea5t ch\u1ed1ng oxy h\u00f3a, g\u00f3p ph\u1ea7n t\u0103ng c\u01b0\u1eddng \u0111\u1ec1 kh\u00e1ng v\u00e0 b\u1ea3o v\u1ec7 t\u1ebf b\u00e0o.<\/span><\/li>\n<li style=\"font-weight: 400;\" aria-level=\"1\"><span style=\"font-weight: 400; color: #000000;\">L\u1edbp socola \u0111en mang l\u1ea1i ch\u1ea5t b\u00e9o t\u1ed1t t\u1eeb b\u01a1 cacao v\u00e0 kho\u00e1ng ch\u1ea5t nh\u01b0 kali, magie, s\u1eaft, t\u1ea1o n\u00ean m\u00f3n tr\u00e1ng mi\u1ec7ng t\u1ed1t cho s\u1ee9c kh\u1ecfe v\u00e0 cao c\u1ea5p<\/span><\/li>\n<\/ul>\n<h2><span style=\"color: #000000;\">\u1ee8NG D\u1ee4NG XO\u00c0I QUE NH\u00daNG SOCOLA \u0110\u00d4NG L\u1ea0NH<\/span><\/h2>\n<ul>\n<li><span style=\"color: #000000;\"><b>Cung c\u1ea5p cho chu\u1ed7i si\u00eau th\u1ecb, c\u1eeda h\u00e0ng ti\u1ec7n l\u1ee3i, F&amp;B: <\/b><span style=\"font-weight: 400;\">S\u1ea3n ph\u1ea9m \u0111\u00f4ng l\u1ea1nh d\u1ec5 b\u1ea3o qu\u1ea3n, thu\u1eadn ti\u1ec7n ph\u00e2n ph\u1ed1i v\u00e0 ti\u00eau th\u1ee5, th\u00edch h\u1ee3p b\u00e1n tr\u1ef1c ti\u1ebfp ho\u1eb7c d\u00f9ng l\u00e0m nguy\u00ean li\u1ec7u ch\u1ebf bi\u1ebfn m\u00f3n tr\u00e1ng mi\u1ec7ng.<\/span><span style=\"font-weight: 400;\"><br \/>\n<\/span><\/span><\/li>\n<li><span style=\"color: #000000;\"><b>Nh\u00e3n hi\u1ec7u ri\u00eang (Private Label): <\/b><span style=\"font-weight: 400;\">Doanh nghi\u1ec7p c\u00f3 th\u1ec3 s\u1ea3n xu\u1ea5t v\u1edbi th\u01b0\u01a1ng hi\u1ec7u v\u00e0 bao b\u00ec ri\u00eang, t\u0103ng t\u00ednh nh\u1eadn di\u1ec7n th\u01b0\u01a1ng hi\u1ec7u,\u00a0 ph\u00e2n ph\u1ed1i s\u1ea3n ph\u1ea9m \u0111\u1ed9c quy\u1ec1n.<\/span><span style=\"font-weight: 400;\"><br \/>\n<\/span><\/span><\/li>\n<li><span style=\"color: #000000;\"><b>Nguy\u00ean li\u1ec7u cho nh\u00e0 h\u00e0ng, qu\u00e1n c\u00e0 ph\u00ea, ti\u1ec7m b\u00e1nh: <\/b><span style=\"font-weight: 400;\">D\u00f9ng \u0111\u1ec3 trang tr\u00ed m\u00f3n tr\u00e1ng mi\u1ec7ng, kem, smoothie, mousse, ho\u1eb7c l\u00e0m topping cho c\u00e1c m\u00f3n cold dessert.<\/span><\/span><span style=\"font-weight: 400;\"><br \/>\n<\/span><\/li>\n<\/ul>\n<h3><span style=\"color: #000000; font-family: arial, helvetica, sans-serif;\">TH\u00d4NG TIN LI\u00caN H\u1ec6:<\/span><\/h3>\n<p><span style=\"color: #000000; font-family: arial, helvetica, sans-serif;\">Email:\u00a0<span style=\"color: #1755ad;\"><a style=\"color: #1755ad;\" href=\"mailto:sales@hunghau.vn\">sales@hunghau.vn<\/a><\/span><\/span><br \/>\n<span style=\"color: #000000; font-family: arial, helvetica, sans-serif;\">Hotline: (+84)79 721 3333\u00a0<\/span><\/p>\n<p><span style=\"color: #000000; font-family: arial, helvetica, sans-serif;\">Email:\u00a0\u00a0<span style=\"color: #1755ad;\"><a style=\"color: #1755ad;\" href=\"mailto:Anna@hunghau.vn\">Hana@hunghau.vn<\/a>\u00a0<\/span><\/span><br \/>\n<span style=\"color: #000000; font-family: arial, helvetica, sans-serif;\">Hotline:(+84)79 721 3333\u00a0<\/span><\/p>\n<p><span style=\"color: #000000; font-family: arial, helvetica, sans-serif;\">Email:\u00a0<span style=\"color: #1755ad;\"><a style=\"color: #1755ad;\" href=\"mailto:yenn@hunghau.vn\">yenn@hunghau.vn<\/a>\u00a0<\/span><\/span><br \/>\n<span style=\"color: #000000; font-family: arial, helvetica, sans-serif;\">Hotline: (+84)78 520 3333<\/span><\/p>\n<p><span style=\"color: #000000; font-family: arial, helvetica, sans-serif;\"><b>C\u00f4ng ty C\u1ed5 ph\u1ea7n Th\u1ef1c ph\u1ea9m H\u00f9ng H\u1eadu (HungHau Foods)<\/b><\/span><\/p>\n<p><span style=\"font-family: arial, helvetica, sans-serif;\"><strong><span style=\"color: #000000;\">\u0110\u1ecba ch\u1ec9: 642 \u00c2u C\u01a1, Ph\u01b0\u1eddng B\u1ea3y Hi\u1ec1n, Th\u00e0nh Ph\u1ed1 H\u1ed3 Ch\u00ed Minh<\/span><\/strong><\/span><\/p>\n<p><span style=\"color: #000000; font-family: arial, helvetica, sans-serif;\"><b>Nh\u00e0 xu\u1ea5t kh\u1ea9u n\u00f4ng s\u1ea3n &#8211; Nh\u00e0 cung \u1ee9ng tr\u00e1i c\u00e2y &amp; rau c\u1ee7 \u0111\u00f4ng l\u1ea1nh t\u1ea1i Vi\u1ec7t Nam.<\/b><\/span><\/p>\n","protected":false},"excerpt":{"rendered":"<table>\n<tbody>\n<tr style=\"height: 21px;\">\n<td style=\"height: 21px;\"><span style=\"color: #1755ad;\"><strong data-start=\"80\" data-end=\"95\">Th\u00f4ng tin<\/strong><\/span><\/td>\n<td style=\"height: 21px;\"><span style=\"color: #000000;\">Xo\u00e0i que nh\u00fang socola \u0111\u00f4ng l\u1ea1nh<\/span><\/td>\n<\/tr>\n<tr style=\"height: 21px;\">\n<td style=\"height: 21px;\"><span style=\"color: #1755ad;\"><strong>\u0110\u00f3ng g\u00f3i<\/strong><\/span><\/td>\n<td style=\"height: 21px;\"><span style=\"color: #000000;\">1 que\/ tui, 8-16 que\/1 t\u00fai ho\u1eb7c theo y\u00eau c\u1ea7u kh\u00e1ch h\u00e0ng<\/span><\/td>\n<\/tr>\n<tr style=\"height: 21.4167px;\">\n<td style=\"height: 21.4167px;\"><span style=\"color: #1755ad;\"><strong data-start=\"233\" data-end=\"248\">Th\u00e0nh ph\u1ea7n<\/strong><\/span><\/td>\n<td style=\"height: 21.4167px;\"><span style=\"color: #000000;\">\u00a0Xo\u00e0i \u0111\u00f4ng l\u1ea1nh v\u00e0 socola<\/span><\/td>\n<\/tr>\n<tr style=\"height: 21px;\">\n<td style=\"height: 21px;\"><span style=\"color: #1755ad;\"><strong data-start=\"270\" data-end=\"292\">\u0110i\u1ec1u ki\u1ec7n b\u1ea3o qu\u1ea3n<\/strong><\/span><\/td>\n<td style=\"height: 21px;\"><span style=\"color: #000000;\"> S\u1ea3n ph\u1ea9m \u0111\u01b0\u1ee3c l\u01b0u tr\u1eef trong kho -18\u00b0C<\/span><\/td>\n<\/tr>\n<tr style=\"height: 21px;\">\n<td style=\"height: 21px;\"><span style=\"color: #1755ad;\"><strong data-start=\"324\" data-end=\"338\">H\u1ea1n s\u1eed d\u1ee5ng<\/strong><\/span><\/td>\n<td style=\"height: 21px;\"><span style=\"color: #000000;\">12 th\u00e1ng k\u1ec3 t\u1eeb ng\u00e0y s\u1ea3n xu\u1ea5t<\/span><\/td>\n<\/tr>\n<\/tbody>\n<\/table>\n","protected":false},"featured_media":22564,"comment_status":"closed","ping_status":"closed","template":"","meta":[],"product_brand":[],"product_cat":[101],"product_tag":[],"class_list":{"0":"post-22563","1":"product","2":"type-product","3":"status-publish","4":"has-post-thumbnail","6":"product_cat-kem","8":"first","9":"instock","10":"shipping-taxable","11":"product-type-simple"},"_links":{"self":[{"href":"https:\/\/hfoods.vn\/vi\/wp-json\/wp\/v2\/product\/22563","targetHints":{"allow":["GET"]}}],"collection":[{"href":"https:\/\/hfoods.vn\/vi\/wp-json\/wp\/v2\/product"}],"about":[{"href":"https:\/\/hfoods.vn\/vi\/wp-json\/wp\/v2\/types\/product"}],"replies":[{"embeddable":true,"href":"https:\/\/hfoods.vn\/vi\/wp-json\/wp\/v2\/comments?post=22563"}],"wp:featuredmedia":[{"embeddable":true,"href":"https:\/\/hfoods.vn\/vi\/wp-json\/wp\/v2\/media\/22564"}],"wp:attachment":[{"href":"https:\/\/hfoods.vn\/vi\/wp-json\/wp\/v2\/media?parent=22563"}],"wp:term":[{"taxonomy":"product_brand","embeddable":true,"href":"https:\/\/hfoods.vn\/vi\/wp-json\/wp\/v2\/product_brand?post=22563"},{"taxonomy":"product_cat","embeddable":true,"href":"https:\/\/hfoods.vn\/vi\/wp-json\/wp\/v2\/product_cat?post=22563"},{"taxonomy":"product_tag","embeddable":true,"href":"https:\/\/hfoods.vn\/vi\/wp-json\/wp\/v2\/product_tag?post=22563"}],"curies":[{"name":"wp","href":"https:\/\/api.w.org\/{rel}","templated":true}]}}