{"id":22779,"date":"2025-12-25T13:44:42","date_gmt":"2025-12-25T06:44:42","guid":{"rendered":"https:\/\/hfoods.vn\/?post_type=product&#038;p=22779"},"modified":"2026-04-14T15:32:15","modified_gmt":"2026-04-14T08:32:15","slug":"nuoc-dua-co-dac-dong-lanh","status":"publish","type":"product","link":"https:\/\/hfoods.vn\/vi\/san-pham\/nuoc-dua-co-dac-dong-lanh\/","title":{"rendered":"N\u01b0\u1edbc D\u1eeba C\u00f4 \u0110\u1eb7c \u0110\u00f4ng L\u1ea1nh"},"content":{"rendered":"<h2><span style=\"color: #000000;\">N\u01af\u1edaC D\u1eeaA C\u00d4 \u0110\u1eb6C \u0110\u00d4NG L\u1ea0NH<\/span><\/h2>\n<p><span style=\"font-weight: 400; color: #000000;\">N\u01b0\u1edbc d\u1eeba c\u00f4 \u0111\u1eb7c \u0111\u00f4ng l\u1ea1nh c\u1ee7a C\u00f4ng ty CP Th\u1ef1c ph\u1ea9m H\u00f9ng H\u1eadu (HungHau Foods) \u0111\u01b0\u1ee3c s\u1ea3n xu\u1ea5t t\u1eeb ngu\u1ed3n n\u01b0\u1edbc d\u1eeba t\u01b0\u01a1i ch\u1ecdn l\u1ecdc t\u1ea1i c\u00e1c v\u00f9ng nguy\u00ean li\u1ec7u d\u1eeba Vi\u1ec7t Nam, tr\u1ea3i qua qu\u00e1 tr\u00ecnh l\u1ecdc, c\u00f4 \u0111\u1eb7c v\u00e0 c\u1ea5p \u0111\u00f4ng nhanh nh\u1eb1m gi\u1eef tr\u1ecdn h\u01b0\u01a1ng v\u1ecb t\u1ef1 nhi\u00ean, gi\u00e1 tr\u1ecb dinh d\u01b0\u1ee1ng v\u00e0 \u0111\u1ed9 \u1ed5n \u0111\u1ecbnh c\u1ee7a s\u1ea3n ph\u1ea9m.\u00a0<\/span><\/p>\n<p><span style=\"font-weight: 400; color: #000000;\">HungHau Foods s\u1edf h\u1eefu n\u0103ng l\u1ef1c cung \u1ee9ng n\u01b0\u1edbc d\u1eeba c\u00f4 \u0111\u1eb7c \u0111\u00f4ng l\u1ea1nh l\u00ean \u0111\u1ebfn 500 t\u1ea5n th\u00e0nh ph\u1ea9m m\u1ed7i n\u0103m. S\u1ea3n ph\u1ea9m &amp; nh\u00e0 m\u00e1y ch\u1ebf bi\u1ebfn c\u1ee7a HungHau Foods \u0111\u1ea1t c\u00e1c ch\u1ee9ng nh\u1eadn, ti\u00eau chu\u1ea9n qu\u1ed1c t\u1ebf, bao g\u1ed3m: BRCGS, HACCP, ISO 22000, FDA, v\u00e0 HALAL.<\/span><\/p>\n<h2><span style=\"color: #000000;\">\u0110\u1eb6C \u0110I\u1ec2M N\u1ed4I B\u1eacT<\/span><\/h2>\n<ul>\n<li style=\"font-weight: 400;\" aria-level=\"1\"><span style=\"font-weight: 400; color: #000000;\">\u0110\u01b0\u1ee3c s\u1ea3n xu\u1ea5t t\u1eeb 100% n\u01b0\u1edbc d\u1eeba t\u1ef1 nhi\u00ean, kh\u00f4ng pha tr\u1ed9n<\/span><\/li>\n<li style=\"font-weight: 400;\" aria-level=\"1\"><span style=\"font-weight: 400; color: #000000;\">Ngu\u1ed3n nguy\u00ean li\u1ec7u d\u1eeba t\u1ea1i t\u1ec9nh B\u1ebfn Tre c\u00f3 ch\u1ea5t l\u01b0\u1ee3ng \u1ed5n \u0111\u1ecbnh\u00a0<\/span><\/li>\n<li style=\"font-weight: 400;\" aria-level=\"1\"><span style=\"font-weight: 400; color: #000000;\">V\u1ecb ng\u1ecdt thanh v\u00e0 h\u01b0\u01a1ng d\u1eeba t\u1ef1 nhi\u00ean<\/span><\/li>\n<li style=\"font-weight: 400;\" aria-level=\"1\"><span style=\"font-weight: 400; color: #000000;\">C\u1ea5p \u0111\u00f4ng nhanh b\u1eb1ng c\u00f4ng ngh\u1ec7 IQF<\/span><\/li>\n<\/ul>\n<h2><span style=\"color: #000000;\">TH\u00d4NG S\u1ed0 K\u1ef8 THU\u1eacT<\/span><\/h2>\n<table>\n<tbody>\n<tr>\n<td><span style=\"color: #000000;\"><b>H\u1ea1ng m\u1ee5c<\/b><\/span><\/td>\n<td><span style=\"color: #000000;\"><b>Th\u00f4ng tin<\/b><\/span><\/td>\n<\/tr>\n<tr>\n<td><span style=\"font-weight: 400; color: #000000;\">T\u00ean s\u1ea3n ph\u1ea9m<\/span><\/td>\n<td><span style=\"font-weight: 400; color: #000000;\">N\u01b0\u1edbc d\u1eeba c\u00f4 \u0111\u1eb7c \u0111\u00f4ng l\u1ea1nh<\/span><\/td>\n<\/tr>\n<tr>\n<td><span style=\"font-weight: 400; color: #000000;\">Lo\u1ea1i h\u00e0ng (Style)<\/span><\/td>\n<td><span style=\"font-weight: 400; color: #000000;\">C\u00f4 \u0111\u1eb7c \u0111\u00f4ng l\u1ea1nh<\/span><\/td>\n<\/tr>\n<tr>\n<td><span style=\"font-weight: 400; color: #000000;\">Tr\u1ea1ng th\u00e1i (Form)<\/span><\/td>\n<td><span style=\"font-weight: 400; color: #000000;\">D\u1ea1ng l\u1ecfng c\u00f4 \u0111\u0103c, \u0111\u00f4ng l\u1ea1nh<\/span><\/td>\n<\/tr>\n<tr>\n<td><span style=\"font-weight: 400; color: #000000;\">M\u00e0u s\u1eafc (Color)<\/span><\/td>\n<td><span style=\"font-weight: 400; color: #000000;\">M\u00e0u v\u00e0ng \u0111\u1eb7c tr\u01b0ng c\u1ee7a n\u01b0\u1edbc d\u1eeba c\u00f4 \u0111\u1eb7c<\/span><\/td>\n<\/tr>\n<tr>\n<td><span style=\"font-weight: 400; color: #000000;\">Qu\u00e1 tr\u00ecnh \u0111\u00f4ng l\u1ea1nh<\/span><\/td>\n<td><span style=\"font-weight: 400; color: #000000;\">C\u00f4 \u0111\u1eb7c b\u1eb1ng nhi\u1ec7t<\/span><\/td>\n<\/tr>\n<tr>\n<td><span style=\"font-weight: 400; color: #000000;\">Tr\u1ecdng l\u01b0\u1ee3ng PA<\/span><\/td>\n<td><span style=\"font-weight: 400; color: #000000;\">T\u00f9y theo y\u00eau c\u1ea7u kh\u00e1ch h\u00e0ng<\/span><\/td>\n<\/tr>\n<tr>\n<td><span style=\"font-weight: 400; color: #000000;\">Tr\u1ecdng l\u01b0\u1ee3ng\/ctn<\/span><\/td>\n<td><span style=\"font-weight: 400; color: #000000;\">T\u00f9y theo y\u00eau c\u1ea7u kh\u00e1ch h\u00e0ng<\/span><\/td>\n<\/tr>\n<tr>\n<td><span style=\"font-weight: 400; color: #000000;\">Nhi\u1ec7t \u0111\u1ed9 l\u01b0u tr\u1eef<\/span><\/td>\n<td><span style=\"font-weight: 400; color: #000000;\">-20\u00b0C<\/span><\/td>\n<\/tr>\n<tr>\n<td><span style=\"font-weight: 400; color: #000000;\">Nguy\u00ean li\u1ec7u<\/span><\/td>\n<td><span style=\"font-weight: 400; color: #000000;\">N\u01b0\u1edbc d\u1eeba t\u01b0\u01a1i<\/span><\/td>\n<\/tr>\n<tr>\n<td><span style=\"font-weight: 400; color: #000000;\">Ngu\u1ed3n g\u1ed1c<\/span><\/td>\n<td><span style=\"font-weight: 400; color: #000000;\">Vi\u1ec7t Nam<\/span><\/td>\n<\/tr>\n<tr>\n<td><span style=\"font-weight: 400; color: #000000;\">\u0110\u00f3ng g\u00f3i<\/span><\/td>\n<td><span style=\"font-weight: 400; color: #000000;\">250kg\/1 th\u00f9ng phuy ho\u1eb7c 265kg\/1 th\u00f9ng phuy (c\u00f3 t\u00fai PE)<\/span><\/td>\n<\/tr>\n<tr>\n<td><span style=\"font-weight: 400; color: #000000;\">Ph\u01b0\u01a1ng th\u1ee9c v\u1eadn chuy\u1ec3n<\/span><\/td>\n<td><span style=\"font-weight: 400; color: #000000;\">\u0110\u01b0\u1eddng bi\u1ec3n ho\u1eb7c \u0111\u01b0\u1eddng h\u00e0ng kh\u00f4ng<\/span><\/td>\n<\/tr>\n<tr>\n<td><span style=\"font-weight: 400; color: #000000;\">M\u00f9a v\u1ee5<\/span><\/td>\n<td><span style=\"font-weight: 400; color: #000000;\">Quanh n\u0103m<\/span><\/td>\n<\/tr>\n<tr>\n<td><span style=\"font-weight: 400; color: #000000;\">H\u1ea1n s\u1eed d\u1ee5ng<\/span><\/td>\n<td><span style=\"font-weight: 400; color: #000000;\">12 th\u00e1ng<\/span><\/td>\n<\/tr>\n<\/tbody>\n<\/table>\n<h3><span style=\"color: #000000;\">LI\u00caN H\u1ec6 MUA H\u00c0NG<\/span><\/h3>\n<p><span style=\"color: #000000;\">Email: <span style=\"color: #333399;\">sales@hunghau.vn<\/span><br \/>\nHotline: (+84)79 721 3333<\/span><\/p>\n<p><span style=\"color: #000000;\">Email: <span style=\"color: #1755ad;\">Hana@hunghau.vn<\/span><br \/>\nHotline: (+84)79 721 3333<\/span><\/p>\n<p><span style=\"color: #000000;\">Email: y<span style=\"color: #333399;\">enn@hunghau.vn<\/span><br \/>\nHotline: (+84)78 520 3333<\/span><\/p>\n<h2>H\u00ccNH \u1ea2NH S\u1ea2N PH\u1ea8M<\/h2>\n<figure id=\"attachment_25036\" aria-describedby=\"caption-attachment-25036\" style=\"width: 2048px\" class=\"wp-caption aligncenter\"><img loading=\"lazy\" decoding=\"async\" class=\"size-full wp-image-25036\" src=\"https:\/\/hfoods.vn\/wp-content\/uploads\/2025\/12\/5-4.png\" alt=\"N\u01b0\u1edbc d\u1eeba c\u00f4 \u0111\u1eb7c \u0111\u00f4ng l\u1ea1nh HungHau Foods\" width=\"2048\" height=\"2044\" \/><figcaption id=\"caption-attachment-25036\" class=\"wp-caption-text\"><center>N\u01b0\u1edbc d\u1eeba c\u00f4 \u0111\u1eb7c \u0111\u00f4ng l\u1ea1nh HungHau Foods<center><\/center><\/center><\/figcaption><\/figure>\n<h2><span style=\"color: #000000;\">TH\u00c0NH PH\u1ea6N DINH D\u01af\u1ee0NG<\/span><\/h2>\n<ul>\n<li><span style=\"color: #000000;\"><b>N\u0103ng l\u01b0\u1ee3ng:<\/b><span style=\"font-weight: 400;\"> N\u01b0\u1edbc d\u1eeba c\u00f4 \u0111\u1eb7c c\u00f3 h\u00e0m l\u01b0\u1ee3ng ch\u1ea5t h\u00f2a tan cao, cung c\u1ea5p ngu\u1ed3n n\u0103ng l\u01b0\u1ee3ng t\u1ef1 nhi\u00ean nhanh ch\u00f3ng, ph\u00f9 h\u1ee3p cho c\u00e1c s\u1ea3n ph\u1ea9m \u0111\u1ed3 u\u1ed1ng v\u00e0 th\u1ef1c ph\u1ea9m c\u1ea7n b\u1ed5 sung n\u0103ng l\u01b0\u1ee3ng t\u1ee9c th\u1eddi.<\/span><\/span><\/li>\n<li><span style=\"color: #000000;\"><b>Carbohydrate:<\/b><span style=\"font-weight: 400;\"> Ch\u1ee9a c\u00e1c lo\u1ea1i \u0111\u01b0\u1eddng t\u1ef1 nhi\u00ean t\u1eeb d\u1eeba nh\u01b0 glucose v\u00e0 fructose, gi\u00fap t\u1ea1o v\u1ecb ng\u1ecdt d\u1ecbu \u0111\u1eb7c tr\u01b0ng, d\u1ec5 h\u1ea5p thu v\u00e0 l\u00e0 ngu\u1ed3n n\u0103ng l\u01b0\u1ee3ng ch\u00ednh cho c\u01a1 th\u1ec3.<\/span><\/span><\/li>\n<li><span style=\"color: #000000;\"><b>Ch\u1ea5t \u0111i\u1ec7n gi\u1ea3i:<\/b><span style=\"font-weight: 400;\"> Gi\u00e0u kali, natri v\u00e0 magi\u00ea \u2013 c\u00e1c kho\u00e1ng ch\u1ea5t quan tr\u1ecdng gi\u00fap c\u00e2n b\u1eb1ng \u0111i\u1ec7n gi\u1ea3i, h\u1ed7 tr\u1ee3 b\u00f9 n\u01b0\u1edbc v\u00e0 duy tr\u00ec ho\u1ea1t \u0111\u1ed9ng c\u1ee7a c\u01a1 b\u1eafp v\u00e0 h\u1ec7 th\u1ea7n kinh.<\/span><\/span><\/li>\n<li><span style=\"color: #000000;\"><b>Vitamin &amp; kho\u00e1ng ch\u1ea5t:<\/b><span style=\"font-weight: 400;\"> Cung c\u1ea5p vitamin C v\u00e0 m\u1ed9t s\u1ed1 vitamin nh\u00f3m B, g\u00f3p ph\u1ea7n t\u0103ng c\u01b0\u1eddng s\u1ee9c \u0111\u1ec1 kh\u00e1ng, h\u1ed7 tr\u1ee3 qu\u00e1 tr\u00ecnh trao \u0111\u1ed5i ch\u1ea5t v\u00e0 gi\u1ea3m m\u1ec7t m\u1ecfi.<\/span><\/span><\/li>\n<li><span style=\"color: #000000;\"><b>\u00cdt ch\u1ea5t b\u00e9o, kh\u00f4ng cholesterol:<\/b><span style=\"font-weight: 400;\"> Ph\u00f9 h\u1ee3p v\u1edbi xu h\u01b0\u1edbng ti\u00eau d\u00f9ng l\u00e0nh m\u1ea1nh, clean label v\u00e0 c\u00e1c s\u1ea3n ph\u1ea9m d\u00e0nh cho ng\u01b0\u1eddi quan t\u00e2m \u0111\u1ebfn s\u1ee9c kh\u1ecfe.<\/span><\/span><\/li>\n<\/ul>\n<h2><span style=\"color: #000000;\">\u1ee8NG D\u1ee4NG N\u01af\u1edaC D\u1eeaA C\u00d4 \u0110\u1eb6C \u0110\u00d4NG L\u1ea0NH HUNGHAU FOODS<\/span><\/h2>\n<ul>\n<li><span style=\"color: #000000;\"><b>Nguy\u00ean li\u1ec7u s\u1ea3n xu\u1ea5t c\u00f4ng nghi\u1ec7p:<\/b><span style=\"font-weight: 400;\"> S\u1eed d\u1ee5ng trong d\u00e2y chuy\u1ec1n s\u1ea3n xu\u1ea5t n\u01b0\u1edbc d\u1eeba ho\u00e0n nguy\u00ean, n\u01b0\u1edbc gi\u1ea3i kh\u00e1t, n\u01b0\u1edbc u\u1ed1ng th\u1ec3 thao, \u0111\u1ed3 u\u1ed1ng ch\u1ee9c n\u0103ng v\u00e0 th\u1ef1c ph\u1ea9m b\u1ed5 sung \u0111i\u1ec7n gi\u1ea3i.<\/span><\/span><\/li>\n<li><span style=\"color: #000000;\"><b>Nguy\u00ean li\u1ec7u ch\u1ebf bi\u1ebfn F&amp;B:<\/b><span style=\"font-weight: 400;\"> Ph\u00f9 h\u1ee3p cho nh\u00e0 h\u00e0ng, qu\u00e1n c\u00e0 ph\u00ea, th\u01b0\u01a1ng hi\u1ec7u tr\u00e0 s\u1eefa, qu\u1ea7y bar s\u1eed d\u1ee5ng l\u00e0m n\u1ec1n pha ch\u1ebf \u0111\u1ed3 u\u1ed1ng, sinh t\u1ed1, mocktail v\u00e0 cocktail.<\/span><\/span><\/li>\n<li><span style=\"color: #000000;\"><b>Nguy\u00ean li\u1ec7u b\u00e1nh &amp; tr\u00e1ng mi\u1ec7ng:<\/b><span style=\"font-weight: 400;\"> \u1ee8ng d\u1ee5ng trong s\u1ea3n xu\u1ea5t kem, pudding, th\u1ea1ch d\u1eeba, s\u1eefa chua, b\u00e1nh l\u1ea1nh v\u00e0 c\u00e1c d\u00f2ng dessert s\u1eed d\u1ee5ng h\u01b0\u01a1ng v\u1ecb d\u1eeba t\u1ef1 nhi\u00ean.<\/span><\/span><\/li>\n<li><span style=\"color: #000000;\"><b>Xu\u1ea5t kh\u1ea9u &amp; OEM:<\/b><span style=\"font-weight: 400;\"> Cung c\u1ea5p theo y\u00eau c\u1ea7u cho c\u00e1c nh\u00e0 m\u00e1y th\u1ef1c ph\u1ea9m, th\u01b0\u01a1ng hi\u1ec7u nh\u00e3n ri\u00eang ho\u1eb7c \u0111\u1ed1i t\u00e1c qu\u1ed1c t\u1ebf c\u1ea7n nguy\u00ean li\u1ec7u \u1ed5n \u0111\u1ecbnh, \u0111\u1ed3ng nh\u1ea5t, d\u1ec5 ho\u00e0n nguy\u00ean v\u00e0 t\u1ed1i \u01b0u chi ph\u00ed v\u1eadn chuy\u1ec3n.<\/span><\/span><\/li>\n<\/ul>\n<h2><span style=\"color: #000000;\">TH\u00d4NG TIN LI\u00caN H\u1ec6<\/span><\/h2>\n<p><span style=\"color: #000000;\">Email: <span style=\"color: #000080;\">sales@hunghau.vn<\/span><br \/>\nHotline: (+84)79 721 3333<\/span><\/p>\n<p><span style=\"color: #000000;\">Email: <span style=\"color: #1755ad;\">Hana@hunghau.vn<\/span><br \/>\nHotline: (+84)79 721 3333<\/span><\/p>\n<p><span style=\"color: #000000;\">Email: <span style=\"color: #333399;\">yenn@hunghau.vn<\/span><br \/>\nHotline: (+84)78 520 3333<\/span><\/p>\n<p><span style=\"color: #000000;\"><b>C\u00f4ng ty C\u1ed5 ph\u1ea7n Th\u1ef1c ph\u1ea9m H\u00f9ng H\u1eadu (HungHau Foods)<\/b><\/span><\/p>\n<p><span style=\"color: #000000;\"><b>Nh\u00e0 xu\u1ea5t kh\u1ea9u n\u00f4ng s\u1ea3n &#8211; Nh\u00e0 cung \u1ee9ng tr\u00e1i c\u00e2y &amp; rau c\u1ee7 \u0111\u00f4ng l\u1ea1nh t\u1ea1i Vi\u1ec7t Nam.<\/b><\/span><\/p>\n","protected":false},"excerpt":{"rendered":"<table style=\"width: 391px;\">\n<tbody>\n<tr>\n<td style=\"width: 158px;\"><span style=\"color: #1755ad;\"><strong>Th\u00f4ng tin<\/strong><\/span><\/td>\n<td style=\"width: 217px;\"><span style=\"color: #000000;\">N\u01b0\u1edbc c\u00f4 \u0111\u1eb7c \u0111\u00f4ng l\u1ea1nh\u00a0<\/span><\/td>\n<\/tr>\n<tr>\n<td style=\"width: 158px;\"><span style=\"color: #1755ad;\"><strong>M\u00f9a v\u1ee5<\/strong><\/span><\/td>\n<td style=\"width: 217px;\"><span style=\"font-weight: 400; color: #000000;\">Quanh n\u0103m<\/span><\/td>\n<\/tr>\n<tr>\n<td style=\"width: 158px;\"><span style=\"color: #1755ad;\"><strong>Quy c\u00e1ch \u0111\u00f3ng g\u00f3i<\/strong><\/span><\/td>\n<td style=\"width: 217px;\"><span style=\"font-weight: 400; color: #000000;\">250kg\/1 th\u00f9ng phuy ho\u1eb7c 265kg\/1 th\u00f9ng phuy (c\u00f3 t\u00fai PE)<\/span><\/td>\n<\/tr>\n<tr>\n<td style=\"width: 158px;\"><span style=\"color: #1755ad;\"><strong>\u0110i\u1ec1u ki\u1ec7n b\u1ea3o qu\u1ea3n<\/strong><\/span><\/td>\n<td style=\"width: 217px;\"><span style=\"color: #000000;\">S\u1ea3n ph\u1ea9m \u0111\u01b0\u1ee3c l\u01b0u tr\u1eef trong kho -18\u00b0C<\/span><\/td>\n<\/tr>\n<tr>\n<td style=\"width: 158px;\"><span style=\"color: #1755ad;\"><strong>Th\u1eddi h\u1ea1n s\u1eed d\u1ee5ng<\/strong><\/span><\/td>\n<td style=\"width: 217px;\"><span style=\"color: #000000;\">12 th\u00e1ng k\u1ec3 t\u1eeb ng\u00e0y s\u1ea3n xu\u1ea5t\u00a0<\/span><\/td>\n<\/tr>\n<\/tbody>\n<\/table>\n","protected":false},"featured_media":25036,"comment_status":"closed","ping_status":"closed","template":"","meta":[],"product_brand":[],"product_cat":[179],"product_tag":[],"class_list":{"0":"post-22779","1":"product","2":"type-product","3":"status-publish","4":"has-post-thumbnail","6":"product_cat-san-pham-tu-dua-dong-lanh","8":"first","9":"instock","10":"shipping-taxable","11":"product-type-simple"},"_links":{"self":[{"href":"https:\/\/hfoods.vn\/vi\/wp-json\/wp\/v2\/product\/22779","targetHints":{"allow":["GET"]}}],"collection":[{"href":"https:\/\/hfoods.vn\/vi\/wp-json\/wp\/v2\/product"}],"about":[{"href":"https:\/\/hfoods.vn\/vi\/wp-json\/wp\/v2\/types\/product"}],"replies":[{"embeddable":true,"href":"https:\/\/hfoods.vn\/vi\/wp-json\/wp\/v2\/comments?post=22779"}],"wp:featuredmedia":[{"embeddable":true,"href":"https:\/\/hfoods.vn\/vi\/wp-json\/wp\/v2\/media\/25036"}],"wp:attachment":[{"href":"https:\/\/hfoods.vn\/vi\/wp-json\/wp\/v2\/media?parent=22779"}],"wp:term":[{"taxonomy":"product_brand","embeddable":true,"href":"https:\/\/hfoods.vn\/vi\/wp-json\/wp\/v2\/product_brand?post=22779"},{"taxonomy":"product_cat","embeddable":true,"href":"https:\/\/hfoods.vn\/vi\/wp-json\/wp\/v2\/product_cat?post=22779"},{"taxonomy":"product_tag","embeddable":true,"href":"https:\/\/hfoods.vn\/vi\/wp-json\/wp\/v2\/product_tag?post=22779"}],"curies":[{"name":"wp","href":"https:\/\/api.w.org\/{rel}","templated":true}]}}