{"id":22783,"date":"2025-12-25T13:55:02","date_gmt":"2025-12-25T06:55:02","guid":{"rendered":"https:\/\/hfoods.vn\/?post_type=product&#038;p=22783"},"modified":"2026-04-14T09:59:17","modified_gmt":"2026-04-14T02:59:17","slug":"com-dua-dong-lanh","status":"publish","type":"product","link":"https:\/\/hfoods.vn\/vi\/san-pham\/com-dua-dong-lanh\/","title":{"rendered":"C\u01a1m D\u1eeba \u0110\u00f4ng L\u1ea1nh"},"content":{"rendered":"<h2><span style=\"color: #000000;\">C\u01a0M D\u1eeaA \u0110\u00d4NG L\u1ea0NH\u00a0<\/span><\/h2>\n<p><span style=\"font-weight: 400; color: #000000;\">C\u01a1m d\u1eeba \u0111\u00f4ng l\u1ea1nh c\u1ee7a C\u00f4ng ty CP Th\u1ef1c ph\u1ea9m H\u00f9ng H\u1eadu (HungHau Foods) \u0111\u01b0\u1ee3c s\u1ea3n xu\u1ea5t t\u1eeb ngu\u1ed3n nguy\u00ean li\u1ec7u d\u1eeba t\u1ea1i t\u1ec9nh B\u1ebfn Tre, Vi\u1ec7t Nam. S\u1ea3n ph\u1ea9m c\u01a1m d\u1eeba \u0111\u00f4ng l\u1ea1nh \u0111\u01b0\u1ee3c ch\u1ebf bi\u1ebfn v\u00e0 c\u1ea5p \u0111\u00f4ng nhanh ngay sau khi t\u00e1ch v\u1ecf nh\u1eb1m gi\u1eef tr\u1ecdn h\u01b0\u01a1ng v\u1ecb t\u1ef1 nhi\u00ean, m\u00e0u s\u1eafc v\u00e0 c\u1ea5u tr\u00fac th\u1ecbt d\u1eeba.\u00a0<\/span><\/p>\n<p><span style=\"font-weight: 400; color: #000000;\">HungHau Foods s\u1edf h\u1eefu n\u0103ng l\u1ef1c cung \u1ee9ng c\u01a1m d\u1eeba \u0111\u00f4ng l\u1ea1nh l\u00ean \u0111\u1ebfn 500 t\u1ea5n th\u00e0nh ph\u1ea9m m\u1ed7i n\u0103m. S\u1ea3n ph\u1ea9m &amp; nh\u00e0 m\u00e1y ch\u1ebf bi\u1ebfn c\u1ee7a HungHau Foods \u0111\u1ea1t c\u00e1c ch\u1ee9ng nh\u1eadn, ti\u00eau chu\u1ea9n qu\u1ed1c t\u1ebf, bao g\u1ed3m: BRCGS, HACCP, ISO 22000, FDA, KV, HALAL v\u00e0 SMETA.<\/span><\/p>\n<h2><span style=\"color: #000000;\">\u0110\u1eb6C \u0110I\u1ec2M N\u1ed4I B\u1eacT<\/span><\/h2>\n<ul>\n<li style=\"font-weight: 400;\" aria-level=\"1\"><span style=\"font-weight: 400; color: #000000;\">Ngu\u1ed3n nguy\u00ean li\u1ec7u d\u1eeba t\u1ea1i t\u1ec9nh B\u1ebfn Tre c\u00f3 ch\u1ea5t l\u01b0\u1ee3ng \u1ed5n \u0111\u1ecbnh\u00a0<\/span><\/li>\n<li style=\"font-weight: 400;\" aria-level=\"1\"><span style=\"font-weight: 400; color: #000000;\">S\u1eed d\u1ee5ng c\u00f4ng ngh\u1ec7 c\u1ea5p \u0111\u00f4ng nhanh IQF c\u1ea5p \u0111\u00f4ng t\u1eebng mi\u1ebfng ri\u00eang l\u1ebb<\/span><\/li>\n<li style=\"font-weight: 400;\" aria-level=\"1\"><span style=\"font-weight: 400; color: #000000;\">C\u01a1m d\u1eeba c\u1eaft dice nhi\u1ec1u k\u00edch c\u1ee1, \u0111\u00e1p \u1ee9ng c\u00e1c y\u00eau c\u1ea7u c\u1ee7a kh\u00e1ch h\u00e0ng<\/span><\/li>\n<li style=\"font-weight: 400;\" aria-level=\"1\"><span style=\"font-weight: 400; color: #000000;\">H\u00e0m l\u01b0\u1ee3ng ch\u1ea5t b\u00e9o \u0111\u1ea1t ti\u00eau chu\u1ea9n, gi\u1eef \u0111\u01b0\u1ee3c \u0111\u1ed9 dai v\u00e0 m\u00f9i th\u01a1m \u0111\u1eb7c tr\u01b0ng c\u1ee7a d\u1eeba\u00a0<\/span><\/li>\n<li style=\"font-weight: 400;\" aria-level=\"1\"><span style=\"font-weight: 400; color: #000000;\">M\u00e0u s\u1eafc t\u1ef1 nhi\u00ean (tr\u1eafng \u0111\u1ee5c\/tr\u1eafng ng\u00e0)<\/span><\/li>\n<\/ul>\n<h2><span style=\"color: #000000;\">TH\u00d4NG S\u1ed0 K\u1ef8 THU\u1eacT<\/span><\/h2>\n<table>\n<tbody>\n<tr style=\"height: 21px;\">\n<td style=\"height: 21px;\"><span style=\"color: #000000;\"><b>H\u1ea1ng m\u1ee5c<\/b><\/span><\/td>\n<td style=\"height: 21px;\"><span style=\"color: #000000;\"><b>Th\u00f4ng tin<\/b><\/span><\/td>\n<\/tr>\n<tr style=\"height: 21px;\">\n<td style=\"height: 21px;\"><span style=\"color: #000000;\">T\u00ean s\u1ea3n ph\u1ea9m<\/span><\/td>\n<td style=\"height: 21px;\"><span style=\"font-weight: 400; color: #000000;\">C\u01a1m d\u1eeba \u0111\u00f4ng l\u1ea1nh<\/span><\/td>\n<\/tr>\n<tr style=\"height: 21px;\">\n<td style=\"height: 21px;\"><span style=\"color: #000000;\">Lo\u1ea1i h\u00e0ng (Style)<\/span><\/td>\n<td style=\"height: 21px;\"><span style=\"font-weight: 400; color: #000000;\">\u0110\u00f4ng l\u1ea1nh<\/span><\/td>\n<\/tr>\n<tr style=\"height: 21px;\">\n<td style=\"height: 21px;\"><span style=\"color: #000000;\">M\u00e0u s\u1eafc (Color)<\/span><\/td>\n<td style=\"height: 21px;\"><span style=\"font-weight: 400; color: #000000;\">Tr\u1eafng \u0111\u1ee5c \u0111\u1ebfn tr\u1eafng ng\u00e0<\/span><\/td>\n<\/tr>\n<tr style=\"height: 21px;\">\n<td style=\"height: 21px;\"><span style=\"color: #000000;\">Quy c\u00e1ch c\u1eaft (Size)<\/span><\/td>\n<td style=\"height: 21px;\"><span style=\"font-weight: 400; color: #000000;\">C\u1eaft dice 10mm, 20mm, 25mm ho\u1eb7c t\u00f9y theo y\u00eau c\u1ea7u kh\u00e1ch h\u00e0ng<\/span><\/td>\n<\/tr>\n<tr style=\"height: 21px;\">\n<td style=\"height: 21px;\"><span style=\"color: #000000;\">Qu\u00e1 tr\u00ecnh \u0111\u00f4ng l\u1ea1nh (Freezing Process)<\/span><\/td>\n<td style=\"height: 21px;\"><span style=\"font-weight: 400; color: #000000;\">IQF \u2013 Individual Quick Freezing<\/span><\/td>\n<\/tr>\n<tr style=\"height: 21px;\">\n<td style=\"height: 21px;\"><span style=\"color: #000000;\">Tr\u1ecdng l\u01b0\u1ee3ng PA (Weight\/PA)<\/span><\/td>\n<td style=\"height: 21px;\"><span style=\"font-weight: 400; color: #000000;\">T\u00f9y theo y\u00eau c\u1ea7u kh\u00e1ch h\u00e0ng<\/span><\/td>\n<\/tr>\n<tr style=\"height: 21px;\">\n<td style=\"height: 21px;\"><span style=\"color: #000000;\">Tr\u1ecdng l\u01b0\u1ee3ng\/ctn (Weight\/ctn)<\/span><\/td>\n<td style=\"height: 21px;\"><span style=\"font-weight: 400; color: #000000;\">T\u00f9y theo y\u00eau c\u1ea7u kh\u00e1ch h\u00e0ng<\/span><\/td>\n<\/tr>\n<tr style=\"height: 21px;\">\n<td style=\"height: 21px;\"><span style=\"color: #000000;\">Nhi\u1ec7t \u0111\u1ed9 l\u01b0u tr\u1eef (Storage)<\/span><\/td>\n<td style=\"height: 21px;\"><span style=\"font-weight: 400; color: #000000;\">-18\u00b0C<\/span><\/td>\n<\/tr>\n<tr style=\"height: 21.525px;\">\n<td style=\"height: 21.525px;\"><span style=\"color: #000000;\">Ngu\u1ed3n g\u1ed1c (Origin)<\/span><\/td>\n<td style=\"height: 21.525px;\"><span style=\"font-weight: 400; color: #000000;\">Vi\u1ec7t Nam<\/span><\/td>\n<\/tr>\n<tr style=\"height: 21px;\">\n<td style=\"height: 21px;\"><span style=\"color: #000000;\">Ph\u01b0\u01a1ng th\u1ee9c v\u1eadn chuy\u1ec3n (Method of delivery)<\/span><\/td>\n<td style=\"height: 21px;\"><span style=\"font-weight: 400; color: #000000;\">\u0110\u01b0\u1eddng bi\u1ec3n ho\u1eb7c \u0111\u01b0\u1eddng h\u00e0ng kh\u00f4ng<\/span><\/td>\n<\/tr>\n<tr style=\"height: 21px;\">\n<td style=\"height: 21px;\"><span style=\"color: #000000;\">\u0110\u00f3ng g\u00f3i (Packaging)<\/span><\/td>\n<td style=\"height: 21px;\"><span style=\"font-weight: 400; color: #000000;\">T\u00fai PE\/PA ho\u1eb7c Theo y\u00eau c\u1ea7u kh\u00e1ch h\u00e0ng<\/span><\/td>\n<\/tr>\n<tr style=\"height: 21px;\">\n<td style=\"height: 21px;\"><span style=\"color: #000000;\">M\u00f9a v\u1ee5 (Season)<\/span><\/td>\n<td style=\"height: 21px;\"><span style=\"color: #000000;\">Quanh n\u0103m<\/span><\/td>\n<\/tr>\n<tr style=\"height: 21px;\">\n<td style=\"height: 21px;\"><span style=\"color: #000000;\">H\u1ea1n s\u1eed d\u1ee5ng (Shelf life)<\/span><\/td>\n<td style=\"height: 21px;\"><span style=\"font-weight: 400; color: #000000;\">24 th\u00e1ng<\/span><\/td>\n<\/tr>\n<\/tbody>\n<\/table>\n<h3><span style=\"color: #000000;\">LI\u00caN H\u1ec6 MUA H\u00c0NG<\/span><\/h3>\n<p><span style=\"color: #000000;\">Email: <span style=\"color: #1755ad;\">sales@hunghau.vn<\/span><br \/>\nHotline: (+84)79 721 3333<\/span><\/p>\n<p><span style=\"color: #000000;\">Email: <span style=\"color: #1755ad;\">Hana@hunghau.vn<\/span><br \/>\nHotline: (+84)79 721 3333<\/span><\/p>\n<p><span style=\"color: #000000;\">Email: <span style=\"color: #1755ad;\">yenn@hunghau.vn<\/span><br \/>\nHotline: (+84)78 520 3333<\/span><\/p>\n<h2>H\u00ccNH \u1ea2NH S\u1ea2N PH\u1ea8M<\/h2>\n<figure id=\"attachment_25038\" aria-describedby=\"caption-attachment-25038\" style=\"width: 2048px\" class=\"wp-caption aligncenter\"><img loading=\"lazy\" decoding=\"async\" class=\"size-full wp-image-25038\" src=\"https:\/\/hfoods.vn\/wp-content\/uploads\/2025\/12\/9-1.png\" alt=\"C\u01a1m d\u1eeba \u0111\u00f4ng l\u1ea1nh c\u1eaft dice 15cm\" width=\"2048\" height=\"2044\" \/><figcaption id=\"caption-attachment-25038\" class=\"wp-caption-text\"><center>C\u01a1m d\u1eeba \u0111\u00f4ng l\u1ea1nh c\u1eaft dice 15cm\u00a0<\/center><\/figcaption><\/figure>\n<figure id=\"attachment_25040\" aria-describedby=\"caption-attachment-25040\" style=\"width: 2048px\" class=\"wp-caption aligncenter\"><img loading=\"lazy\" decoding=\"async\" class=\"size-full wp-image-25040\" src=\"https:\/\/hfoods.vn\/wp-content\/uploads\/2025\/12\/7.png\" alt=\"C\u01a1m d\u1eeba \u0111\u00f4ng l\u1ea1nh c\u1eaft dice 20cm \" width=\"2048\" height=\"2044\" \/><figcaption id=\"caption-attachment-25040\" class=\"wp-caption-text\"><center>C\u01a1m d\u1eeba \u0111\u00f4ng l\u1ea1nh c\u1eaft dice 20cm<center><\/center><\/center><\/figcaption><\/figure>\n<figure id=\"attachment_25044\" aria-describedby=\"caption-attachment-25044\" style=\"width: 2048px\" class=\"wp-caption aligncenter\"><img loading=\"lazy\" decoding=\"async\" class=\"size-full wp-image-25044\" src=\"https:\/\/hfoods.vn\/wp-content\/uploads\/2025\/12\/8.png\" alt=\"C\u01a1m d\u1eeba \u0111\u00f4ng l\u1ea1nh c\u1eaft dice 25cm \" width=\"2048\" height=\"2044\" \/><figcaption id=\"caption-attachment-25044\" class=\"wp-caption-text\"><center>C\u01a1m d\u1eeba \u0111\u00f4ng l\u1ea1nh c\u1eaft dice 25cm<center><\/center><\/center><\/figcaption><\/figure>\n<h2><span style=\"color: #000000;\">TH\u00c0NH PH\u1ea6N DINH D\u01af\u1ee0NG<\/span><\/h2>\n<ul>\n<li><span style=\"color: #000000;\"><b>N\u0103ng l\u01b0\u1ee3ng t\u1ef1 nhi\u00ean:<\/b><span style=\"font-weight: 400;\"> C\u01a1m d\u1eeba ch\u1ee9a h\u00e0m l\u01b0\u1ee3ng ch\u1ea5t b\u00e9o th\u1ef1c v\u1eadt t\u1ef1 nhi\u00ean cao, cung c\u1ea5p n\u0103ng l\u01b0\u1ee3ng b\u1ec1n v\u1eefng cho c\u01a1 th\u1ec3, ph\u00f9 h\u1ee3p v\u1edbi c\u00e1c s\u1ea3n ph\u1ea9m c\u1ea7n \u0111\u1ed9 b\u00e9o v\u00e0 v\u1ecb \u0111\u1eadm \u0111\u00e0 t\u1ef1 nhi\u00ean.<\/span><\/span><\/li>\n<li><span style=\"color: #000000;\"><b>Ch\u1ea5t b\u00e9o th\u1ef1c v\u1eadt (MCTs):<\/b><span style=\"font-weight: 400;\"> Gi\u00e0u triglyceride chu\u1ed7i trung b\u00ecnh (MCTs), d\u1ec5 chuy\u1ec3n h\u00f3a th\u00e0nh n\u0103ng l\u01b0\u1ee3ng, h\u1ed7 tr\u1ee3 ho\u1ea1t \u0111\u1ed9ng th\u1ec3 ch\u1ea5t v\u00e0 \u0111\u01b0\u1ee3c \u01b0a chu\u1ed9ng trong c\u00e1c ch\u1ebf \u0111\u1ed9 \u0103n l\u00e0nh m\u1ea1nh.<\/span><\/span><\/li>\n<li><span style=\"color: #000000;\"><b>Ch\u1ea5t x\u01a1:<\/b><span style=\"font-weight: 400;\"> H\u00e0m l\u01b0\u1ee3ng ch\u1ea5t x\u01a1 t\u1ef1 nhi\u00ean gi\u00fap h\u1ed7 tr\u1ee3 h\u1ec7 ti\u00eau h\u00f3a, t\u1ea1o c\u1ea3m gi\u00e1c no l\u00e2u v\u00e0 g\u00f3p ph\u1ea7n c\u00e2n b\u1eb1ng kh\u1ea9u ph\u1ea7n \u0103n.<\/span><\/span><\/li>\n<li><span style=\"color: #000000;\"><b>Kho\u00e1ng ch\u1ea5t:<\/b><span style=\"font-weight: 400;\"> Cung c\u1ea5p c\u00e1c kho\u00e1ng ch\u1ea5t thi\u1ebft y\u1ebfu nh\u01b0 kali, magie, s\u1eaft, h\u1ed7 tr\u1ee3 c\u00e2n b\u1eb1ng \u0111i\u1ec7n gi\u1ea3i v\u00e0 ch\u1ee9c n\u0103ng c\u01a1 th\u1ec3.<\/span><\/span><\/li>\n<li><span style=\"color: #000000;\"><b>Kh\u00f4ng ch\u1ee9a cholesterol:<\/b><span style=\"font-weight: 400;\"> Ph\u00f9 h\u1ee3p cho c\u00e1c s\u1ea3n ph\u1ea9m h\u01b0\u1edbng \u0111\u1ebfn ng\u01b0\u1eddi ti\u00eau d\u00f9ng quan t\u00e2m s\u1ee9c kh\u1ecfe v\u00e0 ch\u1ebf \u0111\u1ed9 \u0103n c\u00f3 ki\u1ec3m so\u00e1t.<\/span><\/span><\/li>\n<\/ul>\n<h2><span style=\"color: #000000;\">\u1ee8NG D\u1ee4NG C\u01a0M D\u1eeaA \u0110\u00d4NG L\u1ea0NH HUNGHAU FOODS<\/span><\/h2>\n<ul>\n<li><span style=\"color: #000000;\"><b>Nguy\u00ean li\u1ec7u s\u1ea3n xu\u1ea5t c\u00f4ng nghi\u1ec7p:<\/b><span style=\"font-weight: 400;\"> S\u1eed d\u1ee5ng trong d\u00e2y chuy\u1ec1n s\u1ea3n xu\u1ea5t b\u00e1nh k\u1eb9o, kem, s\u1eefa d\u1eeba, n\u01b0\u1edbc c\u1ed1t d\u1eeba, nh\u00e2n b\u00e1nh, m\u1ee9t v\u00e0 c\u00e1c s\u1ea3n ph\u1ea9m ch\u1ebf bi\u1ebfn t\u1eeb d\u1eeba.<\/span><\/span><\/li>\n<li><span style=\"color: #000000;\"><b>Nguy\u00ean li\u1ec7u F&amp;B:<\/b><span style=\"font-weight: 400;\"> Ph\u00f9 h\u1ee3p cho nh\u00e0 h\u00e0ng, qu\u00e1n c\u00e0 ph\u00ea, qu\u00e1n ch\u00e8, qu\u00e1n sinh t\u1ed1 s\u1eed d\u1ee5ng l\u00e0m topping, nguy\u00ean li\u1ec7u n\u1ea5u ch\u00e8, m\u00f3n tr\u00e1ng mi\u1ec7ng, m\u00f3n \u00c1 \u2013 \u00c2u c\u00f3 th\u00e0nh ph\u1ea7n d\u1eeba.<\/span><\/span><\/li>\n<li><span style=\"color: #000000;\"><b>B\u00e1nh &amp; tr\u00e1ng mi\u1ec7ng:<\/b><span style=\"font-weight: 400;\"> \u1ee8ng d\u1ee5ng trong s\u1ea3n xu\u1ea5t b\u00e1nh truy\u1ec1n th\u1ed1ng v\u00e0 b\u00e1nh hi\u1ec7n \u0111\u1ea1i nh\u01b0 b\u00e1nh d\u1eeba, b\u00e1nh n\u01b0\u1edbng, b\u00e1nh l\u1ea1nh, pudding, flan, mochi, kem d\u1eeba.<\/span><\/span><\/li>\n<li><span style=\"color: #000000;\"><b>Xu\u1ea5t kh\u1ea9u &amp; OEM:<\/b><span style=\"font-weight: 400;\"> Cung c\u1ea5p \u1ed5n \u0111\u1ecbnh cho c\u00e1c nh\u00e0 m\u00e1y th\u1ef1c ph\u1ea9m, \u0111\u1ed1i t\u00e1c OEM\/Private Label c\u1ea7n nguy\u00ean li\u1ec7u d\u1eeba ch\u1ea5t l\u01b0\u1ee3ng \u0111\u1ed3ng nh\u1ea5t, truy xu\u1ea5t ngu\u1ed3n g\u1ed1c r\u00f5 r\u00e0ng v\u00e0 s\u1eed d\u1ee5ng quanh n\u0103m.<\/span><\/span><\/li>\n<\/ul>\n<h3><span style=\"color: #000000;\">TH\u00d4NG TIN LI\u00caN H\u1ec6<\/span><\/h3>\n<p><span style=\"color: #000000;\">Email: <span style=\"color: #1755ad;\">sales@hunghau.vn<\/span><br \/>\nHotline: (+84)79 721 3333<\/span><\/p>\n<p><span style=\"color: #000000;\">Email: <span style=\"color: #1755ad;\">Hana@hunghau.vn<\/span><br \/>\nHotline: (+84)79 721 3333<\/span><\/p>\n<p><span style=\"color: #000000;\">Email: <span style=\"color: #1755ad;\">yenn@hunghau.vn<\/span><br \/>\nHotline: (+84)78 520 3333<\/span><\/p>\n<p><span style=\"color: #000000;\"><b>C\u00f4ng ty C\u1ed5 ph\u1ea7n Th\u1ef1c ph\u1ea9m H\u00f9ng H\u1eadu (HungHau Foods)<\/b><\/span><\/p>\n<p><span style=\"color: #000000;\"><b>Nh\u00e0 xu\u1ea5t kh\u1ea9u n\u00f4ng s\u1ea3n &#8211; Nh\u00e0 cung \u1ee9ng tr\u00e1i c\u00e2y &amp; rau c\u1ee7 \u0111\u00f4ng l\u1ea1nh t\u1ea1i Vi\u1ec7t Nam.<\/b><\/span><\/p>\n","protected":false},"excerpt":{"rendered":"<table style=\"width: 391px;\">\n<tbody>\n<tr>\n<td style=\"width: 158px;\"><span style=\"color: #1755ad;\"><strong>Th\u00f4ng tin<\/strong><\/span><\/td>\n<td style=\"width: 217px;\"><span style=\"color: #000000;\">C\u01a1m d\u1eeba \u0111\u00f4ng l\u1ea1nh\u00a0<\/span><\/td>\n<\/tr>\n<tr>\n<td style=\"width: 158px;\"><span style=\"color: #1755ad;\"><strong>M\u00f9a v\u1ee5<\/strong><\/span><\/td>\n<td style=\"width: 217px;\"><span style=\"color: #000000;\">Quanh n\u0103m<\/span><\/td>\n<\/tr>\n<tr>\n<td style=\"width: 158px;\"><span style=\"color: #1755ad;\"><strong>Quy c\u00e1ch \u0111\u00f3ng g\u00f3i<\/strong><\/span><\/td>\n<td style=\"width: 217px;\"><span style=\"font-weight: 400; color: #000000;\">T\u00fai PE\/PA ho\u1eb7c theo y\u00eau c\u1ea7u kh\u00e1ch h\u00e0ng<\/span><\/td>\n<\/tr>\n<tr>\n<td style=\"width: 158px;\"><span style=\"color: #1755ad;\"><strong>\u0110i\u1ec1u ki\u1ec7n b\u1ea3o qu\u1ea3n<\/strong><\/span><\/td>\n<td style=\"width: 217px;\"><span style=\"color: #000000;\">S\u1ea3n ph\u1ea9m \u0111\u01b0\u1ee3c l\u01b0u tr\u1eef trong kho -18\u00b0C<\/span><\/td>\n<\/tr>\n<tr>\n<td style=\"width: 158px;\"><span style=\"color: #1755ad;\"><strong>Th\u1eddi h\u1ea1n s\u1eed d\u1ee5ng<\/strong><\/span><\/td>\n<td style=\"width: 217px;\"><span style=\"color: #000000;\">24 th\u00e1ng k\u1ec3 t\u1eeb ng\u00e0y s\u1ea3n xu\u1ea5t\u00a0<\/span><\/td>\n<\/tr>\n<\/tbody>\n<\/table>\n","protected":false},"featured_media":25040,"comment_status":"closed","ping_status":"closed","template":"","meta":[],"product_brand":[],"product_cat":[179],"product_tag":[],"class_list":{"0":"post-22783","1":"product","2":"type-product","3":"status-publish","4":"has-post-thumbnail","6":"product_cat-san-pham-tu-dua-dong-lanh","8":"first","9":"instock","10":"shipping-taxable","11":"product-type-simple"},"_links":{"self":[{"href":"https:\/\/hfoods.vn\/vi\/wp-json\/wp\/v2\/product\/22783","targetHints":{"allow":["GET"]}}],"collection":[{"href":"https:\/\/hfoods.vn\/vi\/wp-json\/wp\/v2\/product"}],"about":[{"href":"https:\/\/hfoods.vn\/vi\/wp-json\/wp\/v2\/types\/product"}],"replies":[{"embeddable":true,"href":"https:\/\/hfoods.vn\/vi\/wp-json\/wp\/v2\/comments?post=22783"}],"wp:featuredmedia":[{"embeddable":true,"href":"https:\/\/hfoods.vn\/vi\/wp-json\/wp\/v2\/media\/25040"}],"wp:attachment":[{"href":"https:\/\/hfoods.vn\/vi\/wp-json\/wp\/v2\/media?parent=22783"}],"wp:term":[{"taxonomy":"product_brand","embeddable":true,"href":"https:\/\/hfoods.vn\/vi\/wp-json\/wp\/v2\/product_brand?post=22783"},{"taxonomy":"product_cat","embeddable":true,"href":"https:\/\/hfoods.vn\/vi\/wp-json\/wp\/v2\/product_cat?post=22783"},{"taxonomy":"product_tag","embeddable":true,"href":"https:\/\/hfoods.vn\/vi\/wp-json\/wp\/v2\/product_tag?post=22783"}],"curies":[{"name":"wp","href":"https:\/\/api.w.org\/{rel}","templated":true}]}}