{"id":23107,"date":"2026-01-08T10:48:49","date_gmt":"2026-01-08T03:48:49","guid":{"rendered":"https:\/\/hfoods.vn\/?post_type=product&#038;p=23107"},"modified":"2026-04-02T17:13:21","modified_gmt":"2026-04-02T10:13:21","slug":"snack-bbq","status":"publish","type":"product","link":"https:\/\/hfoods.vn\/vi\/san-pham\/snack-bbq\/","title":{"rendered":"Snack BBQ"},"content":{"rendered":"<h1 style=\"text-align: justify;\"><span style=\"color: #000000;\">SNACK BBQ<\/span><\/h1>\n<p style=\"text-align: justify;\"><span style=\"color: #000000;\">Snack v\u1ecb BBQ OCHAO l\u00e0 d\u00f2ng snack hi\u1ec7n \u0111\u1ea1i k\u1ebft h\u1ee3p gi\u1eefa nguy\u00ean li\u1ec7u t\u1ef1 nhi\u00ean v\u00e0 c\u00f4ng ngh\u1ec7 ch\u1ebf bi\u1ebfn ti\u00ean ti\u1ebfn t\u1eeb nh\u00e0 m\u00e1y OCHAO t\u1ea1i TPHCM, mang \u0111\u1ebfn tr\u1ea3i nghi\u1ec7m \u0103n v\u1eb7t gi\u00f2n ngon. S\u1ea3n ph\u1ea9m s\u1eed d\u1ee5ng gia v\u1ecb th\u1ecbt n\u01b0\u1edbng, l\u1ea5y c\u1ea3m h\u1ee9ng t\u1eeb phong c\u00e1ch BBQ quen thu\u1ed9c, d\u1ec5 \u0103n v\u00e0 ph\u00f9 h\u1ee3p nhi\u1ec1u ng\u01b0\u1eddi ti\u00eau d\u00f9ng.<\/span><\/p>\n<p style=\"text-align: justify;\"><span style=\"color: #000000;\">V\u1edbi k\u1ebft c\u1ea5u b\u00e1nh gi\u00f2n, \u0111\u1ed9 r\u1ed7ng \u00edt c\u00f9ng m\u00f9i th\u01a1m \u0111\u1eb7c tr\u01b0ng c\u1ee7a gia v\u1ecb BBQ, Snack v\u1ecb BBQ OCHAO kh\u00f4ng ch\u1ec9 \u0111\u00e1p \u1ee9ng nhu c\u1ea7u \u0103n v\u1eb7t ti\u1ec7n l\u1ee3i m\u00e0 c\u00f2n h\u01b0\u1edbng \u0111\u1ebfn xu h\u01b0\u1edbng ti\u00eau d\u00f9ng l\u00e0nh m\u1ea1nh. S\u1ea3n ph\u1ea9m th\u00edch h\u1ee3p cho c\u1ea3 ti\u00eau d\u00f9ng c\u00e1 nh\u00e2n l\u1eabn ph\u00e2n ph\u1ed1i th\u01b0\u01a1ng m\u1ea1i trong v\u00e0 Ngozi n\u01b0\u1edbc.<\/span><\/p>\n<p style=\"text-align: justify;\"><span style=\"color: #000000;\">\u0110I\u1ec2M N\u1ed4I B\u1eacT C\u1ee6A S\u1ea2N PH\u1ea8M<\/span><\/p>\n<p style=\"text-align: justify;\"><span style=\"color: #000000;\"><strong>H\u01b0\u01a1ng v\u1ecb BBQ \u0111\u1eadm \u0111\u00e0, k\u1ebft c\u1ea5u gi\u00f2n:<\/strong> Snack c\u00f3 m\u00f9i th\u01a1m r\u00f5 c\u1ee7a gia v\u1ecb BBQ, v\u1ecb m\u1eb7n ng\u1ecdt h\u00e0i h\u00f2a, xen l\u1eabn h\u1eadu v\u1ecb kh\u00f3i nh\u1eb9, mang \u0111\u1ebfn h\u01b0\u01a1ng v\u1ecb h\u1eabp d\u1eabn khi \u0103n.<\/span><\/p>\n<p style=\"text-align: justify;\"><span style=\"color: #000000;\"><strong>C\u00f4ng th\u1ee9c \u0111\u01b0\u1ee3c nghi\u00ean c\u1ee9u b\u00e0i b\u1ea3n, s\u1ea3n xu\u1ea5t tr\u00ean d\u00e2y chuy\u1ec1n hi\u1ec7n \u0111\u1ea1i:<\/strong> S\u1ea3n ph\u1ea9m tr\u1ea3i qua qu\u00e1 tr\u00ecnh nghi\u00ean c\u1ee9u h\u01b0\u01a1ng v\u1ecb v\u00e0 ho\u00e0n thi\u1ec7n c\u00f4ng th\u1ee9c b\u1edfi \u0111\u1ed9i ng\u0169 R&amp;D, \u0111\u01b0\u1ee3c s\u1ea3n xu\u1ea5t tr\u00ean h\u1ec7 th\u1ed1ng m\u00e1y m\u00f3c chuy\u00ean nghi\u1ec7p, \u0111\u1ea3m b\u1ea3o \u0111\u1ed9 \u1ed5n \u0111\u1ecbnh v\u00e0 ch\u1ea5t l\u01b0\u1ee3ng \u0111\u1ed3ng \u0111\u1ec1u.<\/span><\/p>\n<p style=\"text-align: justify;\"><span style=\"color: #000000;\"><strong>\u0110a d\u1ea1ng h\u00ecnh th\u1ee9c ch\u1ebf bi\u1ebfn, ph\u00f9 h\u1ee3p nhi\u1ec1u th\u1ecb tr\u01b0\u1eddng: <\/strong>Snack v\u1ecb BBQ OCHAO c\u00f3 th\u1ec3 ph\u00e1t tri\u1ec3n d\u1ea1ng ph\u00f4i b\u00e1nh, d\u00f2ng chi\u00ean v\u00e0 kh\u00f4ng chi\u00ean, linh ho\u1ea1t theo nhu c\u1ea7u th\u1ecb tr\u01b0\u1eddng v\u00e0 \u0111\u1ecbnh h\u01b0\u1edbng s\u1ea3n ph\u1ea9m c\u1ee7a t\u1eebng \u0111\u1ed1i t\u00e1c. S\u1ea3n ph\u1ea9m b\u1ed5 sung x\u01a1, c\u00f3 d\u00e1n nh\u00e3n &#8220;source of fiber&#8221;.<\/span><\/p>\n<figure id=\"attachment_23108\" aria-describedby=\"caption-attachment-23108\" style=\"width: 1000px\" class=\"wp-caption aligncenter\"><img loading=\"lazy\" decoding=\"async\" class=\"size-full wp-image-23108\" src=\"https:\/\/hfoods.vn\/wp-content\/uploads\/2026\/01\/HHF03086-BBQ-9.png\" alt=\"Snack BBQ\" width=\"1000\" height=\"1000\" srcset=\"https:\/\/hfoods.vn\/wp-content\/uploads\/2026\/01\/HHF03086-BBQ-9.png 1000w, https:\/\/hfoods.vn\/wp-content\/uploads\/2026\/01\/HHF03086-BBQ-9-768x768.png 768w, https:\/\/hfoods.vn\/wp-content\/uploads\/2026\/01\/HHF03086-BBQ-9-45x45.png 45w, https:\/\/hfoods.vn\/wp-content\/uploads\/2026\/01\/HHF03086-BBQ-9-100x100.png 100w\" sizes=\"auto, (max-width: 1000px) 100vw, 1000px\" \/><figcaption id=\"caption-attachment-23108\" class=\"wp-caption-text\"><span style=\"color: #000000;\">Snack BBQ<\/span><\/figcaption><\/figure>\n<h2 style=\"text-align: justify;\"><span style=\"color: #000000;\">TH\u00d4NG S\u1ed0 K\u1ef8 THU\u1eacT<\/span><\/h2>\n<table style=\"width: 930.575px;\">\n<tbody>\n<tr>\n<td style=\"width: 204px;\"><span style=\"color: #000000;\">T\u00ean s\u1ea3n ph\u1ea9m<\/span><\/td>\n<td style=\"width: 711.575px;\"><span style=\"color: #000000;\">Snack BBQ<\/span><\/td>\n<\/tr>\n<tr>\n<td style=\"width: 204px;\"><span style=\"color: #000000;\">H\u00ecnh d\u1ea1ng<\/span><\/td>\n<td style=\"width: 711.575px;\"><span style=\"color: #000000;\">L\u1ee5c gi\u00e1c (hexagon), d\u1ea1ng mi\u1ebfng d\u1ea3i (strip), h\u00ecnh m\u1ef1c (sea crunch\/cuttle fish), h\u00ecnh cracker t\u00f4m (prawn cracker)<\/span><\/td>\n<\/tr>\n<tr>\n<td style=\"width: 204px;\"><span style=\"color: #000000;\">Gia v\u1ecb t\u1ea9m<\/span><\/td>\n<td style=\"width: 711.575px;\"><span style=\"color: #000000;\">Gia v\u1ecb th\u1ecbt n\u01b0\u1edbng<\/span><\/td>\n<\/tr>\n<tr>\n<td style=\"width: 204px;\"><span style=\"color: #000000;\">\u0110\u1ed9 d\u00e0y pellet<\/span><\/td>\n<td style=\"width: 711.575px;\"><span style=\"color: #000000;\">0.8 \u2013 1.2 mm<\/span><\/td>\n<\/tr>\n<tr>\n<td style=\"width: 204px;\"><span style=\"color: #000000;\">Kh\u1ed1i l\u01b0\u1ee3ng pellet<\/span><\/td>\n<td style=\"width: 711.575px;\"><span style=\"color: #000000;\">0.4 \u2013 0.6 g<\/span><\/td>\n<\/tr>\n<tr>\n<td style=\"width: 204px;\"><span style=\"color: #000000;\">\u0110\u1ed9 \u1ea9m pellet<\/span><\/td>\n<td style=\"width: 711.575px;\"><span style=\"color: #000000;\">8.5 \u2013 9.5%<\/span><\/td>\n<\/tr>\n<tr>\n<td style=\"width: 204px;\"><span style=\"color: #000000;\">M\u00e0u s\u1eafc<\/span><\/td>\n<td style=\"width: 711.575px;\"><span style=\"color: #000000;\">M\u00e0u v\u00e0ng nh\u1ea1t \u0111\u1ebfn n\u00e2u nh\u1ea1t<\/span><\/td>\n<\/tr>\n<tr>\n<td style=\"width: 204px;\"><span style=\"color: #000000;\">M\u00f9i v\u1ecb<\/span><\/td>\n<td style=\"width: 711.575px;\"><span style=\"color: #000000;\">M\u00f9i kh\u00f3i nh\u1eb9, v\u1ecb umami k\u1ebft h\u1ee3p v\u1edbi v\u1ecb m\u1eb7n ng\u1ecdt<\/span><\/td>\n<\/tr>\n<tr>\n<td style=\"width: 204px;\"><span style=\"color: #000000;\">C\u1ea5u tr\u00fac khi \u0103n<\/span><\/td>\n<td style=\"width: 711.575px;\"><span style=\"color: #000000;\">Gi\u00f2n, \u0111\u1ed9 r\u1ed7ng \u00edt<\/span><\/td>\n<\/tr>\n<tr>\n<td style=\"width: 204px;\"><span style=\"color: #000000;\">\u0110\u00f3ng g\u00f3i\u00a0\u00a0\u00a0\u00a0\u00a0\u00a0\u00a0<\/span><\/td>\n<td style=\"width: 711.575px;\"><span style=\"color: #000000;\">5 \u2013 10 kg\/t\u00fai ho\u1eb7c theo y\u00eau c\u1ea7u kh\u00e1ch h\u00e0ng<\/span><\/td>\n<\/tr>\n<tr>\n<td style=\"width: 204px;\"><span style=\"color: #000000;\">H\u1ea1n s\u1eed d\u1ee5ng ph\u00f4i b\u00e1nh<\/span><\/td>\n<td style=\"width: 711.575px;\"><span style=\"color: #000000;\">12 th\u00e1ng<\/span><\/td>\n<\/tr>\n<tr>\n<td style=\"width: 204px;\"><span style=\"color: #000000;\">H\u1ea1n s\u1eed d\u1ee5ng snack th\u00e0nh ph\u1ea9m<\/span><\/td>\n<td style=\"width: 711.575px;\"><span style=\"color: #000000;\">6 th\u00e1ng<\/span><\/td>\n<\/tr>\n<\/tbody>\n<\/table>\n<h2 style=\"text-align: justify;\"><span style=\"color: #000000;\">QUY TR\u00ccNH S\u1ea2N XU\u1ea4T V\u00c0 NGHI\u00caN C\u1ee8U<\/span><\/h2>\n<p style=\"text-align: justify;\"><span style=\"color: #000000;\">Snack v\u1ecb BBQ \u0111\u01b0\u1ee3c s\u1ea3n xu\u1ea5t t\u1ea1i nh\u00e0 m\u00e1y OCHAO \u0111\u00e1p \u1ee9ng c\u00e1c ti\u00eau chu\u1ea9n ch\u1ea5t l\u01b0\u1ee3ng nghi\u00eam ng\u1eb7t. Nh\u00e0 m\u00e1y \u0111\u01b0\u1ee3c \u0111\u1ea7u t\u01b0 \u0111\u1ed3ng b\u1ed9 v\u1ec1 c\u00f4ng ngh\u1ec7, ki\u1ec3m so\u00e1t ch\u1eb7t ch\u1ebd t\u1eeb nguy\u00ean li\u1ec7u \u0111\u1ea7u v\u00e0o \u0111\u1ebfn th\u00e0nh ph\u1ea9m. Quy tr\u00ecnh s\u1ea3n xu\u1ea5t kh\u00e9p k\u00edn gi\u00fap \u0111\u1ea3m b\u1ea3o an to\u00e0n th\u1ef1c ph\u1ea9m v\u00e0 ch\u1ea5t l\u01b0\u1ee3ng \u1ed5n \u0111\u1ecbnh cho t\u1eebng l\u00f4 h\u00e0ng.<\/span><\/p>\n<p style=\"text-align: justify;\"><span style=\"color: #000000;\">B\u00ean c\u1ea1nh \u0111\u00f3, \u0111\u1ed9i ng\u0169 R&amp;D c\u1ee7a OCHAO li\u00ean t\u1ee5c nghi\u00ean c\u1ee9u, th\u1eed nghi\u1ec7m h\u01b0\u01a1ng v\u1ecb, k\u1ebft c\u1ea5u v\u00e0 c\u00f4ng th\u1ee9c m\u1edbi nh\u1eb1m \u0111\u00e1p \u1ee9ng xu h\u01b0\u1edbng ti\u00eau d\u00f9ng v\u00e0 y\u00eau c\u1ea7u ri\u00eang c\u1ee7a t\u1eebng th\u1ecb tr\u01b0\u1eddng.<\/span><\/p>\n<p style=\"text-align: justify;\"><span style=\"color: #000000;\"><strong>T\u1ea0I SAO N\u00caN CH\u1eccN CH\u00daNG T\u00d4I? <\/strong><\/span><\/p>\n<p style=\"text-align: justify;\"><span style=\"color: #000000;\">Nh\u00e0 m\u00e1y OCHAO s\u1edf h\u1eefu h\u1ec7 th\u1ed1ng s\u1ea3n xu\u1ea5t quy m\u00f4 l\u1edbn v\u1edbi c\u00f4ng su\u1ea5t l\u00ean \u0111\u1ebfn 600 t\u1ea5n\/th\u00e1ng, c\u00f3 kh\u1ea3 n\u0103ng ph\u00e1t tri\u1ec3n nhi\u1ec1u d\u00f2ng snack v\u1edbi h\u01b0\u01a1ng v\u1ecb, h\u00ecnh d\u1ea1ng v\u00e0 c\u00f4ng th\u1ee9c kh\u00e1c nhau.<\/span><\/p>\n<p style=\"text-align: justify;\"><span style=\"color: #000000;\">L\u00e0 \u0111\u01a1n v\u1ecb tr\u1ef1c ti\u1ebfp s\u1ea3n xu\u1ea5t, ch\u00fang t\u00f4i cung c\u1ea5p m\u1ee9c gi\u00e1 h\u1ee3p l\u00fd, ch\u00ednh s\u00e1ch \u01b0u \u0111\u00e3i v\u00e0 h\u1ed7 tr\u1ee3 ph\u00f9 h\u1ee3p cho c\u00e1c \u0111\u1ed1i t\u00e1c ph\u00e2n ph\u1ed1i v\u00e0 xu\u1ea5t kh\u1ea9u.<\/span><\/p>\n<p style=\"text-align: justify;\"><span style=\"color: #000000;\">\u0110\u1ed9i ng\u0169 nh\u00e2n vi\u00ean chuy\u00ean nghi\u1ec7p v\u00e0 gi\u00e0u kinh nghi\u1ec7m lu\u00f4n s\u1eb5n s\u00e0ng t\u01b0 v\u1ea5n, \u0111\u1ed3ng h\u00e0nh v\u00e0 h\u1ed7 tr\u1ee3 kh\u00e1ch h\u00e0ng trong su\u1ed1t qu\u00e1 tr\u00ecnh h\u1ee3p t\u00e1c.<\/span><\/p>\n<p style=\"text-align: justify;\"><span style=\"color: #000000;\">OCHAO l\u00e0 \u0111\u01a1n v\u1ecb th\u00e0nh vi\u00ean c\u1ee7a C\u00f4ng ty C\u1ed5 ph\u1ea7n Th\u1ef1c ph\u1ea9m H\u00f9ng H\u1eadu (HungHau Foods). HungHau Foods \u0111\u00e3 c\u00f3 h\u01a1n 40 n\u0103m kinh nghi\u1ec7m trong ho\u1ea1t \u0111\u1ed9ng s\u1ea3n xu\u1ea5t, ch\u1ebf bi\u1ebfn th\u1ef1c ph\u1ea9m; v\u00e0 \u0111\u01b0\u1ee3c ghi nh\u1eadn l\u00e0 m\u1ed9t trong nh\u1eefng \u201cDoanh nghi\u1ec7p Xanh\u201d t\u1ea1i Vi\u1ec7t Nam.<\/span><\/p>\n<h2 style=\"text-align: justify;\"><span style=\"color: #000000;\">LI\u00caN H\u1ec6 <\/span><\/h2>\n<p><span style=\"color: #000000;\">Email: <span style=\"color: #1755ad;\">Hana@hunghau.vn<\/span><br \/>\nHotline: (+84)79 721 3333<\/span><\/p>\n<p><span style=\"color: #000000;\">LinkedIn: https:\/\/www.linkedin.com\/company\/ochao-confectionery\/<\/span><\/p>\n<p style=\"text-align: justify;\"><span style=\"color: #000000;\"><strong>TH\u00d4NG TIN C\u00d4NG TY <\/strong><\/span><\/p>\n<p style=\"text-align: justify;\"><span style=\"color: #000000;\">C\u00f4ng ty C\u1ed5 ph\u1ea7n Th\u1ef1c ph\u1ea9m H\u00f9ng H\u1eadu (HungHau Foods) c\u00f3 h\u01a1n 40 n\u0103m kinh nghi\u1ec7m s\u1ea3n xu\u1ea5t, ch\u1ebf bi\u1ebfn th\u1ef1c ph\u1ea9m v\u00e0 xu\u1ea5t kh\u1ea9u n\u00f4ng s\u1ea3n. Ch\u00fang t\u00f4i s\u1edf h\u1eefu h\u1ec7 th\u1ed1ng 03 nh\u00e0 m\u00e1y ch\u1ebf bi\u1ebfn th\u1ef1c ph\u1ea9m hi\u1ec7n \u0111\u1ea1i t\u1ea1i Vi\u1ec7t Nam, v\u1edbi n\u0103ng l\u1ef1c s\u1ea3n xu\u1ea5t l\u00ean \u0111\u1ebfn 38,000 t\u1ea5n s\u1ea3n ph\u1ea9m\/n\u0103m. S\u1ea3n ph\u1ea9m th\u1ef1c ph\u1ea9m c\u1ee7a HungHau Foods \u0111\u00e3 hi\u1ec7n di\u1ec7n t\u1ea1i h\u01a1n 80 qu\u1ed1c gia v\u00e0 v\u00f9ng l\u00e3nh th\u1ed5.<\/span><\/p>\n","protected":false},"excerpt":{"rendered":"<div class=\"product-short-description\">\n<div class=\"product-short-description\">\n<table>\n<tbody>\n<tr>\n<td><span style=\"color: #000000;\"><strong>H\u00ecnh d\u1ea1ng<\/strong><\/span><\/td>\n<td><span style=\"color: #000000;\">L\u1ee5c gi\u00e1c (hexagon), d\u1ea1ng mi\u1ebfng d\u1ea3i (strip), h\u00ecnh m\u1ef1c (sea crunch\/cuttle fish), h\u00ecnh cracker t\u00f4m (prawn cracker)<\/span><\/td>\n<\/tr>\n<tr>\n<td><span style=\"color: #000000;\"><strong>Gia v\u1ecb t\u1ea9m\u00a0<\/strong><\/span><\/td>\n<td><span style=\"color: #000000;\">Gia v\u1ecb th\u1ecbt n\u01b0\u1edbng<\/span><\/td>\n<\/tr>\n<tr>\n<td><span style=\"color: #000000;\"><strong>Quy c\u00e1ch<\/strong><\/span><\/td>\n<td><span style=\"color: #000000;\">5 \u2013 10kg\/t\u00fai ho\u1eb7c theo y\u00eau c\u1ea7u kh\u00e1ch h\u00e0ng<\/span><\/td>\n<\/tr>\n<tr>\n<td><span style=\"color: #000000;\"><strong>M\u00e0u s\u1eafc<\/strong><\/span><\/td>\n<td><span style=\"color: #000000;\">M\u00e0u v\u00e0ng nh\u1ea1t \u0111\u1ebfn n\u00e2u nh\u1ea1t<\/span><\/td>\n<\/tr>\n<tr>\n<td><span style=\"color: #000000;\"><strong>\u0110\u1ed9 \u1ea9m pellet<\/strong><\/span><\/td>\n<td><span style=\"color: #000000;\">8.5 \u2013 9.5%<\/span><\/td>\n<\/tr>\n<tr>\n<td><span style=\"color: #000000;\"><strong>H\u1ea1n s\u1eed d\u1ee5ng snack th\u00e0nh ph\u1ea9m<\/strong><\/span><\/td>\n<td><span style=\"color: #000000;\">6 th\u00e1ng<\/span><\/td>\n<\/tr>\n<tr>\n<td><span style=\"color: #000000;\"><strong>H\u1ea1n s\u1eed d\u1ee5ng ph\u00f4i b\u00e1nh<\/strong><\/span><\/td>\n<td><span style=\"color: #000000;\">12 th\u00e1ng<\/span><\/td>\n<\/tr>\n<\/tbody>\n<\/table>\n<\/div>\n<\/div>\n","protected":false},"featured_media":23116,"comment_status":"closed","ping_status":"closed","template":"","meta":[],"product_brand":[],"product_cat":[181],"product_tag":[],"class_list":{"0":"post-23107","1":"product","2":"type-product","3":"status-publish","4":"has-post-thumbnail","6":"product_cat-san-pham-banh-keo-ochao","8":"first","9":"instock","10":"shipping-taxable","11":"product-type-simple"},"_links":{"self":[{"href":"https:\/\/hfoods.vn\/vi\/wp-json\/wp\/v2\/product\/23107","targetHints":{"allow":["GET"]}}],"collection":[{"href":"https:\/\/hfoods.vn\/vi\/wp-json\/wp\/v2\/product"}],"about":[{"href":"https:\/\/hfoods.vn\/vi\/wp-json\/wp\/v2\/types\/product"}],"replies":[{"embeddable":true,"href":"https:\/\/hfoods.vn\/vi\/wp-json\/wp\/v2\/comments?post=23107"}],"wp:featuredmedia":[{"embeddable":true,"href":"https:\/\/hfoods.vn\/vi\/wp-json\/wp\/v2\/media\/23116"}],"wp:attachment":[{"href":"https:\/\/hfoods.vn\/vi\/wp-json\/wp\/v2\/media?parent=23107"}],"wp:term":[{"taxonomy":"product_brand","embeddable":true,"href":"https:\/\/hfoods.vn\/vi\/wp-json\/wp\/v2\/product_brand?post=23107"},{"taxonomy":"product_cat","embeddable":true,"href":"https:\/\/hfoods.vn\/vi\/wp-json\/wp\/v2\/product_cat?post=23107"},{"taxonomy":"product_tag","embeddable":true,"href":"https:\/\/hfoods.vn\/vi\/wp-json\/wp\/v2\/product_tag?post=23107"}],"curies":[{"name":"wp","href":"https:\/\/api.w.org\/{rel}","templated":true}]}}