{"id":23467,"date":"2026-01-15T10:56:44","date_gmt":"2026-01-15T03:56:44","guid":{"rendered":"https:\/\/hfoods.vn\/?post_type=product&#038;p=23467"},"modified":"2026-04-02T17:09:18","modified_gmt":"2026-04-02T10:09:18","slug":"cookies-matcha-hat-dieu","status":"publish","type":"product","link":"https:\/\/hfoods.vn\/vi\/san-pham\/cookies-matcha-hat-dieu\/","title":{"rendered":"Cookies Matcha H\u1ea1t \u0110i\u1ec1u"},"content":{"rendered":"<h2><span style=\"color: #000000;\">B\u00c1NH COOKIES MATCHA H\u1ea0T \u0110I\u1ec0U\u00a0<\/span><\/h2>\n<p><span style=\"color: #000000;\">B\u00e1nh cookies matcha h\u1ea1t \u0111i\u1ec1u OCHAO l\u00e0 d\u00f2ng cookies hi\u1ec7n \u0111\u1ea1i k\u1ebft h\u1ee3p gi\u1eefa nguy\u00ean li\u1ec7u t\u1ef1 nhi\u00ean v\u00e0 c\u00f4ng ngh\u1ec7 ch\u1ebf bi\u1ebfn ti\u00ean ti\u1ebfn t\u1eeb nh\u00e0 m\u00e1y OCHAO t\u1ea1i TPHCM, mang \u0111\u1ebfn tr\u1ea3i nghi\u1ec7m \u0103n v\u1eb7t ngon. S\u1ea3n ph\u1ea9m s\u1eed d\u1ee5ng b\u01a1 \u0111\u1ed9ng v\u1eadt Newzealand k\u1ebft h\u1ee3p c\u00f9ng h\u1ea1t \u0111i\u1ec1u Vi\u1ec7t Nam tuy\u1ec3n ch\u1ecdn v\u00e0 b\u1ed9t matcha ch\u1ea5t l\u01b0\u1ee3ng cao d\u1ec5 \u0103n v\u00e0 ph\u00f9 h\u1ee3p nhi\u1ec1u ng\u01b0\u1eddi ti\u00eau d\u00f9ng.\u00a0<\/span><\/p>\n<p><span style=\"color: #000000;\">V\u1edbi k\u1ebft c\u1ea5u b\u00e1nh x\u1ed1p v\u1eeba, \u0111\u1ed9 c\u1ee9ng v\u1eeba ph\u1ea3i v\u00e0 h\u01b0\u01a1ng v\u1ecb matcha d\u1ecbu nh\u1eb9, cookies matcha h\u1ea1t \u0111i\u1ec1u kh\u00f4ng ch\u1ec9 \u0111\u00e1p \u1ee9ng nhu c\u1ea7u \u0103n v\u1eb7t ti\u1ec7n l\u1ee3i m\u00e0 c\u00f2n h\u01b0\u1edbng \u0111\u1ebfn xu h\u01b0\u1edbng ti\u00eau d\u00f9ng l\u00e0nh m\u1ea1nh. S\u1ea3n ph\u1ea9m th\u00edch h\u1ee3p cho c\u1ea3 ti\u00eau d\u00f9ng c\u00e1 nh\u00e2n l\u1eabn ph\u00e2n ph\u1ed1i th\u01b0\u01a1ng m\u1ea1i trong v\u00e0 ngo\u00e0i n\u01b0\u1edbc.\u00a0<\/span><\/p>\n<h2><span style=\"color: #000000;\">\u0110\u1eb6C \u0110I\u1ec2M N\u1ed4I B\u1eacT:<\/span><\/h2>\n<p><span style=\"color: #000000;\"><b>H\u01b0\u01a1ng v\u1ecb &amp; k\u1ebft c\u1ea5u:\u00a0<\/b>H\u01b0\u01a1ng matcha th\u01a1m nh\u1eb9, n\u1ed5i b\u1eadt v\u1ecb h\u1ea1t \u0111i\u1ec1u Vi\u1ec7t Nam. Khi th\u01b0\u1edfng th\u1ee9c, d\u1ec5 d\u00e0ng c\u1ea3m nh\u1eadn r\u00f5 h\u1ea1t \u0111i\u1ec1u ph\u1ee7 tr\u00ean b\u1ec1 m\u1eb7t b\u00e1nh, mang \u0111\u1ebfn k\u1ebft c\u1ea5u x\u1ed1p v\u1eeba ph\u1ea3i, \u0111\u1ed9 c\u1ee9ng v\u1eeba ph\u1ea3i, d\u1ec5 c\u1eafn v\u00e0 d\u1ec5 nhai, ph\u00f9 h\u1ee3p v\u1edbi nhi\u1ec1u ng\u01b0\u1eddi d\u00f9ng.<\/span><\/p>\n<p><span style=\"color: #000000;\"><b>C\u00f4ng th\u1ee9c \u0111\u01b0\u1ee3c nghi\u00ean c\u1ee9u b\u00e0i b\u1ea3n, s\u1ea3n xu\u1ea5t tr\u00ean d\u00e2y chuy\u1ec1n hi\u1ec7n \u0111\u1ea1i<\/b>: S\u1ea3n ph\u1ea9m tr\u1ea3i qua qu\u00e1 tr\u00ecnh nghi\u00ean c\u1ee9u h\u01b0\u01a1ng v\u1ecb v\u00e0 ho\u00e0n thi\u1ec7n c\u00f4ng th\u1ee9c b\u1edfi \u0111\u1ed9i ng\u0169 R&amp;D, \u0111\u01b0\u1ee3c s\u1ea3n xu\u1ea5t tr\u00ean h\u1ec7 th\u1ed1ng m\u00e1y m\u00f3c chuy\u00ean nghi\u1ec7p, \u0111\u1ea3m b\u1ea3o \u0111\u1ed9 \u1ed5n \u0111\u1ecbnh v\u00e0 ch\u1ea5t l\u01b0\u1ee3ng \u0111\u1ed3ng \u0111\u1ec1u.\u00a0<\/span><\/p>\n<p><span style=\"color: #000000;\"><b>\u0110a d\u1ea1ng c\u00f4ng th\u1ee9c &amp; h\u00ecnh th\u1ee9c ch\u1ebf bi\u1ebfn:<\/b>\u00a0C\u00f4ng th\u1ee9c cookie gi\u1ea3m ng\u1ecdt, \u0111\u1ed9 ng\u1ecdt v\u1eeba ph\u1ea3i v\u00e0 c\u00f3 th\u1ec3 t\u00f9y ch\u1ec9nh theo y\u00eau c\u1ea7u kh\u00e1ch h\u00e0ng; k\u1ebft h\u1ee3p c\u00e1c th\u00e0nh ph\u1ea7n n\u00f4ng s\u1ea3n l\u00e0m topping, \u0111\u1ed3ng th\u1eddi linh ho\u1ea1t \u0111a d\u1ea1ng h\u00ecnh th\u1ee9c ch\u1ebf bi\u1ebfn nh\u1eb1m \u0111\u00e1p \u1ee9ng th\u1ecb hi\u1ebfu v\u00e0 nhu c\u1ea7u c\u1ee7a nhi\u1ec1u ph\u00e2n kh\u00fac th\u1ecb tr\u01b0\u1eddng.<\/span><\/p>\n<h2><span style=\"color: #000000;\">TH\u00d4NG TIN K\u1ef8 THU\u1eacT<\/span><\/h2>\n<div class=\"table-wrapper\">\n<table>\n<tbody>\n<tr>\n<td><span style=\"color: #000000;\"><strong>H\u1ea1ng m\u1ee5c<\/strong><\/span><\/td>\n<td><span style=\"color: #000000;\"><strong>Th\u00f4ng tin<\/strong><\/span><\/td>\n<\/tr>\n<tr>\n<td><span style=\"color: #000000;\">T\u00ean s\u1ea3n ph\u1ea9m<\/span><\/td>\n<td><span style=\"color: #000000;\">B\u00e1nh cookies matcha h\u1ea1t \u0111i\u1ec1u<\/span><\/td>\n<\/tr>\n<tr>\n<td><span style=\"color: #000000;\">H\u00ecnh d\u1ea1ng<\/span><\/td>\n<td><span style=\"color: #000000;\">Tr\u00f2n, ng\u00f4i sao 8 c\u00e1nh v\u1edbi xo\u1eafn \u1ed1c<\/span><\/td>\n<\/tr>\n<tr>\n<td><span style=\"color: #000000;\">Th\u00e0nh ph\u1ea7n<\/span><\/td>\n<td><span style=\"color: #000000;\">B\u1ed9t m\u00ec, \u0111\u01b0\u1eddng, b\u01a1, shortening, h\u1ea1t \u0111i\u1ec1u (7.2%), b\u1ed9t whey, b\u1ed9t matcha (1.4%),\u00a0 ch\u1ea5t t\u1ea1o x\u1ed1p (INS 500ii), tinh b\u1ed9t b\u1eafp, INS 341i, INS 450i), h\u01b0\u01a1ng li\u1ec7u t\u1ed5ng h\u1ee3p (matcha), mu\u1ed1i, ch\u1ea5t nh\u0169 h\u00f3a (INS 481)<\/span><\/td>\n<\/tr>\n<tr>\n<td><span style=\"color: #000000;\">M\u00e0u s\u1eafc (Color)<\/span><\/td>\n<td><span style=\"color: #000000;\">Xanh l\u00e1 nh\u1ea1t, b\u1ec1 m\u1eb7t \u0111i\u1ec3m c\u00e1c m\u1ea3nh h\u1ea1t \u0111i\u1ec1u n\u01b0\u1edbng c\u00f3 m\u00e0u n\u00e2u trung b\u00ecnh \u0111\u1ebfn h\u01a1i \u0111\u1eadm.<\/span><\/td>\n<\/tr>\n<tr>\n<td><span style=\"color: #000000;\">\u0110\u01b0\u1eddng k\u00ednh (mm)<\/span><\/td>\n<td><span style=\"color: #000000;\">43-47mm<\/span><\/td>\n<\/tr>\n<tr>\n<td><span style=\"color: #000000;\">\u0110\u1ed9 d\u00e0y (mm)<\/span><\/td>\n<td><span style=\"color: #000000;\">9.0-10.0mm<\/span><\/td>\n<\/tr>\n<tr>\n<td><span style=\"color: #000000;\">Kh\u1ed1i l\u01b0\u1ee3ng<\/span><\/td>\n<td><span style=\"color: #000000;\">~7.5 g<\/span><\/td>\n<\/tr>\n<tr>\n<td><span style=\"color: #000000;\">\u0110\u1ed9 \u1ea9m<\/span><\/td>\n<td><span style=\"color: #000000;\">2.5-3.5<\/span><\/td>\n<\/tr>\n<tr>\n<td><span style=\"color: #000000;\">Th\u1eddi gian n\u01b0\u1edbng<\/span><\/td>\n<td><span style=\"color: #000000;\">17\u00a0 ph\u00fat<\/span><\/td>\n<\/tr>\n<tr>\n<td><span style=\"color: #000000;\">Ngu\u1ed3n g\u1ed1c (Origin)<\/span><\/td>\n<td><span style=\"color: #000000;\">Vi\u1ec7t Nam<\/span><\/td>\n<\/tr>\n<tr>\n<td><span style=\"color: #000000;\">Ph\u01b0\u01a1ng th\u1ee9c v\u1eadn chuy\u1ec3n (Method of delivery)<\/span><\/td>\n<td><span style=\"color: #000000;\">\u0110\u01b0\u1eddng bi\u1ec3n ho\u1eb7c \u0111\u01b0\u1eddng h\u00e0ng kh\u00f4ng<\/span><\/td>\n<\/tr>\n<tr>\n<td><span style=\"color: #000000;\">\u0110\u00f3ng g\u00f3i (Packaging)<\/span><\/td>\n<td><span style=\"color: #000000;\">7,5 g \u00d7 2 b\u00e1nh \u00d7 5 g\u00f3i \/ t\u00fai ho\u1eb7c theo y\u00eau c\u1ea7u kh\u00e1ch h\u00e0ng<\/span><\/td>\n<\/tr>\n<tr>\n<td><span style=\"color: #000000;\">H\u1ea1n s\u1eed d\u1ee5ng (Shelf life)<\/span><\/td>\n<td><span style=\"color: #000000;\">12 th\u00e1ng<\/span><\/td>\n<\/tr>\n<\/tbody>\n<\/table>\n<\/div>\n<h2><span style=\"color: #000000;\">QUY TR\u00ccNH S\u1ea2N XU\u1ea4T<\/span><\/h2>\n<p><span style=\"color: #000000;\">B\u00e1nh cookies matcha h\u1ea1t \u0111i\u1ec1u\u00a0 \u0111\u01b0\u1ee3c s\u1ea3n xu\u1ea5t t\u1ea1i nh\u00e0 m\u00e1y OCHAO \u0111\u00e1p \u1ee9ng c\u00e1c ti\u00eau chu\u1ea9n ch\u1ea5t l\u01b0\u1ee3ng nghi\u00eam ng\u1eb7t. Nh\u00e0 m\u00e1y \u0111\u01b0\u1ee3c \u0111\u1ea7u t\u01b0 \u0111\u1ed3ng b\u1ed9 v\u1ec1 c\u00f4ng ngh\u1ec7, ki\u1ec3m so\u00e1t ch\u1eb7t ch\u1ebd t\u1eeb nguy\u00ean li\u1ec7u \u0111\u1ea7u v\u00e0o \u0111\u1ebfn th\u00e0nh ph\u1ea9m. Quy tr\u00ecnh s\u1ea3n xu\u1ea5t kh\u00e9p k\u00edn gi\u00fap \u0111\u1ea3m b\u1ea3o an to\u00e0n th\u1ef1c ph\u1ea9m v\u00e0 ch\u1ea5t l\u01b0\u1ee3ng \u1ed5n \u0111\u1ecbnh cho t\u1eebng l\u00f4 h\u00e0ng.\u00a0<\/span><\/p>\n<p><span style=\"color: #000000;\">B\u00ean c\u1ea1nh \u0111\u00f3, \u0111\u1ed9i ng\u0169 R&amp;D c\u1ee7a OCHAO li\u00ean t\u1ee5c nghi\u00ean c\u1ee9u, th\u1eed nghi\u1ec7m h\u01b0\u01a1ng v\u1ecb, k\u1ebft c\u1ea5u v\u00e0 c\u00f4ng th\u1ee9c m\u1edbi nh\u1eb1m \u0111\u00e1p \u1ee9ng xu h\u01b0\u1edbng ti\u00eau d\u00f9ng v\u00e0 y\u00eau c\u1ea7u ri\u00eang c\u1ee7a t\u1eebng th\u1ecb tr\u01b0\u1eddng.\u00a0<\/span><\/p>\n<h2><span style=\"color: #000000;\">H\u00ccNH \u1ea2NH S\u1ea2N PH\u1ea8M<\/span><\/h2>\n<figure id=\"attachment_23233\" aria-describedby=\"caption-attachment-23233\" style=\"width: 1700px\" class=\"wp-caption aligncenter\"><img loading=\"lazy\" decoding=\"async\" class=\"size-full wp-image-23233\" src=\"https:\/\/hfoods.vn\/wp-content\/uploads\/2026\/01\/HungHau-Foods_HFO_Cookie-Macha-Dieu.jpg\" alt=\"Cookies matcha h\u1ea1t \u0111i\u1ec1u OCHAO\" width=\"1700\" height=\"1700\" \/><figcaption id=\"caption-attachment-23233\" class=\"wp-caption-text\"><center><span style=\"color: #000000;\">Cookies matcha h\u1ea1t \u0111i\u1ec1u OCHAO<\/span><center><\/center><\/center><\/figcaption><\/figure>\n<figure id=\"attachment_23316\" class=\"wp-caption aligncenter\" aria-describedby=\"caption-attachment-23316\"><figcaption id=\"caption-attachment-23316\" class=\"wp-caption-text\"><center><center><\/center><\/center><\/figcaption><\/figure>\n<figure id=\"attachment_23235\" aria-describedby=\"caption-attachment-23235\" style=\"width: 1700px\" class=\"wp-caption aligncenter\"><img loading=\"lazy\" decoding=\"async\" class=\"size-full wp-image-23235\" src=\"https:\/\/hfoods.vn\/wp-content\/uploads\/2026\/01\/HungHau-Foods_HFO_Cookie-Macha-Dieu-2.jpg\" alt=\"Cookies matcha h\u1ea1t \u0111i\u1ec1u OCHAO\" width=\"1700\" height=\"1700\" \/><figcaption id=\"caption-attachment-23235\" class=\"wp-caption-text\"><center>Cookies matcha h\u1ea1t \u0111i\u1ec1u OCHAO<center><\/center><\/center><\/figcaption><\/figure>\n<h2><span style=\"color: #000000;\">T\u1ea0I SAO CH\u1eccN CH\u00daNG T\u00d4I<\/span><\/h2>\n<ul>\n<li><span style=\"color: #000000;\">Nh\u00e0 m\u00e1y OCHAO s\u1edf h\u1eefu h\u1ec7 th\u1ed1ng s\u1ea3n xu\u1ea5t quy m\u00f4 l\u1edbn v\u1edbi c\u00f4ng su\u1ea5t l\u00ean \u0111\u1ebfn 600 t\u1ea5n\/th\u00e1ng, c\u00f3 kh\u1ea3 n\u0103ng ph\u00e1t tri\u1ec3n nhi\u1ec1u d\u00f2ng cookies v\u1edbi h\u01b0\u01a1ng v\u1ecb, h\u00ecnh d\u1ea1ng v\u00e0 c\u00f4ng th\u1ee9c kh\u00e1c nhau.\u00a0<\/span><\/li>\n<li><span style=\"color: #000000;\">L\u00e0 \u0111\u01a1n v\u1ecb tr\u1ef1c ti\u1ebfp s\u1ea3n xu\u1ea5t, ch\u00fang t\u00f4i cung c\u1ea5p m\u1ee9c gi\u00e1 h\u1ee3p l\u00fd, ch\u00ednh s\u00e1ch \u01b0u \u0111\u00e3i v\u00e0 h\u1ed7 tr\u1ee3 ph\u00f9 h\u1ee3p cho c\u00e1c \u0111\u1ed1i t\u00e1c ph\u00e2n ph\u1ed1i v\u00e0 xu\u1ea5t kh\u1ea9u.\u00a0\u00a0<\/span><\/li>\n<li><span style=\"color: #000000;\">\u0110\u1ed9i ng\u0169 nh\u00e2n vi\u00ean chuy\u00ean nghi\u1ec7p v\u00e0 gi\u00e0u kinh nghi\u1ec7m lu\u00f4n s\u1eb5n s\u00e0ng t\u01b0 v\u1ea5n, \u0111\u1ed3ng h\u00e0nh v\u00e0 h\u1ed7 tr\u1ee3 kh\u00e1ch h\u00e0ng trong su\u1ed1t qu\u00e1 tr\u00ecnh h\u1ee3p t\u00e1c.\u00a0<\/span><\/li>\n<li><span style=\"color: #000000;\">OCHAO l\u00e0 \u0111\u01a1n v\u1ecb th\u00e0nh vi\u00ean c\u1ee7a C\u00f4ng ty C\u1ed5 ph\u1ea7n Th\u1ef1c ph\u1ea9m H\u00f9ng H\u1eadu (HungHau Foods). HungHau Foods \u0111\u00e3 c\u00f3 h\u01a1n 40 n\u0103m kinh nghi\u1ec7m trong ho\u1ea1t \u0111\u1ed9ng s\u1ea3n xu\u1ea5t, ch\u1ebf bi\u1ebfn th\u1ef1c ph\u1ea9m; v\u00e0 \u0111\u01b0\u1ee3c ghi nh\u1eadn l\u00e0 m\u1ed9t trong nh\u1eefng \u201cDoanh nghi\u1ec7p Xanh\u201d t\u1ea1i Vi\u1ec7t Nam.\u00a0\u00a0<\/span><\/li>\n<\/ul>\n<h2><span style=\"color: #000000;\">TH\u00d4NG TIN LI\u00caN H\u1ec6\u00a0<\/span><\/h2>\n<p><span style=\"color: #000000;\">Email: <span style=\"color: #1755ad;\">Hana@hunghau.vn<\/span><br \/>\nHotline: (+84)79 721 3333<\/span><\/p>\n<p><span style=\"color: #000000;\">LinkedIn: https:\/\/www.linkedin.com\/company\/ochao-confectionery\/<\/span><\/p>\n<h3><span style=\"color: #000000;\">TH\u00d4NG TIN C\u00d4NG TY\u00a0<\/span><\/h3>\n<p><span style=\"color: #000000;\">C\u00f4ng ty C\u1ed5 ph\u1ea7n Th\u1ef1c ph\u1ea9m H\u00f9ng H\u1eadu (HungHau Foods) c\u00f3 h\u01a1n 40 n\u0103m kinh nghi\u1ec7m s\u1ea3n xu\u1ea5t, ch\u1ebf bi\u1ebfn th\u1ef1c ph\u1ea9m v\u00e0 xu\u1ea5t kh\u1ea9u n\u00f4ng s\u1ea3n. Ch\u00fang t\u00f4i s\u1edf h\u1eefu h\u1ec7 th\u1ed1ng 03 nh\u00e0 m\u00e1y ch\u1ebf bi\u1ebfn th\u1ef1c ph\u1ea9m hi\u1ec7n \u0111\u1ea1i t\u1ea1i Vi\u1ec7t Nam, v\u1edbi n\u0103ng l\u1ef1c s\u1ea3n xu\u1ea5t l\u00ean \u0111\u1ebfn 38,000 t\u1ea5n s\u1ea3n ph\u1ea9m\/n\u0103m. S\u1ea3n ph\u1ea9m th\u1ef1c ph\u1ea9m c\u1ee7a HungHau Foods \u0111\u00e3 hi\u1ec7n di\u1ec7n t\u1ea1i h\u01a1n 80 qu\u1ed1c gia v\u00e0 v\u00f9ng l\u00e3nh th\u1ed5.\u00a0<\/span><\/p>\n<p><span style=\"color: #000000;\">C\u00f4ng ty C\u1ed5 ph\u1ea7n OCHAO l\u00e0 m\u1ed9t \u0111\u01a1n v\u1ecb th\u00e0nh vi\u00ean c\u1ee7a HungHau Foods.<\/span><\/p>\n","protected":false},"excerpt":{"rendered":"<table style=\"width: 428.036px;\">\n<tbody>\n<tr>\n<td style=\"width: 110px;\"><span style=\"color: #1755ad;\"><strong>Th\u00f4ng tin<\/strong><\/span><\/td>\n<td style=\"width: 303.036px;\"><span style=\"color: #000000;\">Cookies matcha h\u1ea1t \u0111i\u1ec1u OCHAO<\/span><\/td>\n<\/tr>\n<tr>\n<td style=\"width: 110px;\"><span style=\"color: #1755ad;\"><strong>H\u00ecnh d\u1ea1ng<\/strong><\/span><\/td>\n<td style=\"width: 303.036px;\"><span style=\"color: #000000;\">Tr\u00f2n, ng\u00f4i sao 8 c\u00e1nh v\u00e0 xo\u1eafn \u1ed1c\u2026<\/span><\/td>\n<\/tr>\n<tr>\n<td style=\"width: 110px;\"><span style=\"color: #1755ad;\"><strong>Tr\u1ecdng l\u01b0\u1ee3ng<\/strong><\/span><\/td>\n<td style=\"width: 303.036px;\"><span style=\"color: #000000;\">~7.5g<\/span><\/td>\n<\/tr>\n<tr>\n<td style=\"width: 110px;\"><span style=\"color: #1755ad;\"><strong>Quy c\u00e1ch \u0111\u00f3ng g\u00f3i<\/strong><\/span><\/td>\n<td style=\"width: 303.036px;\"><span style=\"color: #000000;\">7,5 g \u00d7 2 b\u00e1nh \u00d7 5 g\u00f3i \/ t\u00fai ho\u1eb7c theo y\u00eau c\u1ea7u kh\u00e1ch h\u00e0ng<\/span><\/td>\n<\/tr>\n<tr>\n<td style=\"width: 110px;\"><span style=\"color: #1755ad;\"><strong>Th\u00e0nh ph\u1ea7n<\/strong><\/span><\/td>\n<td style=\"width: 303.036px;\"><span style=\"color: #000000;\">B\u1ed9t m\u00ec, \u0111\u01b0\u1eddng, b\u01a1, shortening, h\u1ea1t \u0111i\u1ec1u (7.2%), b\u1ed9t whey, b\u1ed9t matcha (1.4%),\u00a0 ch\u1ea5t t\u1ea1o x\u1ed1p (INS 500ii), tinh b\u1ed9t b\u1eafp, INS 341i, INS 450i), h\u01b0\u01a1ng li\u1ec7u t\u1ed5ng h\u1ee3p (matcha), mu\u1ed1i, ch\u1ea5t nh\u0169 h\u00f3a (INS 481)<\/span><\/td>\n<\/tr>\n<tr>\n<td style=\"width: 110px;\"><span style=\"color: #1755ad;\"><strong>Th\u1eddi h\u1ea1n s\u1eed d\u1ee5ng<\/strong><\/span><\/td>\n<td style=\"width: 303.036px;\"><span style=\"color: #000000;\">12 th\u00e1ng k\u1ec3 t\u1eeb ng\u00e0y s\u1ea3n xu\u1ea5t\u00a0<\/span><\/td>\n<\/tr>\n<\/tbody>\n<\/table>\n","protected":false},"featured_media":23233,"comment_status":"closed","ping_status":"closed","template":"","meta":[],"product_brand":[],"product_cat":[181],"product_tag":[],"class_list":{"0":"post-23467","1":"product","2":"type-product","3":"status-publish","4":"has-post-thumbnail","6":"product_cat-san-pham-banh-keo-ochao","8":"first","9":"instock","10":"shipping-taxable","11":"product-type-simple"},"_links":{"self":[{"href":"https:\/\/hfoods.vn\/vi\/wp-json\/wp\/v2\/product\/23467","targetHints":{"allow":["GET"]}}],"collection":[{"href":"https:\/\/hfoods.vn\/vi\/wp-json\/wp\/v2\/product"}],"about":[{"href":"https:\/\/hfoods.vn\/vi\/wp-json\/wp\/v2\/types\/product"}],"replies":[{"embeddable":true,"href":"https:\/\/hfoods.vn\/vi\/wp-json\/wp\/v2\/comments?post=23467"}],"wp:featuredmedia":[{"embeddable":true,"href":"https:\/\/hfoods.vn\/vi\/wp-json\/wp\/v2\/media\/23233"}],"wp:attachment":[{"href":"https:\/\/hfoods.vn\/vi\/wp-json\/wp\/v2\/media?parent=23467"}],"wp:term":[{"taxonomy":"product_brand","embeddable":true,"href":"https:\/\/hfoods.vn\/vi\/wp-json\/wp\/v2\/product_brand?post=23467"},{"taxonomy":"product_cat","embeddable":true,"href":"https:\/\/hfoods.vn\/vi\/wp-json\/wp\/v2\/product_cat?post=23467"},{"taxonomy":"product_tag","embeddable":true,"href":"https:\/\/hfoods.vn\/vi\/wp-json\/wp\/v2\/product_tag?post=23467"}],"curies":[{"name":"wp","href":"https:\/\/api.w.org\/{rel}","templated":true}]}}