{"id":24029,"date":"2026-03-03T13:26:29","date_gmt":"2026-03-03T06:26:29","guid":{"rendered":"https:\/\/hfoods.vn\/vi\/?post_type=product&#038;p=24029"},"modified":"2026-03-20T15:45:32","modified_gmt":"2026-03-20T08:45:32","slug":"mi-rau-cu-trung-vang-happy-noodles","status":"publish","type":"product","link":"https:\/\/hfoods.vn\/vi\/san-pham\/mi-rau-cu-trung-vang-happy-noodles\/","title":{"rendered":"M\u00ec Rau C\u1ee7 Tr\u1ee9ng V\u00e0ng Happy Noodles"},"content":{"rendered":"<p style=\"text-align: justify;\"><span style=\"color: #000000;\"><b>TH\u00d4NG TIN S\u1ea2N PH\u1ea8M\u202f<\/b><span style=\"font-weight: 400;\">\u00a0<\/span><\/span><\/p>\n<ul style=\"text-align: justify;\">\n<li style=\"font-weight: 400;\" aria-level=\"1\"><span style=\"font-weight: 400; color: #000000;\">M\u00ec Rau C\u1ee7 Tr\u1ee9ng V\u00e0ng Happy Noodles\u202f\u00a0<\/span><\/li>\n<\/ul>\n<ul style=\"text-align: justify;\">\n<li style=\"font-weight: 400;\" aria-level=\"1\"><span style=\"font-weight: 400; color: #000000;\">Kh\u1ed1i l\u01b0\u1ee3ng t\u1ecbnh: 250g\u202f\u00a0<\/span><\/li>\n<\/ul>\n<p style=\"text-align: justify;\"><span style=\"color: #000000;\"><b>M\u00ec Rau C\u1ee7 Tr\u1ee9ng V\u00e0ng Happy Noodles g\u00f3i 250g<\/b><span style=\"font-weight: 400;\"> l\u00e0 s\u1ea3n ph\u1ea9m c\u1ee7a C\u00f4ng ty C\u1ed5 ph\u1ea7n Th\u1ef1c ph\u1ea9m H\u00f9ng H\u1eadu (HungHau Foods), \u0111\u01b0\u1ee3c l\u00e0m t\u1eeb b\u1ed9t m\u00ec ch\u1ecdn l\u1ecdc k\u1ebft h\u1ee3p c\u00f9ng b\u1ed9t n\u0103ng, tr\u1ee9ng g\u00e0 v\u00e0 c\u00e1c lo\u1ea1i b\u1ed9t rau c\u1ee7 t\u1ef1 nhi\u00ean nh\u01b0 \u0111\u1eadu \u0111\u1ecf, m\u00e8 \u0111en, c\u1ea3i b\u00f3 x\u00f4i. Nh\u1edd \u0111\u00f3, s\u1ee3i m\u00ec h\u01b0\u01a1ng v\u1ecb th\u01a1m nh\u1eb9, d\u1ec5 \u0103n v\u00e0 ph\u00f9 h\u1ee3p v\u1edbi kh\u1ea9u v\u1ecb gia \u0111\u00ecnh Vi\u1ec7t.<\/span><\/span><\/p>\n<p style=\"text-align: justify;\"><span style=\"font-weight: 400; color: #000000;\">S\u1ea3n ph\u1ea9m mang \u0111\u1ebfn gi\u1ea3i ph\u00e1p b\u1eefa \u0103n ti\u1ec7n l\u1ee3i trong cu\u1ed9c s\u1ed1ng b\u1eadn r\u1ed9n, d\u1ec5 ch\u1ebf bi\u1ebfn nh\u01b0ng v\u1eabn \u0111\u1ea3m b\u1ea3o s\u1ef1 c\u00e2n \u0111\u1ed1i dinh d\u01b0\u1ee1ng. M\u00ec Rau C\u1ee7 Tr\u1ee9ng V\u00e0ng Happy Noodles ph\u00f9 h\u1ee3p cho nhi\u1ec1u \u0111\u1ed1i t\u01b0\u1ee3ng s\u1eed d\u1ee5ng nh\u01b0 tr\u1ebb em, ng\u01b0\u1eddi l\u1edbn tu\u1ed5i, ng\u01b0\u1eddi \u0103n chay, \u0103n ki\u00eang\u2026g\u00f3p ph\u1ea7n x\u00e2y d\u1ef1ng ch\u1ebf \u0111\u1ed9 \u0103n u\u1ed1ng l\u00e0nh m\u1ea1nh cho m\u1ed7i gia \u0111\u00ecnh.\u00a0<\/span><\/p>\n<p style=\"text-align: justify;\"><span style=\"color: #000000;\"><b>TH\u00c0NH PH\u1ea6N<\/b><\/span><\/p>\n<table>\n<tbody>\n<tr>\n<td><span style=\"color: #000000;\"><b>Th\u00f4ng tin<\/b><\/span><\/td>\n<td><span style=\"color: #000000;\"><b>N\u1ed9i dung<\/b><\/span><\/td>\n<\/tr>\n<tr>\n<td><span style=\"font-weight: 400; color: #000000;\">Th\u00e0nh ph\u1ea7n<\/span><\/td>\n<td><span style=\"font-weight: 400; color: #000000;\">b\u1ed9t m\u00ec, b\u1ed9t n\u0103ng, 5% tr\u1ee9ng g\u00e0, 3% \u0111\u1eadu \u0111\u1ecf trong v\u1eaft m\u00ec \u0111\u1eadu \u0111\u1ecf, 3% b\u1ed9t m\u00e8 \u0111en trong v\u1eaft m\u00ec m\u00e8 \u0111en, 3% c\u1ea3i b\u00f3 x\u00f4i trong m\u00ec c\u1ea3i b\u00f3 x\u00f4i , mu\u1ed1i, ch\u1ea5t b\u1ea3o qu\u1ea3n (202), ch\u1ea5t \u1ed5n \u0111\u1ecbnh (451i)<\/span><\/td>\n<\/tr>\n<tr>\n<td><span style=\"font-weight: 400; color: #000000;\">\u0110\u1eb7c \u0111i\u1ec3m s\u1ee3i m\u00ec<\/span><\/td>\n<td><span style=\"font-weight: 400; color: #000000;\">M\u00ec s\u1ee3i nguy\u00ean v\u1eaft tr\u00f2n, kh\u00f4ng b\u1ecb g\u00e3y, b\u1ec3 s\u1ee3i m\u00ec.<\/span><\/td>\n<\/tr>\n<tr>\n<td><span style=\"font-weight: 400; color: #000000;\">K\u00edch th\u01b0\u1edbc v\u1eaft m\u00ec:<\/span><\/td>\n<td><span style=\"font-weight: 400; color: #000000;\">60mm \u00b1 5mm<\/span><\/td>\n<\/tr>\n<tr>\n<td><span style=\"font-weight: 400; color: #000000;\">\u0110\u01b0\u1eddng k\u00ednh s\u1ee3i m\u00ec:<\/span><\/td>\n<td><span style=\"font-weight: 400; color: #000000;\">1.2mm \u00b1 0.2mm<\/span><\/td>\n<\/tr>\n<tr>\n<td><span style=\"font-weight: 400; color: #000000;\">M\u00e0u s\u1eafc<\/span><\/td>\n<td><span style=\"font-weight: 400; color: #000000;\">M\u00ec \u0111\u1eadu \u0111\u1ecf c\u00f3 m\u00e0u \u0111\u1ecf nh\u1ea1t\u00a0 v\u00e0\u00a0 m\u00ec c\u1ea3i b\u00f3 x\u00f4i c\u00f3 m\u00e0u xanh nh\u1ea1t, m\u00ec \u0111\u1ea7u \u0111en c\u00f3 m\u00e0u \u0111en nh\u1ea1t v\u00e0 m\u00ec tr\u1ee9ng g\u00e0 c\u00f3 m\u00e0u v\u00e0ng nh\u1ea1t\u00a0 t\u01b0\u01a1ng \u1ee9ng v\u1edbi h\u01b0\u01a1ng v\u1ecb \u0111\u1eb7c tr\u01b0ng c\u1ee7a t\u1eebng lo\u1ea1i rau c\u1ee7<\/span><\/td>\n<\/tr>\n<tr>\n<td><span style=\"font-weight: 400; color: #000000;\">H\u1ea1n s\u1eed d\u1ee5ng<\/span><\/td>\n<td><span style=\"font-weight: 400; color: #000000;\">24 th\u00e1ng<\/span><\/td>\n<\/tr>\n<\/tbody>\n<\/table>\n<h2 style=\"text-align: justify;\"><span style=\"color: #000000;\">L\u1ee2I \u00cdCH DINH D\u01af\u1ee0NG<\/span><\/h2>\n<p style=\"text-align: justify;\"><span style=\"font-weight: 400; color: #000000;\">M\u00ec Rau C\u1ee7 Tr\u1ee9ng V\u00e0ng Happy Noodles cung c\u1ea5p ngu\u1ed3n n\u0103ng l\u01b0\u1ee3ng c\u1ea7n thi\u1ebft cho c\u01a1 th\u1ec3 t\u1eeb tinh b\u1ed9t, ch\u1ea5t b\u00e9o v\u00e0 \u0111\u1ea1m c\u00f3 ngu\u1ed3n g\u1ed1c th\u1ef1c v\u1eadt t\u1eeb rau c\u1ee7, gi\u00fap duy tr\u00ec ho\u1ea1t \u0111\u1ed9ng h\u1eb1ng ng\u00e0y m\u1ed9t c\u00e1ch c\u00e2n b\u1eb1ng. Nh\u1edd b\u1ed5 sung c\u00e1c lo\u1ea1i b\u1ed9t rau c\u1ee7 t\u1ef1 nhi\u00ean, s\u1ea3n ph\u1ea9m g\u00f3p ph\u1ea7n t\u0103ng c\u01b0\u1eddng l\u01b0\u1ee3ng ch\u1ea5t x\u01a1 v\u00e0 vi ch\u1ea5t, h\u1ed7 tr\u1ee3 h\u1ec7 ti\u00eau h\u00f3a ho\u1ea1t \u0111\u1ed9ng t\u1ed1t h\u01a1n v\u00e0 gi\u00fap b\u1eefa \u0103n th\u00eam \u0111a d\u1ea1ng dinh d\u01b0\u1ee1ng.<\/span><\/p>\n<p style=\"text-align: justify;\"><span style=\"font-weight: 400; color: #000000;\">Th\u00e0nh ph\u1ea7n dinh d\u01b0\u1ee1ng c\u1ee7a s\u1ea3n ph\u1ea9m bao g\u1ed3m c\u00e1c nh\u00f3m ch\u1ea5t\u00a0 nh\u01b0 carbohydrate, ch\u1ea5t x\u01a1 v\u00e0 ch\u1ea5t \u0111\u1ea1m. Trung b\u00ecnh, m\u1ed7i 100g M\u00ec Rau C\u1ee7 Tr\u1ee9ng V\u00e0ng Happy Noodles cung c\u1ea5p kho\u1ea3ng 361 kcal, ph\u00f9 h\u1ee3p \u0111\u1ec3 s\u1eed d\u1ee5ng trong c\u00e1c b\u1eefa \u0103n ch\u00ednh ho\u1eb7c b\u1eefa \u0103n nh\u1eb9 trong ng\u00e0y.<\/span><\/p>\n<h2 style=\"text-align: justify;\"><span style=\"color: #000000;\">H\u01af\u1edaNG D\u1eaaN S\u1eec D\u1ee4NG V\u00c0 B\u1ea2O QU\u1ea2N<\/span><\/h2>\n<p style=\"text-align: justify;\"><span style=\"font-weight: 400; color: #000000;\">Cho v\u1eaft M\u00ec Rau C\u1ee7 Tr\u1ee9ng v\u00e0ng Happy Noodles v\u00e0o n\u01b0\u1edbc s\u00f4i, n\u1ea5u trong kho\u1ea3ng 1 \u2013 2 ph\u00fat v\u00e0 khu\u1ea5y nh\u1eb9 \u0111\u1ec3 m\u00ec ch\u00edn \u0111\u1ec1u. Sau khi m\u00ec \u0111\u1ea1t \u0111\u1ed9 ch\u00edn ph\u00f9 h\u1ee3p, v\u1edbt ra v\u00e0 tr\u1ee5ng nhanh qua n\u01b0\u1edbc l\u1ea1nh \u0111\u1ec3 t\u00e1ch s\u1ee3i v\u00e0 gi\u1eef \u0111\u1ed9 dai, \u0111\u1ec3 r\u00e1o n\u01b0\u1edbc, th\u00eam m\u1ed9t l\u01b0\u1ee3ng nh\u1ecf d\u1ea7u \u0103n ho\u1eb7c d\u1ea7u oliu v\u00e0 tr\u1ed9n \u0111\u1ec1u. C\u00f3 th\u1ec3 ch\u1ebf bi\u1ebfn th\u00e0nh nhi\u1ec1u m\u00f3n \u0103n nh\u01b0 m\u00ec x\u00e0o, m\u00ec n\u01b0\u1edbc ho\u1eb7c m\u00ec tr\u1ed9n t\u00f9y kh\u1ea9u v\u1ecb.<\/span><\/p>\n<p style=\"text-align: justify;\"><span style=\"font-weight: 400; color: #000000;\">B\u1ea3o qu\u1ea3n m\u00ec \u1edf n\u01a1i kh\u00f4 r\u00e1o, tho\u00e1ng m\u00e1t, tr\u00e1nh \u00e1nh n\u1eafng tr\u1ef1c ti\u1ebfp. Kh\u00f4ng s\u1eed d\u1ee5ng cho ng\u01b0\u1eddi d\u1ecb \u1ee9ng v\u1edbi th\u00e0nh ph\u1ea7n c\u1ee7a s\u1ea3n ph\u1ea9m.<\/span><\/p>\n<h2 style=\"text-align: justify;\"><span style=\"color: #000000;\">XU\u1ea4T X\u1ee8<\/span><\/h2>\n<p style=\"text-align: justify;\"><span style=\"font-weight: 400; color: #000000;\">M\u00ec Rau C\u1ee7 Tr\u1ee9ng v\u00e0ng Happy Noodles l\u00e0 s\u1ea3n ph\u1ea9m c\u1ee7a C\u00f4ng ty C\u1ed5 ph\u1ea7n Th\u1ef1c ph\u1ea9m H\u00f9ng H\u1eadu (HungHau Foods). \u0110\u01b0\u1ee3c bi\u1ebft \u0111\u1ebfn l\u00e0 doanh nghi\u1ec7p ti\u00eau bi\u1ec3u trong l\u0129nh v\u1ef1c s\u1ea3n xu\u1ea5t v\u00e0 ch\u1ebf bi\u1ebfn th\u1ef1c ph\u1ea9m t\u1ea1i Vi\u1ec7t Nam, HungHau Foods lu\u00f4n ki\u00ean \u0111\u1ecbnh h\u01b0\u1edbng ph\u00e1t tri\u1ec3n theo ti\u00eau chu\u1ea9n ch\u1ea5t l\u01b0\u1ee3ng cao v\u00e0 th\u00e2n thi\u1ec7n m\u00f4i tr\u01b0\u1eddng.\u00a0<\/span><\/p>\n<p style=\"text-align: justify;\"><span style=\"font-weight: 400; color: #000000;\">S\u1ea3n ph\u1ea9m \u0111\u01b0\u1ee3c s\u1ea3n xu\u1ea5t t\u1ea1i C\u00f4ng ty TNHH Nha M\u00e2n (thu\u1ed9c HungHau Foods), nh\u00e0 m\u00e1y ch\u1ebf bi\u1ebfn th\u1ef1c ph\u1ea9m hi\u1ec7n \u0111\u1ea1i v\u1edbi h\u1ec7 th\u1ed1ng qu\u1ea3n l\u00fd ch\u1ea5t l\u01b0\u1ee3ng v\u00e0 an to\u00e0n th\u1ef1c ph\u1ea9m \u0111\u1ea1t ti\u00eau chu\u1ea9n s\u1ea3n xu\u1ea5t, \u0111\u00e1p \u1ee9ng nhu c\u1ea7u s\u1ea3n xu\u1ea5t trong n\u01b0\u1edbc v\u00e0 xu\u1ea5t kh\u1ea9u.\u00a0<\/span><\/p>\n<p style=\"text-align: justify;\"><span style=\"font-weight: 400; color: #000000;\">\u0110\u1ecba ch\u1ec9 nh\u00e0 m\u00e1y: Khu C, Khu C\u00f4ng nghi\u1ec7p Sa \u0110\u00e9c, ph\u01b0\u1eddng T\u00e2n Quy \u0110\u00f4ng, Th\u00e0nh ph\u1ed1 Sa \u0110\u00e9c, t\u1ec9nh \u0110\u1ed3ng Th\u00e1p, Vi\u1ec7t Nam.<\/span><\/p>\n<p style=\"text-align: justify;\"><span style=\"font-weight: 400; color: #000000;\">Link \u0111\u1ecba ch\u1ec9 mua h\u00e0ng:<\/span><\/p>\n<ul style=\"text-align: justify;\">\n<li><span style=\"color: #000000;\"><span style=\"font-weight: 400;\">Website: <\/span><a style=\"color: #000000;\" href=\"https:\/\/hfoods.vn\/vi\/\"><span style=\"font-weight: 400;\">https:\/\/hfoods.vn\/vi\/<\/span><\/a><\/span><\/li>\n<\/ul>\n","protected":false},"excerpt":{"rendered":"<table>\n<tbody>\n<tr>\n<td><span style=\"color: #1755ad;\"><strong>T\u00ean s\u1ea3n ph\u1ea9m<\/strong><\/span><\/td>\n<td><span style=\"font-weight: 400; color: #000000;\">M\u00ec Rau C\u1ee7 Tr\u1ee9ng v\u00e0ng Happy Noodles<\/span><\/td>\n<\/tr>\n<tr>\n<td><span style=\"color: #1755ad;\"><strong>Tr\u1ecdng l\u01b0\u1ee3ng<\/strong><\/span><\/td>\n<td><span style=\"font-weight: 400; color: #000000;\">250gr<\/span><\/td>\n<\/tr>\n<tr>\n<td><span style=\"color: #1755ad;\"><strong>Th\u00e0nh ph\u1ea7n<\/strong><\/span><\/td>\n<td><span style=\"font-weight: 400; color: #000000;\">b\u1ed9t m\u00ec, b\u1ed9t n\u0103ng, 5% tr\u1ee9ng g\u00e0, 3% \u0111\u1eadu \u0111\u1ecf trong v\u1eaft m\u00ec \u0111\u1eadu \u0111\u1ecf, 3% b\u1ed9t m\u00e8 \u0111en trong v\u1eaft m\u00ec m\u00e8 \u0111en, 3% c\u1ea3i b\u00f3 x\u00f4i trong m\u00ec c\u1ea3i b\u00f3 x\u00f4i , mu\u1ed1i, ch\u1ea5t b\u1ea3o qu\u1ea3n (202), ch\u1ea5t \u1ed5n \u0111\u1ecbnh (451i)<\/span><\/td>\n<\/tr>\n<tr>\n<td><span style=\"color: #1755ad;\"><strong>K\u00edch th\u01b0\u1edbc<\/strong><\/span><\/td>\n<td><span style=\"font-weight: 400; color: #000000;\">60mm \u00b1 5mm<\/span><\/td>\n<\/tr>\n<tr>\n<td><span style=\"color: #1755ad;\"><strong>D\u1ea1ng<\/strong><\/span><\/td>\n<td><span style=\"font-weight: 400; color: #000000;\">M\u00ec s\u1ee3i nguy\u00ean v\u1eaft tr\u00f2n, kh\u00f4ng b\u1ecb g\u00e3y, b\u1ec3 s\u1ee3i m\u00ec.<\/span><\/td>\n<\/tr>\n<tr>\n<td><span style=\"color: #1755ad;\"><strong>Xu\u1ea5t x\u1ee9<\/strong><\/span><\/td>\n<td><span style=\"font-weight: 400; color: #000000;\">Vi\u1ec7t Nam<\/span><\/td>\n<\/tr>\n<\/tbody>\n<\/table>\n","protected":false},"featured_media":24044,"comment_status":"closed","ping_status":"closed","template":"","meta":[],"product_brand":[],"product_cat":[183],"product_tag":[],"class_list":{"0":"post-24029","1":"product","2":"type-product","3":"status-publish","4":"has-post-thumbnail","6":"product_cat-mi-nui","8":"first","9":"instock","10":"shipping-taxable","11":"product-type-simple"},"_links":{"self":[{"href":"https:\/\/hfoods.vn\/vi\/wp-json\/wp\/v2\/product\/24029","targetHints":{"allow":["GET"]}}],"collection":[{"href":"https:\/\/hfoods.vn\/vi\/wp-json\/wp\/v2\/product"}],"about":[{"href":"https:\/\/hfoods.vn\/vi\/wp-json\/wp\/v2\/types\/product"}],"replies":[{"embeddable":true,"href":"https:\/\/hfoods.vn\/vi\/wp-json\/wp\/v2\/comments?post=24029"}],"wp:featuredmedia":[{"embeddable":true,"href":"https:\/\/hfoods.vn\/vi\/wp-json\/wp\/v2\/media\/24044"}],"wp:attachment":[{"href":"https:\/\/hfoods.vn\/vi\/wp-json\/wp\/v2\/media?parent=24029"}],"wp:term":[{"taxonomy":"product_brand","embeddable":true,"href":"https:\/\/hfoods.vn\/vi\/wp-json\/wp\/v2\/product_brand?post=24029"},{"taxonomy":"product_cat","embeddable":true,"href":"https:\/\/hfoods.vn\/vi\/wp-json\/wp\/v2\/product_cat?post=24029"},{"taxonomy":"product_tag","embeddable":true,"href":"https:\/\/hfoods.vn\/vi\/wp-json\/wp\/v2\/product_tag?post=24029"}],"curies":[{"name":"wp","href":"https:\/\/api.w.org\/{rel}","templated":true}]}}