{"id":24449,"date":"2026-03-11T17:34:31","date_gmt":"2026-03-11T10:34:31","guid":{"rendered":"https:\/\/hfoods.vn\/product\/frozen-fresh-noodles\/"},"modified":"2026-03-20T15:42:19","modified_gmt":"2026-03-20T08:42:19","slug":"frozen-fresh-noodles","status":"publish","type":"product","link":"https:\/\/hfoods.vn\/vi\/san-pham\/frozen-fresh-noodles\/","title":{"rendered":"M\u00ec T\u01b0\u01a1i \u0110\u00f4ng L\u1ea1nh"},"content":{"rendered":"<h2><span style=\"font-weight: 400; color: #000000;\">TH\u00d4NG TIN S\u1ea2N PH\u1ea8M\u202f\u00a0<\/span><\/h2>\n<ul>\n<li style=\"font-weight: 400;\" aria-level=\"1\"><span style=\"font-weight: 400; color: #000000;\">M\u00ec t\u01b0\u01a1i \u0111\u00f4ng l\u1ea1nh \u202f\u00a0<\/span><\/li>\n<li style=\"font-weight: 400;\" aria-level=\"1\"><span style=\"font-weight: 400; color: #000000;\">Quy c\u00e1ch: 200gr, 500gr, 1kg\/t\u00fai ho\u1eb7c t\u00f9y theo y\u00eau c\u1ea7u kh\u00e1ch h\u00e0ng<\/span><\/li>\n<\/ul>\n<p><span style=\"color: #000000;\"><span style=\"font-weight: 400;\">M\u00ec t\u01b0\u01a1i \u0111\u00f4ng l\u1ea1nh c\u1ee7a C\u00f4ng ty C\u1ed5 ph\u1ea7n Th\u1ef1c ph\u1ea9m H\u00f9ng H\u1eadu (HungHau Foods) <\/span><span style=\"font-weight: 400;\">\u0111\u01b0\u1ee3c ch\u1ebf bi\u1ebfn t\u1eeb b\u1ed9t m\u00ec cao c\u1ea5p, tr\u1ea3i qua quy tr\u00ecnh s\u1ea3n xu\u1ea5t kh\u00e9p k\u00edn, hi\u1ec7n \u0111\u1ea1i<\/span><span style=\"font-weight: 400;\">. S\u1ea3n ph\u1ea9m khi \u0111\u01b0\u1ee3c n\u1ea5u\/ch\u1ea7n qua n\u01b0\u1edbc s\u00f4i, v\u1eabn gi\u1eef \u0111\u01b0\u1ee3c ch\u1ea5t l\u01b0\u1ee3ng, \u0111\u1ed9 m\u1ec1m dai c\u00e2n b\u1eb1ng nh\u01b0 \u1edf m\u00ec t\u01b0\u01a1i.<\/span><\/span><\/p>\n<p><span style=\"font-weight: 400; color: #000000;\">S\u1ea3n ph\u1ea9m m\u00ec t\u01b0\u01a1i \u0111\u00f4ng l\u1ea1nh, khi k\u1ebft h\u1ee3p v\u1edbi c\u00e1c g\u00f3i gia v\u1ecb kh\u00e1c nhau c\u00f9ng ph\u01b0\u01a1ng ph\u00e1p ch\u1ebf bi\u1ebfn \u0111a d\u1ea1ng, c\u00f3 th\u1ec3 bi\u1ebfn t\u1ea5u th\u00e0nh nhi\u1ec1u m\u00f3n \u0103n nh\u01b0 m\u00ec \u00dd s\u1ed1t b\u00f2, m\u00ec x\u00e0o ki\u1ec3u \u00c1, m\u00ec tr\u1ed9n cay, m\u00ec n\u1ea5u chay, v.v\u2026<\/span><\/p>\n<p><span style=\"font-weight: 400; color: #000000;\">S\u1ea3n ph\u1ea9m c\u00f3 h\u1ea1n s\u1eed d\u1ee5ng l\u00ean \u0111\u1ebfn 18 th\u00e1ng, d\u1ec5 d\u00e0ng b\u1ea3o qu\u1ea3n v\u00e0 v\u1eadn chuy\u1ec3n \u0111i xa.<\/span><\/p>\n<h2><span style=\"color: #000000;\">TH\u00c0NH PH\u1ea6N<\/span><\/h2>\n<table>\n<tbody>\n<tr>\n<td><span style=\"font-weight: 400; color: #000000;\">Th\u00f4ng tin<\/span><\/td>\n<td><\/td>\n<\/tr>\n<tr>\n<td><span style=\"font-weight: 400; color: #000000;\">Th\u00e0nh ph\u1ea7n<\/span><\/td>\n<td><span style=\"font-weight: 400; color: #000000;\">b\u1ed9t m\u00ec 70% ,n\u01b0\u1edbc, mu\u1ed1i, mu\u1ed1i nh\u0169 h\u00f3a (451,450) d\u1ea7u th\u1ef1c v\u1eadt, ch\u1ea5t \u1ed5n \u0111\u1ecbnh (E451), ch\u1ea5t c\u1ea3i thi\u1ec7n m\u00ec, n\u01b0\u1edbc ki\u1ec1m, ch\u1ea5t b\u1ea3o qu\u1ea3n (202), ch\u1ea5t t\u1ea1o x\u1ed1p (500,450,341), m\u00e0u th\u1ef1c ph\u1ea9m (101,102)<\/span><\/td>\n<\/tr>\n<tr>\n<td><span style=\"font-weight: 400; color: #000000;\">\u0110\u01b0\u1eddng k\u00ednh s\u1ee3i m\u00ec:<\/span><\/td>\n<td><span style=\"font-weight: 400; color: #000000;\">1.5mm \u00b1 0.2mm<\/span><\/td>\n<\/tr>\n<tr>\n<td><span style=\"font-weight: 400; color: #000000;\">M\u00e0u s\u1eafc<\/span><\/td>\n<td><span style=\"font-weight: 400; color: #000000;\">V\u00e0ng\u00a0<\/span><\/td>\n<\/tr>\n<tr>\n<td><span style=\"font-weight: 400; color: #000000;\">H\u1ea1n s\u1eed d\u1ee5ng<\/span><\/td>\n<td><span style=\"font-weight: 400; color: #000000;\">18 th\u00e1ng<\/span><\/td>\n<\/tr>\n<\/tbody>\n<\/table>\n<h2><span style=\"color: #000000;\">L\u1ee2I \u00cdCH S\u1ea2N PH\u1ea8M<\/span><\/h2>\n<p><span style=\"font-weight: 400; color: #000000;\">M\u00ec t\u01b0\u01a1i \u0111\u00f4ng l\u1ea1nh cung c\u1ea5p ngu\u1ed3n n\u0103ng l\u01b0\u1ee3ng c\u1ea7n thi\u1ebft cho c\u01a1 th\u1ec3 t\u1eeb tinh b\u1ed9t. S\u1ea3n ph\u1ea9m d\u1ec5 k\u1ebft h\u1ee3p v\u1edbi nhi\u1ec1u nguy\u00ean li\u1ec7u kh\u00e1c nh\u01b0 rau c\u1ee7, th\u1ecbt ho\u1eb7c c\u00e1c m\u00f3n \u0103n chay, g\u00f3p ph\u1ea7n t\u1ea1o n\u00ean b\u1eefa \u0103n \u0111a d\u1ea1ng v\u00e0 c\u00e2n \u0111\u1ed1i dinh d\u01b0\u1ee1ng cho gia \u0111\u00ecnh.<\/span><\/p>\n<p><span style=\"font-weight: 400; color: #000000;\">M\u00ec t\u01b0\u01a1i \u0111\u00f4ng l\u1ea1nh l\u00e0 l\u1ef1a ch\u1ecdn ti\u1ec7n l\u1ee3i \u0111\u1ec3 ch\u1ebf bi\u1ebfn m\u00f3n \u0103n t\u1eeb m\u00ec. Ch\u1ec9 c\u1ea7n r\u00e3 \u0111\u00f4ng, ch\u1ea7n\/lu\u1ed9c qua n\u01b0\u1edbc s\u00f4i trong th\u1eddi gian ng\u1eafn, s\u1ee3i m\u00ec tr\u1edf n\u00ean m\u1ec1m dai nh\u01b0 m\u00ec t\u01b0\u01a1i.<\/span><\/p>\n<h2><span style=\"color: #000000;\">H\u01af\u1edaNG D\u1eaaN S\u1eec D\u1ee4NG V\u00c0 B\u1ea2O QU\u1ea2N<\/span><\/h2>\n<p><span style=\"color: #000000;\"><b>H\u01b0\u1edbng d\u1eabn s\u1eed d\u1ee5ng:<\/b><b><br \/>\n<\/b><span style=\"font-weight: 400;\">R\u00e3 \u0111\u00f4ng s\u1ea3n ph\u1ea9m tr\u01b0\u1edbc khi ch\u1ebf bi\u1ebfn. C\u00f3 th\u1ec3 s\u1eed d\u1ee5ng tr\u1ef1c ti\u1ebfp sau khi r\u00e3 \u0111\u00f4ng ho\u1eb7c lu\u1ed9c trong kho\u1ea3ng 1 ph\u00fat tr\u01b0\u1edbc khi d\u00f9ng.<\/span><\/span><\/p>\n<p><span style=\"color: #000000;\"><b>B\u1ea3o qu\u1ea3n:<\/b><b><br \/>\n<\/b><span style=\"font-weight: 400;\">B\u1ea3o qu\u1ea3n s\u1ea3n ph\u1ea9m \u1edf n\u01a1i kh\u00f4 r\u00e1o, tho\u00e1ng m\u00e1t, tr\u00e1nh \u00e1nh n\u1eafng tr\u1ef1c ti\u1ebfp.<\/span><span style=\"font-weight: 400;\"><br \/>\n<\/span><span style=\"font-weight: 400;\">Kh\u00f4ng s\u1eed d\u1ee5ng s\u1ea3n ph\u1ea9m \u0111\u1ed1i v\u1edbi ng\u01b0\u1eddi d\u1ecb \u1ee9ng v\u1edbi b\u1ea5t k\u1ef3 th\u00e0nh ph\u1ea7n n\u00e0o c\u1ee7a s\u1ea3n ph\u1ea9m.<\/span><\/span><\/p>\n<h2><span style=\"color: #000000;\">XU\u1ea4T X\u1ee8<\/span><\/h2>\n<p><span style=\"font-weight: 400; color: #000000;\">M\u00ec t\u01b0\u01a1i \u0111\u00f4ng l\u1ea1nh l\u00e0 s\u1ea3n ph\u1ea9m c\u1ee7a C\u00f4ng ty C\u1ed5 ph\u1ea7n Th\u1ef1c ph\u1ea9m H\u00f9ng H\u1eadu (HungHau Foods). \u0110\u01b0\u1ee3c bi\u1ebft \u0111\u1ebfn l\u00e0 doanh nghi\u1ec7p ti\u00eau bi\u1ec3u trong l\u0129nh v\u1ef1c s\u1ea3n xu\u1ea5t v\u00e0 ch\u1ebf bi\u1ebfn th\u1ef1c ph\u1ea9m t\u1ea1i Vi\u1ec7t Nam, HungHau Foods \u0111\u00e3 v\u00e0 \u0111ang ph\u00e1t tri\u1ec3n c\u00e1c s\u1ea3n ph\u1ea9m m\u00ec, nui c\u00f3 chi\u1ebft xu\u1ea5t t\u1eeb b\u1ed9t rau c\u1ee7, nui \u0103n li\u1ec1n t\u1eeb b\u1ed9t rau c\u1ee7\u2026\u0111\u1ec3 n\u00e2ng cao s\u1ee9c kho\u1ebb cho m\u1ed7i gia \u0111\u00ecnh.<\/span><\/p>\n<p><span style=\"font-weight: 400; color: #000000;\">S\u1ea3n ph\u1ea9m \u0111\u01b0\u1ee3c s\u1ea3n xu\u1ea5t t\u1ea1i nh\u00e0 m\u00e1y ch\u1ebf bi\u1ebfn th\u1ef1c ph\u1ea9m hi\u1ec7n \u0111\u1ea1i v\u1edbi h\u1ec7 th\u1ed1ng qu\u1ea3n l\u00fd ch\u1ea5t l\u01b0\u1ee3ng v\u00e0 an to\u00e0n th\u1ef1c ph\u1ea9m \u0111\u1ea1t ti\u00eau chu\u1ea9n qu\u1ed1c t\u1ebf. \u0110\u00e2y c\u0169ng l\u00e0 nh\u00e0 m\u00e1y s\u1ea3n xu\u1ea5t c\u00e1c d\u00f2ng s\u1ea3n ph\u1ea9m t\u1eeb b\u1ed9t (b\u1ed9t g\u1ea1o, b\u1ed9t m\u00ec\u2026) ti\u00eau bi\u1ec3u \u1edf mi\u1ec1n Nam Vi\u1ec7t Nam, trong \u0111\u00f3, c\u00f3 s\u1ea3n ph\u1ea9m l\u00e0 \u1ed1ng h\u00fat g\u1ea1o OCHAO tr\u1edf th\u00e0nh th\u01b0\u01a1ng hi\u1ec7u Qu\u1ed1c gia Vi\u1ec7t Nam nhi\u1ec1u l\u1ea7n li\u00ean ti\u1ebfp.\u00a0<\/span><\/p>\n<p><span style=\"font-weight: 400; color: #000000;\">\u0110\u1ecba ch\u1ec9 nh\u00e0 m\u00e1y: Khu C, Khu C\u00f4ng nghi\u1ec7p Sa \u0110\u00e9c, ph\u01b0\u1eddng T\u00e2n Quy \u0110\u00f4ng, Th\u00e0nh ph\u1ed1 Sa \u0110\u00e9c, t\u1ec9nh \u0110\u1ed3ng Th\u00e1p, Vi\u1ec7t Nam.<\/span><\/p>\n<ul>\n<li style=\"font-weight: 400;\" aria-level=\"1\"><span style=\"color: #000000;\"><span style=\"font-weight: 400;\">Website: <\/span><a style=\"color: #000000;\" href=\"https:\/\/hfoods.vn\/vi\/\"><span style=\"font-weight: 400;\">https:\/\/hfoods.vn\/vi\/<\/span><\/a><\/span><\/li>\n<\/ul>\n","protected":false},"excerpt":{"rendered":"<table>\n<tbody>\n<tr>\n<td><strong><span style=\"color: #1755ad;\">T\u00ean s\u1ea3n ph\u1ea9m<\/span><\/strong><\/td>\n<td><span style=\"font-weight: 400; color: #000000;\">M\u00ec t\u01b0\u01a1i \u0111\u00f4ng l\u1ea1nh<\/span><\/td>\n<\/tr>\n<tr>\n<td><strong><span style=\"color: #1755ad;\">Quy c\u00e1ch<\/span><\/strong><\/td>\n<td><span style=\"font-weight: 400; color: #000000;\">200gr, 500gr, 1kg\/t\u00fai ho\u1eb7c t\u00f9y theo y\u00eau c\u1ea7u kh\u00e1ch h\u00e0ng<\/span><\/td>\n<\/tr>\n<tr>\n<td><strong><span style=\"color: #1755ad;\">Th\u00e0nh ph\u1ea7n<\/span><\/strong><\/td>\n<td><span style=\"font-weight: 400; color: #000000;\">b\u1ed9t m\u00ec 70% ,n\u01b0\u1edbc, mu\u1ed1i, mu\u1ed1i nh\u0169 h\u00f3a (451,450) d\u1ea7u th\u1ef1c v\u1eadt, ch\u1ea5t \u1ed5n \u0111\u1ecbnh (E451), ch\u1ea5t c\u1ea3i thi\u1ec7n m\u00ec, n\u01b0\u1edbc ki\u1ec1m, ch\u1ea5t b\u1ea3o qu\u1ea3n (202), ch\u1ea5t t\u1ea1o x\u1ed1p (500,450,341), m\u00e0u th\u1ef1c ph\u1ea9m (101,102)<\/span><\/td>\n<\/tr>\n<tr>\n<td><strong><span style=\"color: #1755ad;\">\u0110\u01b0\u1eddng k\u00ednh<\/span><\/strong><\/td>\n<td><span style=\"font-weight: 400; color: #000000;\">1.5mm \u00b1 0.2mm\u00a0<\/span><\/td>\n<\/tr>\n<tr>\n<td><strong><span style=\"color: #1755ad;\">Xu\u1ea5t x\u1ee9<\/span><\/strong><\/td>\n<td><span style=\"font-weight: 400; color: #000000;\">Vi\u1ec7t Nam<\/span><\/td>\n<\/tr>\n<\/tbody>\n<\/table>\n","protected":false},"featured_media":24158,"comment_status":"closed","ping_status":"closed","template":"","meta":[],"product_brand":[],"product_cat":[183],"product_tag":[],"class_list":{"0":"post-24449","1":"product","2":"type-product","3":"status-publish","4":"has-post-thumbnail","6":"product_cat-mi-nui","8":"first","9":"instock","10":"shipping-taxable","11":"product-type-simple"},"_links":{"self":[{"href":"https:\/\/hfoods.vn\/vi\/wp-json\/wp\/v2\/product\/24449","targetHints":{"allow":["GET"]}}],"collection":[{"href":"https:\/\/hfoods.vn\/vi\/wp-json\/wp\/v2\/product"}],"about":[{"href":"https:\/\/hfoods.vn\/vi\/wp-json\/wp\/v2\/types\/product"}],"replies":[{"embeddable":true,"href":"https:\/\/hfoods.vn\/vi\/wp-json\/wp\/v2\/comments?post=24449"}],"wp:featuredmedia":[{"embeddable":true,"href":"https:\/\/hfoods.vn\/vi\/wp-json\/wp\/v2\/media\/24158"}],"wp:attachment":[{"href":"https:\/\/hfoods.vn\/vi\/wp-json\/wp\/v2\/media?parent=24449"}],"wp:term":[{"taxonomy":"product_brand","embeddable":true,"href":"https:\/\/hfoods.vn\/vi\/wp-json\/wp\/v2\/product_brand?post=24449"},{"taxonomy":"product_cat","embeddable":true,"href":"https:\/\/hfoods.vn\/vi\/wp-json\/wp\/v2\/product_cat?post=24449"},{"taxonomy":"product_tag","embeddable":true,"href":"https:\/\/hfoods.vn\/vi\/wp-json\/wp\/v2\/product_tag?post=24449"}],"curies":[{"name":"wp","href":"https:\/\/api.w.org\/{rel}","templated":true}]}}