{"id":24450,"date":"2025-05-12T07:56:25","date_gmt":"2025-05-12T07:56:25","guid":{"rendered":"https:\/\/hfoods.vn\/product\/16868\/"},"modified":"2026-03-20T16:00:19","modified_gmt":"2026-03-20T09:00:19","slug":"16868","status":"publish","type":"product","link":"https:\/\/hfoods.vn\/vi\/san-pham\/16868\/","title":{"rendered":"Chu\u1ed1i S\u1ea5y"},"content":{"rendered":"<h2><span style=\"color: #000000;\">TH\u00d4NG TIN S\u1ea2N PH\u1ea8M\u00a0<\/span><\/h2>\n<ul>\n<li data-leveltext=\"\uf0b7\" data-font=\"Symbol\" data-listid=\"3\" data-list-defn-props=\"{&quot;335552541&quot;:1,&quot;335559685&quot;:720,&quot;335559991&quot;:360,&quot;469769226&quot;:&quot;Symbol&quot;,&quot;469769242&quot;:[8226],&quot;469777803&quot;:&quot;left&quot;,&quot;469777804&quot;:&quot;\uf0b7&quot;,&quot;469777815&quot;:&quot;hybridMultilevel&quot;}\" data-aria-posinset=\"94\" data-aria-level=\"1\"><span style=\"color: #000000;\">Chu\u1ed1i s\u1ea5y OCHAO\u00a0<\/span><\/li>\n<\/ul>\n<ul>\n<li data-leveltext=\"\uf0b7\" data-font=\"Symbol\" data-listid=\"3\" data-list-defn-props=\"{&quot;335552541&quot;:1,&quot;335559685&quot;:720,&quot;335559991&quot;:360,&quot;469769226&quot;:&quot;Symbol&quot;,&quot;469769242&quot;:[8226],&quot;469777803&quot;:&quot;left&quot;,&quot;469777804&quot;:&quot;\uf0b7&quot;,&quot;469777815&quot;:&quot;hybridMultilevel&quot;}\" data-aria-posinset=\"95\" data-aria-level=\"1\"><span style=\"color: #000000;\">Kh\u1ed1i l\u01b0\u1ee3ng t\u1ecbnh: 100gr\u00a0<\/span><\/li>\n<\/ul>\n<h2><span style=\"color: #000000;\">\u00a0M\u00d4 T\u1ea2 S\u1ea2N PH\u1ea8M\u00a0<\/span><\/h2>\n<ul>\n<li data-leveltext=\"\uf0b7\" data-font=\"Symbol\" data-listid=\"3\" data-list-defn-props=\"{&quot;335552541&quot;:1,&quot;335559685&quot;:720,&quot;335559991&quot;:360,&quot;469769226&quot;:&quot;Symbol&quot;,&quot;469769242&quot;:[8226],&quot;469777803&quot;:&quot;left&quot;,&quot;469777804&quot;:&quot;\uf0b7&quot;,&quot;469777815&quot;:&quot;hybridMultilevel&quot;}\" data-aria-posinset=\"96\" data-aria-level=\"1\"><span style=\"color: #000000;\">Chu\u1ed1i s\u1ea5y OCHAO \u2013 s\u1ea3n ph\u1ea9m \u0111\u01b0\u1ee3c s\u1ea3n xu\u1ea5t tr\u00ean d\u00e2y chuy\u1ec1n c\u00f4ng ngh\u1ec7 hi\u1ec7n \u0111\u1ea1i, \u0111\u1ea3m b\u1ea3o ti\u00eau chu\u1ea9n an to\u00e0n v\u1ec7 sinh th\u1ef1c ph\u1ea9m v\u00e0 ch\u1ea5t l\u01b0\u1ee3ng cao c\u1ea5p. Nh\u1edd quy tr\u00ecnh ch\u1ebf bi\u1ebfn ti\u00ean ti\u1ebfn, m\u1ed7i mi\u1ebfng chu\u1ed1i s\u1ea5y \u0111\u1ec1u c\u00f3 \u0111\u1ed9 gi\u00f2n x\u1ed1p ho\u00e0n h\u1ea3o, gi\u1eef tr\u1ecdn m\u00e0u s\u1eafc t\u1ef1 nhi\u00ean v\u00e0 h\u01b0\u01a1ng v\u1ecb ng\u1ecdt th\u01a1m \u0111\u1eb7c tr\u01b0ng c\u1ee7a chu\u1ed1i t\u01b0\u01a1i.\u00a0<\/span><\/li>\n<\/ul>\n<ul>\n<li data-leveltext=\"\uf0b7\" data-font=\"Symbol\" data-listid=\"3\" data-list-defn-props=\"{&quot;335552541&quot;:1,&quot;335559685&quot;:720,&quot;335559991&quot;:360,&quot;469769226&quot;:&quot;Symbol&quot;,&quot;469769242&quot;:[8226],&quot;469777803&quot;:&quot;left&quot;,&quot;469777804&quot;:&quot;\uf0b7&quot;,&quot;469777815&quot;:&quot;hybridMultilevel&quot;}\" data-aria-posinset=\"97\" data-aria-level=\"1\"><span style=\"color: #000000;\">Chu\u1ed1i s\u1ea5y OCHAO \u0111\u01b0\u1ee3c l\u00e0m t\u1eeb chu\u1ed1i t\u01b0\u01a1i nguy\u00ean ch\u1ea5t k\u1ebft h\u1ee3p v\u1edbi d\u1ea7u th\u1ef1c v\u1eadt, kh\u00f4ng ch\u1ec9 th\u01a1m ngon m\u00e0 c\u00f2n gi\u00e0u dinh d\u01b0\u1ee1ng. S\u1ea3n ph\u1ea9m cung c\u1ea5p ngu\u1ed3n n\u0103ng l\u01b0\u1ee3ng d\u1ed3i d\u00e0o c\u00f9ng c\u00e1c d\u01b0\u1ee1ng ch\u1ea5t thi\u1ebft y\u1ebfu nh\u01b0 ch\u1ea5t x\u01a1, kali, vitamin C, vitamin B6 v\u00e0 carbohydrate, gi\u00fap h\u1ed7 tr\u1ee3 s\u1ee9c kh\u1ecfe to\u00e0n di\u1ec7n, t\u0103ng c\u01b0\u1eddng h\u1ec7 mi\u1ec5n d\u1ecbch v\u00e0 c\u1ea3i thi\u1ec7n ti\u00eau h\u00f3a.\u00a0<\/span><\/li>\n<\/ul>\n<ul>\n<li data-leveltext=\"\uf0b7\" data-font=\"Symbol\" data-listid=\"3\" data-list-defn-props=\"{&quot;335552541&quot;:1,&quot;335559685&quot;:720,&quot;335559991&quot;:360,&quot;469769226&quot;:&quot;Symbol&quot;,&quot;469769242&quot;:[8226],&quot;469777803&quot;:&quot;left&quot;,&quot;469777804&quot;:&quot;\uf0b7&quot;,&quot;469777815&quot;:&quot;hybridMultilevel&quot;}\" data-aria-posinset=\"98\" data-aria-level=\"1\"><span style=\"color: #000000;\">Chu\u1ed1i s\u1ea5y OCHAO l\u00e0 m\u00f3n \u0103n v\u1eb7t l\u00fd t\u01b0\u1edfng cho m\u1ecdi l\u1ee9a tu\u1ed5i, gi\u00fap b\u1ea1n b\u1ed5 sung n\u0103ng l\u01b0\u1ee3ng nhanh ch\u00f3ng m\u00e0 v\u1eabn \u0111\u1ea3m b\u1ea3o s\u1ee9c kh\u1ecfe.\u00a0<\/span><\/li>\n<\/ul>\n<h2><span style=\"color: #000000;\">TH\u00c0NH PH\u1ea6N\u00a0<\/span><\/h2>\n<ul>\n<li data-leveltext=\"\uf0b7\" data-font=\"Symbol\" data-listid=\"3\" data-list-defn-props=\"{&quot;335552541&quot;:1,&quot;335559685&quot;:720,&quot;335559991&quot;:360,&quot;469769226&quot;:&quot;Symbol&quot;,&quot;469769242&quot;:[8226],&quot;469777803&quot;:&quot;left&quot;,&quot;469777804&quot;:&quot;\uf0b7&quot;,&quot;469777815&quot;:&quot;hybridMultilevel&quot;}\" data-aria-posinset=\"99\" data-aria-level=\"1\"><span style=\"color: #000000;\">Th\u00e0nh ph\u1ea7n: Chu\u1ed1i t\u01b0\u01a1i (98%) v\u00e0 d\u1ea7u th\u1ef1c v\u1eadt\u00a0<\/span><\/li>\n<\/ul>\n<ul>\n<li data-leveltext=\"\uf0b7\" data-font=\"Symbol\" data-listid=\"3\" data-list-defn-props=\"{&quot;335552541&quot;:1,&quot;335559685&quot;:720,&quot;335559991&quot;:360,&quot;469769226&quot;:&quot;Symbol&quot;,&quot;469769242&quot;:[8226],&quot;469777803&quot;:&quot;left&quot;,&quot;469777804&quot;:&quot;\uf0b7&quot;,&quot;469777815&quot;:&quot;hybridMultilevel&quot;}\" data-aria-posinset=\"100\" data-aria-level=\"1\"><span style=\"color: #000000;\">K\u1ebft c\u1ea5u: c\u1ee9ng\u00a0<\/span><\/li>\n<\/ul>\n<ul>\n<li data-leveltext=\"\uf0b7\" data-font=\"Symbol\" data-listid=\"3\" data-list-defn-props=\"{&quot;335552541&quot;:1,&quot;335559685&quot;:720,&quot;335559991&quot;:360,&quot;469769226&quot;:&quot;Symbol&quot;,&quot;469769242&quot;:[8226],&quot;469777803&quot;:&quot;left&quot;,&quot;469777804&quot;:&quot;\uf0b7&quot;,&quot;469777815&quot;:&quot;hybridMultilevel&quot;}\" data-aria-posinset=\"101\" data-aria-level=\"1\"><span style=\"color: #000000;\">T\u1ec9 l\u1ec7 b\u1ec3 v\u1ee1: 1%\u00a0<\/span><\/li>\n<\/ul>\n<ul>\n<li data-leveltext=\"\uf0b7\" data-font=\"Symbol\" data-listid=\"3\" data-list-defn-props=\"{&quot;335552541&quot;:1,&quot;335559685&quot;:720,&quot;335559991&quot;:360,&quot;469769226&quot;:&quot;Symbol&quot;,&quot;469769242&quot;:[8226],&quot;469777803&quot;:&quot;left&quot;,&quot;469777804&quot;:&quot;\uf0b7&quot;,&quot;469777815&quot;:&quot;hybridMultilevel&quot;}\" data-aria-posinset=\"102\" data-aria-level=\"1\"><span style=\"color: #000000;\">M\u00e0u \u0111\u1eb7c tr\u01b0ng c\u1ee7a chu\u1ed1i\u00a0<\/span><\/li>\n<\/ul>\n<ul>\n<li data-leveltext=\"\uf0b7\" data-font=\"Symbol\" data-listid=\"3\" data-list-defn-props=\"{&quot;335552541&quot;:1,&quot;335559685&quot;:720,&quot;335559991&quot;:360,&quot;469769226&quot;:&quot;Symbol&quot;,&quot;469769242&quot;:[8226],&quot;469777803&quot;:&quot;left&quot;,&quot;469777804&quot;:&quot;\uf0b7&quot;,&quot;469777815&quot;:&quot;hybridMultilevel&quot;}\" data-aria-posinset=\"103\" data-aria-level=\"1\"><span style=\"color: #000000;\">M\u00f9i \u0111\u1eb7c tr\u01b0ng c\u1ee7a chu\u1ed1i s\u1ea5y\u00a0<\/span><\/li>\n<\/ul>\n<h2><span style=\"color: #000000;\">TH\u00c0NH PH\u1ea6N DINH D\u01af\u1ee0NG\u00a0<\/span><\/h2>\n<p><span style=\"color: #000000;\">Gi\u00e1 dinh d\u01b0\u1ee1ng c\u00f3 trong s\u1ea3n ph\u1ea9m: N\u0103ng l\u01b0\u1ee3ng, gluxit, ch\u1ea5t \u0111\u1ea1m, ch\u1ea5t b\u00e9o,&#8230; Theo th\u00f4ng tin tr\u00ean bao b\u00ec, 100g m\u00edt s\u1ea5y cung c\u1ea5p 480 kcal.\u00a0\u00a0<\/span><\/p>\n<h2><span style=\"color: #000000;\">H\u01af\u1edaNG D\u1eaaN S\u1eec D\u1ee4NG\u00a0<\/span><\/h2>\n<p><span style=\"color: #000000;\">D\u00f9ng tr\u1ef1c ti\u1ebfp, d\u00f9ng li\u1ec1n sau khi m\u1edf bao b\u00ec\u00a0\u00a0<\/span><\/p>\n<h2><span style=\"color: #000000;\">H\u01af\u1edaNG D\u1eaaN B\u1ea2O QU\u1ea2N\u00a0<\/span><\/h2>\n<p><span style=\"color: #000000;\">B\u1ea3o qu\u1ea3n n\u01a1i kh\u00f4 r\u00e1o, tho\u00e1ng m\u00e1t, tr\u00e1nh \u00e1nh n\u1eafng tr\u1ef1c ti\u1ebfp. \u0110\u1eady k\u00edn bao b\u00ec sau khi s\u1eed d\u1ee5ng\u00a0<\/span><\/p>\n<h2><span style=\"color: #000000;\">XU\u1ea4T X\u1ee8\u00a0<\/span><\/h2>\n<ul>\n<li data-leveltext=\"\uf0b7\" data-font=\"Symbol\" data-listid=\"3\" data-list-defn-props=\"{&quot;335552541&quot;:1,&quot;335559685&quot;:720,&quot;335559991&quot;:360,&quot;469769226&quot;:&quot;Symbol&quot;,&quot;469769242&quot;:[8226],&quot;469777803&quot;:&quot;left&quot;,&quot;469777804&quot;:&quot;\uf0b7&quot;,&quot;469777815&quot;:&quot;hybridMultilevel&quot;}\" data-aria-posinset=\"104\" data-aria-level=\"1\"><span style=\"color: #000000;\">S\u1ea3n ph\u1ea9m c\u1ee7a C\u00f4ng ty C\u1ed5 Ph\u1ea7n Th\u1ef1c Ph\u1ea9m H\u00f9ng H\u1eadu.\u00a0<\/span><\/li>\n<\/ul>\n<ul>\n<li data-leveltext=\"\uf0b7\" data-font=\"Symbol\" data-listid=\"3\" data-list-defn-props=\"{&quot;335552541&quot;:1,&quot;335559685&quot;:720,&quot;335559991&quot;:360,&quot;469769226&quot;:&quot;Symbol&quot;,&quot;469769242&quot;:[8226],&quot;469777803&quot;:&quot;left&quot;,&quot;469777804&quot;:&quot;\uf0b7&quot;,&quot;469777815&quot;:&quot;hybridMultilevel&quot;}\" data-aria-posinset=\"105\" data-aria-level=\"1\"><span style=\"color: #000000;\">S\u1ea3n xu\u1ea5t t\u1ea1i C\u00f4ng ty TNHH Nha M\u00e2n.\u00a0<\/span><\/li>\n<\/ul>\n<ul>\n<li data-leveltext=\"\uf0b7\" data-font=\"Symbol\" data-listid=\"3\" data-list-defn-props=\"{&quot;335552541&quot;:1,&quot;335559685&quot;:720,&quot;335559991&quot;:360,&quot;469769226&quot;:&quot;Symbol&quot;,&quot;469769242&quot;:[8226],&quot;469777803&quot;:&quot;left&quot;,&quot;469777804&quot;:&quot;\uf0b7&quot;,&quot;469777815&quot;:&quot;hybridMultilevel&quot;}\" data-aria-posinset=\"106\" data-aria-level=\"1\"><span style=\"color: #000000;\">\u0110\u1ecba ch\u1ec9: Khu C, Khu C\u00f4ng Nghi\u1ec7p Sa \u0110\u00e9c, ph\u01b0\u1eddng T\u00e2n Quy \u0110\u00f4ng, Th\u00e0nh ph\u1ed1 Sa \u0110\u00e9c, t\u1ec9nh \u0110\u1ed3ng Th\u00e1p, Vi\u1ec7t Nam.\u00a0<\/span><\/li>\n<\/ul>\n","protected":false},"excerpt":{"rendered":"<table style=\"width: 338.219px;\">\n<tbody>\n<tr>\n<td style=\"width: 86px;\"><span style=\"color: #1755ad;\"><strong>Lo\u1ea1i<\/strong><\/span><\/td>\n<td style=\"width: 238.219px;\"><span style=\"color: #000000;\">Chu\u1ed1i s\u1ea5y<\/span><\/td>\n<\/tr>\n<tr>\n<td style=\"width: 86px;\"><span style=\"color: #1755ad;\"><strong>Tr\u1ecdng l\u01b0\u1ee3ng<\/strong><\/span><\/td>\n<td style=\"width: 238.219px;\"><span style=\"color: #000000;\"><span class=\"NormalTextRun SCXW98413064 BCX8\">100g<\/span><span class=\"NormalTextRun SCXW98413064 BCX8\">r<\/span><\/span><\/td>\n<\/tr>\n<tr>\n<td style=\"width: 86px;\"><span style=\"color: #1755ad;\"><strong>\u0110\u00f3ng g\u00f3i<\/strong><\/span><\/td>\n<td style=\"width: 238.219px;\"><span style=\"color: #000000;\">100gr\/ zipper ho\u1eb7c theo y\u00eau c\u1ea7u kh\u00e1ch h\u00e0ng<\/span><\/td>\n<\/tr>\n<tr>\n<td style=\"width: 86px;\"><span style=\"color: #1755ad;\"><strong>Th\u00e0nh ph\u1ea7n<\/strong><\/span><\/td>\n<td style=\"width: 238.219px;\"><span style=\"color: #000000;\">Chu\u1ed1i t\u01b0\u01a1i (98%) v\u00e0 d\u1ea7u th\u1ef1c v\u1eadt\u00a0<\/span><\/td>\n<\/tr>\n<tr>\n<td style=\"width: 86px;\"><span style=\"color: #1755ad;\"><strong>M\u00e0u<\/strong><\/span><\/td>\n<td style=\"width: 238.219px;\"><span style=\"color: #000000;\">V\u00e0ng<\/span><\/td>\n<\/tr>\n<tr>\n<td style=\"width: 86px;\"><span style=\"color: #1755ad;\"><strong>Xu\u1ea5t x\u1ee9<\/strong><\/span><\/td>\n<td style=\"width: 238.219px;\"><span style=\"color: #000000;\">Happy Noodles (Viet Nam)<\/span><\/td>\n<\/tr>\n<\/tbody>\n<\/table>\n","protected":false},"featured_media":16871,"comment_status":"closed","ping_status":"closed","template":"","meta":[],"product_brand":[],"product_cat":[61],"product_tag":[],"class_list":{"0":"post-24450","1":"product","2":"type-product","3":"status-publish","4":"has-post-thumbnail","6":"product_cat-trai-cay-say","8":"first","9":"instock","10":"shipping-taxable","11":"product-type-simple"},"_links":{"self":[{"href":"https:\/\/hfoods.vn\/vi\/wp-json\/wp\/v2\/product\/24450","targetHints":{"allow":["GET"]}}],"collection":[{"href":"https:\/\/hfoods.vn\/vi\/wp-json\/wp\/v2\/product"}],"about":[{"href":"https:\/\/hfoods.vn\/vi\/wp-json\/wp\/v2\/types\/product"}],"replies":[{"embeddable":true,"href":"https:\/\/hfoods.vn\/vi\/wp-json\/wp\/v2\/comments?post=24450"}],"wp:featuredmedia":[{"embeddable":true,"href":"https:\/\/hfoods.vn\/vi\/wp-json\/wp\/v2\/media\/16871"}],"wp:attachment":[{"href":"https:\/\/hfoods.vn\/vi\/wp-json\/wp\/v2\/media?parent=24450"}],"wp:term":[{"taxonomy":"product_brand","embeddable":true,"href":"https:\/\/hfoods.vn\/vi\/wp-json\/wp\/v2\/product_brand?post=24450"},{"taxonomy":"product_cat","embeddable":true,"href":"https:\/\/hfoods.vn\/vi\/wp-json\/wp\/v2\/product_cat?post=24450"},{"taxonomy":"product_tag","embeddable":true,"href":"https:\/\/hfoods.vn\/vi\/wp-json\/wp\/v2\/product_tag?post=24450"}],"curies":[{"name":"wp","href":"https:\/\/api.w.org\/{rel}","templated":true}]}}