{"id":24451,"date":"2026-01-11T08:34:06","date_gmt":"2026-01-11T01:34:06","guid":{"rendered":"https:\/\/hfoods.vn\/product\/iqf-ri6-durian-2\/"},"modified":"2026-04-01T15:14:34","modified_gmt":"2026-04-01T08:14:34","slug":"iqf-ri6-durian-2","status":"publish","type":"product","link":"https:\/\/hfoods.vn\/vi\/san-pham\/iqf-ri6-durian-2\/","title":{"rendered":"S\u1ea7u Ri\u00eang Ri6 \u0110\u00f4ng L\u1ea1nh"},"content":{"rendered":"<h2><span style=\"color: #000000; font-family: arial, helvetica, sans-serif;\">S\u1ea6U RI\u00caNG \u0110\u00d4NG L\u1ea0NH RI6\u00a0<\/span><\/h2>\n<p><span style=\"font-weight: 400; color: #000000; font-family: arial, helvetica, sans-serif;\">S\u1ea7u ri\u00eang Ri6 \u0111\u00f4ng l\u1ea1nh c\u1ee7a C\u00f4ng ty C\u1ed5 ph\u1ea7n Th\u1ef1c ph\u1ea9m H\u00f9ng H\u1eadu (HungHau Foods), \u0111\u01b0\u1ee3c tuy\u1ec3n ch\u1ecdn t\u1eeb nh\u1eefng tr\u00e1i s\u1ea7u ri\u00eang Ri6 \u0111\u1ea1t chu\u1ea9n t\u1ea1i c\u00e1c v\u00f9ng tr\u1ed3ng thu\u1ed9c t\u1ec9nh \u0110\u1ed3ng B\u1eb1ng S\u00f4ng C\u1eedu Long v\u00e0 t\u1ec9nh T\u00e2y Nguy\u00ean (Vi\u1ec7t Nam). S\u1ea3n ph\u1ea9m \u0111\u01b0\u1ee3c c\u1ea5p \u0111\u00f4ng b\u1eb1ng c\u00f4ng ngh\u1ec7 IQF hi\u1ec7n \u0111\u1ea1i, \u0111\u1ea3m b\u1ea3o gi\u1eef \u0111\u01b0\u1ee3c h\u01b0\u01a1ng v\u1ecb, m\u00e0u s\u1eafc v\u00e0 ch\u1ea5t l\u01b0\u1ee3ng t\u1ef1 nhi\u00ean.<\/span><\/p>\n<p><span style=\"font-weight: 400; color: #000000; font-family: arial, helvetica, sans-serif;\">HungHau Foods s\u1edf h\u1eefu n\u0103ng l\u1ef1c cung \u1ee9ng s\u1ea7u ri\u00eang \u0111\u00f4ng l\u1ea1nh Ri6 l\u00ean \u0111\u1ebfn 4.000 t\u1ea5n th\u00e0nh ph\u1ea9m m\u1ed7i n\u0103m. S\u1ea3n ph\u1ea9m &amp; nh\u00e0 m\u00e1y ch\u1ebf bi\u1ebfn c\u1ee7a HungHau Foods \u0111\u1ea1t c\u00e1c ch\u1ee9ng nh\u1eadn, ti\u00eau chu\u1ea9n qu\u1ed1c t\u1ebf, bao g\u1ed3m g\u1ed3m: GACC, BRCGS, HACCP, ISO 22000, FDA, KV, HALAL v\u00e0 SMETA.<\/span><\/p>\n<h2><span style=\"color: #000000; font-family: arial, helvetica, sans-serif;\">\u0110\u1eb6C \u0110I\u1ec2M N\u1ed4I B\u1eacT<\/span><\/h2>\n<ul>\n<li><span style=\"font-weight: 400; color: #000000; font-family: arial, helvetica, sans-serif;\">V\u1ecf: Tr\u00e1i s\u1ea7u ri\u00eang Ri6 (Vi\u1ec7t Nam) c\u00f3 h\u00ecnh b\u1ea7u d\u1ee5c thu\u00f4n d\u00e0i,\u00a0 gai to, nh\u1ecdn v\u00e0 m\u1ecdc d\u00e0y.\u00a0<\/span><\/li>\n<li><span style=\"font-weight: 400; color: #000000; font-family: arial, helvetica, sans-serif;\">Tr\u1ecdng l\u01b0\u1ee3ng: Kho\u1ea3ng t\u1eeb 2.5 &#8211; 5kg.<\/span><\/li>\n<li><span style=\"color: #000000; font-family: arial, helvetica, sans-serif;\"><span style=\"font-weight: 400;\">M\u00f9i v\u1ecb: <\/span><span style=\"font-weight: 400;\">V\u1ecb ng\u1ecdt \u0111\u1eadm, b\u00e9o, h\u1eadu v\u1ecb k\u00e9o d\u00e0i, m\u00f9i th\u01a1m n\u1ed3ng n\u00e0n.<\/span><\/span><\/li>\n<li><span style=\"font-weight: 400; color: #000000; font-family: arial, helvetica, sans-serif;\">M\u00fai: C\u01a1m s\u1ea7u ri\u00eang Ri6 HungHau Foods c\u00f3 m\u00e0u v\u00e0ng \u00f3ng \u00e1nh, m\u00fai to, h\u1ea1t l\u00e9p ho\u1eb7c r\u1ea5t nh\u1ecf.<\/span><\/li>\n<li><span style=\"color: #000000; font-family: arial, helvetica, sans-serif;\"><span style=\"font-weight: 400;\">C\u00f4ng ngh\u1ec7 c\u1ea5p \u0111\u00f4ng: <\/span><span style=\"font-weight: 400;\">\u0110\u01b0\u1ee3c x\u1eed l\u00fd theo c\u00f4ng ngh\u1ec7 IQF (Individual Quick Freezing) c\u1ea5p \u0111\u00f4ng nhanh t\u1eebng m\u00fai s\u1ea7u ri\u00eang, gi\u00fap gi\u1eef tr\u1ecdn h\u01b0\u01a1ng v\u1ecb, m\u00e0u s\u1eafc v\u00e0 k\u1ebft c\u1ea5u t\u1ef1 nhi\u00ean nh\u01b0 v\u1eeba \u0111\u01b0\u1ee3c t\u00e1ch kh\u1ecfi v\u1ecf.<\/span><\/span><\/li>\n<li><span style=\"color: #000000; font-family: arial, helvetica, sans-serif;\">D\u1ea1ng cung c\u1ea5p<b>:<\/b><span style=\"font-weight: 400;\"> nguy\u00ean tr\u00e1i \u0111\u00f4ng l\u1ea1nh, nguy\u00ean m\u00fai c\u00f3 h\u1ea1t, nguy\u00ean m\u00fai kh\u00f4ng h\u1ea1t, puree s\u1ea7u ri\u00eang\u2026<\/span><\/span><\/li>\n<\/ul>\n<h2><span style=\"color: #000000; font-family: arial, helvetica, sans-serif;\">TH\u00d4NG TIN K\u1ef8 THU\u1eacT<\/span><\/h2>\n<table style=\"width: 901.292px;\">\n<tbody>\n<tr>\n<td style=\"width: 294px;\"><span style=\"font-weight: 400; color: #000000; font-family: arial, helvetica, sans-serif;\">Lo\u1ea1i h\u00e0ng (Style)<\/span><\/td>\n<td style=\"width: 593.292px;\"><span style=\"font-weight: 400; color: #000000; font-family: arial, helvetica, sans-serif;\">\u0110\u00f4ng L\u1ea1nh<\/span><\/td>\n<\/tr>\n<tr>\n<td style=\"width: 294px;\"><span style=\"font-weight: 400; color: #000000; font-family: arial, helvetica, sans-serif;\">M\u00e0u s\u1eafc (Color)<\/span><\/td>\n<td style=\"width: 593.292px;\"><span style=\"font-weight: 400; color: #000000; font-family: arial, helvetica, sans-serif;\">V\u00e0ng\u00a0<\/span><\/td>\n<\/tr>\n<tr>\n<td style=\"width: 294px;\"><span style=\"font-weight: 400; color: #000000; font-family: arial, helvetica, sans-serif;\">K\u00edch th\u01b0\u1edbc (size)<\/span><\/td>\n<td style=\"width: 593.292px;\"><span style=\"font-weight: 400; color: #000000; font-family: arial, helvetica, sans-serif;\">Nguy\u00ean tr\u00e1i \u0111\u00f4ng l\u1ea1nh, nguy\u00ean m\u00fai c\u00f3 h\u1ea1t v\u00e0 nguy\u00ean m\u00fai kh\u00f4ng h\u1ea1t, puree\u2026<\/span><\/td>\n<\/tr>\n<tr>\n<td style=\"width: 294px;\"><span style=\"font-weight: 400; color: #000000; font-family: arial, helvetica, sans-serif;\">Qu\u00e1 tr\u00ecnh \u0111\u00f4ng l\u1ea1nh (Freezing Process):<\/span><\/td>\n<td style=\"width: 593.292px;\"><span style=\"font-weight: 400; color: #000000; font-family: arial, helvetica, sans-serif;\">S\u1eed d\u1ee5ng c\u00f4ng ngh\u1ec7 c\u1ea5p \u0111\u00f4ng nhanh IQF (Individual Quick Freezing) \u2013 c\u1ea5p \u0111\u00f4ng t\u1eebng c\u00e1 th\u1ec3.<\/span><\/td>\n<\/tr>\n<tr>\n<td style=\"width: 294px;\"><span style=\"font-weight: 400; color: #000000; font-family: arial, helvetica, sans-serif;\">Tr\u1ecdng l\u01b0\u1ee3ng PA (Weight\/PA)<\/span><\/td>\n<td style=\"width: 593.292px;\"><span style=\"font-weight: 400; color: #000000; font-family: arial, helvetica, sans-serif;\">T\u00f9y theo y\u00eau c\u1ea7u kh\u00e1ch h\u00e0ng<\/span><\/td>\n<\/tr>\n<tr>\n<td style=\"width: 294px;\"><span style=\"font-weight: 400; color: #000000; font-family: arial, helvetica, sans-serif;\">Tr\u1ecdng l\u01b0\u1ee3ng\/ctn (Weight\/ctn):<\/span><\/td>\n<td style=\"width: 593.292px;\"><span style=\"font-weight: 400; color: #000000; font-family: arial, helvetica, sans-serif;\">T\u00f9y theo y\u00eau c\u1ea7u kh\u00e1ch h\u00e0ng<\/span><\/td>\n<\/tr>\n<tr>\n<td style=\"width: 294px;\"><span style=\"font-weight: 400; color: #000000; font-family: arial, helvetica, sans-serif;\">Nhi\u1ec7t \u0111\u1ed9 l\u01b0u tr\u1eef (Storage):<\/span><\/td>\n<td style=\"width: 593.292px;\"><span style=\"font-weight: 400; color: #000000; font-family: arial, helvetica, sans-serif;\">-18\u2103<\/span><\/td>\n<\/tr>\n<tr>\n<td style=\"width: 294px;\"><span style=\"font-weight: 400; color: #000000; font-family: arial, helvetica, sans-serif;\">Ngu\u1ed3n g\u1ed1c (origin):\u00a0<\/span><\/td>\n<td style=\"width: 593.292px;\"><span style=\"font-weight: 400; color: #000000; font-family: arial, helvetica, sans-serif;\">Vi\u1ec7t Nam<\/span><\/td>\n<\/tr>\n<tr>\n<td style=\"width: 294px;\"><span style=\"font-weight: 400; color: #000000; font-family: arial, helvetica, sans-serif;\">Ph\u01b0\u01a1ng th\u1ee9c v\u1eadn chuy\u1ec3n (Method of delivery)<\/span><\/td>\n<td style=\"width: 593.292px;\"><span style=\"font-weight: 400; color: #000000; font-family: arial, helvetica, sans-serif;\">\u0110\u01b0\u1eddng bi\u1ec3n ho\u1eb7c \u0111\u01b0\u1eddng h\u00e0ng kh\u00f4ng.\u00a0<\/span><\/td>\n<\/tr>\n<tr>\n<td style=\"width: 294px;\"><span style=\"font-weight: 400; color: #000000; font-family: arial, helvetica, sans-serif;\">\u0110\u00f3ng g\u00f3i (packaging)<\/span><\/td>\n<td style=\"width: 593.292px;\"><span style=\"font-weight: 400; color: #000000; font-family: arial, helvetica, sans-serif;\">10kg \/ 1 t\u00fai ho\u1eb7c t\u00f9y theo y\u00eau c\u1ea7u kh\u00e1ch h\u00e0ng<\/span><\/td>\n<\/tr>\n<tr>\n<td style=\"width: 294px;\"><span style=\"font-weight: 400; color: #000000; font-family: arial, helvetica, sans-serif;\">Theo m\u00f9a (season)<\/span><\/p>\n<p><span style=\"font-weight: 400; color: #000000; font-family: arial, helvetica, sans-serif;\">H\u1ea1n s\u1eed d\u1ee5ng (Shelf life)<\/span><\/td>\n<td style=\"width: 593.292px;\"><span style=\"font-weight: 400; color: #000000; font-family: arial, helvetica, sans-serif;\">Quanh n\u0103m<\/span><\/p>\n<p><span style=\"font-weight: 400; color: #000000; font-family: arial, helvetica, sans-serif;\">24 th\u00e1ng\u00a0<\/span><\/td>\n<\/tr>\n<\/tbody>\n<\/table>\n<h3><span style=\"color: #000000; font-family: arial, helvetica, sans-serif;\">TH\u00d4NG TIN LI\u00caN H\u1ec6:<\/span><\/h3>\n<p><span style=\"color: #000000; font-family: arial, helvetica, sans-serif;\">Email:\u00a0<span style=\"color: #1755ad;\"><a style=\"color: #1755ad;\" href=\"mailto:sales@hunghau.vn\">sales@hunghau.vn<\/a><\/span><\/span><br \/>\n<span style=\"color: #000000; font-family: arial, helvetica, sans-serif;\">Hotline: (+84)79 721 3333\u00a0<\/span><\/p>\n<p><span style=\"color: #000000; font-family: arial, helvetica, sans-serif;\">Email:\u00a0\u00a0<span style=\"color: #1755ad;\"><a style=\"color: #1755ad;\" href=\"mailto:Anna@hunghau.vn\">Hana@hunghau.vn<\/a>\u00a0<\/span><\/span><br \/>\n<span style=\"color: #000000; font-family: arial, helvetica, sans-serif;\">Hotline: (+84)79 721 3333\u00a0<\/span><\/p>\n<p><span style=\"color: #000000; font-family: arial, helvetica, sans-serif;\">Email:\u00a0<span style=\"color: #1755ad;\"><a style=\"color: #1755ad;\" href=\"mailto:yenn@hunghau.vn\">yenn@hunghau.vn<\/a>\u00a0<\/span><\/span><br \/>\n<span style=\"color: #000000; font-family: arial, helvetica, sans-serif;\">Hotline: (+84)78 520 3333<\/span><\/p>\n<h2>H\u00ccNH \u1ea2NH S\u1ea2N PH\u1ea8M<\/h2>\n<figure id=\"attachment_22290\" aria-describedby=\"caption-attachment-22290\" style=\"width: 1000px\" class=\"wp-caption aligncenter\"><img loading=\"lazy\" decoding=\"async\" class=\"size-full wp-image-22290\" src=\"https:\/\/hfoods.vn\/wp-content\/uploads\/2025\/08\/HHF_Hang-Dong_ri-6-hat-1.jpg\" alt=\"s\u1ea7u ri\u00eang \u0111\u00f4ng l\u1ea1nh HungHau Foods\" width=\"1000\" height=\"1000\" srcset=\"https:\/\/hfoods.vn\/wp-content\/uploads\/2025\/08\/HHF_Hang-Dong_ri-6-hat-1.jpg 1000w, https:\/\/hfoods.vn\/wp-content\/uploads\/2025\/08\/HHF_Hang-Dong_ri-6-hat-1-768x768.jpg 768w, https:\/\/hfoods.vn\/wp-content\/uploads\/2025\/08\/HHF_Hang-Dong_ri-6-hat-1-45x45.jpg 45w, https:\/\/hfoods.vn\/wp-content\/uploads\/2025\/08\/HHF_Hang-Dong_ri-6-hat-1-100x100.jpg 100w\" sizes=\"auto, (max-width: 1000px) 100vw, 1000px\" \/><figcaption id=\"caption-attachment-22290\" class=\"wp-caption-text\"><center>S\u1ea7u ri\u00eang \u0111\u00f4ng l\u1ea1nh Ri6 c\u00f3 h\u1ea1t HungHau Foods<center><\/center><\/center><\/figcaption><\/figure>\n<p>&nbsp;<\/p>\n<p>&nbsp;<\/p>\n<p>&nbsp;<\/p>\n<p>&nbsp;<\/p>\n<p>&nbsp;<\/p>\n<figure id=\"attachment_22292\" aria-describedby=\"caption-attachment-22292\" style=\"width: 1000px\" class=\"wp-caption aligncenter\"><img loading=\"lazy\" decoding=\"async\" class=\"size-full wp-image-22292\" src=\"https:\/\/hfoods.vn\/wp-content\/uploads\/2025\/08\/HHF_Hang-Dong_ri6-ko-hat-1-1.jpg\" alt=\"S\u1ea7u ri\u00eang \u0111\u00f4ng l\u1ea1nh kh\u00f4ng h\u1ea1t\" width=\"1000\" height=\"1000\" srcset=\"https:\/\/hfoods.vn\/wp-content\/uploads\/2025\/08\/HHF_Hang-Dong_ri6-ko-hat-1-1.jpg 1000w, https:\/\/hfoods.vn\/wp-content\/uploads\/2025\/08\/HHF_Hang-Dong_ri6-ko-hat-1-1-768x768.jpg 768w, https:\/\/hfoods.vn\/wp-content\/uploads\/2025\/08\/HHF_Hang-Dong_ri6-ko-hat-1-1-45x45.jpg 45w, https:\/\/hfoods.vn\/wp-content\/uploads\/2025\/08\/HHF_Hang-Dong_ri6-ko-hat-1-1-100x100.jpg 100w\" sizes=\"auto, (max-width: 1000px) 100vw, 1000px\" \/><figcaption id=\"caption-attachment-22292\" class=\"wp-caption-text\"><center>S\u1ea7u ri\u00eang \u0111\u00f4ng l\u1ea1nh Ri6 kh\u00f4ng h\u1ea1t HungHau Foods<\/center><\/figcaption><\/figure>\n<h3><span style=\"color: #000000; font-family: arial, helvetica, sans-serif; font-size: 20.16px;\">TH\u00c0NH PH\u1ea6N DINH D\u01af\u1ee0NG<\/span><\/h3>\n<ul>\n<li><span style=\"color: #000000; font-family: arial, helvetica, sans-serif;\"><b>N\u0103ng l\u01b0\u1ee3ng:<\/b><span style=\"font-weight: 400;\"> S\u1ea7u ri\u00eang Ri6 c\u00f3 h\u00e0m l\u01b0\u1ee3ng \u0111\u01b0\u1eddng v\u00e0 ch\u1ea5t b\u00e9o cao, gi\u00fap b\u1ed5 sung n\u0103ng l\u01b0\u1ee3ng nhanh cho c\u01a1 th\u1ec3, ph\u00f9 h\u1ee3p v\u1edbi ng\u01b0\u1eddi v\u1eadn \u0111\u1ed9ng nhi\u1ec1u ho\u1eb7c c\u1ea7n n\u1ea1p n\u0103ng l\u01b0\u1ee3ng t\u1ee9c th\u00ec.<\/span><\/span><\/li>\n<li><span style=\"color: #000000; font-family: arial, helvetica, sans-serif;\"><b>Carbohydrate:<\/b><span style=\"font-weight: 400;\"> Ch\u1ee9a c\u00e1c lo\u1ea1i \u0111\u01b0\u1eddng t\u1ef1 nhi\u00ean nh\u01b0 fructose, glucose v\u00e0 sucrose, d\u1ec5 h\u1ea5p th\u1ee5 v\u00e0 l\u00e0 ngu\u1ed3n n\u0103ng l\u01b0\u1ee3ng ch\u00ednh cho n\u00e3o b\u1ed9 v\u00e0 c\u01a1 b\u1eafp.<\/span><\/span><\/li>\n<li><span style=\"color: #000000; font-family: arial, helvetica, sans-serif;\"><b>Ch\u1ea5t x\u01a1:<\/b><span style=\"font-weight: 400;\"> H\u00e0m l\u01b0\u1ee3ng ch\u1ea5t x\u01a1 d\u1ed3i d\u00e0o h\u1ed7 tr\u1ee3 h\u1ec7 ti\u00eau h\u00f3a kh\u1ecfe m\u1ea1nh, h\u1ea1n ch\u1ebf t\u00e1o b\u00f3n, t\u1ea1o c\u1ea3m gi\u00e1c no l\u00e2u v\u00e0 g\u00f3p ph\u1ea7n ki\u1ec3m so\u00e1t c\u00e2n n\u1eb7ng.<\/span><\/span><\/li>\n<li><span style=\"color: #000000; font-family: arial, helvetica, sans-serif;\"><b>Vitamin C:<\/b><span style=\"font-weight: 400;\"> L\u00e0 ch\u1ea5t ch\u1ed1ng oxy h\u00f3a m\u1ea1nh, gi\u00fap t\u0103ng c\u01b0\u1eddng mi\u1ec5n d\u1ecbch, b\u1ea3o v\u1ec7 c\u01a1 th\u1ec3 kh\u1ecfi g\u1ed1c t\u1ef1 do v\u00e0 h\u1ed7 tr\u1ee3 s\u1ea3n xu\u1ea5t collagen cho l\u00e0n da kh\u1ecfe m\u1ea1nh..<\/span><\/span><\/li>\n<\/ul>\n<h3><span style=\"color: #000000; font-family: arial, helvetica, sans-serif;\">\u1ee8NG D\u1ee4NG S\u1ea6U RI\u00caNG \u0110\u00d4NG L\u1ea0NH HUNGHAU FOODS<\/span><\/h3>\n<ul>\n<li><span style=\"font-weight: 400; color: #000000; font-family: arial, helvetica, sans-serif;\"><strong>Nguy\u00ean li\u1ec7u s\u1ea3n xu\u1ea5t c\u00f4ng nghi\u1ec7p:<\/strong> D\u00f9ng cho d\u00e2y chuy\u1ec1n s\u1ea3n xu\u1ea5t kem, b\u00e1nh k\u1eb9o, m\u1ee9t, \u0111\u1ed3 u\u1ed1ng pha ch\u1ebf h\u01b0\u01a1ng s\u1ea7u ri\u00eang.<\/span><\/li>\n<li><span style=\"font-weight: 400; color: #000000; font-family: arial, helvetica, sans-serif;\"><strong>Nguy\u00ean li\u1ec7u ch\u1ebf bi\u1ebfn F&amp;B<\/strong>: Ph\u00f9 h\u1ee3p cho nh\u00e0 h\u00e0ng, qu\u00e1n c\u00e0 ph\u00ea, th\u01b0\u01a1ng hi\u1ec7u tr\u00e0 s\u1eefa, qu\u00e1n sinh t\u1ed1 d\u00f9ng \u0111\u1ec3 l\u00e0m ch\u00e8, \u0111\u00e1 xay, sinh t\u1ed1, topping ho\u1eb7c s\u1ed1t s\u1ea7u ri\u00eang.<\/span><\/li>\n<li><span style=\"font-weight: 400; color: #000000; font-family: arial, helvetica, sans-serif;\"><strong>Nh\u00e2n b\u00e1nh &amp; tr\u00e1ng mi\u1ec7ng<\/strong>: S\u1eed d\u1ee5ng trong s\u1ea3n xu\u1ea5t b\u00e1nh p\u00eda, crepe, tiramisu, mochi, pudding, flan, su kem v\u00e0 c\u00e1c d\u00f2ng b\u00e1nh l\u1ea1nh.<\/span><\/li>\n<li><span style=\"font-weight: 400; color: #000000; font-family: arial, helvetica, sans-serif;\"><strong>Xu\u1ea5t kh\u1ea9u &amp; OEM:<\/strong> Cung c\u1ea5p theo y\u00eau cho c\u00e1c nh\u00e0 m\u00e1y s\u1ea3n xu\u1ea5t th\u1ef1c ph\u1ea9m, th\u01b0\u01a1ng hi\u1ec7u nh\u00e3n hi\u1ec7u ri\u00eang ho\u1eb7c \u0111\u1ed1i t\u00e1c c\u1ea7n nguy\u00ean li\u1ec7u \u1ed5n \u0111\u1ecbnh, ch\u1ea5t l\u01b0\u1ee3ng \u0111\u1ed3ng nh\u1ea5t.<\/span><\/li>\n<\/ul>\n<h3><span style=\"color: #000000; font-family: arial, helvetica, sans-serif;\">TH\u00d4NG TIN LI\u00caN H\u1ec6:<\/span><\/h3>\n<p><span style=\"color: #000000; font-family: arial, helvetica, sans-serif;\">Email:\u00a0<span style=\"color: #1755ad;\"><a style=\"color: #1755ad;\" href=\"mailto:sales@hunghau.vn\">sales@hunghau.vn<\/a><\/span><\/span><br \/>\n<span style=\"color: #000000; font-family: arial, helvetica, sans-serif;\">Hotline: (+84)79 721 3333\u00a0<\/span><\/p>\n<p><span style=\"color: #000000; font-family: arial, helvetica, sans-serif;\">Email:\u00a0\u00a0<span style=\"color: #1755ad;\"><a style=\"color: #1755ad;\" href=\"mailto:Anna@hunghau.vn\">Hana@hunghau.vn<\/a>\u00a0<\/span><\/span><br \/>\n<span style=\"color: #000000; font-family: arial, helvetica, sans-serif;\">Hotline: (+84)79 721 3333\u00a0<\/span><\/p>\n<p><span style=\"color: #000000; font-family: arial, helvetica, sans-serif;\">Email:\u00a0<span style=\"color: #1755ad;\"><a style=\"color: #1755ad;\" href=\"mailto:yenn@hunghau.vn\">yenn@hunghau.vn<\/a>\u00a0<\/span><\/span><br \/>\n<span style=\"color: #000000; font-family: arial, helvetica, sans-serif;\">Hotline: (+84)78 520 3333<\/span><\/p>\n<p><span style=\"font-weight: 400; color: #000000;\">LinkedIn<span style=\"color: #1755ad;\">:<\/span><\/span><span style=\"color: #1755ad;\"><a style=\"color: #1755ad;\" href=\"https:\/\/lnkd.in\/g_KkBKHf\"><span style=\"font-weight: 400;\"> https:\/\/lnkd.in\/g_KkBKHf<\/span><\/a><\/span><\/p>\n<p><span style=\"color: #000000; font-family: arial, helvetica, sans-serif;\"><b>C\u00f4ng ty C\u1ed5 ph\u1ea7n Th\u1ef1c ph\u1ea9m H\u00f9ng H\u1eadu (HungHau Foods)<\/b><\/span><\/p>\n<p><strong><span style=\"color: #000000;\">\u0110\u1ecba ch\u1ec9: 642 \u00c2u C\u01a1, Ph\u01b0\u1eddng B\u1ea3y Hi\u1ec1n, Th\u00e0nh Ph\u1ed1 H\u1ed3 Ch\u00ed Minh<\/span><\/strong><\/p>\n<p><span style=\"color: #000000; font-family: arial, helvetica, sans-serif;\"><b>Nh\u00e0 xu\u1ea5t kh\u1ea9u n\u00f4ng s\u1ea3n &#8211; Nh\u00e0 cung \u1ee9ng tr\u00e1i c\u00e2y &amp; rau c\u1ee7 \u0111\u00f4ng l\u1ea1nh t\u1ea1i Vi\u1ec7t Nam.<\/b><\/span><\/p>\n<p>&nbsp;<\/p>\n","protected":false},"excerpt":{"rendered":"<table style=\"width: 363.384px;\">\n<tbody>\n<tr>\n<td style=\"width: 123px;\"><span style=\"color: #1755ad;\"><strong>Lo\u1ea1i<\/strong><\/span><\/td>\n<td style=\"width: 227.384px;\"><span style=\"font-family: arial, helvetica, sans-serif; color: #000000;\">Nguy\u00ean tr\u00e1i, nguy\u00ean m\u00fai, nguy\u00ean m\u00fai kh\u00f4ng h\u1ea1t, puree\u2026ho\u1eb7c theo y\u00eau c\u1ea7u kh\u00e1ch h\u00e0ng.<\/span><\/td>\n<\/tr>\n<tr>\n<td style=\"width: 123px;\"><span style=\"color: #1755ad;\"><strong>M\u00f9a v\u1ee5 ch\u00ednh<\/strong><\/span><\/td>\n<td style=\"width: 227.384px;\"><span style=\"font-family: arial, helvetica, sans-serif; color: #000000;\">Quanh n\u0103m<\/span><\/td>\n<\/tr>\n<tr>\n<td style=\"width: 123px;\"><span style=\"color: #1755ad;\"><strong>Quy c\u00e1ch<\/strong><\/span><\/td>\n<td style=\"width: 227.384px;\"><span style=\"color: #000000;\">10kg\/t\u00fai ho\u1eb7c theo y\u00eau c\u1ea7u kh\u00e1ch h\u00e0ng<\/span><\/td>\n<\/tr>\n<tr>\n<td style=\"width: 123px;\"><span style=\"color: #1755ad;\"><strong>\u0110i\u1ec1u ki\u1ec7n<\/strong><\/span><\/td>\n<td style=\"width: 227.384px;\"><span style=\"color: #000000;\">-18 \u0111\u1ed9<\/span><\/td>\n<\/tr>\n<tr>\n<td style=\"width: 123px;\"><span style=\"color: #1755ad;\"><b>C\u00f4ng su\u1ea5t<\/b><\/span><\/td>\n<td style=\"width: 227.384px;\"><span style=\"color: #000000;\">4,000 t\u1ea5n h\u00e0ng n\u0103m<\/span><\/td>\n<\/tr>\n<tr>\n<td style=\"width: 123px;\"><span style=\"color: #1755ad;\"><b>Th\u1eddi h\u1ea1n s\u1eed d\u1ee5ng<\/b><\/span><\/td>\n<td style=\"width: 227.384px;\"><span style=\"color: #000000;\">24 th\u00e1ng<\/span><\/td>\n<\/tr>\n<\/tbody>\n<\/table>\n","protected":false},"featured_media":22571,"comment_status":"closed","ping_status":"closed","template":"","meta":[],"product_brand":[],"product_cat":[99],"product_tag":[],"class_list":{"0":"post-24451","1":"product","2":"type-product","3":"status-publish","4":"has-post-thumbnail","6":"product_cat-rau-cu-qua-dong-lanh","8":"first","9":"instock","10":"shipping-taxable","11":"product-type-simple"},"_links":{"self":[{"href":"https:\/\/hfoods.vn\/vi\/wp-json\/wp\/v2\/product\/24451","targetHints":{"allow":["GET"]}}],"collection":[{"href":"https:\/\/hfoods.vn\/vi\/wp-json\/wp\/v2\/product"}],"about":[{"href":"https:\/\/hfoods.vn\/vi\/wp-json\/wp\/v2\/types\/product"}],"replies":[{"embeddable":true,"href":"https:\/\/hfoods.vn\/vi\/wp-json\/wp\/v2\/comments?post=24451"}],"wp:featuredmedia":[{"embeddable":true,"href":"https:\/\/hfoods.vn\/vi\/wp-json\/wp\/v2\/media\/22571"}],"wp:attachment":[{"href":"https:\/\/hfoods.vn\/vi\/wp-json\/wp\/v2\/media?parent=24451"}],"wp:term":[{"taxonomy":"product_brand","embeddable":true,"href":"https:\/\/hfoods.vn\/vi\/wp-json\/wp\/v2\/product_brand?post=24451"},{"taxonomy":"product_cat","embeddable":true,"href":"https:\/\/hfoods.vn\/vi\/wp-json\/wp\/v2\/product_cat?post=24451"},{"taxonomy":"product_tag","embeddable":true,"href":"https:\/\/hfoods.vn\/vi\/wp-json\/wp\/v2\/product_tag?post=24451"}],"curies":[{"name":"wp","href":"https:\/\/api.w.org\/{rel}","templated":true}]}}