{"id":24466,"date":"2025-04-21T08:35:08","date_gmt":"2025-04-21T08:35:08","guid":{"rendered":"https:\/\/hfoods.vn\/product\/seaweed-macaroni\/"},"modified":"2026-04-09T11:07:16","modified_gmt":"2026-04-09T04:07:16","slug":"seaweed-macaroni","status":"publish","type":"product","link":"https:\/\/hfoods.vn\/vi\/san-pham\/seaweed-macaroni\/","title":{"rendered":"Nui Rong Nho Happy Noodles"},"content":{"rendered":"<h2 style=\"text-align: justify;\"><span style=\"color: #000000;\">M\u00d4 T\u1ea2 S\u1ea2N PH\u1ea8M <\/span><\/h2>\n<p style=\"text-align: justify;\"><span style=\"color: #000000;\">Nui Rong Nho Happy Noodles g\u00f3i 400g l\u00e0 d\u00f2ng nui dinh d\u01b0\u1ee1ng \u0111\u01b0\u1ee3c ph\u00e1t tri\u1ec3n t\u1eeb s\u1ef1 k\u1ebft h\u1ee3p h\u00e0i h\u00f2a gi\u1eefa b\u1ed9t g\u1ea1o, b\u1ed9t khoai m\u00ec v\u00e0 b\u1ed9t rong nho bi\u1ec3n t\u1ef1 nhi\u00ean. S\u1ee3i nui d\u1ea1ng \u1ed1ng, m\u00e0u s\u1eafc t\u1ef1 nhi\u00ean c\u00f9ng \u0111\u1ed9 dai v\u1eeba ph\u1ea3i, mang \u0111\u1ebfn c\u1ea3m gi\u00e1c m\u1edbi l\u1ea1 v\u00e0 h\u1ea5p d\u1eabn cho b\u1eefa \u0103n gia \u0111\u00ecnh.<\/span><\/p>\n<p style=\"text-align: justify;\"><span style=\"color: #000000;\">Rong nho \u0111\u01b0\u1ee3c m\u1ec7nh danh l\u00e0 \u201cnh\u00e2n s\u00e2m bi\u1ec3n\u201d ch\u1ee9a nhi\u1ec1u kho\u00e1ng ch\u1ea5t qu\u00fd gi\u00e1 nh\u01b0 canxi, iodine v\u00e0 vitamin C, gi\u00fap t\u0103ng c\u01b0\u1eddng h\u1ec7 mi\u1ec5n d\u1ecbch, h\u1ed7 tr\u1ee3 s\u1ee9c kh\u1ecfe tuy\u1ebfn gi\u00e1p, ch\u1ed1ng oxy h\u00f3a hi\u1ec7u qu\u1ea3 v\u00e0 nu\u00f4i d\u01b0\u1ee1ng l\u00e0n da kh\u1ecfe \u0111\u1eb9p.\u00a0\u00a0<\/span><\/p>\n<p style=\"text-align: justify;\"><span style=\"color: #000000;\">H\u01b0\u1edbng \u0111\u1ebfn xu h\u01b0\u1edbng ti\u00eau d\u00f9ng l\u00e0nh m\u1ea1nh, Nui Rong Nho Happy Noodles l\u00e0 l\u1ef1a ch\u1ecdn ph\u00f9 h\u1ee3p \u0111\u1ec3 \u0111a d\u1ea1ng h\u00f3a th\u1ef1c \u0111\u01a1n h\u1eb1ng ng\u00e0y. Nh\u1edd c\u00e1ch ch\u1ebf bi\u1ebfn linh ho\u1ea1t, s\u1ea3n ph\u1ea9m d\u1ec5 d\u00e0ng k\u1ebft h\u1ee3p v\u1edbi nhi\u1ec1u nguy\u00ean li\u1ec7u kh\u00e1c nhau, ph\u00f9 h\u1ee3p cho tr\u1ebb em, ng\u01b0\u1eddi l\u1edbn tu\u1ed5i v\u00e0 nh\u1eefng ng\u01b0\u1eddi quan t\u00e2m \u0111\u1ebfn ch\u1ebf \u0111\u1ed9 dinh d\u01b0\u1ee1ng c\u00e2n b\u1eb1ng, \u0111\u1ed3ng th\u1eddi \u0111\u00e1p \u1ee9ng nhu c\u1ea7u ti\u1ec7n l\u1ee3i trong nh\u1ecbp s\u1ed1ng hi\u1ec7n \u0111\u1ea1i.<\/span><\/p>\n<h2 style=\"text-align: justify;\"><span style=\"color: #000000;\">TH\u00c0NH PH\u1ea6N <\/span><\/h2>\n<table>\n<tbody>\n<tr>\n<td width=\"195\"><span style=\"color: #000000;\"><strong>Th\u00f4ng tin<\/strong><\/span><\/td>\n<td width=\"585\"><span style=\"color: #000000;\"><strong>N\u1ed9i dung<\/strong><\/span><\/td>\n<\/tr>\n<tr>\n<td width=\"195\"><span style=\"color: #000000;\">Th\u00e0nh ph\u1ea7n<\/span><\/td>\n<td width=\"585\"><span style=\"color: #000000;\">B\u1ed9t g\u1ea1o 70%, b\u1ed9t khoai m\u00ec 20%, b\u1ed9t rong nho 8%, mu\u1ed1i, ch\u1ea5t b\u1ea3o qu\u1ea3n(E202), ch\u1ea5t \u1ed5n \u0111\u1ecbnh(E451(i)).<\/span><\/p>\n<p>&nbsp;<\/td>\n<\/tr>\n<tr>\n<td width=\"195\"><span style=\"color: #000000;\">\u0110\u1eb7c \u0111i\u1ec3m nui<\/span><\/td>\n<td width=\"585\"><span style=\"color: #000000;\">D\u1ea1ng \u1ed1ng, \u0111\u1ea7u c\u1eaft b\u1eb1ng, kh\u00f4ng n\u1ee9t, g\u00e3y.<\/span><\/p>\n<p><span style=\"color: #000000;\"><strong>\u00a0<\/strong><\/span><\/td>\n<\/tr>\n<tr>\n<td width=\"195\"><span style=\"color: #000000;\">\u0110\u1ed9 d\u00e0i<\/span><\/td>\n<td width=\"585\"><span style=\"color: #000000;\">3.5cm \u00b1 0.5cm<\/span><\/td>\n<\/tr>\n<tr>\n<td width=\"195\"><span style=\"color: #000000;\">\u0110\u01b0\u1eddng k\u00ednh<\/span><\/td>\n<td width=\"585\"><span style=\"color: #000000;\">6.5mm \u00b1 0.2mm<\/span><\/td>\n<\/tr>\n<tr>\n<td width=\"195\"><span style=\"color: #000000;\">\u0110\u1ed9 d\u00e0y<\/span><\/td>\n<td width=\"585\"><span style=\"color: #000000;\">1.5 \u00b1 0.5mm<\/span><\/td>\n<\/tr>\n<tr>\n<td width=\"195\"><span style=\"color: #000000;\">M\u00e0u s\u1eafc<\/span><\/td>\n<td width=\"585\"><span style=\"color: #000000;\">M\u00e0u xanh t\u1ef1 nhi\u00ean c\u1ee7a b\u1ed9t rong nho.<\/span><\/td>\n<\/tr>\n<\/tbody>\n<\/table>\n<h2 style=\"text-align: justify;\"><span style=\"color: #000000;\">L\u1ee2I \u00cdCH S\u1eec D\u1ee4NG<\/span><\/h2>\n<p style=\"text-align: justify;\"><span style=\"color: #000000;\">Nui Rong Nho Happy Noodles cung c\u1ea5p ngu\u1ed3n n\u0103ng l\u01b0\u1ee3ng c\u1ea7n thi\u1ebft cho c\u01a1 th\u1ec3 th\u00f4ng qua carbohydrate v\u00e0 ch\u1ea5t \u0111\u1ea1m, ph\u00f9 h\u1ee3p cho c\u00e1c b\u1eefa \u0103n h\u1eb1ng ng\u00e0y. Theo th\u00f4ng tin tr\u00ean bao b\u00ec, m\u1ed7i 100g nui rong nho cung c\u1ea5p kho\u1ea3ng 371,5 kcal, \u0111\u00e1p \u1ee9ng nhu c\u1ea7u n\u0103ng l\u01b0\u1ee3ng c\u1ee7a c\u01a1 th\u1ec3.<\/span><\/p>\n<p style=\"text-align: justify;\"><span style=\"color: #000000;\">Nh\u1edd th\u00e0nh ph\u1ea7n rong nho t\u1ef1 nhi\u00ean, s\u1ea3n ph\u1ea9m g\u00f3p ph\u1ea7n b\u1ed5 sung ch\u1ea5t x\u01a1 v\u00e0 c\u00e1c vi ch\u1ea5t c\u00f3 l\u1ee3i, h\u1ed7 tr\u1ee3 h\u1ec7 ti\u00eau h\u00f3a v\u00e0 gi\u00fap c\u00e2n b\u1eb1ng ch\u1ebf \u0111\u1ed9 dinh d\u01b0\u1ee1ng. Rong nho c\u00f2n ch\u1ee9a nhi\u1ec1u kho\u00e1ng ch\u1ea5t t\u1ef1 nhi\u00ean, ph\u00f9 h\u1ee3p v\u1edbi xu h\u01b0\u1edbng \u0103n u\u1ed1ng l\u00e0nh m\u1ea1nh.<\/span><\/p>\n<p style=\"text-align: justify;\"><span style=\"color: #000000;\">S\u1ea3n ph\u1ea9m ch\u1ee9a c\u00e1c nh\u00f3m d\u01b0\u1ee1ng ch\u1ea5t quan tr\u1ecdng nh\u01b0 n\u0103ng l\u01b0\u1ee3ng, carbohydrate v\u00e0 ch\u1ea5t \u0111\u1ea1m, ph\u00f9 h\u1ee3p v\u1edbi nhi\u1ec1u \u0111\u1ed1i t\u01b0\u1ee3ng s\u1eed d\u1ee5ng. V\u1edbi ngu\u1ed3n dinh d\u01b0\u1ee1ng c\u00f3 ngu\u1ed3n g\u1ed1c t\u1eeb th\u1ef1c v\u1eadt, Nui Rong Nho Happy Noodles ph\u00f9 h\u1ee3p cho c\u00e1c ch\u1ebf \u0111\u1ed9 \u0103n \u0111a d\u1ea1ng, t\u1eeb \u0103n chay, \u0103n m\u1eb7n \u0111\u1ebfn nh\u1eefng th\u1ef1c \u0111\u01a1n h\u01b0\u1edbng \u0111\u1ebfn s\u1ee9c kh\u1ecfe.<\/span><\/p>\n<h2 style=\"text-align: justify;\"><span style=\"color: #000000;\">H\u01af\u1edaNG D\u1eaaN S\u1eec D\u1ee4NG V\u00c0 B\u1ea2O QU\u1ea2N<\/span><\/h2>\n<p style=\"text-align: justify;\"><span style=\"color: #000000;\">Cho Nui Rong Nho Happy Noodles v\u00e0o n\u01b0\u1edbc s\u00f4i theo t\u1ef7 l\u1ec7 kho\u1ea3ng 100g nui cho 1 l\u00edt n\u01b0\u1edbc, th\u00eam m\u1ed9t \u00edt mu\u1ed1i \u0111\u1ec3 t\u0103ng h\u01b0\u01a1ng v\u1ecb. N\u1ea5u trong kho\u1ea3ng 20 ph\u00fat, th\u1ec9nh tho\u1ea3ng khu\u1ea5y nh\u1eb9 v\u00e0 ki\u1ec3m tra \u0111\u1ed9 ch\u00edn c\u1ee7a nui, tr\u00e1nh n\u1ea5u qu\u00e1 m\u1ec1m. Sau khi nui ch\u00edn, v\u1edbt ra v\u00e0 x\u1ea3 nhanh qua n\u01b0\u1edbc l\u1ea1nh \u0111\u1ec3 gi\u1eef \u0111\u1ed9 dai, \u0111\u1ec3 r\u00e1o n\u01b0\u1edbc r\u1ed3i tr\u1ed9n v\u1edbi m\u1ed9t l\u01b0\u1ee3ng nh\u1ecf d\u1ea7u \u0103n th\u1ef1c v\u1eadt nh\u1eb1m h\u1ea1n ch\u1ebf d\u00ednh s\u1ee3i.<\/span><\/p>\n<p style=\"text-align: justify;\"><span style=\"color: #000000;\">Nui Rong Nho Happy Noodles c\u00f3 th\u1ec3 \u0111\u01b0\u1ee3c ch\u1ebf bi\u1ebfn th\u00e0nh nhi\u1ec1u m\u00f3n \u0103n kh\u00e1c nhau nh\u01b0 nui n\u01b0\u1edbc, nui x\u00e0o, nui tr\u1ed9n ho\u1eb7c k\u1ebft h\u1ee3p c\u00f9ng rau c\u1ee7, th\u1ecbt, h\u1ea3i s\u1ea3n t\u00f9y kh\u1ea9u v\u1ecb.<\/span><\/p>\n<p style=\"text-align: justify;\"><span style=\"color: #000000;\">B\u1ea3o qu\u1ea3n s\u1ea3n ph\u1ea9m \u1edf n\u01a1i kh\u00f4 r\u00e1o, tho\u00e1ng m\u00e1t, tr\u00e1nh \u00e1nh n\u1eafng tr\u1ef1c ti\u1ebfp. Kh\u00f4ng s\u1eed d\u1ee5ng cho ng\u01b0\u1eddi d\u1ecb \u1ee9ng v\u1edbi th\u00e0nh ph\u1ea7n c\u1ee7a s\u1ea3n ph\u1ea9m.<\/span><\/p>\n<h2 style=\"text-align: justify;\"><span style=\"color: #000000;\">XU\u1ea4T X\u1ee8<\/span><\/h2>\n<p style=\"text-align: justify;\"><span style=\"color: #000000;\">Nui Rong Nho Happy Noodles l\u00e0 s\u1ea3n ph\u1ea9m c\u1ee7a C\u00f4ng ty C\u1ed5 ph\u1ea7n Th\u1ef1c ph\u1ea9m H\u00f9ng H\u1eadu (HungHau Foods) \u2013 doanh nghi\u1ec7p uy t\u00edn trong l\u0129nh v\u1ef1c s\u1ea3n xu\u1ea5t v\u00e0 ch\u1ebf bi\u1ebfn th\u1ef1c ph\u1ea9m t\u1ea1i Vi\u1ec7t Nam, h\u01b0\u1edbng \u0111\u1ebfn ti\u00eau chu\u1ea9n ch\u1ea5t l\u01b0\u1ee3ng cao v\u00e0 ph\u00e1t tri\u1ec3n b\u1ec1n v\u1eefng. HungHau Foods \u0111\u01b0\u1ee3c ghi nh\u1eadn danh hi\u1ec7u Doanh nghi\u1ec7p Xanh TP.HCM 2025, kh\u1eb3ng \u0111\u1ecbnh cam k\u1ebft v\u1ec1 ch\u1ea5t l\u01b0\u1ee3ng v\u00e0 tr\u00e1ch nhi\u1ec7m m\u00f4i tr\u01b0\u1eddng.<\/span><\/p>\n<p style=\"text-align: justify;\"><span style=\"color: #000000;\">S\u1ea3n ph\u1ea9m \u0111\u01b0\u1ee3c s\u1ea3n xu\u1ea5t t\u1ea1i C\u00f4ng ty TNHH Nha M\u00e2n \u2013 nh\u00e0 m\u00e1y th\u1ef1c ph\u1ea9m hi\u1ec7n \u0111\u1ea1i v\u1edbi h\u1ec7 th\u1ed1ng qu\u1ea3n l\u00fd ch\u1ea5t l\u01b0\u1ee3ng v\u00e0 an to\u00e0n th\u1ef1c ph\u1ea9m nghi\u00eam ng\u1eb7t, \u0111\u00e1p \u1ee9ng y\u00eau c\u1ea7u s\u1ea3n xu\u1ea5t trong n\u01b0\u1edbc v\u00e0 xu\u1ea5t kh\u1ea9u. Nh\u00e0 m\u00e1y Nha M\u00e2n t\u1ef1 h\u00e0o s\u1edf h\u1eefu s\u1ea3n ph\u1ea9m \u0111\u1ea1t danh hi\u1ec7u Th\u01b0\u01a1ng hi\u1ec7u Qu\u1ed1c gia nhi\u1ec1u n\u0103m li\u00ean ti\u1ebfp.<\/span><\/p>\n<ul style=\"text-align: justify;\">\n<li><span style=\"color: #000000;\">\u0110\u1ecba ch\u1ec9 nh\u00e0 m\u00e1y: Khu C, Khu C\u00f4ng nghi\u1ec7p Sa \u0110\u00e9c, ph\u01b0\u1eddng T\u00e2n Quy \u0110\u00f4ng, Th\u00e0nh ph\u1ed1 Sa \u0110\u00e9c, t\u1ec9nh \u0110\u1ed3ng Th\u00e1p, Vi\u1ec7t Nam.<\/span><\/li>\n<\/ul>\n<p><span style=\"color: #000000;\">Th\u00f4ng tin mua h\u00e0ng tr\u00ean k\u00eanh TM\u0110T:<\/span><br \/>\n<span style=\"color: #000000;\">Shopee: <a href=\"https:\/\/byvn.net\/hobs\">https:\/\/byvn.net\/hCDi <\/a><\/span><br \/>\n<span style=\"color: #000000;\">MyU: <a href=\"https:\/\/byvn.net\/jiXm\">https:\/\/byvn.net\/QVte<\/a><\/span><\/p>\n","protected":false},"excerpt":{"rendered":"<table style=\"width: 369.324px;\">\n<tbody>\n<tr style=\"height: 21px;\">\n<td style=\"width: 98px; height: 21px;\"><span style=\"color: #1755ad;\"><strong>Lo\u1ea1i<\/strong><\/span><\/td>\n<td style=\"width: 258.324px; height: 21px;\"><span style=\"color: #000000;\">Nui rong nho Happy Noodles<\/span><\/td>\n<\/tr>\n<tr style=\"height: 22.2188px;\">\n<td style=\"width: 98px; height: 22.2188px;\"><span style=\"color: #1755ad;\"><strong>Tr\u1ecdng l\u01b0\u1ee3ng<\/strong><\/span><\/td>\n<td style=\"width: 258.324px; height: 22.2188px;\"><span style=\"color: #000000;\"><span class=\"NormalTextRun SCXW98413064 BCX8\">400g<\/span><span class=\"NormalTextRun SCXW98413064 BCX8\">r<\/span><\/span><\/td>\n<\/tr>\n<tr style=\"height: 64px;\">\n<td style=\"width: 98px; height: 64px;\"><span style=\"color: #1755ad;\"><strong>Th\u00e0nh ph\u1ea7n\u00a0<\/strong><\/span><\/td>\n<td style=\"width: 258.324px; height: 64px;\"><span style=\"color: #000000;\">B\u1ed9t g\u1ea1o 70%, b\u1ed9t khoai m\u00ec 20%, b\u1ed9t rong nho 8%, mu\u1ed1i, ch\u1ea5t b\u1ea3o qu\u1ea3n(E202), ch\u1ea5t \u1ed5n \u0111\u1ecbnh(E451(i))..\u00a0<\/span><\/td>\n<\/tr>\n<tr style=\"height: 43px;\">\n<td style=\"width: 98px; height: 43px;\"><span style=\"color: #1755ad;\"><b>D\u1ea1ng<\/b><\/span><\/td>\n<td style=\"width: 258.324px; height: 43px;\"><span style=\"color: #000000;\">D\u1ea1ng \u1ed1ng, \u0111\u1ea7u c\u1eaft b\u1eb1ng, kh\u00f4ng n\u1ee9t, g\u00e3y.\u00a0<\/span><\/td>\n<\/tr>\n<tr style=\"height: 21px;\">\n<td style=\"width: 98px; height: 21px;\"><span style=\"color: #1755ad;\"><strong>Xu\u1ea5t x\u1ee9\u00a0<\/strong><\/span><\/td>\n<td style=\"width: 258.324px; height: 21px;\"><span style=\"color: #000000;\">Vi\u1ec7t Nam<\/span><\/td>\n<\/tr>\n<\/tbody>\n<\/table>\n","protected":false},"featured_media":16210,"comment_status":"closed","ping_status":"closed","template":"","meta":[],"product_brand":[],"product_cat":[183],"product_tag":[],"class_list":{"0":"post-24466","1":"product","2":"type-product","3":"status-publish","4":"has-post-thumbnail","6":"product_cat-mi-nui","8":"first","9":"instock","10":"shipping-taxable","11":"product-type-simple"},"_links":{"self":[{"href":"https:\/\/hfoods.vn\/vi\/wp-json\/wp\/v2\/product\/24466","targetHints":{"allow":["GET"]}}],"collection":[{"href":"https:\/\/hfoods.vn\/vi\/wp-json\/wp\/v2\/product"}],"about":[{"href":"https:\/\/hfoods.vn\/vi\/wp-json\/wp\/v2\/types\/product"}],"replies":[{"embeddable":true,"href":"https:\/\/hfoods.vn\/vi\/wp-json\/wp\/v2\/comments?post=24466"}],"wp:featuredmedia":[{"embeddable":true,"href":"https:\/\/hfoods.vn\/vi\/wp-json\/wp\/v2\/media\/16210"}],"wp:attachment":[{"href":"https:\/\/hfoods.vn\/vi\/wp-json\/wp\/v2\/media?parent=24466"}],"wp:term":[{"taxonomy":"product_brand","embeddable":true,"href":"https:\/\/hfoods.vn\/vi\/wp-json\/wp\/v2\/product_brand?post=24466"},{"taxonomy":"product_cat","embeddable":true,"href":"https:\/\/hfoods.vn\/vi\/wp-json\/wp\/v2\/product_cat?post=24466"},{"taxonomy":"product_tag","embeddable":true,"href":"https:\/\/hfoods.vn\/vi\/wp-json\/wp\/v2\/product_tag?post=24466"}],"curies":[{"name":"wp","href":"https:\/\/api.w.org\/{rel}","templated":true}]}}