{"id":24470,"date":"2025-04-21T08:05:22","date_gmt":"2025-04-21T08:05:22","guid":{"rendered":"https:\/\/hfoods.vn\/product\/brown-rice-macaroni\/"},"modified":"2026-04-09T11:14:01","modified_gmt":"2026-04-09T04:14:01","slug":"brown-rice-macaroni","status":"publish","type":"product","link":"https:\/\/hfoods.vn\/vi\/san-pham\/brown-rice-macaroni\/","title":{"rendered":"Nui G\u1ea1o L\u1ee9t Happy Noodles"},"content":{"rendered":"<h2 style=\"text-align: justify;\"><span style=\"color: #000000;\">M\u00d4 T\u1ea2 S\u1ea2N PH\u1ea8M<\/span><\/h2>\n<p style=\"text-align: justify;\"><span style=\"color: #000000;\">Nui G\u1ea1o L\u1ee9t Happy Noodles g\u00f3i 250g l\u00e0 d\u00f2ng nui dinh d\u01b0\u1ee1ng \u0111\u01b0\u1ee3c ph\u00e1t tri\u1ec3n t\u1eeb s\u1ef1 k\u1ebft h\u1ee3p gi\u1eefa b\u1ed9t g\u1ea1o, b\u1ed9t g\u1ea1o l\u1ee9t v\u00e0 tinh b\u1ed9t khoai m\u00ec. S\u1ea3n ph\u1ea9m c\u00f3 c\u1ea5u tr\u00fac nui d\u1ea1ng \u1ed1ng, m\u00e0u n\u00e2u \u0111\u1ecf nh\u1ea1t t\u1ef1 nhi\u00ean c\u1ee7a g\u1ea1o l\u1ee9t v\u00e0 \u0111\u1ed9 dai v\u1eeba ph\u1ea3i, mang \u0111\u1ebfn tr\u1ea3i nghi\u1ec7m \u1ea9m th\u1ef1c kh\u00e1c bi\u1ec7t so v\u1edbi c\u00e1c d\u00f2ng nui th\u00f4ng th\u01b0\u1eddng.<\/span><\/p>\n<p style=\"text-align: justify;\"><span style=\"color: #000000;\">G\u1ea1o l\u1ee9t l\u00e0 lo\u1ea1i ng\u0169 c\u1ed1c gi\u00e0u gi\u00e1 tr\u1ecb dinh d\u01b0\u1ee1ng, \u0111\u01b0\u1ee3c gi\u1eef l\u1ea1i l\u1edbp c\u00e1m t\u1ef1 nhi\u00ean, gi\u00fap b\u1ed5 sung ch\u1ea5t x\u01a1 v\u00e0 c\u00e1c d\u01b0\u1ee1ng ch\u1ea5t c\u1ea7n thi\u1ebft cho c\u01a1 th\u1ec3. Nh\u1edd th\u00e0nh ph\u1ea7n g\u1ea1o l\u1ee9t, nui kh\u00f4ng ch\u1ec9 mang h\u01b0\u01a1ng v\u1ecb \u0111\u1eb7c tr\u01b0ng m\u00e0 c\u00f2n g\u00f3p ph\u1ea7n t\u1ea1o n\u00ean b\u1eefa \u0103n c\u00e2n b\u1eb1ng, ph\u00f9 h\u1ee3p v\u1edbi xu h\u01b0\u1edbng ti\u00eau d\u00f9ng h\u01b0\u1edbng \u0111\u1ebfn th\u1ef1c ph\u1ea9m l\u00e0nh m\u1ea1nh v\u00e0 t\u1ef1 nhi\u00ean.<\/span><\/p>\n<p style=\"text-align: justify;\"><span style=\"color: #000000;\">Nui G\u1ea1o L\u1ee9t Happy Noodles l\u00e0 l\u1ef1a ch\u1ecdn ph\u00f9 h\u1ee3p \u0111\u1ec3 b\u1ed5 sung v\u00e0o th\u1ef1c \u0111\u01a1n h\u1eb1ng ng\u00e0y c\u1ee7a gia \u0111\u00ecnh Vi\u1ec7t. V\u1edbi kh\u1ea3 n\u0103ng ch\u1ebf bi\u1ebfn linh ho\u1ea1t, s\u1ea3n ph\u1ea9m \u0111\u00e1p \u1ee9ng nhu c\u1ea7u s\u1eed d\u1ee5ng c\u1ee7a nhi\u1ec1u \u0111\u1ed1i t\u01b0\u1ee3ng nh\u01b0 tr\u1ebb em, ng\u01b0\u1eddi l\u1edbn tu\u1ed5i, ng\u01b0\u1eddi \u0103n ki\u00eang v\u00e0 nh\u1eefng ng\u01b0\u1eddi quan t\u00e2m \u0111\u1ebfn ch\u1ebf \u0111\u1ed9 dinh d\u01b0\u1ee1ng c\u00e2n b\u1eb1ng.<\/span><\/p>\n<h2 style=\"text-align: justify;\"><span style=\"color: #000000;\">TH\u00c0NH PH\u1ea6N<\/span><\/h2>\n<table>\n<tbody>\n<tr>\n<td width=\"243\"><span style=\"color: #000000;\"><strong>N\u1ed9i dung<\/strong><\/span><\/td>\n<td width=\"478\"><span style=\"color: #000000;\"><strong>Th\u00f4ng tin<\/strong><\/span><\/td>\n<\/tr>\n<tr>\n<td width=\"243\"><span style=\"color: #000000;\">Th\u00e0nh ph\u1ea7n ch\u00ednh<\/span><\/td>\n<td width=\"478\"><span style=\"color: #000000;\">B\u1ed9t g\u1ea1o 53%, b\u1ed9t g\u1ea1o l\u1ee9t 36%, tinh b\u1ed9t khoai m\u00ec 10%, mu\u1ed1i, ch\u1ea5t b\u1ea3o qu\u1ea3n (202), ch\u1ea5t \u1ed5n \u0111\u1ecbnh (451(i))<\/span><\/td>\n<\/tr>\n<tr>\n<td width=\"243\"><span style=\"color: #000000;\">H\u00ecnh d\u1ea1ng nui<\/span><\/td>\n<td width=\"478\"><span style=\"color: #000000;\">D\u1ea1ng \u1ed1ng, \u0111\u1ea7u c\u1eaft b\u1eb1ng, h\u1ea1n ch\u1ebf n\u1ee9t, g\u00e3y<\/span><\/td>\n<\/tr>\n<tr>\n<td width=\"243\"><span style=\"color: #000000;\">\u0110\u1ed9 d\u00e0i<\/span><\/td>\n<td width=\"478\"><span style=\"color: #000000;\">3.5 cm \u00b1 0.5 cm<\/span><\/td>\n<\/tr>\n<tr>\n<td width=\"243\"><span style=\"color: #000000;\">K\u00edch th\u01b0\u1edbc<\/span><\/td>\n<td width=\"478\"><span style=\"color: #000000;\">6.5mm \u00b1 0.2mm \u00a0<\/span><\/td>\n<\/tr>\n<tr>\n<td width=\"243\"><span style=\"color: #000000;\">\u0110\u1ed9 d\u00e0y<\/span><\/td>\n<td width=\"478\"><span style=\"color: #000000;\">1.5 \u00b1 0.5mm<\/span><\/td>\n<\/tr>\n<tr>\n<td width=\"243\"><span style=\"color: #000000;\">M\u00e0u s\u1eafc &amp; \u0111\u1eb7c t\u00ednh<\/span><\/td>\n<td width=\"478\"><span style=\"color: #000000;\">M\u00e0u s\u1eafc n\u00e2u \u0111\u1ecf nh\u1ea1t t\u1ef1 nhi\u00ean c\u1ee7a b\u1ed9t g\u1ea1o l\u1ee9t<\/span><\/td>\n<\/tr>\n<\/tbody>\n<\/table>\n<h2 style=\"text-align: justify;\"><span style=\"color: #000000;\">L\u1ee2I \u00cdCH S\u1eec D\u1ee4NG<\/span><\/h2>\n<p style=\"text-align: justify;\"><span style=\"color: #000000;\">Nui G\u1ea1o L\u1ee9t Happy Noodles cung c\u1ea5p c\u00e1c nh\u00f3m d\u01b0\u1ee1ng ch\u1ea5t c\u01a1 b\u1ea3n nh\u01b0 n\u0103ng l\u01b0\u1ee3ng, carbohydrate, ch\u1ea5t \u0111\u1ea1m v\u00e0 ch\u1ea5t b\u00e9o, g\u00f3p ph\u1ea7n \u0111\u00e1p \u1ee9ng nhu c\u1ea7u dinh d\u01b0\u1ee1ng trong kh\u1ea9u ph\u1ea7n \u0103n h\u1eb1ng ng\u00e0y. Theo \u0111\u00f3, m\u1ed7i 100g s\u1ea3n ph\u1ea9m cung c\u1ea5p kho\u1ea3ng 300 kcal, ph\u00f9 h\u1ee3p cho c\u00e1c b\u1eefa \u0103n ch\u00ednh v\u00e0 b\u1eefa \u0103n nh\u1eb9.<\/span><\/p>\n<p style=\"text-align: justify;\"><span style=\"color: #000000;\">Nh\u1edd th\u00e0nh ph\u1ea7n g\u1ea1o l\u1ee9t gi\u00e0u d\u01b0\u1ee1ng ch\u1ea5t, s\u1ea3n ph\u1ea9m g\u00f3p ph\u1ea7n b\u1ed5 sung ch\u1ea5t x\u01a1 t\u1ef1 nhi\u00ean v\u00e0 h\u1ed7 tr\u1ee3 ch\u1ebf \u0111\u1ed9 \u0103n u\u1ed1ng c\u00e2n b\u1eb1ng. Nui g\u1ea1o l\u1ee9t ph\u00f9 h\u1ee3p v\u1edbi nhi\u1ec1u \u0111\u1ed1i t\u01b0\u1ee3ng s\u1eed d\u1ee5ng, t\u1eeb ng\u01b0\u1eddi \u0103n chay, ng\u01b0\u1eddi \u0103n ki\u00eang \u0111\u1ebfn ng\u01b0\u1eddi theo \u0111u\u1ed5i l\u1ed1i s\u1ed1ng l\u00e0nh m\u1ea1nh.<\/span><\/p>\n<p style=\"text-align: justify;\"><span style=\"color: #000000;\">V\u1edbi k\u1ebft c\u1ea5u nui d\u1ea1ng \u1ed1ng, s\u1ea3n ph\u1ea9m d\u1ec5 th\u1ea5m gia v\u1ecb, gi\u00fap m\u00f3n \u0103n \u0111\u1eadm \u0111\u00e0 h\u01a1n khi ch\u1ebf bi\u1ebfn th\u00e0nh c\u00e1c m\u00f3n \u0103n \u0111a d\u1ea1ng.<\/span><\/p>\n<h2 style=\"text-align: justify;\"><span style=\"color: #000000;\">H\u01af\u1edaNG D\u1eaaN S\u1eec D\u1ee4NG V\u00c0 B\u1ea2O QU\u1ea2N<\/span><\/h2>\n<p style=\"text-align: justify;\"><span style=\"color: #000000;\">Cho Nui G\u1ea1o L\u1ee9t Happy Noodles v\u00e0o n\u01b0\u1edbc s\u00f4i v\u1edbi t\u1ef7 l\u1ec7 ph\u00f9 h\u1ee3p, th\u00eam m\u1ed9t \u00edt mu\u1ed1i \u0111\u1ec3 t\u0103ng h\u01b0\u01a1ng v\u1ecb. N\u1ea5u trong kho\u1ea3ng 10 ph\u00fat, khu\u1ea5y nh\u1eb9 \u0111\u1ec3 nui ch\u00edn \u0111\u1ec1u v\u00e0 ki\u1ec3m tra \u0111\u1ed9 m\u1ec1m. Sau khi nui \u0111\u1ea1t \u0111\u1ed9 ch\u00edn mong mu\u1ed1n, v\u1edbt ra v\u00e0 x\u1ea3 nhanh qua n\u01b0\u1edbc l\u1ea1nh \u0111\u1ec3 gi\u1eef \u0111\u1ed9 dai, \u0111\u1ec3 r\u00e1o n\u01b0\u1edbc r\u1ed3i tr\u1ed9n v\u1edbi m\u1ed9t l\u01b0\u1ee3ng nh\u1ecf d\u1ea7u \u0103n th\u1ef1c v\u1eadt nh\u1eb1m h\u1ea1n ch\u1ebf d\u00ednh.<\/span><\/p>\n<p style=\"text-align: justify;\"><span style=\"color: #000000;\">Nui G\u1ea1o L\u1ee9t Happy Noodles c\u00f3 th\u1ec3 \u0111\u01b0\u1ee3c ch\u1ebf bi\u1ebfn th\u00e0nh nhi\u1ec1u m\u00f3n \u0103n \u0111a d\u1ea1ng nh\u01b0 nui n\u01b0\u1edbc, nui x\u00e0o, nui tr\u1ed9n ho\u1eb7c k\u1ebft h\u1ee3p c\u00f9ng rau c\u1ee7, th\u1ecbt, h\u1ea3i s\u1ea3n t\u00f9y kh\u1ea9u v\u1ecb.<\/span><\/p>\n<p style=\"text-align: justify;\"><span style=\"color: #000000;\">B\u1ea3o qu\u1ea3n s\u1ea3n ph\u1ea9m \u1edf n\u01a1i kh\u00f4 r\u00e1o, tho\u00e1ng m\u00e1t, tr\u00e1nh \u00e1nh n\u1eafng tr\u1ef1c ti\u1ebfp. Kh\u00f4ng s\u1eed d\u1ee5ng cho ng\u01b0\u1eddi d\u1ecb \u1ee9ng v\u1edbi th\u00e0nh ph\u1ea7n c\u1ee7a s\u1ea3n ph\u1ea9m.<\/span><\/p>\n<h2 style=\"text-align: justify;\"><span style=\"color: #000000;\">XU\u1ea4T X\u1ee8<\/span><\/h2>\n<p style=\"text-align: justify;\"><span style=\"color: #000000;\">Nui G\u1ea1o L\u1ee9t Happy Noodles l\u00e0 s\u1ea3n ph\u1ea9m c\u1ee7a C\u00f4ng ty C\u1ed5 ph\u1ea7n Th\u1ef1c ph\u1ea9m H\u00f9ng H\u1eadu (HungHau Foods) &#8211; m\u1ed9t trong nh\u1eefng doanh nghi\u1ec7p ti\u00eau bi\u1ec3u trong l\u0129nh v\u1ef1c s\u1ea3n xu\u1ea5t v\u00e0 ch\u1ebf bi\u1ebfn th\u1ef1c ph\u1ea9m t\u1ea1i Vi\u1ec7t Nam, \u0111\u1ecbnh h\u01b0\u1edbng ph\u00e1t tri\u1ec3n theo ti\u00eau chu\u1ea9n ch\u1ea5t l\u01b0\u1ee3ng cao v\u00e0 b\u1ec1n v\u1eefng. HungHau Foods \u0111\u01b0\u1ee3c ghi nh\u1eadn danh hi\u1ec7u Doanh nghi\u1ec7p Xanh TP.HCM 2025, kh\u1eb3ng \u0111\u1ecbnh cam k\u1ebft v\u1ec1 ch\u1ea5t l\u01b0\u1ee3ng v\u00e0 tr\u00e1ch nhi\u1ec7m m\u00f4i tr\u01b0\u1eddng.<\/span><\/p>\n<p style=\"text-align: justify;\"><span style=\"color: #000000;\">S\u1ea3n ph\u1ea9m \u0111\u01b0\u1ee3c s\u1ea3n xu\u1ea5t t\u1ea1i C\u00f4ng ty TNHH Nha M\u00e2n \u2013 nh\u00e0 m\u00e1y th\u1ef1c ph\u1ea9m hi\u1ec7n \u0111\u1ea1i v\u1edbi h\u1ec7 th\u1ed1ng qu\u1ea3n l\u00fd ch\u1ea5t l\u01b0\u1ee3ng v\u00e0 an to\u00e0n th\u1ef1c ph\u1ea9m nghi\u00eam ng\u1eb7t, \u0111\u00e1p \u1ee9ng y\u00eau c\u1ea7u s\u1ea3n xu\u1ea5t trong n\u01b0\u1edbc v\u00e0 xu\u1ea5t kh\u1ea9u. Nh\u00e0 m\u00e1y Nha M\u00e2n t\u1ef1 h\u00e0o s\u1edf h\u1eefu c\u00e1c s\u1ea3n ph\u1ea9m \u0111\u1ea1t danh hi\u1ec7u Th\u01b0\u01a1ng hi\u1ec7u Qu\u1ed1c gia nhi\u1ec1u n\u0103m li\u00ean ti\u1ebfp.<\/span><\/p>\n<ul style=\"text-align: justify;\">\n<li><span style=\"color: #000000;\">\u0110\u1ecba ch\u1ec9 nh\u00e0 m\u00e1y: Khu C, Khu C\u00f4ng nghi\u1ec7p Sa \u0110\u00e9c, ph\u01b0\u1eddng T\u00e2n Quy \u0110\u00f4ng, Th\u00e0nh ph\u1ed1 Sa \u0110\u00e9c, t\u1ec9nh \u0110\u1ed3ng Th\u00e1p, Vi\u1ec7t Nam.<\/span><\/li>\n<\/ul>\n<p><span style=\"color: #000000;\">Th\u00f4ng tin mua h\u00e0ng tr\u00ean k\u00eanh TM\u0110T:<\/span><br \/>\n<span style=\"color: #000000;\">Shopee: <a href=\"https:\/\/byvn.net\/HrLA\">https:\/\/byvn.net\/hJe6<\/a><\/span><br \/>\n<span style=\"color: #000000;\">MyU: <a href=\"https:\/\/byvn.net\/hJe6\">https:\/\/byvn.net\/QVte<\/a><\/span><\/p>\n","protected":false},"excerpt":{"rendered":"<table style=\"width: 426px;\">\n<tbody>\n<tr style=\"height: 25.7338px;\">\n<td style=\"height: 25.7338px; width: 102.176px;\"><span style=\"color: #1755ad;\"><strong>Lo\u1ea1i<\/strong><\/span><\/td>\n<td style=\"height: 25.7338px; width: 310.824px;\"><span style=\"color: #000000;\">Nui G\u1ea1o L\u1ee9t Happy Noodles<\/span><\/td>\n<\/tr>\n<tr style=\"height: 21px;\">\n<td style=\"height: 21px; width: 102.176px;\"><span style=\"color: #1755ad;\"><strong>Tr\u1ecdng l\u01b0\u1ee3ng<\/strong><\/span><\/td>\n<td style=\"height: 21px; width: 310.824px;\"><span style=\"color: #000000;\"><span class=\"NormalTextRun SCXW98413064 BCX8\">400g<\/span><span class=\"NormalTextRun SCXW98413064 BCX8\">r<\/span><\/span><\/td>\n<\/tr>\n<tr style=\"height: 21px;\">\n<td style=\"height: 21px; width: 102.176px;\"><span style=\"color: #1755ad;\"><strong>Th\u00e0nh ph\u1ea7n\u00a0<\/strong><\/span><\/td>\n<td style=\"height: 21px; width: 310.824px;\"><span style=\"color: #000000;\">b\u1ed9t g\u1ea1o 53%, b\u1ed9t g\u1ea1o l\u1ee9t 36%, tinh b\u1ed9t khoai m\u00ec 10%, mu\u1ed1i, ch\u1ea5t b\u1ea3o qu\u1ea3n (202), ch\u1ea5t \u1ed5n \u0111\u1ecbnh (451i)\u00a0<\/span><\/td>\n<\/tr>\n<tr style=\"height: 21px;\">\n<td style=\"height: 21px; width: 102.176px;\"><span style=\"color: #1755ad;\"><strong>K\u00edch th\u01b0\u1edbc<\/strong><\/span><\/td>\n<td style=\"height: 21px; width: 310.824px;\"><span style=\"color: #000000;\">3.5cm \u00b1 0.5cm\u00a0<\/span><\/td>\n<\/tr>\n<tr style=\"height: 21px;\">\n<td style=\"height: 21px; width: 102.176px;\"><span style=\"color: #1755ad;\"><b>D\u1ea1ng<\/b><\/span><\/td>\n<td style=\"height: 21px; width: 310.824px;\"><span style=\"color: #000000;\">D\u1ea1ng \u1ed1ng, \u0111\u1ea7u c\u1eaft b\u1eb1ng, kh\u00f4ng n\u1ee9t, g\u00e3y.\u00a0<\/span><\/td>\n<\/tr>\n<tr style=\"height: 21px;\">\n<td style=\"height: 21px; width: 102.176px;\"><span style=\"color: #1755ad;\"><strong>Xu\u1ea5t x\u1ee9\u00a0<\/strong><\/span><\/td>\n<td style=\"height: 21px; width: 310.824px;\"><span style=\"color: #000000;\">Vi\u1ec7t Nam<\/span><\/td>\n<\/tr>\n<\/tbody>\n<\/table>\n","protected":false},"featured_media":16199,"comment_status":"closed","ping_status":"closed","template":"","meta":[],"product_brand":[],"product_cat":[183],"product_tag":[],"class_list":{"0":"post-24470","1":"product","2":"type-product","3":"status-publish","4":"has-post-thumbnail","6":"product_cat-mi-nui","8":"first","9":"instock","10":"shipping-taxable","11":"product-type-simple"},"_links":{"self":[{"href":"https:\/\/hfoods.vn\/vi\/wp-json\/wp\/v2\/product\/24470","targetHints":{"allow":["GET"]}}],"collection":[{"href":"https:\/\/hfoods.vn\/vi\/wp-json\/wp\/v2\/product"}],"about":[{"href":"https:\/\/hfoods.vn\/vi\/wp-json\/wp\/v2\/types\/product"}],"replies":[{"embeddable":true,"href":"https:\/\/hfoods.vn\/vi\/wp-json\/wp\/v2\/comments?post=24470"}],"wp:featuredmedia":[{"embeddable":true,"href":"https:\/\/hfoods.vn\/vi\/wp-json\/wp\/v2\/media\/16199"}],"wp:attachment":[{"href":"https:\/\/hfoods.vn\/vi\/wp-json\/wp\/v2\/media?parent=24470"}],"wp:term":[{"taxonomy":"product_brand","embeddable":true,"href":"https:\/\/hfoods.vn\/vi\/wp-json\/wp\/v2\/product_brand?post=24470"},{"taxonomy":"product_cat","embeddable":true,"href":"https:\/\/hfoods.vn\/vi\/wp-json\/wp\/v2\/product_cat?post=24470"},{"taxonomy":"product_tag","embeddable":true,"href":"https:\/\/hfoods.vn\/vi\/wp-json\/wp\/v2\/product_tag?post=24470"}],"curies":[{"name":"wp","href":"https:\/\/api.w.org\/{rel}","templated":true}]}}