{"id":24474,"date":"2025-04-18T02:10:38","date_gmt":"2025-04-18T02:10:38","guid":{"rendered":"https:\/\/hfoods.vn\/product\/vegetable-noodles\/"},"modified":"2026-04-09T11:16:35","modified_gmt":"2026-04-09T04:16:35","slug":"vegetable-noodles","status":"publish","type":"product","link":"https:\/\/hfoods.vn\/vi\/san-pham\/vegetable-noodles\/","title":{"rendered":"M\u00ec Rau C\u1ee7 Happy Noodles"},"content":{"rendered":"<h2 style=\"text-align: justify;\"><span style=\"color: #000000;\">M\u00d4 T\u1ea2 S\u1ea2N PH\u1ea8M<\/span><\/h2>\n<p style=\"text-align: justify;\"><span style=\"color: #000000;\">M\u00ec Rau C\u1ee7 Happy Noodles g\u00f3i 250g l\u00e0 s\u1ea3n ph\u1ea9m \u0111\u01b0\u1ee3c s\u1ea3n xu\u1ea5t b\u1edfi C\u00f4ng ty C\u1ed5 ph\u1ea7n Th\u1ef1c ph\u1ea9m H\u00f9ng H\u1eadu (HungHau Foods), s\u1ea3n ph\u1ea9m c\u00f3 th\u00e0nh ph\u1ea7n k\u1ebft h\u1ee3p gi\u1eefa b\u1ed9t m\u00ec ch\u1ecdn l\u1ecdc v\u00e0 c\u00e1c lo\u1ea1i b\u1ed9t rau c\u1ee7 t\u1ef1 nhi\u00ean nh\u01b0 b\u1ed9t g\u1ea5c, b\u1ed9t c\u1ea3i b\u00f3 x\u00f4i, b\u1ed9t \u0111\u1eadu \u0111\u1ecf. Nh\u1edd \u0111\u00f3, s\u1ee3i m\u00ec gi\u1eef \u0111\u01b0\u1ee3c h\u01b0\u01a1ng v\u1ecb nh\u1eb9 nh\u00e0ng, m\u00e0u s\u1eafc t\u1ef1 nhi\u00ean c\u00f9ng gi\u00e1 tr\u1ecb dinh d\u01b0\u1ee1ng c\u00e2n \u0111\u1ed1i.<\/span><\/p>\n<p style=\"text-align: justify;\"><span style=\"color: #000000;\">M\u00ec Rau C\u1ee7 Happy Noodles l\u00e0 gi\u1ea3i ph\u00e1p ph\u00f9 h\u1ee3p cho c\u00e1c gia \u0111\u00ecnh Vi\u1ec7t mong mu\u1ed1n \u0103n ngon m\u00e0 v\u1eabn quan t\u00e2m \u0111\u1ebfn s\u1ee9c kh\u1ecfe. Trong nh\u1ecbp s\u1ed1ng hi\u1ec7n \u0111\u1ea1i b\u1eadn r\u1ed9n, khi b\u1eefa \u0103n nhanh d\u1ec5 thi\u1ebfu d\u01b0\u1ee1ng ch\u1ea5t, s\u1ea3n ph\u1ea9m mang \u0111\u1ebfn l\u1ef1a ch\u1ecdn ti\u1ec7n l\u1ee3i, d\u1ec5 ch\u1ebf bi\u1ebfn, gi\u00fap c\u1ea3 nh\u00e0 v\u1eabn c\u00f3 m\u1ed9t m\u00f3n \u0103n nh\u1eb9 b\u1ed5 d\u01b0\u1ee1ng, ph\u00f9 h\u1ee3p cho tr\u1ebb nh\u1ecf v\u00e0 ng\u01b0\u1eddi l\u1edbn tu\u1ed5i. Ngo\u00e0i ra, m\u00ec c\u00f2n ph\u00f9 h\u1ee3p cho ng\u01b0\u1eddi \u0103n chay v\u00e0 \u0103n ki\u00eang, \u0111\u00e1p \u1ee9ng \u0111a d\u1ea1ng nhu c\u1ea7u dinh d\u01b0\u1ee1ng h\u1eb1ng ng\u00e0y.<\/span><\/p>\n<h2 style=\"text-align: justify;\"><span style=\"color: #000000;\">TH\u00c0NH PH\u1ea6N<\/span><\/h2>\n<table>\n<tbody>\n<tr>\n<td width=\"135\"><strong><span style=\"color: #000000;\">Th\u00f4ng tin<\/span><\/strong><\/td>\n<td width=\"645\"><strong><span style=\"color: #000000;\">N\u1ed9i dung<\/span><\/strong><\/td>\n<\/tr>\n<tr>\n<td width=\"135\"><span style=\"color: #000000;\">Th\u00e0nh ph\u1ea7n<\/span><\/td>\n<td width=\"645\"><span style=\"color: #000000;\">B\u1ed9t m\u00ec 90%, b\u1ed9t n\u0103ng 6%, b\u1ed9t rau c\u1ee7 3% (b\u1ed9t g\u1ea5c, b\u1ed9t \u0111\u1eadu \u0111\u1ecf, b\u1ed9t c\u1ea3i b\u00f3 x\u00f4i), mu\u1ed1i, ch\u1ea5t b\u1ea3o qu\u1ea3n (202), ch\u1ea5t \u1ed5n \u0111\u1ecbnh (451i)<\/span><\/td>\n<\/tr>\n<tr>\n<td width=\"135\"><span style=\"color: #000000;\">\u0110\u1eb7c \u0111i\u1ec3m s\u1ee3i m\u00ec<\/span><\/td>\n<td width=\"645\"><span style=\"color: #000000;\">M\u00ec s\u1ee3i nguy\u00ean v\u1eaft tr\u00f2n, kh\u00f4ng b\u1ecb g\u00e3y, b\u1ec3 s\u1ee3i m\u00ec.<\/span><\/p>\n<p>&nbsp;<\/td>\n<\/tr>\n<tr>\n<td width=\"135\"><span style=\"color: #000000;\">K\u00edch th\u01b0\u1edbc v\u1eaft m\u00ec:<\/span><\/td>\n<td width=\"645\"><span style=\"color: #000000;\">60mm \u00b1 5mm<\/span><\/td>\n<\/tr>\n<tr>\n<td width=\"135\"><span style=\"color: #000000;\">\u0110\u01b0\u1eddng k\u00ednh s\u1ee3i m\u00ec:<\/span><\/td>\n<td width=\"645\"><span style=\"color: #000000;\">1.2mm \u00b1 0.2mm<\/span><\/td>\n<\/tr>\n<tr>\n<td width=\"135\"><span style=\"color: #000000;\">M\u00e0u s\u1eafc<\/span><\/td>\n<td width=\"645\"><span style=\"color: #000000;\">M\u00e0u cam t\u1eeb m\u00ec g\u1ea5c, m\u00e0u \u0111\u1ecf t\u1eeb m\u00ec \u0111\u1eadu \u0111\u1ecf v\u00e0 m\u00e0u xanh t\u1eeb m\u00ec c\u1ea3i b\u00f3 x\u00f4i, t\u01b0\u01a1ng \u1ee9ng v\u1edbi h\u01b0\u01a1ng v\u1ecb \u0111\u1eb7c tr\u01b0ng c\u1ee7a t\u1eebng lo\u1ea1i rau c\u1ee7<\/span><\/td>\n<\/tr>\n<\/tbody>\n<\/table>\n<h2 style=\"text-align: justify;\"><span style=\"color: #000000;\">L\u1ee2I \u00cdCH DINH D\u01af\u1ee0NG<\/span><\/h2>\n<p style=\"text-align: justify;\"><span style=\"color: #000000;\">M\u00ec Rau C\u1ee7 Happy Noodles cung c\u1ea5p ngu\u1ed3n n\u0103ng l\u01b0\u1ee3ng c\u00e2n \u0111\u1ed1i t\u1eeb carbohydrate, ch\u1ea5t b\u00e9o v\u00e0 \u0111\u1ea1m th\u1ef1c v\u1eadt t\u1ef1 nhi\u00ean t\u1eeb rau c\u1ee7, g\u00f3p ph\u1ea7n h\u1ed7 tr\u1ee3 ch\u1ebf \u0111\u1ed9 dinh d\u01b0\u1ee1ng l\u00e0nh m\u1ea1nh cho c\u01a1 th\u1ec3. Nh\u1edd th\u00e0nh ph\u1ea7n rau c\u1ee7 gi\u00e0u ch\u1ea5t x\u01a1 v\u00e0 vi ch\u1ea5t t\u1ef1 nhi\u00ean, s\u1ea3n ph\u1ea9m gi\u00fap h\u1ed7 tr\u1ee3 h\u1ec7 ti\u00eau h\u00f3a v\u00e0 b\u1ed5 sung c\u00e1c vitamin, kho\u00e1ng ch\u1ea5t thi\u1ebft y\u1ebfu.<\/span><\/p>\n<p style=\"text-align: justify;\"><span style=\"color: #000000;\">S\u1ea3n ph\u1ea9m ch\u1ee9a c\u00e1c nh\u00f3m d\u01b0\u1ee1ng ch\u1ea5t quan tr\u1ecdng nh\u01b0 n\u0103ng l\u01b0\u1ee3ng, ch\u1ea5t b\u00e9o, carbohydrate v\u00e0 ch\u1ea5t \u0111\u1ea1m. Trung b\u00ecnh, m\u1ed7i 100g M\u00ec Rau C\u1ee7 Happy Noodles cung c\u1ea5p kho\u1ea3ng 354,3 kcal, ph\u00f9 h\u1ee3p v\u1edbi nhu c\u1ea7u n\u0103ng l\u01b0\u1ee3ng trong b\u1eefa \u0103n h\u1eb1ng ng\u00e0y.<\/span><\/p>\n<p style=\"text-align: justify;\"><span style=\"color: #000000;\">V\u1edbi ngu\u1ed3n dinh d\u01b0\u1ee1ng t\u1eeb th\u1ef1c v\u1eadt v\u00e0 m\u00e0u s\u1eafc t\u1ef1 nhi\u00ean t\u1eeb rau c\u1ee7, M\u00ec Rau C\u1ee7 Happy Noodles ph\u00f9 h\u1ee3p v\u1edbi nhi\u1ec1u ch\u1ebf \u0111\u1ed9 \u0103n kh\u00e1c nhau, t\u1eeb \u0103n chay, \u0103n m\u1eb7n \u0111\u1ebfn c\u00e1c th\u1ef1c \u0111\u01a1n h\u01b0\u1edbng \u0111\u1ebfn s\u1ee9c kh\u1ecfe, l\u00e0 l\u1ef1a ch\u1ecdn ti\u1ec7n l\u1ee3i cho c\u1ea3 gia \u0111\u00ecnh.<\/span><\/p>\n<h2 style=\"text-align: justify;\"><span style=\"color: #000000;\">H\u01af\u1edaNG D\u1eaaN S\u1eec D\u1ee4NG V\u00c0 B\u1ea2O QU\u1ea2N<\/span><\/h2>\n<p style=\"text-align: justify;\"><span style=\"color: #000000;\">Cho v\u1eaft M\u00ec Rau C\u1ee7 Happy Noodles v\u00e0o n\u01b0\u1edbc s\u00f4i, n\u1ea5u trong kho\u1ea3ng 1 &#8211; 2 ph\u00fat v\u00e0 khu\u1ea5y nh\u1eb9 \u0111\u1ec3 m\u00ec ch\u00edn \u0111\u1ec1u. Sau khi m\u00ec \u0111\u1ea1t \u0111\u1ed9 ch\u00edn ph\u00f9 h\u1ee3p, v\u1edbt ra v\u00e0 tr\u1ee5ng nhanh qua n\u01b0\u1edbc l\u1ea1nh \u0111\u1ec3 t\u00e1ch s\u1ee3i v\u00e0 gi\u1eef \u0111\u1ed9 dai, \u0111\u1ec3 r\u00e1o n\u01b0\u1edbc, th\u00eam m\u1ed9t l\u01b0\u1ee3ng nh\u1ecf d\u1ea7u \u0103n v\u00e0 tr\u1ed9n \u0111\u1ec1u. C\u00f3 th\u1ec3 ch\u1ebf bi\u1ebfn th\u00e0nh nhi\u1ec1u m\u00f3n \u0103n nh\u01b0 m\u00ec x\u00e0o, m\u00ec n\u01b0\u1edbc ho\u1eb7c m\u00ec tr\u1ed9n t\u00f9y kh\u1ea9u v\u1ecb.<\/span><\/p>\n<p style=\"text-align: justify;\"><span style=\"color: #000000;\">B\u1ea3o qu\u1ea3n m\u00ec \u1edf n\u01a1i kh\u00f4 r\u00e1o, tho\u00e1ng m\u00e1t, tr\u00e1nh \u00e1nh n\u1eafng tr\u1ef1c ti\u1ebfp. Kh\u00f4ng s\u1eed d\u1ee5ng cho ng\u01b0\u1eddi d\u1ecb \u1ee9ng v\u1edbi th\u00e0nh ph\u1ea7n c\u1ee7a s\u1ea3n ph\u1ea9m.<\/span><\/p>\n<h2 style=\"text-align: justify;\"><span style=\"color: #000000;\">XU\u1ea4T X\u1ee8<\/span><\/h2>\n<p style=\"text-align: justify;\"><span style=\"color: #000000;\">M\u00ec Rau C\u1ee7 Happy Noodles Happy Noodles l\u00e0 s\u1ea3n ph\u1ea9m c\u1ee7a C\u00f4ng ty C\u1ed5 ph\u1ea7n Th\u1ef1c ph\u1ea9m H\u00f9ng H\u1eadu (HungHau Foods). \u0110\u01b0\u1ee3c bi\u1ebft \u0111\u1ebfn l\u00e0 doanh nghi\u1ec7p ti\u00eau bi\u1ec3u trong l\u0129nh v\u1ef1c s\u1ea3n xu\u1ea5t v\u00e0 ch\u1ebf bi\u1ebfn th\u1ef1c ph\u1ea9m t\u1ea1i Vi\u1ec7t Nam, HungHau Foods lu\u00f4n ki\u00ean \u0111\u1ecbnh h\u01b0\u1edbng ph\u00e1t tri\u1ec3n theo ti\u00eau chu\u1ea9n ch\u1ea5t l\u01b0\u1ee3ng cao v\u00e0 th\u00e2n thi\u1ec7n m\u00f4i tr\u01b0\u1eddng. HungHau Foods \u0111\u01b0\u1ee3c ghi nh\u1eadn danh hi\u1ec7u Doanh nghi\u1ec7p Xanh TP.HCM 2025, th\u1ec3 hi\u1ec7n cam k\u1ebft v\u1ec1 ch\u1ea5t l\u01b0\u1ee3ng s\u1ea3n ph\u1ea9m v\u00e0 h\u01b0\u1edbng \u0111\u1ebfn ph\u00e1t tri\u1ec3n b\u1ec1n v\u1eefng.<\/span><\/p>\n<p style=\"text-align: justify;\"><span style=\"color: #000000;\">S\u1ea3n ph\u1ea9m \u0111\u01b0\u1ee3c s\u1ea3n xu\u1ea5t t\u1ea1i C\u00f4ng ty TNHH Nha M\u00e2n (thu\u1ed9c HungHau Foods), nh\u00e0 m\u00e1y th\u1ef1c ph\u1ea9m hi\u1ec7n \u0111\u1ea1i v\u1edbi h\u1ec7 th\u1ed1ng qu\u1ea3n l\u00fd ch\u1ea5t l\u01b0\u1ee3ng v\u00e0 an to\u00e0n th\u1ef1c ph\u1ea9m \u0111\u1ea1t ti\u00eau chu\u1ea9n nghi\u00eam ng\u1eb7t, \u0111\u00e1p \u1ee9ng y\u00eau c\u1ea7u s\u1ea3n xu\u1ea5t trong n\u01b0\u1edbc v\u00e0 xu\u1ea5t kh\u1ea9u. Nh\u00e0 m\u00e1y Nha M\u00e2n t\u1ef1 h\u00e0o s\u1edf h\u1eefu s\u1ea3n ph\u1ea9m \u0111\u1ea1t danh hi\u1ec7u Th\u01b0\u01a1ng hi\u1ec7u Qu\u1ed1c gia nhi\u1ec1u n\u0103m li\u00ean ti\u1ebfp.<\/span><\/p>\n<ul style=\"text-align: justify;\">\n<li><span style=\"color: #000000;\">\u0110\u1ecba ch\u1ec9 nh\u00e0 m\u00e1y: Khu C, Khu C\u00f4ng nghi\u1ec7p Sa \u0110\u00e9c, ph\u01b0\u1eddng T\u00e2n Quy \u0110\u00f4ng, Th\u00e0nh ph\u1ed1 Sa \u0110\u00e9c, t\u1ec9nh \u0110\u1ed3ng Th\u00e1p, Vi\u1ec7t Nam.<\/span><\/li>\n<\/ul>\n<p><span style=\"color: #000000;\">Th\u00f4ng tin mua h\u00e0ng tr\u00ean k\u00eanh TM\u0110T:<\/span><br \/>\n<span style=\"color: #000000;\">Shopee: <a href=\"https:\/\/byvn.net\/5SST\">https:\/\/byvn.net\/hCDi <\/a><\/span><br \/>\n<span style=\"color: #000000;\">MyU: <a href=\"https:\/\/byvn.net\/4J1h\">https:\/\/byvn.net\/QVte<\/a><\/span><\/p>\n","protected":false},"excerpt":{"rendered":"<table>\n<tbody>\n<tr>\n<td width=\"201\"><span style=\"color: #1755ad;\"><strong>T\u00ean s\u1ea3n ph\u1ea9m<\/strong><\/span><\/td>\n<td width=\"358\"><span style=\"color: #000000;\">M\u00ec Rau C\u1ee7 Happy Noodles<\/span><\/td>\n<\/tr>\n<tr>\n<td width=\"201\"><span style=\"color: #1755ad;\"><strong>Tr\u1ecdng l\u01b0\u1ee3ng<\/strong><\/span><\/td>\n<td width=\"358\"><span style=\"color: #000000;\">250gr<\/span><\/td>\n<\/tr>\n<tr>\n<td width=\"201\"><span style=\"color: #1755ad;\"><strong>Th\u00e0nh ph\u1ea7n <\/strong><\/span><\/td>\n<td width=\"358\"><span style=\"color: #000000;\">b\u1ed9t m\u00ec 90%, b\u1ed9t n\u0103ng 6%, b\u1ed9t rau c\u1ee7 3% (b\u1ed9t g\u1ea5c, b\u1ed9t \u0111\u1eadu \u0111\u1ecf, b\u1ed9t c\u1ea3i b\u00f3 x\u00f4i), mu\u1ed1i, ch\u1ea5t b\u1ea3o qu\u1ea3n (202), ch\u1ea5t \u1ed5n \u0111\u1ecbnh (451i)<\/span><\/td>\n<\/tr>\n<tr>\n<td width=\"201\"><span style=\"color: #1755ad;\"><strong>K\u00edch th\u01b0\u1edbc <\/strong><\/span><\/td>\n<td width=\"358\"><span style=\"color: #000000;\">60mm \u00b1 5mm<\/span><\/td>\n<\/tr>\n<tr>\n<td width=\"201\"><span style=\"color: #1755ad;\"><strong>D\u1ea1ng<\/strong><\/span><\/td>\n<td width=\"358\"><span style=\"color: #000000;\">M\u00ec s\u1ee3i nguy\u00ean v\u1eaft tr\u00f2n, kh\u00f4ng b\u1ecb g\u00e3y, b\u1ec3 s\u1ee3i m\u00ec.<\/span><\/td>\n<\/tr>\n<tr>\n<td width=\"201\"><span style=\"color: #1755ad;\"><strong>Xu\u1ea5t x\u1ee9 <\/strong><\/span><\/td>\n<td width=\"358\"><span style=\"color: #000000;\">Vi\u1ec7t Nam<\/span><\/td>\n<\/tr>\n<\/tbody>\n<\/table>\n","protected":false},"featured_media":16159,"comment_status":"closed","ping_status":"closed","template":"","meta":[],"product_brand":[],"product_cat":[183,42],"product_tag":[],"class_list":{"0":"post-24474","1":"product","2":"type-product","3":"status-publish","4":"has-post-thumbnail","6":"product_cat-mi-nui","7":"product_cat-san-pham-khac","9":"first","10":"instock","11":"shipping-taxable","12":"product-type-simple"},"_links":{"self":[{"href":"https:\/\/hfoods.vn\/vi\/wp-json\/wp\/v2\/product\/24474","targetHints":{"allow":["GET"]}}],"collection":[{"href":"https:\/\/hfoods.vn\/vi\/wp-json\/wp\/v2\/product"}],"about":[{"href":"https:\/\/hfoods.vn\/vi\/wp-json\/wp\/v2\/types\/product"}],"replies":[{"embeddable":true,"href":"https:\/\/hfoods.vn\/vi\/wp-json\/wp\/v2\/comments?post=24474"}],"wp:featuredmedia":[{"embeddable":true,"href":"https:\/\/hfoods.vn\/vi\/wp-json\/wp\/v2\/media\/16159"}],"wp:attachment":[{"href":"https:\/\/hfoods.vn\/vi\/wp-json\/wp\/v2\/media?parent=24474"}],"wp:term":[{"taxonomy":"product_brand","embeddable":true,"href":"https:\/\/hfoods.vn\/vi\/wp-json\/wp\/v2\/product_brand?post=24474"},{"taxonomy":"product_cat","embeddable":true,"href":"https:\/\/hfoods.vn\/vi\/wp-json\/wp\/v2\/product_cat?post=24474"},{"taxonomy":"product_tag","embeddable":true,"href":"https:\/\/hfoods.vn\/vi\/wp-json\/wp\/v2\/product_tag?post=24474"}],"curies":[{"name":"wp","href":"https:\/\/api.w.org\/{rel}","templated":true}]}}