{"id":24477,"date":"2025-04-17T09:56:39","date_gmt":"2025-04-17T09:56:39","guid":{"rendered":"https:\/\/hfoods.vn\/product\/soybean-noodles-2\/"},"modified":"2026-04-09T11:40:13","modified_gmt":"2026-04-09T04:40:13","slug":"soybean-noodles-2","status":"publish","type":"product","link":"https:\/\/hfoods.vn\/vi\/san-pham\/soybean-noodles-2\/","title":{"rendered":"M\u00ec \u0110\u1eadu N\u00e0nh Happy Noodles"},"content":{"rendered":"<h2 style=\"text-align: justify;\"><span style=\"color: #000000;\">M\u00d4 T\u1ea2 S\u1ea2N PH\u1ea8M\u00a0<\/span><\/h2>\n<p style=\"text-align: justify;\"><span style=\"color: #000000;\">M\u00ec \u0110\u1eadu N\u00e0nh Happy Noodles g\u00f3i 400g l\u00e0 d\u00f2ng m\u00ec dinh d\u01b0\u1ee1ng \u0111\u01b0\u1ee3c nghi\u00ean c\u1ee9u v\u00e0 s\u1ea3n xu\u1ea5t b\u1edfi C\u00f4ng ty C\u1ed5 ph\u1ea7n Th\u1ef1c ph\u1ea9m H\u00f9ng H\u1eadu (HungHau Foods), k\u1ebft h\u1ee3p gi\u1eefa b\u1ed9t m\u00ec tinh ch\u1ecdn v\u00e0 b\u1ed9t \u0111\u1eadu n\u00e0nh t\u1ef1 nhi\u00ean. S\u1ea3n ph\u1ea9m c\u00f3 m\u00e0u s\u1eafc \u0111\u1eb7c tr\u01b0ng, h\u01b0\u01a1ng v\u1ecb nh\u1eb9 d\u1ecbu v\u00e0 c\u1ea5u tr\u00fac s\u1ee3i m\u00ec \u1ed5n \u0111\u1ecbnh, mang \u0111\u1ebfn tr\u1ea3i nghi\u1ec7m \u1ea9m th\u1ef1c kh\u00e1c bi\u1ec7t so v\u1edbi c\u00e1c d\u00f2ng m\u00ec truy\u1ec1n th\u1ed1ng.<\/span><\/p>\n<p style=\"text-align: justify;\"><span style=\"color: #000000;\">H\u01b0\u1edbng \u0111\u1ebfn nhu c\u1ea7u \u0103n u\u1ed1ng c\u00e2n b\u1eb1ng c\u1ee7a gia \u0111\u00ecnh Vi\u1ec7t, M\u00ec \u0110\u1eadu N\u00e0nh Happy Noodles l\u00e0 l\u1ef1a ch\u1ecdn ch b\u1eefa \u0103n ti\u1ec7n l\u1ee3i nh\u01b0ng v\u1eabn gi\u00e0u gi\u00e1 tr\u1ecb dinh d\u01b0\u1ee1ng. Trong b\u1ed1i c\u1ea3nh ng\u01b0\u1eddi ti\u00eau d\u00f9ng ng\u00e0y c\u00e0ng quan t\u00e2m \u0111\u1ebfn s\u1ee9c kh\u1ecfe, s\u1ea3n ph\u1ea9m gi\u00fap \u0111a d\u1ea1ng h\u00f3a th\u1ef1c \u0111\u01a1n h\u1eb1ng ng\u00e0y, ph\u00f9 h\u1ee3p cho nhi\u1ec1u \u0111\u1ed1i t\u01b0\u1ee3ng nh\u01b0 tr\u1ebb em, ng\u01b0\u1eddi l\u1edbn tu\u1ed5i, ng\u01b0\u1eddi \u0103n chay, ng\u01b0\u1eddi \u0103n ki\u00eang v\u00e0 ng\u01b0\u1eddi theo \u0111u\u1ed5i l\u1ed1i s\u1ed1ng l\u00e0nh m\u1ea1nh. \u00a0<\/span><\/p>\n<h2 style=\"text-align: justify;\"><span style=\"color: #000000;\">TH\u00c0NH PH\u1ea6N<\/span><\/h2>\n<table>\n<tbody>\n<tr>\n<td width=\"165\"><span style=\"color: #000000;\"><strong>N\u1ed9i dung<\/strong><\/span><\/td>\n<td width=\"660\"><span style=\"color: #000000;\"><strong>Th\u00f4ng tin<\/strong><\/span><\/td>\n<\/tr>\n<tr>\n<td width=\"165\"><span style=\"color: #000000;\">Th\u00e0nh ph\u1ea7n ch\u00ednh<\/span><\/td>\n<td width=\"660\"><span style=\"color: #000000;\">B\u1ed9t m\u00ec 89%, b\u1ed9t \u0111\u1eadu n\u00e0nh 10%, mu\u1ed1i, ch\u1ea5t b\u1ea3o qu\u1ea3n (202), ch\u1ea5t \u1ed5n \u0111\u1ecbnh (E451(i))<\/span><\/td>\n<\/tr>\n<tr>\n<td width=\"165\"><span style=\"color: #000000;\">\u0110\u1eb7c \u0111i\u1ec3m s\u1ee3i m\u00ec<\/span><\/td>\n<td width=\"660\"><span style=\"color: #000000;\">M\u00ec s\u1ee3i nguy\u00ean v\u1eaft tr\u00f2n, h\u1ea1n ch\u1ebf g\u00e3y, b\u1ec3 s\u1ee3i<\/span><\/td>\n<\/tr>\n<tr>\n<td width=\"165\"><span style=\"color: #000000;\">K\u00edch th\u01b0\u1edbc v\u1eaft m\u00ec<\/span><\/td>\n<td width=\"660\"><span style=\"color: #000000;\">60 mm \u00b1 5 mm<\/span><\/td>\n<\/tr>\n<tr>\n<td width=\"165\"><span style=\"color: #000000;\">\u0110\u01b0\u1eddng k\u00ednh s\u1ee3i m\u00ec<\/span><\/td>\n<td width=\"660\"><span style=\"color: #000000;\">1.2 mm \u00b1 0.2 mm<\/span><\/td>\n<\/tr>\n<tr>\n<td width=\"165\"><span style=\"color: #000000;\">M\u00e0u s\u1eafc<\/span><\/td>\n<td width=\"660\"><span style=\"color: #000000;\">M\u00e0u v\u00e0ng nh\u1ea1t t\u1ef1 nhi\u00ean c\u1ee7a \u0111\u1eadu n\u00e0nh<\/span><\/td>\n<\/tr>\n<\/tbody>\n<\/table>\n<h2 style=\"text-align: justify;\"><span style=\"color: #000000;\">L\u1ee2I \u00cdCH S\u1eec D\u1ee4NG<\/span><\/h2>\n<p style=\"text-align: justify;\"><span style=\"color: #000000;\">M\u00ec \u0110\u1eadu N\u00e0nh Happy Noodles l\u00e0 ngu\u1ed3n b\u1ed5 sung protein th\u1ef1c v\u1eadt t\u1eeb \u0111\u1eadu n\u00e0nh, g\u00f3p ph\u1ea7n h\u1ed7 tr\u1ee3 ch\u1ebf \u0111\u1ed9 dinh d\u01b0\u1ee1ng c\u00e2n \u0111\u1ed1i v\u00e0 t\u1ed1t cho s\u1ee9c kh\u1ecfe tim m\u1ea1ch. H\u00e0m l\u01b0\u1ee3ng ch\u1ea5t x\u01a1 t\u1ef1 nhi\u00ean trong \u0111\u1eadu n\u00e0nh gi\u00fap h\u1ed7 tr\u1ee3 h\u1ec7 ti\u00eau h\u00f3a, \u0111\u1ed3ng th\u1eddi cung c\u1ea5p vitamin v\u00e0 kho\u00e1ng ch\u1ea5t thi\u1ebft y\u1ebfu cho c\u01a1 th\u1ec3.<\/span><\/p>\n<p style=\"text-align: justify;\"><span style=\"color: #000000;\">S\u1ea3n ph\u1ea9m ch\u1ee9a c\u00e1c nh\u00f3m d\u01b0\u1ee1ng ch\u1ea5t quan tr\u1ecdng nh\u01b0 n\u0103ng l\u01b0\u1ee3ng, ch\u1ea5t b\u00e9o, carbohydrate v\u00e0 ch\u1ea5t \u0111\u1ea1m. Trung b\u00ecnh, m\u1ed7i 100g m\u00ec \u0111\u1eadu n\u00e0nh cung c\u1ea5p kho\u1ea3ng 350,9 kcal, ph\u00f9 h\u1ee3p v\u1edbi nhu c\u1ea7u n\u0103ng l\u01b0\u1ee3ng trong b\u1eefa \u0103n h\u1eb1ng ng\u00e0y.<\/span><\/p>\n<p style=\"text-align: justify;\"><span style=\"color: #000000;\">Nh\u1edd th\u00e0nh ph\u1ea7n dinh d\u01b0\u1ee1ng t\u1eeb th\u1ef1c v\u1eadt, M\u00ec \u0110\u1eadu N\u00e0nh Happy Noodles ph\u00f9 h\u1ee3p v\u1edbi \u0111a d\u1ea1ng ch\u1ebf \u0111\u1ed9 \u0103n u\u1ed1ng, t\u1eeb \u0103n chay, \u0103n m\u1eb7n \u0111\u1ebfn c\u00e1c th\u1ef1c \u0111\u01a1n h\u01b0\u1edbng \u0111\u1ebfn s\u1ee9c kh\u1ecfe.<\/span><\/p>\n<h2 style=\"text-align: justify;\"><span style=\"color: #000000;\">H\u01af\u1edaNG D\u1eaaN S\u1eec D\u1ee4NG\u00a0V\u00c0 B\u1ea2O QU\u1ea2N<\/span><\/h2>\n<p style=\"text-align: justify;\"><span style=\"color: #000000;\">Cho v\u1eaft M\u00ec \u0110\u1eadu N\u00e0nh Happy Noodles v\u00e0o n\u01b0\u1edbc s\u00f4i, n\u1ea5u trong kho\u1ea3ng 1\u20132 ph\u00fat v\u00e0 khu\u1ea5y nh\u1eb9 \u0111\u1ec3 m\u00ec ch\u00edn \u0111\u1ec1u. Sau khi m\u00ec \u0111\u1ea1t \u0111\u1ed9 ch\u00edn ph\u00f9 h\u1ee3p, v\u1edbt ra v\u00e0 tr\u1ee5ng nhanh qua n\u01b0\u1edbc l\u1ea1nh \u0111\u1ec3 t\u00e1ch s\u1ee3i v\u00e0 gi\u1eef \u0111\u1ed9 dai, \u0111\u1ec3 r\u00e1o n\u01b0\u1edbc, th\u00eam m\u1ed9t l\u01b0\u1ee3ng nh\u1ecf d\u1ea7u \u0103n v\u00e0 tr\u1ed9n \u0111\u1ec1u. C\u00f3 th\u1ec3 ch\u1ebf bi\u1ebfn th\u00e0nh nhi\u1ec1u m\u00f3n \u0103n nh\u01b0 m\u00ec x\u00e0o, m\u00ec n\u01b0\u1edbc ho\u1eb7c m\u00ec tr\u1ed9n t\u00f9y kh\u1ea9u v\u1ecb.<\/span><\/p>\n<p style=\"text-align: justify;\"><span style=\"color: #000000;\">B\u1ea3o qu\u1ea3n m\u00ec \u1edf n\u01a1i kh\u00f4 r\u00e1o, tho\u00e1ng m\u00e1t, tr\u00e1nh \u00e1nh n\u1eafng tr\u1ef1c ti\u1ebfp. Kh\u00f4ng s\u1eed d\u1ee5ng cho ng\u01b0\u1eddi d\u1ecb \u1ee9ng v\u1edbi th\u00e0nh ph\u1ea7n c\u1ee7a s\u1ea3n ph\u1ea9m.<\/span><\/p>\n<h2 style=\"text-align: justify;\"><span style=\"color: #000000;\">XU\u1ea4T X\u1ee8\u00a0<\/span><\/h2>\n<p style=\"text-align: justify;\"><span style=\"color: #000000;\">M\u00ec \u0110\u1eadu N\u00e0nh Happy Noodles l\u00e0 s\u1ea3n ph\u1ea9m c\u1ee7a C\u00f4ng ty C\u1ed5 ph\u1ea7n Th\u1ef1c ph\u1ea9m H\u00f9ng H\u1eadu (HungHau Foods). S\u1ea3n ph\u1ea9m \u0111\u01b0\u1ee3c s\u1ea3n xu\u1ea5t t\u1ea1i C\u00f4ng ty TNHH Nha M\u00e2n \u2013 nh\u00e0 m\u00e1y th\u1ef1c ph\u1ea9m hi\u1ec7n \u0111\u1ea1i v\u1edbi h\u1ec7 th\u1ed1ng qu\u1ea3n l\u00fd ch\u1ea5t l\u01b0\u1ee3ng v\u00e0 an to\u00e0n th\u1ef1c ph\u1ea9m \u0111\u1ea1t ti\u00eau chu\u1ea9n nghi\u00eam ng\u1eb7t, \u0111\u00e1p \u1ee9ng y\u00eau c\u1ea7u s\u1ea3n xu\u1ea5t trong n\u01b0\u1edbc v\u00e0 xu\u1ea5t kh\u1ea9u. Nh\u00e0 m\u00e1y Nha M\u00e2n t\u1ef1 h\u00e0o s\u1edf h\u1eefu s\u1ea3n ph\u1ea9m \u0111\u1ea1t danh hi\u1ec7u Th\u01b0\u01a1ng hi\u1ec7u Qu\u1ed1c gia nhi\u1ec1u n\u0103m li\u00ean ti\u1ebfp.<\/span><\/p>\n<p style=\"text-align: justify;\"><span style=\"color: #000000;\">HungHau Foods \u0111\u01b0\u1ee3c ghi nh\u1eadn danh hi\u1ec7u Doanh nghi\u1ec7p Xanh TP.HCM 2025, th\u1ec3 hi\u1ec7n cam k\u1ebft v\u1ec1 ch\u1ea5t l\u01b0\u1ee3ng s\u1ea3n ph\u1ea9m v\u00e0 h\u01b0\u1edbng \u0111\u1ebfn ph\u00e1t tri\u1ec3n b\u1ec1n v\u1eefng.<\/span><\/p>\n<p style=\"text-align: justify;\"><span style=\"color: #000000;\">\u0110\u01b0\u1ee3c bi\u1ebft \u0111\u1ebfn l\u00e0 doanh nghi\u1ec7p ti\u00eau bi\u1ec3u trong l\u0129nh v\u1ef1c s\u1ea3n xu\u1ea5t v\u00e0 ch\u1ebf bi\u1ebfn th\u1ef1c ph\u1ea9m t\u1ea1i Vi\u1ec7t Nam, HungHau Foods ki\u00ean \u0111\u1ecbnh theo \u0111u\u1ed5i \u0111\u1ecbnh h\u01b0\u1edbng ph\u00e1t tri\u1ec3n theo ti\u00eau chu\u1ea9n ch\u1ea5t l\u01b0\u1ee3ng cao v\u00e0 th\u00e2n thi\u1ec7n m\u00f4i tr\u01b0\u1eddng.<\/span><\/p>\n<ul style=\"text-align: justify;\">\n<li><span style=\"color: #000000;\">\u0110\u1ecba ch\u1ec9 nh\u00e0 m\u00e1y: Khu C, Khu C\u00f4ng nghi\u1ec7p Sa \u0110\u00e9c, ph\u01b0\u1eddng T\u00e2n Quy \u0110\u00f4ng, Th\u00e0nh ph\u1ed1 Sa \u0110\u00e9c, t\u1ec9nh \u0110\u1ed3ng Th\u00e1p, Vi\u1ec7t Nam.<\/span><\/li>\n<\/ul>\n<p><span style=\"color: #000000;\">Th\u00f4ng tin mua h\u00e0ng tr\u00ean k\u00eanh TM\u0110T:<\/span><br \/>\n<span style=\"color: #000000;\">Shopee: <a href=\"https:\/\/byvn.net\/iuAx\">https:\/\/byvn.net\/hCDi <\/a><\/span><br \/>\n<span style=\"color: #000000;\">MyU: <a href=\"https:\/\/byvn.net\/QVte\">https:\/\/byvn.net\/QVte<\/a>\u00a0<\/span><\/p>\n","protected":false},"excerpt":{"rendered":"<table>\n<tbody>\n<tr>\n<td><span style=\"color: #1755ad;\"><strong>T\u00ean s\u1ea3n ph\u1ea9m<\/strong><\/span><\/td>\n<td><span style=\"color: #000000;\">M\u00ec \u0110\u1eadu N\u00e0nh Happy Noodles<\/span><\/td>\n<\/tr>\n<tr>\n<td><span style=\"color: #1755ad;\"><strong>Tr\u1ecdng l\u01b0\u1ee3ng<\/strong><\/span><\/td>\n<td><span style=\"color: #000000;\">400gr<\/span><\/td>\n<\/tr>\n<tr>\n<td><span style=\"color: #1755ad;\"><strong>Th\u00e0nh ph\u1ea7n<\/strong><\/span><\/td>\n<td><span style=\"color: #000000;\">B\u1ed9t m\u00ec 89%, b\u1ed9t \u0111\u1eadu n\u00e0nh 10%, mu\u1ed1i, ch\u1ea5t b\u1ea3o qu\u1ea3n (202), ch\u1ea5t \u1ed5n \u0111\u1ecbnh (451(i)).<\/span><\/td>\n<\/tr>\n<tr>\n<td><span style=\"color: #1755ad;\"><strong>K\u00edch th\u01b0\u1edbc<\/strong><\/span><\/td>\n<td><span style=\"color: #000000;\">60mm \u00b1 5mm<\/span><\/td>\n<\/tr>\n<tr>\n<td><span style=\"color: #1755ad;\"><strong>D\u1ea1ng<\/strong><\/span><\/td>\n<td><span style=\"color: #000000;\">M\u00ec s\u1ee3i nguy\u00ean v\u1eaft tr\u00f2n, kh\u00f4ng b\u1ecb g\u00e3y, b\u1ec3 s\u1ee3i m\u00ec.<\/span><\/td>\n<\/tr>\n<tr>\n<td><span style=\"color: #1755ad;\"><strong>Xu\u1ea5t x\u1ee9 <\/strong><\/span><\/td>\n<td><span style=\"color: #000000;\">Vi\u1ec7t Nam<\/span><\/td>\n<\/tr>\n<\/tbody>\n<\/table>\n","protected":false},"featured_media":24964,"comment_status":"closed","ping_status":"closed","template":"","meta":[],"product_brand":[],"product_cat":[183],"product_tag":[],"class_list":{"0":"post-24477","1":"product","2":"type-product","3":"status-publish","4":"has-post-thumbnail","6":"product_cat-mi-nui","8":"first","9":"instock","10":"shipping-taxable","11":"product-type-simple"},"_links":{"self":[{"href":"https:\/\/hfoods.vn\/vi\/wp-json\/wp\/v2\/product\/24477","targetHints":{"allow":["GET"]}}],"collection":[{"href":"https:\/\/hfoods.vn\/vi\/wp-json\/wp\/v2\/product"}],"about":[{"href":"https:\/\/hfoods.vn\/vi\/wp-json\/wp\/v2\/types\/product"}],"replies":[{"embeddable":true,"href":"https:\/\/hfoods.vn\/vi\/wp-json\/wp\/v2\/comments?post=24477"}],"wp:featuredmedia":[{"embeddable":true,"href":"https:\/\/hfoods.vn\/vi\/wp-json\/wp\/v2\/media\/24964"}],"wp:attachment":[{"href":"https:\/\/hfoods.vn\/vi\/wp-json\/wp\/v2\/media?parent=24477"}],"wp:term":[{"taxonomy":"product_brand","embeddable":true,"href":"https:\/\/hfoods.vn\/vi\/wp-json\/wp\/v2\/product_brand?post=24477"},{"taxonomy":"product_cat","embeddable":true,"href":"https:\/\/hfoods.vn\/vi\/wp-json\/wp\/v2\/product_cat?post=24477"},{"taxonomy":"product_tag","embeddable":true,"href":"https:\/\/hfoods.vn\/vi\/wp-json\/wp\/v2\/product_tag?post=24477"}],"curies":[{"name":"wp","href":"https:\/\/api.w.org\/{rel}","templated":true}]}}