{"id":24478,"date":"2025-04-17T03:23:07","date_gmt":"2025-04-17T03:23:07","guid":{"rendered":"https:\/\/hfoods.vn\/product\/black-sesame-happy-noodles\/"},"modified":"2026-04-09T11:38:49","modified_gmt":"2026-04-09T04:38:49","slug":"black-sesame-happy-noodles","status":"publish","type":"product","link":"https:\/\/hfoods.vn\/vi\/san-pham\/black-sesame-happy-noodles\/","title":{"rendered":"M\u00ec M\u00e8 \u0110en Happy Noodles"},"content":{"rendered":"<h2 style=\"text-align: justify;\"><span style=\"color: #000000;\">M\u00d4 T\u1ea2 S\u1ea2N PH\u1ea8M <\/span><\/h2>\n<p style=\"text-align: justify;\"><span style=\"color: #000000;\">M\u00ec M\u00e8 \u0110en Happy Noodles g\u00f3i 400gr l\u00e0 d\u00f2ng m\u00ec \u0111\u01b0\u1ee3c s\u1ea3n xu\u1ea5t b\u1edfi C\u00f4ng ty C\u1ed5 ph\u1ea7n Th\u1ef1c ph\u1ea9m H\u00f9ng H\u1eadu (HungHau Foods), l\u00e0 s\u1ef1 k\u1ebft h\u1ee3p gi\u1eefa b\u1ed9t m\u00ec ch\u1ecdn l\u1ecdc v\u00e0 b\u1ed9t m\u00e8 \u0111en t\u1ef1 nhi\u00ean gi\u1eef \u0111\u01b0\u1ee3c h\u01b0\u01a1ng v\u1ecb \u0111\u1eb7c tr\u01b0ng, m\u00e0u s\u1eafc t\u1ef1 nhi\u00ean v\u00e0 gi\u00e1 tr\u1ecb dinh d\u01b0\u1ee1ng c\u00e2n b\u1eb1ng.<\/span><\/p>\n<p style=\"text-align: justify;\"><span style=\"color: #000000;\">M\u00ec M\u00e8 \u0110en Happy Noodles l\u00e0 l\u1ef1a ch\u1ecdn ph\u00f9 h\u1ee3p cho nh\u1eefng gia \u0111\u00ecnh Vi\u1ec7t mu\u1ed1n \u0103n ngon h\u01a1n nh\u01b0ng v\u1eabn \u0111\u1ea3m b\u1ea3o dinh d\u01b0\u1ee1ng v\u00e0 s\u1ee9c kh\u1ecfe. Khi nh\u1ecbp s\u1ed1ng ng\u00e0y c\u00e0ng b\u1eadn r\u1ed9n, nhi\u1ec1u ng\u01b0\u1eddi lo l\u1eafng b\u1eefa \u0103n nhanh s\u1ebd thi\u1ebfu c\u00e2n b\u1eb1ng, M\u00ec M\u00e8 \u0110en l\u00e0 l\u1ef1a ch\u1ecdn \u0111\u01a1n gi\u1ea3n \u0111\u1ec3 c\u1ea3 nh\u00e0 v\u1eabn c\u00f3 m\u1ed9t m\u00f3n \u0103n nh\u1eb9, d\u1ec5 ch\u1ebf bi\u1ebfn, gi\u00e0u gi\u00e1 tr\u1ecb dinh d\u01b0\u1ee1ng cho tr\u1ebb nh\u1ecf v\u00e0 ng\u01b0\u1eddi l\u1edbn tu\u1ed5i. Ngo\u00e0i ra, s\u1ea3n ph\u1ea9m c\u00f3 th\u1ec3 d\u00f9ng cho ng\u01b0\u1eddi \u0103n chay, \u0103n ki\u00eang.<\/span><\/p>\n<h2 style=\"text-align: justify;\"><span style=\"color: #000000;\">TH\u00c0NH PH\u1ea6N <\/span><\/h2>\n<table>\n<tbody>\n<tr>\n<td width=\"195\"><span style=\"color: #000000;\"><strong>N\u1ed9i dung<\/strong><\/span><\/td>\n<td width=\"585\"><span style=\"color: #000000;\"><strong>Th\u00f4ng tin<\/strong><\/span><\/td>\n<\/tr>\n<tr>\n<td width=\"195\"><span style=\"color: #000000;\">Th\u00e0nh ph\u1ea7n ch\u00ednh<\/span><\/td>\n<td width=\"585\"><span style=\"color: #000000;\">B\u1ed9t m\u00ec 94%, b\u1ed9t m\u00e8 \u0111en 4%, mu\u1ed1i, ch\u1ea5t b\u1ea3o qu\u1ea3n (202), ch\u1ea5t \u1ed5n \u0111\u1ecbnh (451(i))<\/span><\/td>\n<\/tr>\n<tr>\n<td width=\"195\"><span style=\"color: #000000;\">\u0110\u1eb7c \u0111i\u1ec3m s\u1ee3i m\u00ec<\/span><\/td>\n<td width=\"585\"><span style=\"color: #000000;\">M\u00ec s\u1ee3i nguy\u00ean v\u1eaft tr\u00f2n, kh\u00f4ng b\u1ecb g\u00e3y, b\u1ec3 s\u1ee3i<\/span><\/td>\n<\/tr>\n<tr>\n<td width=\"195\"><span style=\"color: #000000;\">K\u00edch th\u01b0\u1edbc v\u1eaft m\u00ec<\/span><\/td>\n<td width=\"585\"><span style=\"color: #000000;\">60 mm \u00b1 5 mm<\/span><\/td>\n<\/tr>\n<tr>\n<td width=\"195\"><span style=\"color: #000000;\">\u0110\u01b0\u1eddng k\u00ednh s\u1ee3i m\u00ec<\/span><\/td>\n<td width=\"585\"><span style=\"color: #000000;\">1.2 mm \u00b1 0.2 mm<\/span><\/td>\n<\/tr>\n<tr>\n<td width=\"195\"><span style=\"color: #000000;\">M\u00e0u s\u1eafc<\/span><\/td>\n<td width=\"585\"><span style=\"color: #000000;\">M\u00e0u \u0111en nh\u1ea1t t\u1ef1 nhi\u00ean c\u1ee7a m\u00e8 \u0111en<\/span><\/td>\n<\/tr>\n<\/tbody>\n<\/table>\n<h2 style=\"text-align: justify;\"><span style=\"color: #000000;\">L\u1ee2I \u00cdCH S\u1eec D\u1ee4NG<\/span><\/h2>\n<p style=\"text-align: justify;\"><span style=\"color: #000000;\">M\u00ec M\u00e8 \u0110en Happy Noodles cung c\u1ea5p ngu\u1ed3n n\u0103ng l\u01b0\u1ee3ng c\u1ea7n thi\u1ebft cho c\u01a1 th\u1ec3 th\u00f4ng qua carbohydrate, ch\u1ea5t b\u00e9o, protein v\u00e0 \u0111\u1ea1m th\u1ef1c v\u1eadt t\u1eeb m\u00e8 \u0111en. Trung b\u00ecnh, m\u1ed7i 100g s\u1ea3n ph\u1ea9m cung c\u1ea5p kho\u1ea3ng 368,9 kcal, \u0111\u00e1p \u1ee9ng nhu c\u1ea7u n\u0103ng l\u01b0\u1ee3ng trong b\u1eefa \u0103n h\u00e0ng ng\u00e0y.<\/span><\/p>\n<p style=\"text-align: justify;\"><span style=\"color: #000000;\">Nh\u1edd th\u00e0nh ph\u1ea7n m\u00e8 \u0111en gi\u00e0u d\u01b0\u1ee1ng ch\u1ea5t, s\u1ea3n ph\u1ea9m b\u1ed5 sung ch\u1ea5t b\u00e9o th\u1ef1c v\u1eadt v\u00e0 c\u00e1c vi ch\u1ea5t dinh d\u01b0\u1ee1ng t\u1ef1 nhi\u00ean, h\u1ed7 tr\u1ee3 ch\u1ebf \u0111\u1ed9 \u0103n c\u00e2n b\u1eb1ng.<\/span><\/p>\n<p style=\"text-align: justify;\"><span style=\"color: #000000;\">M\u00ec M\u00e8 \u0110en Happy Noodles ph\u00f9 h\u1ee3p h\u1ea7u h\u1ebft c\u00e1c \u0111\u1ed1i t\u01b0\u1ee3ng \u0103n chay ho\u1eb7c \u0103n m\u1eb7n.<\/span><\/p>\n<h2 style=\"text-align: justify;\"><span style=\"color: #000000;\">H\u01af\u1edaNG D\u1eaaN S\u1eec D\u1ee4NG V\u00c0 B\u1ea2O QU\u1ea2N<\/span><\/h2>\n<p style=\"text-align: justify;\"><span style=\"color: #000000;\">Cho v\u1eaft M\u00ec M\u00e8 \u0110en Happy Noodles v\u00e0o n\u01b0\u1edbc s\u00f4i, n\u1ea5u kho\u1ea3ng 1\u20132 ph\u00fat v\u00e0 khu\u1ea5y nh\u1eb9 \u0111\u1ec3 m\u00ec ch\u00edn \u0111\u1ec1u. V\u1edbt m\u00ec ra, tr\u1ee5ng qua n\u01b0\u1edbc l\u1ea1nh \u0111\u1ec3 t\u00e1ch s\u1ee3i v\u00e0 gi\u1eef \u0111\u1ed9 dai, \u0111\u1ec3 r\u00e1o n\u01b0\u1edbc, th\u00eam m\u1ed9t \u00edt d\u1ea7u \u0103n v\u00e0 tr\u1ed9n \u0111\u1ec1u. C\u00f3 th\u1ec3 ch\u1ebf bi\u1ebfn th\u00e0nh m\u00ec x\u00e0o, m\u00ec n\u01b0\u1edbc ho\u1eb7c m\u00ec tr\u1ed9n theo kh\u1ea9u v\u1ecb.<\/span><\/p>\n<p style=\"text-align: justify;\"><span style=\"color: #000000;\">B\u1ea3o qu\u1ea3n m\u00ec \u1edf n\u01a1i kh\u00f4 r\u00e1o, tho\u00e1ng m\u00e1t, tr\u00e1nh \u00e1nh n\u1eafng tr\u1ef1c ti\u1ebfp. Kh\u00f4ng s\u1eed d\u1ee5ng cho ng\u01b0\u1eddi d\u1ecb \u1ee9ng v\u1edbi th\u00e0nh ph\u1ea7n c\u1ee7a s\u1ea3n ph\u1ea9m.<\/span><\/p>\n<h2 style=\"text-align: justify;\"><span style=\"color: #000000;\">XU\u1ea4T X\u1ee8 <\/span><\/h2>\n<p style=\"text-align: justify;\"><span style=\"color: #000000;\">M\u00ec M\u00e8 \u0110en Happy Noodles l\u00e0 s\u1ea3n ph\u1ea9m c\u1ee7a C\u00f4ng ty C\u1ed5 ph\u1ea7n Th\u1ef1c ph\u1ea9m H\u00f9ng H\u1eadu (HungHau Foods) l\u00e0 m\u1ed9t trong nh\u1eefng \u0111\u01a1n v\u1ecb ti\u00eau bi\u1ec3u trong s\u1ea3n xu\u1ea5t v\u00e0 ch\u1ebf bi\u1ebfn th\u1ef1c ph\u1ea9m t\u1ea1i Vi\u1ec7t Nam. C\u00f4ng ty C\u1ed5 ph\u1ea7n Th\u1ef1c ph\u1ea9m H\u00f9ng H\u1eadu \u0111\u01b0\u1ee3c ghi nh\u1eadn danh hi\u1ec7u Doanh nghi\u1ec7p Xanh TPHCM 2025 \u2013 gi\u1ea3i th\u01b0\u1edfng v\u1ec1 ti\u00eau chu\u1ea9n ch\u1ea5t l\u01b0\u1ee3ng v\u00e0 th\u00e2n thi\u1ec7n m\u00f4i tr\u01b0\u1eddng, h\u01b0\u1edbng \u0111\u1ebfn gi\u00e1 tr\u1ecb s\u1ea3n xu\u1ea5t v\u00e0 kinh doanh b\u1ec1n v\u1eefng.<\/span><\/p>\n<p style=\"text-align: justify;\"><span style=\"color: #000000;\">M\u00ec M\u00e8 \u0110en Happy Noodles \u0111\u01b0\u1ee3c s\u1ea3n xu\u1ea5t tr\u1ef1c ti\u1ebfp t\u1ea1i C\u00f4ng ty TNHH Nha M\u00e2n \u2013 nh\u00e0 m\u00e1y s\u1ea3n xu\u1ea5t th\u1ef1c ph\u1ea9m hi\u1ec7n \u0111\u1ea1i \u0111\u1ea1t c\u00e1c ti\u00eau chu\u1ea9n qu\u1ea3n l\u00fd ch\u1ea5t l\u01b0\u1ee3ng v\u00e0 an to\u00e0n th\u1ef1c ph\u1ea9m nghi\u00eam ng\u1eb7t, \u0111\u00e1p \u1ee9ng y\u00eau c\u1ea7u s\u1ea3n xu\u1ea5t trong n\u01b0\u1edbc v\u00e0 xu\u1ea5t kh\u1ea9u. Nh\u00e0 m\u00e1y Nha M\u00e2n t\u1ef1 h\u00e0o l\u00e0 \u0111\u01a1n v\u1ecb c\u00f3 s\u1ea3n ph\u1ea9m \u0111\u1ea1t gi\u1ea3i Th\u01b0\u01a1ng hi\u1ec7u Qu\u1ed1c gia 5 l\u1ea7n li\u00ean ti\u1ebfp.<\/span><\/p>\n<ul style=\"text-align: justify;\">\n<li><span style=\"color: #000000;\">\u0110\u1ecba ch\u1ec9 nh\u00e0 m\u00e1y: Khu C, Khu C\u00f4ng nghi\u1ec7p Sa \u0110\u00e9c, ph\u01b0\u1eddng T\u00e2n Quy \u0110\u00f4ng, Th\u00e0nh ph\u1ed1 Sa \u0110\u00e9c, t\u1ec9nh \u0110\u1ed3ng Th\u00e1p, Vi\u1ec7t Nam.<\/span><\/li>\n<\/ul>\n<p><span style=\"color: #000000;\">Th\u00f4ng tin mua h\u00e0ng tr\u00ean k\u00eanh TM\u0110T:<\/span><br \/>\n<span style=\"color: #000000;\">Shopee: <a href=\"https:\/\/byvn.net\/lg75\">https:\/\/byvn.net\/hCDi <\/a><\/span><br \/>\n<span style=\"color: #000000;\">MyU: <a href=\"https:\/\/byvn.net\/rX0G\">https:\/\/byvn.net\/QVte <\/a><\/span><\/p>\n<p style=\"text-align: justify;\">\n","protected":false},"excerpt":{"rendered":"<table>\n<tbody>\n<tr>\n<td><span style=\"color: #1755ad;\"><strong>T\u00ean s\u1ea3n ph\u1ea9m<\/strong><\/span><\/td>\n<td><span style=\"color: #000000;\">M\u00ec M\u00e8 \u0110en Happy Noodles<\/span><\/td>\n<\/tr>\n<tr>\n<td><span style=\"color: #1755ad;\"><strong>Tr\u1ecdng l\u01b0\u1ee3ng<\/strong><\/span><\/td>\n<td><span style=\"color: #000000;\">400gr<\/span><\/td>\n<\/tr>\n<tr>\n<td><span style=\"color: #1755ad;\"><strong>Th\u00e0nh ph\u1ea7n<\/strong><\/span><\/td>\n<td><span style=\"color: #000000;\">B\u1ed9t m\u00ec 94%, b\u1ed9t m\u00e8 \u0111en 4%, mu\u1ed1i, ch\u1ea5t b\u1ea3o qu\u1ea3n (202), ch\u1ea5t \u1ed5n \u0111\u1ecbnh (451(i)).<\/span><\/td>\n<\/tr>\n<tr>\n<td><span style=\"color: #1755ad;\"><strong>K\u00edch th\u01b0\u1edbc<\/strong><\/span><\/td>\n<td><span style=\"color: #000000;\">60mm \u00b1 5mm<\/span><\/td>\n<\/tr>\n<tr>\n<td><span style=\"color: #1755ad;\"><strong>D\u1ea1ng<\/strong><\/span><\/td>\n<td><span style=\"color: #000000;\">M\u00ec s\u1ee3i nguy\u00ean v\u1eaft tr\u00f2n, kh\u00f4ng b\u1ecb g\u00e3y, b\u1ec3 s\u1ee3i m\u00ec.<\/span><\/td>\n<\/tr>\n<tr>\n<td><span style=\"color: #1755ad;\"><strong>Xu\u1ea5t x\u1ee9 <\/strong><\/span><\/td>\n<td><span style=\"color: #000000;\">Vi\u1ec7t Nam<\/span><\/td>\n<\/tr>\n<\/tbody>\n<\/table>\n","protected":false},"featured_media":16126,"comment_status":"closed","ping_status":"closed","template":"","meta":[],"product_brand":[],"product_cat":[183,42],"product_tag":[],"class_list":{"0":"post-24478","1":"product","2":"type-product","3":"status-publish","4":"has-post-thumbnail","6":"product_cat-mi-nui","7":"product_cat-san-pham-khac","9":"first","10":"instock","11":"shipping-taxable","12":"product-type-simple"},"_links":{"self":[{"href":"https:\/\/hfoods.vn\/vi\/wp-json\/wp\/v2\/product\/24478","targetHints":{"allow":["GET"]}}],"collection":[{"href":"https:\/\/hfoods.vn\/vi\/wp-json\/wp\/v2\/product"}],"about":[{"href":"https:\/\/hfoods.vn\/vi\/wp-json\/wp\/v2\/types\/product"}],"replies":[{"embeddable":true,"href":"https:\/\/hfoods.vn\/vi\/wp-json\/wp\/v2\/comments?post=24478"}],"wp:featuredmedia":[{"embeddable":true,"href":"https:\/\/hfoods.vn\/vi\/wp-json\/wp\/v2\/media\/16126"}],"wp:attachment":[{"href":"https:\/\/hfoods.vn\/vi\/wp-json\/wp\/v2\/media?parent=24478"}],"wp:term":[{"taxonomy":"product_brand","embeddable":true,"href":"https:\/\/hfoods.vn\/vi\/wp-json\/wp\/v2\/product_brand?post=24478"},{"taxonomy":"product_cat","embeddable":true,"href":"https:\/\/hfoods.vn\/vi\/wp-json\/wp\/v2\/product_cat?post=24478"},{"taxonomy":"product_tag","embeddable":true,"href":"https:\/\/hfoods.vn\/vi\/wp-json\/wp\/v2\/product_tag?post=24478"}],"curies":[{"name":"wp","href":"https:\/\/api.w.org\/{rel}","templated":true}]}}