{"id":24483,"date":"2025-05-20T03:32:09","date_gmt":"2025-05-20T03:32:09","guid":{"rendered":"https:\/\/hfoods.vn\/product\/taro-tempura-2\/"},"modified":"2026-04-02T16:54:45","modified_gmt":"2026-04-02T09:54:45","slug":"taro-tempura-2","status":"publish","type":"product","link":"https:\/\/hfoods.vn\/vi\/san-pham\/taro-tempura-2\/","title":{"rendered":"Tempura Khoai M\u00f4n"},"content":{"rendered":"<h2><span style=\"color: #000000;\">TEMPURA KHOAI M\u00d4N<\/span><\/h2>\n<p><span style=\"font-weight: 400; color: #000000;\">Tempura khoai m\u00f4n c\u1ee7a C\u00f4ng ty C\u1ed5 ph\u1ea7n Th\u1ef1c ph\u1ea9m H\u00f9ng H\u1eadu (HungHau Foods), \u0111\u01b0\u1ee3c tuy\u1ec3n ch\u1ecdn t\u1eeb nguy\u00ean li\u1ec7u khoai m\u00f4n \u0111\u1ea1t chu\u1ea9n t\u1eeb c\u00e1c v\u00f9ng tr\u1ed3ng thu\u1ed9c c\u00e1c t\u1ec9nh An Giang v\u00e0 \u0110\u1ed3ng Th\u00e1p (Vi\u1ec7t Nam). S\u1ea3n ph\u1ea9m \u0111\u01b0\u1ee3c c\u1ea5p \u0111\u00f4ng b\u1eb1ng c\u00f4ng ngh\u1ec7 IQF hi\u1ec7n \u0111\u1ea1i, \u0111\u1ea3m b\u1ea3o gi\u1eef \u0111\u01b0\u1ee3c h\u01b0\u01a1ng v\u1ecb v\u00e0 ch\u1ea5t l\u01b0\u1ee3ng t\u1ef1 nhi\u00ean.\u00a0<\/span><\/p>\n<p><span style=\"font-weight: 400; color: #000000;\">HungHau Foods s\u1edf h\u1eefu n\u0103ng l\u1ef1c cung \u1ee9ng c\u00e1c s\u1ea3n ph\u1ea9m \u0111\u00f4ng l\u1ea1nh t\u1eeb khoai m\u00f4n l\u00ean \u0111\u1ebfn 500 t\u1ea5n th\u00e0nh ph\u1ea9m m\u1ed7i n\u0103m. S\u1ea3n ph\u1ea9m &amp; nh\u00e0 m\u00e1y ch\u1ebf bi\u1ebfn c\u1ee7a HungHau Foods \u0111\u1ea1t c\u00e1c ch\u1ee9ng nh\u1eadn, ti\u00eau chu\u1ea9n qu\u1ed1c t\u1ebf, bao g\u1ed3m g\u1ed3m: GACC, BRCGS, HACCP, ISO 22000, FDA, KV, HALAL v\u00e0 SMETA.<\/span><\/p>\n<h2><span style=\"color: #000000;\">\u0110\u1eb6C \u0110I\u1ec2M N\u1ed4I B\u1eacT<\/span><\/h2>\n<ul>\n<li style=\"font-weight: 400;\" aria-level=\"1\"><span style=\"font-weight: 400; color: #000000;\">Th\u00e0nh ph\u1ea7n: B\u1ed9t Tempura v\u00e0 khoai m\u00f4n<\/span><\/li>\n<li style=\"font-weight: 400;\" aria-level=\"1\"><span style=\"font-weight: 400; color: #000000;\">M\u00f9i v\u1ecb: Ng\u1ecdt v\u00e0 b\u00e9o nh\u1eb9<\/span><\/li>\n<li style=\"font-weight: 400;\" aria-level=\"1\"><span style=\"font-weight: 400; color: #000000;\">M\u00e0u s\u1eafc: b\u1ed9t ngo\u00e0i v\u00e0ng nh\u1ea1t, nh\u00e2n khoai m\u00f4n tr\u1eafng t\u00edm<\/span><\/li>\n<li style=\"font-weight: 400;\" aria-level=\"1\"><span style=\"font-weight: 400; color: #000000;\">C\u00f4ng ngh\u1ec7 c\u1ea5p \u0111\u00f4ng: \u0110\u01b0\u1ee3c x\u1eed l\u00fd theo c\u00f4ng ngh\u1ec7 IQF (Individual Quick Freezing) c\u1ea5p \u0111\u00f4ng nhanh gi\u00fap gi\u1eef tr\u1ecdn h\u01b0\u01a1ng v\u1ecb, m\u00e0u s\u1eafc.<\/span><\/li>\n<li style=\"font-weight: 400;\" aria-level=\"1\"><span style=\"font-weight: 400; color: #000000;\">B\u1ea3o qu\u1ea3n: D\u1ec5 b\u1ea3o qu\u1ea3n v\u00e0 r\u00e3 \u0111\u00f4ng nhanh<\/span><\/li>\n<li style=\"font-weight: 400;\" aria-level=\"1\"><span style=\"font-weight: 400; color: #000000;\">D\u1ea1ng cung c\u1ea5p: c\u1eaft l\u00e1t ho\u1eb7c theo y\u00eau c\u1ea7u\u00a0<\/span><\/li>\n<li style=\"font-weight: 400;\" aria-level=\"1\"><span style=\"font-weight: 400; color: #000000;\">Sau khi chi\u00ean: L\u1edbp v\u1ecf ngo\u00e0i v\u00e0ng \u0111\u1eadm, gi\u00f2n<\/span><\/li>\n<\/ul>\n<h2><span style=\"color: #000000;\">TH\u00d4NG TIN K\u1ef8 THU\u1eacT<\/span><\/h2>\n<table>\n<tbody>\n<tr>\n<td><span style=\"font-weight: 400; color: #000000;\">Lo\u1ea1i h\u00e0ng (Style)<\/span><\/td>\n<td><span style=\"font-weight: 400; color: #000000;\">Tempura khoai m\u00f4n<\/span><\/td>\n<\/tr>\n<tr>\n<td><span style=\"font-weight: 400; color: #000000;\">M\u00e0u s\u1eafc (Color)<\/span><\/td>\n<td><span style=\"font-weight: 400; color: #000000;\">b\u1ed9t ngo\u00e0i v\u00e0ng nh\u1ea1t, nh\u00e2n khoai m\u00f4n tr\u1eafng t\u00edm<\/span><\/td>\n<\/tr>\n<tr>\n<td><span style=\"color: #000000;\">Th\u00e0nh ph\u1ea7n\u00a0<\/span><\/td>\n<td><span style=\"font-weight: 400; color: #000000;\">B\u1ed9t tempura v\u00e0 khoai m\u00f4n<\/span><\/td>\n<\/tr>\n<tr>\n<td><span style=\"font-weight: 400; color: #000000;\">Th\u00e0nh ph\u1ea7n b\u1ed9t<\/span><\/td>\n<td><span style=\"font-weight: 400; color: #000000;\">B\u1ed9t VY390H (NITTO) v\u00e0 B\u1ed9t NVJ2326N3M6 (NITTO)<\/span><\/td>\n<\/tr>\n<tr>\n<td><span style=\"font-weight: 400; color: #000000;\">Qu\u00e1 tr\u00ecnh \u0111\u00f4ng l\u1ea1nh (Freezing Process):<\/span><\/td>\n<td><span style=\"font-weight: 400; color: #000000;\">S\u1eed d\u1ee5ng c\u00f4ng ngh\u1ec7 c\u1ea5p \u0111\u00f4ng nhanh IQF (Individual Quick Freezing) \u2013 c\u1ea5p \u0111\u00f4ng t\u1eebng c\u00e1 th\u1ec3.<\/span><\/td>\n<\/tr>\n<tr>\n<td><span style=\"font-weight: 400; color: #000000;\">Tr\u1ecdng l\u01b0\u1ee3ng PA (Weight\/PA)<\/span><\/td>\n<td><span style=\"font-weight: 400; color: #000000;\">T\u00f9y theo y\u00eau c\u1ea7u kh\u00e1ch h\u00e0ng<\/span><\/td>\n<\/tr>\n<tr>\n<td><span style=\"font-weight: 400; color: #000000;\">Tr\u1ecdng l\u01b0\u1ee3ng\/ctn (Weight\/ctn):<\/span><\/td>\n<td><span style=\"font-weight: 400; color: #000000;\">T\u00f9y theo y\u00eau c\u1ea7u kh\u00e1ch h\u00e0ng<\/span><\/td>\n<\/tr>\n<tr>\n<td><span style=\"font-weight: 400; color: #000000;\">Nhi\u1ec7t \u0111\u1ed9 l\u01b0u tr\u1eef (Storage):<\/span><\/td>\n<td><span style=\"font-weight: 400; color: #000000;\">-18\u2103<\/span><\/td>\n<\/tr>\n<tr>\n<td><span style=\"font-weight: 400; color: #000000;\">Ngu\u1ed3n g\u1ed1c (origin):\u00a0<\/span><\/td>\n<td><span style=\"font-weight: 400; color: #000000;\">Vi\u1ec7t Nam<\/span><\/td>\n<\/tr>\n<tr>\n<td><span style=\"font-weight: 400; color: #000000;\">Ph\u01b0\u01a1ng th\u1ee9c v\u1eadn chuy\u1ec3n (Method of delivery)<\/span><\/td>\n<td><span style=\"font-weight: 400; color: #000000;\">\u0110\u01b0\u1eddng bi\u1ec3n ho\u1eb7c \u0111\u01b0\u1eddng h\u00e0ng kh\u00f4ng.\u00a0<\/span><\/td>\n<\/tr>\n<tr>\n<td><span style=\"font-weight: 400; color: #000000;\">\u0110\u00f3ng g\u00f3i (packaging)<\/span><\/td>\n<td><span style=\"font-weight: 400; color: #000000;\">10kg\/t\u00fai\u2026 ho\u1eb7c theo y\u00eau c\u1ea7u kh\u00e1ch ho\u00e0ng<\/span><\/td>\n<\/tr>\n<tr>\n<td><span style=\"font-weight: 400; color: #000000;\">H\u1ea1n s\u1eed d\u1ee5ng (Shelf life)<\/span><\/td>\n<td><span style=\"font-weight: 400; color: #000000;\">24 th\u00e1ng\u00a0<\/span><\/td>\n<\/tr>\n<\/tbody>\n<\/table>\n<h3>H\u00ccNH \u1ea2NH S\u1ea2N PH\u1ea8M<\/h3>\n<figure id=\"attachment_22561\" aria-describedby=\"caption-attachment-22561\" style=\"width: 1000px\" class=\"wp-caption aligncenter\"><img loading=\"lazy\" decoding=\"async\" class=\"size-full wp-image-22561\" src=\"https:\/\/hfoods.vn\/wp-content\/uploads\/2025\/12\/HHF_Hang-Dong_Tempura-taro.jpg\" alt=\"Tempura khoai m\u00f4n\" width=\"1000\" height=\"1000\" \/><figcaption id=\"caption-attachment-22561\" class=\"wp-caption-text\"><center>Tempura khoai m\u00f4n c\u1eaft que \u0111\u00e3 ch\u1ebf bi\u1ebfn<center><\/center><\/center><\/figcaption><\/figure>\n<h3><span style=\"color: #000000;\">TH\u00d4NG TIN LI\u00caN H\u1ec6<\/span><\/h3>\n<p><span style=\"color: #000000; font-family: arial, helvetica, sans-serif;\">Email:\u00a0<span style=\"color: #1755ad;\"><a style=\"color: #1755ad;\" href=\"mailto:sales@hunghau.vn\">sales@hunghau.vn<\/a><\/span><\/span><br \/>\n<span style=\"color: #000000; font-family: arial, helvetica, sans-serif;\">Hotline: (+84)79 721 3333\u00a0<\/span><\/p>\n<p><span style=\"color: #000000;\">Email: <span style=\"color: #1755ad;\">Hana@hunghau.vn<\/span><br \/>\nHotline: (+84)79 721 3333<\/span><\/p>\n<p><span style=\"color: #000000; font-family: arial, helvetica, sans-serif;\">Email:\u00a0<span style=\"color: #1755ad;\"><a style=\"color: #1755ad;\" href=\"mailto:yenn@hunghau.vn\">yenn@hunghau.vn<\/a>\u00a0<\/span><\/span><br \/>\n<span style=\"color: #000000; font-family: arial, helvetica, sans-serif;\">Hotline: (+84)78 520 3333<\/span><\/p>\n<h3><span style=\"color: #000000;\">TH\u00c0NH PH\u1ea6N DINH D\u01af\u1ee0NG\u00a0<\/span><\/h3>\n<ul>\n<li style=\"font-weight: 400;\" aria-level=\"1\"><span style=\"font-weight: 400; color: #000000;\"><strong>N\u0103ng l\u01b0\u1ee3ng:<\/strong> Kho\u1ea3ng 140 kcal trong 100gr tempura, cung c\u1ea5p ngu\u1ed3n n\u0103ng l\u01b0\u1ee3ng d\u1ed3i d\u00e0o t\u1eeb tinh b\u1ed9t.<\/span><\/li>\n<li style=\"font-weight: 400;\" aria-level=\"1\"><span style=\"font-weight: 400; color: #000000;\"><strong>Carbohydrate<\/strong>: 33\u201335g, ch\u1ee7 y\u1ebfu l\u00e0 tinh b\u1ed9t, gi\u00fap b\u1ed5 sung n\u0103ng l\u01b0\u1ee3ng cho c\u01a1 th\u1ec3.<\/span><\/li>\n<li style=\"font-weight: 400;\" aria-level=\"1\"><span style=\"font-weight: 400; color: #000000;\"><strong>Ch\u1ea5t x\u01a1:<\/strong> Kho\u1ea3ng 5g, h\u1ed7 tr\u1ee3 ti\u00eau h\u00f3a v\u00e0 gi\u00fap duy tr\u00ec c\u1ea3m gi\u00e1c no.<\/span><\/li>\n<li style=\"font-weight: 400;\" aria-level=\"1\"><span style=\"font-weight: 400; color: #000000;\"><strong>\u0110\u1ea1m:<\/strong> Kho\u1ea3ng 1,5\u20132g protein, \u1edf m\u1ee9c th\u1ea5p nh\u01b0ng g\u00f3p ph\u1ea7n c\u00e2n b\u1eb1ng dinh d\u01b0\u1ee1ng.<\/span><\/li>\n<\/ul>\n<h3><span style=\"color: #000000;\">\u1ee8NG D\u1ee4NG\u00a0<\/span><\/h3>\n<ul>\n<li style=\"font-weight: 400;\" aria-level=\"1\"><span style=\"font-weight: 400; color: #000000;\"><strong>M\u00f3n \u0103n k\u00e8m:<\/strong> D\u00f9ng l\u00e0m m\u00f3n khai v\u1ecb ho\u1eb7c m\u00f3n \u0103n k\u00e8m trong b\u1eefa \u0103n, \u0111\u1eb7c bi\u1ec7t ph\u1ed5 bi\u1ebfn trong \u1ea9m th\u1ef1c Nh\u1eadt B\u1ea3n.<\/span><\/li>\n<li style=\"font-weight: 400;\" aria-level=\"1\"><span style=\"font-weight: 400; color: #000000;\"><strong>Ng\u00e0nh kh\u00e1ch s\u1ea1n \u2013 nh\u00e0 h\u00e0ng \u2013 qu\u00e1n c\u00e0 ph\u00ea:<\/strong> Ph\u00f9 h\u1ee3p cho nh\u00e0 h\u00e0ng, qu\u00e1n \u0103n, b\u1ebfp trung t\u00e2m, d\u1ec5 ch\u1ebf bi\u1ebfn, l\u00ean m\u00f3n nhanh v\u00e0 gi\u1eef \u0111\u1ed9 gi\u00f2n h\u1ea5p d\u1eabn.<\/span><\/li>\n<li style=\"font-weight: 400;\" aria-level=\"1\"><span style=\"font-weight: 400; color: #000000;\"><strong>Th\u1ef1c ph\u1ea9m ch\u1ebf bi\u1ebfn s\u1eb5n:<\/strong> \u1ee8ng d\u1ee5ng trong s\u1ea3n ph\u1ea9m \u0111\u00f4ng l\u1ea1nh, m\u00f3n \u0103n ti\u1ec7n l\u1ee3i, ch\u1ec9 c\u1ea7n chi\u00ean ho\u1eb7c n\u01b0\u1edbng l\u1ea1i tr\u01b0\u1edbc khi d\u00f9ng.<\/span><\/li>\n<li style=\"font-weight: 400;\" aria-level=\"1\"><span style=\"font-weight: 400; color: #000000;\"><strong>B2B &amp; OEM:<\/strong> L\u00e0 s\u1ea3n ph\u1ea9m ti\u1ec1m n\u0103ng cho gia c\u00f4ng OEM\/ODM, ph\u1ee5c v\u1ee5 th\u1ecb tr\u01b0\u1eddng kh\u00f3 t\u00ednh.\u00a0<\/span><\/li>\n<\/ul>\n<h3><span style=\"color: #000000; font-family: arial, helvetica, sans-serif;\">TH\u00d4NG TIN LI\u00caN H\u1ec6:<\/span><\/h3>\n<p><span style=\"color: #000000; font-family: arial, helvetica, sans-serif;\">Email:\u00a0<span style=\"color: #1755ad;\"><a style=\"color: #1755ad;\" href=\"mailto:sales@hunghau.vn\">sales@hunghau.vn<\/a><\/span><\/span><br \/>\n<span style=\"color: #000000; font-family: arial, helvetica, sans-serif;\">Hotline: (+84)79 721 3333\u00a0<\/span><\/p>\n<p><span style=\"color: #000000;\">Email: <span style=\"color: #1755ad;\">Hana@hunghau.vn<\/span><br \/>\nHotline: (+84)79 721 3333<\/span><\/p>\n<p><span style=\"color: #000000; font-family: arial, helvetica, sans-serif;\">Email:\u00a0<span style=\"color: #1755ad;\"><a style=\"color: #1755ad;\" href=\"mailto:yenn@hunghau.vn\">yenn@hunghau.vn<\/a>\u00a0<\/span><\/span><br \/>\n<span style=\"color: #000000; font-family: arial, helvetica, sans-serif;\">Hotline: (+84)78 520 3333<\/span><\/p>\n<p><span style=\"color: #000000; font-family: arial, helvetica, sans-serif;\"><b>C\u00f4ng ty C\u1ed5 ph\u1ea7n Th\u1ef1c ph\u1ea9m H\u00f9ng H\u1eadu (HungHau Foods)<\/b><\/span><\/p>\n<p><span style=\"font-family: arial, helvetica, sans-serif;\"><strong><span style=\"color: #000000;\">\u0110\u1ecba ch\u1ec9: 642 \u00c2u C\u01a1, Ph\u01b0\u1eddng B\u1ea3y Hi\u1ec1n, Th\u00e0nh Ph\u1ed1 H\u1ed3 Ch\u00ed Minh<\/span><\/strong><\/span><\/p>\n<p><span style=\"color: #000000; font-family: arial, helvetica, sans-serif;\"><b>Nh\u00e0 xu\u1ea5t kh\u1ea9u n\u00f4ng s\u1ea3n &#8211; Nh\u00e0 cung \u1ee9ng tr\u00e1i c\u00e2y &amp; rau c\u1ee7 \u0111\u00f4ng l\u1ea1nh t\u1ea1i Vi\u1ec7t Nam.<\/b><\/span><\/p>\n","protected":false},"excerpt":{"rendered":"<table>\n<tbody>\n<tr style=\"height: 21px;\">\n<td style=\"height: 21px;\"><span style=\"color: #1755ad;\"><strong data-start=\"80\" data-end=\"95\">Th\u00f4ng tin<\/strong><\/span><\/td>\n<td style=\"height: 21px;\"><span style=\"color: #000000;\">Tempura khoai m\u00f4n<\/span><\/td>\n<\/tr>\n<tr style=\"height: 21px;\">\n<td style=\"height: 21px;\"><span style=\"color: #1755ad;\"><b>Lo\u1ea1i<\/b><\/span><\/td>\n<td style=\"height: 21px;\"><span style=\"color: #000000;\">C\u1eaft l\u00e1t ho\u1eb7c c\u1eaft que t\u00f9y theo y\u00eau c\u1ea7u kh\u00e1ch h\u00e0ng<\/span><\/td>\n<\/tr>\n<tr style=\"height: 21px;\">\n<td style=\"height: 21px;\"><span style=\"color: #1755ad;\"><strong>\u0110\u00f3ng g\u00f3i<\/strong><\/span><\/td>\n<td style=\"height: 21px;\"><span style=\"color: #000000;\">10kg\/tui ho\u1eb7c theo y\u00eau c\u1ea7u kh\u00e1ch h\u00e0ng<\/span><\/td>\n<\/tr>\n<tr style=\"height: 21.4167px;\">\n<td style=\"height: 21.4167px;\"><span style=\"color: #1755ad;\"><strong data-start=\"233\" data-end=\"248\">Th\u00e0nh ph\u1ea7n<\/strong><\/span><\/td>\n<td style=\"height: 21.4167px;\"><span style=\"color: #000000;\">\u00a0Khoai m\u00f4n v\u00e0 B\u1ed9t Tempura<\/span><\/td>\n<\/tr>\n<tr style=\"height: 21px;\">\n<td style=\"height: 21px;\"><span style=\"color: #1755ad;\"><strong data-start=\"270\" data-end=\"292\">\u0110i\u1ec1u ki\u1ec7n b\u1ea3o qu\u1ea3n<\/strong><\/span><\/td>\n<td style=\"height: 21px;\"><span style=\"color: #000000;\"> S\u1ea3n ph\u1ea9m \u0111\u01b0\u1ee3c l\u01b0u tr\u1eef trong kho -18\u00b0C<\/span><\/td>\n<\/tr>\n<tr style=\"height: 21px;\">\n<td style=\"height: 21px;\"><span style=\"color: #1755ad;\"><strong data-start=\"324\" data-end=\"338\">H\u1ea1n s\u1eed d\u1ee5ng<\/strong><\/span><\/td>\n<td style=\"height: 21px;\"><span style=\"color: #000000;\">24 th\u00e1ng k\u1ec3 t\u1eeb ng\u00e0y s\u1ea3n xu\u1ea5t<\/span><\/td>\n<\/tr>\n<\/tbody>\n<\/table>\n","protected":false},"featured_media":17245,"comment_status":"closed","ping_status":"closed","template":"","meta":[],"product_brand":[],"product_cat":[37],"product_tag":[],"class_list":{"0":"post-24483","1":"product","2":"type-product","3":"status-publish","4":"has-post-thumbnail","6":"product_cat-tempura-vi","8":"first","9":"instock","10":"shipping-taxable","11":"product-type-simple"},"_links":{"self":[{"href":"https:\/\/hfoods.vn\/vi\/wp-json\/wp\/v2\/product\/24483","targetHints":{"allow":["GET"]}}],"collection":[{"href":"https:\/\/hfoods.vn\/vi\/wp-json\/wp\/v2\/product"}],"about":[{"href":"https:\/\/hfoods.vn\/vi\/wp-json\/wp\/v2\/types\/product"}],"replies":[{"embeddable":true,"href":"https:\/\/hfoods.vn\/vi\/wp-json\/wp\/v2\/comments?post=24483"}],"wp:featuredmedia":[{"embeddable":true,"href":"https:\/\/hfoods.vn\/vi\/wp-json\/wp\/v2\/media\/17245"}],"wp:attachment":[{"href":"https:\/\/hfoods.vn\/vi\/wp-json\/wp\/v2\/media?parent=24483"}],"wp:term":[{"taxonomy":"product_brand","embeddable":true,"href":"https:\/\/hfoods.vn\/vi\/wp-json\/wp\/v2\/product_brand?post=24483"},{"taxonomy":"product_cat","embeddable":true,"href":"https:\/\/hfoods.vn\/vi\/wp-json\/wp\/v2\/product_cat?post=24483"},{"taxonomy":"product_tag","embeddable":true,"href":"https:\/\/hfoods.vn\/vi\/wp-json\/wp\/v2\/product_tag?post=24483"}],"curies":[{"name":"wp","href":"https:\/\/api.w.org\/{rel}","templated":true}]}}