{"id":24491,"date":"2025-05-12T07:37:26","date_gmt":"2025-05-12T07:37:26","guid":{"rendered":"https:\/\/hfoods.vn\/product\/ochao-mix-dried-fruits-vegetables\/"},"modified":"2026-03-20T22:24:53","modified_gmt":"2026-03-20T15:24:53","slug":"ochao-mix-dried-fruits-vegetables","status":"publish","type":"product","link":"https:\/\/hfoods.vn\/vi\/san-pham\/ochao-mix-dried-fruits-vegetables\/","title":{"rendered":"Mix Rau C\u1ee7 &amp; Tr\u00e1i C\u00e2y S\u1ea5y"},"content":{"rendered":"<h2><span style=\"color: #000000;\">TH\u00d4NG TIN S\u1ea2N PH\u1ea8M\u00a0<\/span><\/h2>\n<ul>\n<li data-leveltext=\"\uf0b7\" data-font=\"Symbol\" data-listid=\"3\" data-list-defn-props=\"{&quot;335552541&quot;:1,&quot;335559685&quot;:720,&quot;335559991&quot;:360,&quot;469769226&quot;:&quot;Symbol&quot;,&quot;469769242&quot;:[8226],&quot;469777803&quot;:&quot;left&quot;,&quot;469777804&quot;:&quot;\uf0b7&quot;,&quot;469777815&quot;:&quot;hybridMultilevel&quot;}\" data-aria-posinset=\"107\" data-aria-level=\"1\"><span style=\"color: #000000;\">Mix rau c\u1ee7 tr\u00e1i c\u00e2y s\u1ea5y OCHAO\u00a0<\/span><\/li>\n<\/ul>\n<ul>\n<li data-leveltext=\"\uf0b7\" data-font=\"Symbol\" data-listid=\"3\" data-list-defn-props=\"{&quot;335552541&quot;:1,&quot;335559685&quot;:720,&quot;335559991&quot;:360,&quot;469769226&quot;:&quot;Symbol&quot;,&quot;469769242&quot;:[8226],&quot;469777803&quot;:&quot;left&quot;,&quot;469777804&quot;:&quot;\uf0b7&quot;,&quot;469777815&quot;:&quot;hybridMultilevel&quot;}\" data-aria-posinset=\"108\" data-aria-level=\"1\"><span style=\"color: #000000;\">Kh\u1ed1i l\u01b0\u1ee3ng t\u1ecbnh: 100gr\u00a0<\/span><\/li>\n<\/ul>\n<h2><span style=\"color: #000000;\">M\u00d4 T\u1ea2 S\u1ea2N PH\u1ea8M\u00a0<\/span><\/h2>\n<ul>\n<li data-leveltext=\"\uf0b7\" data-font=\"Symbol\" data-listid=\"3\" data-list-defn-props=\"{&quot;335552541&quot;:1,&quot;335559685&quot;:720,&quot;335559991&quot;:360,&quot;469769226&quot;:&quot;Symbol&quot;,&quot;469769242&quot;:[8226],&quot;469777803&quot;:&quot;left&quot;,&quot;469777804&quot;:&quot;\uf0b7&quot;,&quot;469777815&quot;:&quot;hybridMultilevel&quot;}\" data-aria-posinset=\"109\" data-aria-level=\"1\"><span style=\"color: #000000;\">Mix rau c\u1ee7 tr\u00e1i c\u00e2y s\u1ea5y OCHAO &#8211; s\u1ea3n ph\u1ea9m \u0111\u1ed9c \u0111\u00e1o \u0111\u01b0\u1ee3c ch\u1ebf bi\u1ebfn t\u1eeb nh\u1eefng nguy\u00ean li\u1ec7u t\u01b0\u01a1i ngon nh\u01b0 chu\u1ed1i, m\u00edt, khoai lang, khoai m\u00f4n v\u00e0 d\u1ea7u th\u1ef1c v\u1eadt. Nh\u1edd \u1ee9ng d\u1ee5ng c\u00f4ng ngh\u1ec7 s\u1ea5y th\u0103ng hoa ti\u00ean ti\u1ebfn, s\u1ea3n ph\u1ea9m gi\u1eef tr\u1ecdn h\u01b0\u01a1ng v\u1ecb t\u1ef1 nhi\u00ean, m\u00e0u s\u1eafc t\u01b0\u01a1i s\u00e1ng v\u00e0 h\u00ecnh d\u1ea1ng b\u1eaft m\u1eaft c\u1ee7a t\u1eebng lo\u1ea1i nguy\u00ean li\u1ec7u. \u0110\u1eb7c bi\u1ec7t, s\u1ea3n ph\u1ea9m ho\u00e0n to\u00e0n kh\u00f4ng ch\u1ee9a cholesterol, ph\u1ee5 gia hay h\u00f3a ch\u1ea5t b\u1ea3o qu\u1ea3n, mang \u0111\u1ebfn s\u1ef1 an t\u00e2m tuy\u1ec7t \u0111\u1ed1i cho ng\u01b0\u1eddi ti\u00eau d\u00f9ng.\u00a0<\/span><\/li>\n<\/ul>\n<ul>\n<li data-leveltext=\"\uf0b7\" data-font=\"Symbol\" data-listid=\"3\" data-list-defn-props=\"{&quot;335552541&quot;:1,&quot;335559685&quot;:720,&quot;335559991&quot;:360,&quot;469769226&quot;:&quot;Symbol&quot;,&quot;469769242&quot;:[8226],&quot;469777803&quot;:&quot;left&quot;,&quot;469777804&quot;:&quot;\uf0b7&quot;,&quot;469777815&quot;:&quot;hybridMultilevel&quot;}\" data-aria-posinset=\"110\" data-aria-level=\"1\"><span style=\"color: #000000;\">V\u1edbi \u01b0u \u0111i\u1ec3m d\u1ec5 b\u1ea3o qu\u1ea3n v\u00e0 ti\u1ec7n l\u1ee3i, mix rau c\u1ee7 tr\u00e1i c\u00e2y s\u1ea5y OCHAO l\u00e0 l\u1ef1a ch\u1ecdn l\u00fd t\u01b0\u1edfng cho nh\u1eefng b\u1eefa \u0103n nh\u1eb9, \u0111\u1eb7c bi\u1ec7t ph\u00f9 h\u1ee3p cho c\u00e1c chuy\u1ebfn \u0111i d\u00e0i. S\u1ea3n ph\u1ea9m kh\u00f4ng ch\u1ec9 l\u00e0 m\u00f3n \u0103n v\u1eb7t th\u01a1m ngon m\u00e0 c\u00f2n cung c\u1ea5p ngu\u1ed3n ch\u1ea5t x\u01a1, vitamin v\u00e0 kho\u00e1ng ch\u1ea5t d\u1ed3i d\u00e0o, h\u1ed7 tr\u1ee3 n\u00e2ng cao s\u1ee9c kh\u1ecfe to\u00e0n di\u1ec7n.\u00a0<\/span><\/li>\n<\/ul>\n<h2><span style=\"color: #000000;\">TH\u00c0NH PH\u1ea6N\u00a0<\/span><\/h2>\n<ul>\n<li data-leveltext=\"\uf0b7\" data-font=\"Symbol\" data-listid=\"3\" data-list-defn-props=\"{&quot;335552541&quot;:1,&quot;335559685&quot;:720,&quot;335559991&quot;:360,&quot;469769226&quot;:&quot;Symbol&quot;,&quot;469769242&quot;:[8226],&quot;469777803&quot;:&quot;left&quot;,&quot;469777804&quot;:&quot;\uf0b7&quot;,&quot;469777815&quot;:&quot;hybridMultilevel&quot;}\" data-aria-posinset=\"111\" data-aria-level=\"1\"><span style=\"color: #000000;\">Th\u00e0nh ph\u1ea7n: Chu\u1ed1i t\u01b0\u01a1i, m\u00edt t\u01b0\u01a1i, khoai lang t\u01b0\u01a1i, khoai m\u00f4n t\u01b0\u01a1i v\u00e0 d\u1ea7u th\u1ef1c v\u1eadt.\u00a0<\/span><\/li>\n<\/ul>\n<ul>\n<li data-leveltext=\"\uf0b7\" data-font=\"Symbol\" data-listid=\"3\" data-list-defn-props=\"{&quot;335552541&quot;:1,&quot;335559685&quot;:720,&quot;335559991&quot;:360,&quot;469769226&quot;:&quot;Symbol&quot;,&quot;469769242&quot;:[8226],&quot;469777803&quot;:&quot;left&quot;,&quot;469777804&quot;:&quot;\uf0b7&quot;,&quot;469777815&quot;:&quot;hybridMultilevel&quot;}\" data-aria-posinset=\"112\" data-aria-level=\"1\"><span style=\"color: #000000;\">K\u1ebft c\u1ea5u: c\u1ee9ng\u00a0<\/span><\/li>\n<\/ul>\n<ul>\n<li data-leveltext=\"\uf0b7\" data-font=\"Symbol\" data-listid=\"3\" data-list-defn-props=\"{&quot;335552541&quot;:1,&quot;335559685&quot;:720,&quot;335559991&quot;:360,&quot;469769226&quot;:&quot;Symbol&quot;,&quot;469769242&quot;:[8226],&quot;469777803&quot;:&quot;left&quot;,&quot;469777804&quot;:&quot;\uf0b7&quot;,&quot;469777815&quot;:&quot;hybridMultilevel&quot;}\" data-aria-posinset=\"113\" data-aria-level=\"1\"><span style=\"color: #000000;\">T\u1ec9 l\u1ec7 b\u1ec3 v\u1ee1: 1%\u00a0<\/span><\/li>\n<\/ul>\n<ul>\n<li data-leveltext=\"\uf0b7\" data-font=\"Symbol\" data-listid=\"3\" data-list-defn-props=\"{&quot;335552541&quot;:1,&quot;335559685&quot;:720,&quot;335559991&quot;:360,&quot;469769226&quot;:&quot;Symbol&quot;,&quot;469769242&quot;:[8226],&quot;469777803&quot;:&quot;left&quot;,&quot;469777804&quot;:&quot;\uf0b7&quot;,&quot;469777815&quot;:&quot;hybridMultilevel&quot;}\" data-aria-posinset=\"114\" data-aria-level=\"1\"><span style=\"color: #000000;\">M\u00e0u \u0111\u1eb7c tr\u01b0ng c\u1ee7a rau c\u1ee7 tr\u00e1i c\u00e2y s\u1ea5y\u00a0<\/span><\/li>\n<\/ul>\n<ul>\n<li data-leveltext=\"\uf0b7\" data-font=\"Symbol\" data-listid=\"3\" data-list-defn-props=\"{&quot;335552541&quot;:1,&quot;335559685&quot;:720,&quot;335559991&quot;:360,&quot;469769226&quot;:&quot;Symbol&quot;,&quot;469769242&quot;:[8226],&quot;469777803&quot;:&quot;left&quot;,&quot;469777804&quot;:&quot;\uf0b7&quot;,&quot;469777815&quot;:&quot;hybridMultilevel&quot;}\" data-aria-posinset=\"115\" data-aria-level=\"1\"><span style=\"color: #000000;\">M\u00f9i \u0111\u1eb7c tr\u01b0ng c\u1ee7a rau c\u1ee7 tr\u00e1i c\u00e2y s\u1ea5y\u00a0<\/span><\/li>\n<\/ul>\n<h2><span style=\"color: #000000;\">TH\u00c0NH PH\u1ea6N DINH D\u01af\u1ee0NG\u00a0<\/span><\/h2>\n<ul>\n<li data-leveltext=\"\uf0b7\" data-font=\"Symbol\" data-listid=\"3\" data-list-defn-props=\"{&quot;335552541&quot;:1,&quot;335559685&quot;:720,&quot;335559991&quot;:360,&quot;469769226&quot;:&quot;Symbol&quot;,&quot;469769242&quot;:[8226],&quot;469777803&quot;:&quot;left&quot;,&quot;469777804&quot;:&quot;\uf0b7&quot;,&quot;469777815&quot;:&quot;hybridMultilevel&quot;}\" data-aria-posinset=\"116\" data-aria-level=\"1\"><span style=\"color: #000000;\">Gi\u00e1 dinh d\u01b0\u1ee1ng c\u00f3 trong s\u1ea3n ph\u1ea9m: N\u0103ng l\u01b0\u1ee3ng, gluxit, ch\u1ea5t \u0111\u1ea1m, ch\u1ea5t b\u00e9o,&#8230; Theo th\u00f4ng tin tr\u00ean bao b\u00ec, 100g rau c\u1ee7 s\u1ea5y cung c\u1ea5p 444,3 kcal.\u00a0<\/span><\/li>\n<\/ul>\n<h2><span style=\"color: #000000;\">H\u01af\u1edaNG D\u1eaaN S\u1eec D\u1ee4NG\u00a0<\/span><\/h2>\n<ul>\n<li data-leveltext=\"\uf0b7\" data-font=\"Symbol\" data-listid=\"3\" data-list-defn-props=\"{&quot;335552541&quot;:1,&quot;335559685&quot;:720,&quot;335559991&quot;:360,&quot;469769226&quot;:&quot;Symbol&quot;,&quot;469769242&quot;:[8226],&quot;469777803&quot;:&quot;left&quot;,&quot;469777804&quot;:&quot;\uf0b7&quot;,&quot;469777815&quot;:&quot;hybridMultilevel&quot;}\" data-aria-posinset=\"117\" data-aria-level=\"1\"><span style=\"color: #000000;\">D\u00f9ng tr\u1ef1c ti\u1ebfp, d\u00f9ng li\u1ec1n sau khi m\u1edf bao b\u00ec <\/span><\/li>\n<\/ul>\n<h2><span style=\"color: #000000;\">H\u01af\u1edaNG D\u1eaaN B\u1ea2O QU\u1ea2N\u00a0<\/span><\/h2>\n<ul>\n<li data-leveltext=\"\uf0b7\" data-font=\"Symbol\" data-listid=\"3\" data-list-defn-props=\"{&quot;335552541&quot;:1,&quot;335559685&quot;:720,&quot;335559991&quot;:360,&quot;469769226&quot;:&quot;Symbol&quot;,&quot;469769242&quot;:[8226],&quot;469777803&quot;:&quot;left&quot;,&quot;469777804&quot;:&quot;\uf0b7&quot;,&quot;469777815&quot;:&quot;hybridMultilevel&quot;}\" data-aria-posinset=\"118\" data-aria-level=\"1\"><span style=\"color: #000000;\">B\u1ea3o qu\u1ea3n n\u01a1i kh\u00f4 r\u00e1o, tho\u00e1ng m\u00e1t, tr\u00e1nh \u00e1nh n\u1eafng tr\u1ef1c ti\u1ebfp. \u0110\u1eady k\u00edn bao b\u00ec sau khi s\u1eed d\u1ee5ng\u00a0<\/span><\/li>\n<\/ul>\n<h2><span style=\"color: #000000;\">XU\u1ea4T X\u1ee8\u00a0<\/span><\/h2>\n<ul>\n<li data-leveltext=\"\uf0b7\" data-font=\"Symbol\" data-listid=\"3\" data-list-defn-props=\"{&quot;335552541&quot;:1,&quot;335559685&quot;:720,&quot;335559991&quot;:360,&quot;469769226&quot;:&quot;Symbol&quot;,&quot;469769242&quot;:[8226],&quot;469777803&quot;:&quot;left&quot;,&quot;469777804&quot;:&quot;\uf0b7&quot;,&quot;469777815&quot;:&quot;hybridMultilevel&quot;}\" data-aria-posinset=\"119\" data-aria-level=\"1\"><span style=\"color: #000000;\">S\u1ea3n ph\u1ea9m c\u1ee7a C\u00f4ng ty C\u1ed5 Ph\u1ea7n Th\u1ef1c Ph\u1ea9m H\u00f9ng H\u1eadu.\u00a0<\/span><\/li>\n<\/ul>\n<ul>\n<li data-leveltext=\"\uf0b7\" data-font=\"Symbol\" data-listid=\"3\" data-list-defn-props=\"{&quot;335552541&quot;:1,&quot;335559685&quot;:720,&quot;335559991&quot;:360,&quot;469769226&quot;:&quot;Symbol&quot;,&quot;469769242&quot;:[8226],&quot;469777803&quot;:&quot;left&quot;,&quot;469777804&quot;:&quot;\uf0b7&quot;,&quot;469777815&quot;:&quot;hybridMultilevel&quot;}\" data-aria-posinset=\"120\" data-aria-level=\"1\"><span style=\"color: #000000;\">S\u1ea3n xu\u1ea5t t\u1ea1i C\u00f4ng ty TNHH Nha M\u00e2n.\u00a0<\/span><\/li>\n<\/ul>\n<ul>\n<li data-leveltext=\"\uf0b7\" data-font=\"Symbol\" data-listid=\"3\" data-list-defn-props=\"{&quot;335552541&quot;:1,&quot;335559685&quot;:720,&quot;335559991&quot;:360,&quot;469769226&quot;:&quot;Symbol&quot;,&quot;469769242&quot;:[8226],&quot;469777803&quot;:&quot;left&quot;,&quot;469777804&quot;:&quot;\uf0b7&quot;,&quot;469777815&quot;:&quot;hybridMultilevel&quot;}\" data-aria-posinset=\"121\" data-aria-level=\"1\"><span style=\"color: #000000;\">\u0110\u1ecba ch\u1ec9: Khu C, Khu C\u00f4ng Nghi\u1ec7p Sa \u0110\u00e9c, ph\u01b0\u1eddng T\u00e2n Quy \u0110\u00f4ng, Th\u00e0nh ph\u1ed1 Sa \u0110\u00e9c, t\u1ec9nh \u0110\u1ed3ng Th\u00e1p, Vi\u1ec7t Nam.\u00a0<\/span><\/li>\n<\/ul>\n","protected":false},"excerpt":{"rendered":"<table style=\"width: 347.24px;\">\n<tbody>\n<tr>\n<td style=\"width: 86px;\"><span style=\"color: #1755ad;\"><strong>Lo\u1ea1i<\/strong><\/span><\/td>\n<td style=\"width: 246.24px;\"><span style=\"color: #000000;\">Rau c\u1ee7 tr\u00e1i c\u00e2y s\u1ea5y h\u1ed7n h\u1ee3p<\/span><\/td>\n<\/tr>\n<tr>\n<td style=\"width: 86px;\"><span style=\"color: #1755ad;\"><strong>Tr\u1ecdng l\u01b0\u1ee3ng<\/strong><\/span><\/td>\n<td style=\"width: 246.24px;\"><span style=\"color: #000000;\"><span class=\"NormalTextRun SCXW98413064 BCX8\">100g<\/span><span class=\"NormalTextRun SCXW98413064 BCX8\">r<\/span><\/span><\/td>\n<\/tr>\n<tr>\n<td style=\"width: 86px;\"><span style=\"color: #1755ad;\"><strong>\u0110\u00f3ng g\u00f3i<\/strong><\/span><\/td>\n<td style=\"width: 246.24px;\"><span style=\"color: #000000;\">100gr\/ zipper ho\u1eb7c theo y\u00eau c\u1ea7u kh\u00e1ch h\u00e0ng<\/span><\/td>\n<\/tr>\n<tr>\n<td style=\"width: 86px;\"><span style=\"color: #1755ad;\"><strong>Th\u00e0nh ph\u1ea7n<\/strong><\/span><\/td>\n<td style=\"width: 246.24px;\"><span style=\"color: #000000;\"> Chu\u1ed1i t\u01b0\u01a1i, m\u00edt t\u01b0\u01a1i, khoai lang t\u01b0\u01a1i, khoai m\u00f4n t\u01b0\u01a1i v\u00e0 d\u1ea7u th\u1ef1c v\u1eadt.\u00a0<\/span><\/td>\n<\/tr>\n<tr>\n<td style=\"width: 86px;\"><span style=\"color: #1755ad;\"><strong>Xu\u1ea5t x\u1ee9<\/strong><\/span><\/td>\n<td style=\"width: 246.24px;\"><span style=\"color: #000000;\">Happy Noodles (Viet Nam)<\/span><\/td>\n<\/tr>\n<\/tbody>\n<\/table>\n","protected":false},"featured_media":16864,"comment_status":"closed","ping_status":"closed","template":"","meta":[],"product_brand":[],"product_cat":[61],"product_tag":[],"class_list":{"0":"post-24491","1":"product","2":"type-product","3":"status-publish","4":"has-post-thumbnail","6":"product_cat-trai-cay-say","8":"first","9":"instock","10":"shipping-taxable","11":"product-type-simple"},"_links":{"self":[{"href":"https:\/\/hfoods.vn\/vi\/wp-json\/wp\/v2\/product\/24491","targetHints":{"allow":["GET"]}}],"collection":[{"href":"https:\/\/hfoods.vn\/vi\/wp-json\/wp\/v2\/product"}],"about":[{"href":"https:\/\/hfoods.vn\/vi\/wp-json\/wp\/v2\/types\/product"}],"replies":[{"embeddable":true,"href":"https:\/\/hfoods.vn\/vi\/wp-json\/wp\/v2\/comments?post=24491"}],"wp:featuredmedia":[{"embeddable":true,"href":"https:\/\/hfoods.vn\/vi\/wp-json\/wp\/v2\/media\/16864"}],"wp:attachment":[{"href":"https:\/\/hfoods.vn\/vi\/wp-json\/wp\/v2\/media?parent=24491"}],"wp:term":[{"taxonomy":"product_brand","embeddable":true,"href":"https:\/\/hfoods.vn\/vi\/wp-json\/wp\/v2\/product_brand?post=24491"},{"taxonomy":"product_cat","embeddable":true,"href":"https:\/\/hfoods.vn\/vi\/wp-json\/wp\/v2\/product_cat?post=24491"},{"taxonomy":"product_tag","embeddable":true,"href":"https:\/\/hfoods.vn\/vi\/wp-json\/wp\/v2\/product_tag?post=24491"}],"curies":[{"name":"wp","href":"https:\/\/api.w.org\/{rel}","templated":true}]}}