{"id":24496,"date":"2025-04-16T08:47:44","date_gmt":"2025-04-16T08:47:44","guid":{"rendered":"https:\/\/hfoods.vn\/product\/rice-straws-2\/"},"modified":"2026-03-20T23:02:33","modified_gmt":"2026-03-20T16:02:33","slug":"rice-straws-2","status":"publish","type":"product","link":"https:\/\/hfoods.vn\/vi\/san-pham\/rice-straws-2\/","title":{"rendered":"\u1ed0ng H\u00fat G\u1ea1o Ochao"},"content":{"rendered":"<p><span style=\"color: #000000;\"><b>TH\u00d4NG TIN S\u1ea2N PH\u1ea8M<\/b>\u00a0<\/span><\/p>\n<ul>\n<li data-leveltext=\"\uf0b7\" data-font=\"Symbol\" data-listid=\"3\" data-list-defn-props=\"{&quot;335552541&quot;:1,&quot;335559685&quot;:720,&quot;335559991&quot;:360,&quot;469769226&quot;:&quot;Symbol&quot;,&quot;469769242&quot;:[8226],&quot;469777803&quot;:&quot;left&quot;,&quot;469777804&quot;:&quot;\uf0b7&quot;,&quot;469777815&quot;:&quot;hybridMultilevel&quot;}\" data-aria-posinset=\"122\" data-aria-level=\"1\"><span style=\"color: #000000;\">\u1ed0ng h\u00fat g\u1ea1o t\u1ef1 h\u1ee7y OCHAO g\u00f3i 500gr\u00a0<\/span><\/li>\n<\/ul>\n<ul>\n<li data-leveltext=\"\uf0b7\" data-font=\"Symbol\" data-listid=\"3\" data-list-defn-props=\"{&quot;335552541&quot;:1,&quot;335559685&quot;:720,&quot;335559991&quot;:360,&quot;469769226&quot;:&quot;Symbol&quot;,&quot;469769242&quot;:[8226],&quot;469777803&quot;:&quot;left&quot;,&quot;469777804&quot;:&quot;\uf0b7&quot;,&quot;469777815&quot;:&quot;hybridMultilevel&quot;}\" data-aria-posinset=\"123\" data-aria-level=\"1\"><span style=\"color: #000000;\">K\u00edch th\u01b0\u1edbc m\u1ed7i \u1ed1ng: 8mm x 22cm.\u00a0<\/span><\/li>\n<\/ul>\n<p><span style=\"color: #000000;\"><b>M\u00d4 T\u1ea2 S\u1ea2N PH\u1ea8M<\/b>\u00a0<\/span><\/p>\n<ul>\n<li data-leveltext=\"\uf0b7\" data-font=\"Symbol\" data-listid=\"3\" data-list-defn-props=\"{&quot;335552541&quot;:1,&quot;335559685&quot;:720,&quot;335559991&quot;:360,&quot;469769226&quot;:&quot;Symbol&quot;,&quot;469769242&quot;:[8226],&quot;469777803&quot;:&quot;left&quot;,&quot;469777804&quot;:&quot;\uf0b7&quot;,&quot;469777815&quot;:&quot;hybridMultilevel&quot;}\" data-aria-posinset=\"124\" data-aria-level=\"1\"><span style=\"color: #000000;\">\u1ed0ng h\u00fat g\u1ea1o t\u1ef1 h\u1ee7y OCHAO \u0111\u01b0\u1ee3c s\u1ea3n xu\u1ea5t t\u1eeb c\u00e1c nguy\u00ean li\u1ec7u t\u1ef1 nhi\u00ean nh\u01b0: b\u1ed9t g\u1ea1o, b\u1ed9t m\u00ec v\u00e0 m\u00e0u s\u1eafc t\u1ef1 nhi\u00ean t\u1eeb c\u00e1c lo\u1ea1i th\u1ef1c v\u1eadt, \u0111\u1ea3m b\u1ea3o an to\u00e0n tuy\u1ec7t \u0111\u1ed1i cho s\u1ee9c kh\u1ecfe ng\u01b0\u1eddi d\u00f9ng.\u00a0<\/span><\/li>\n<\/ul>\n<ul>\n<li data-leveltext=\"\uf0b7\" data-font=\"Symbol\" data-listid=\"3\" data-list-defn-props=\"{&quot;335552541&quot;:1,&quot;335559685&quot;:720,&quot;335559991&quot;:360,&quot;469769226&quot;:&quot;Symbol&quot;,&quot;469769242&quot;:[8226],&quot;469777803&quot;:&quot;left&quot;,&quot;469777804&quot;:&quot;\uf0b7&quot;,&quot;469777815&quot;:&quot;hybridMultilevel&quot;}\" data-aria-posinset=\"125\" data-aria-level=\"1\"><span style=\"color: #000000;\">S\u1ea3n ph\u1ea9m kh\u00f4ng ch\u1ec9 gi\u00fap gi\u1ea3m thi\u1ec3u nguy c\u01a1 ti\u1ebfp x\u00fac v\u1edbi vi nh\u1ef1a m\u00e0 c\u00f2n c\u1ef1c k\u1ef3 th\u00e2n thi\u1ec7n v\u1edbi m\u00f4i tr\u01b0\u1eddng. V\u1edbi kh\u1ea3 n\u0103ng t\u1ef1 ph\u00e2n h\u1ee7y ch\u1ec9 sau 7 ng\u00e0y s\u1eed d\u1ee5ng, \u1ed1ng h\u00fat g\u1ea1o OCHAO g\u00f3p ph\u1ea7n gi\u1ea3m thi\u1ec3u r\u00e1c th\u1ea3i nh\u1ef1a, b\u1ea3o v\u1ec7 m\u00f4i tr\u01b0\u1eddng. \u0110\u00e2y l\u00e0 l\u1ef1a ch\u1ecdn l\u00fd t\u01b0\u1edfng cho cu\u1ed9c s\u1ed1ng h\u00e0ng ng\u00e0y, v\u1eeba ti\u1ec7n l\u1ee3i v\u1eeba an to\u00e0n.\u00a0<\/span><\/li>\n<\/ul>\n<ul>\n<li data-leveltext=\"\uf0b7\" data-font=\"Symbol\" data-listid=\"3\" data-list-defn-props=\"{&quot;335552541&quot;:1,&quot;335559685&quot;:720,&quot;335559991&quot;:360,&quot;469769226&quot;:&quot;Symbol&quot;,&quot;469769242&quot;:[8226],&quot;469777803&quot;:&quot;left&quot;,&quot;469777804&quot;:&quot;\uf0b7&quot;,&quot;469777815&quot;:&quot;hybridMultilevel&quot;}\" data-aria-posinset=\"126\" data-aria-level=\"1\"><span style=\"color: #000000;\">\u0110\u1eb7c bi\u1ec7t, \u1ed1ng h\u00fat g\u1ea1o OCHAO l\u00e0 th\u01b0\u01a1ng hi\u1ec7u qu\u1ed1c gia Vi\u1ec7t Nam, t\u1ef1 h\u00e0o \u0111\u01b0\u1ee3c vinh danh 5 l\u1ea7n li\u00ean ti\u1ebfp.\u00a0<\/span><\/li>\n<\/ul>\n<figure id=\"attachment_22764\" aria-describedby=\"caption-attachment-22764\" style=\"width: 1500px\" class=\"wp-caption aligncenter\"><img loading=\"lazy\" decoding=\"async\" class=\"size-full wp-image-22764\" src=\"https:\/\/hfoods.vn\/wp-content\/uploads\/2025\/04\/HungHau-Foods_OHG-4-1.jpg\" alt=\"OCHAO Rice Straw\" width=\"1500\" height=\"1500\" \/><figcaption id=\"caption-attachment-22764\" class=\"wp-caption-text\"><center>\u1ed0ng h\u00fat g\u1ea1o Ochao<center><\/center><\/center><\/figcaption><\/figure>\n<p><span style=\"color: #000000;\" data-ccp-props=\"{&quot;335551550&quot;:6,&quot;335551620&quot;:6}\">\u00a0<\/span><\/p>\n<p><span style=\"color: #000000;\"><b>TH\u00c0NH PH\u1ea6N<\/b>\u00a0<\/span><\/p>\n<ul>\n<li data-leveltext=\"\uf0b7\" data-font=\"Symbol\" data-listid=\"3\" data-list-defn-props=\"{&quot;335552541&quot;:1,&quot;335559685&quot;:720,&quot;335559991&quot;:360,&quot;469769226&quot;:&quot;Symbol&quot;,&quot;469769242&quot;:[8226],&quot;469777803&quot;:&quot;left&quot;,&quot;469777804&quot;:&quot;\uf0b7&quot;,&quot;469777815&quot;:&quot;hybridMultilevel&quot;}\" data-aria-posinset=\"127\" data-aria-level=\"1\"><span style=\"color: #000000;\">Th\u00e0nh ph\u1ea7n: B\u1ed9t g\u1ea1o 75%. Tinh b\u1ed9t khoai m\u00ec 24%, m\u00e0u t\u1ef1 nhi\u00ean.\u00a0<\/span><\/li>\n<\/ul>\n<ul>\n<li data-leveltext=\"\uf0b7\" data-font=\"Symbol\" data-listid=\"3\" data-list-defn-props=\"{&quot;335552541&quot;:1,&quot;335559685&quot;:720,&quot;335559991&quot;:360,&quot;469769226&quot;:&quot;Symbol&quot;,&quot;469769242&quot;:[8226],&quot;469777803&quot;:&quot;left&quot;,&quot;469777804&quot;:&quot;\uf0b7&quot;,&quot;469777815&quot;:&quot;hybridMultilevel&quot;}\" data-aria-posinset=\"128\" data-aria-level=\"1\"><span style=\"color: #000000;\">D\u1ea1ng \u1ed1ng, th\u1eb3ng, \u0111\u1ea7u c\u1eaft b\u1eb1ng, kh\u00f4ng n\u1ee9t, g\u00e3y.\u00a0<\/span><\/li>\n<\/ul>\n<ul>\n<li data-leveltext=\"\uf0b7\" data-font=\"Symbol\" data-listid=\"3\" data-list-defn-props=\"{&quot;335552541&quot;:1,&quot;335559685&quot;:720,&quot;335559991&quot;:360,&quot;469769226&quot;:&quot;Symbol&quot;,&quot;469769242&quot;:[8226],&quot;469777803&quot;:&quot;left&quot;,&quot;469777804&quot;:&quot;\uf0b7&quot;,&quot;469777815&quot;:&quot;hybridMultilevel&quot;}\" data-aria-posinset=\"129\" data-aria-level=\"1\"><span style=\"color: #000000;\">M\u00e0u t\u1ef1 nhi\u00ean (m\u00e0u xanh, m\u00e0u t\u00edm, m\u00e0u \u0111en, m\u00e0u tr\u1eafng, m\u00e0u cam).\u00a0<\/span><\/li>\n<\/ul>\n<ul>\n<li data-leveltext=\"\uf0b7\" data-font=\"Symbol\" data-listid=\"3\" data-list-defn-props=\"{&quot;335552541&quot;:1,&quot;335559685&quot;:720,&quot;335559991&quot;:360,&quot;469769226&quot;:&quot;Symbol&quot;,&quot;469769242&quot;:[8226],&quot;469777803&quot;:&quot;left&quot;,&quot;469777804&quot;:&quot;\uf0b7&quot;,&quot;469777815&quot;:&quot;hybridMultilevel&quot;}\" data-aria-posinset=\"130\" data-aria-level=\"1\"><span style=\"color: #000000;\">\u1ea8m \u0111\u1ed9: T\u1ed1i \u0111a 12%\u00a0<\/span><\/li>\n<\/ul>\n<ul>\n<li data-leveltext=\"\uf0b7\" data-font=\"Symbol\" data-listid=\"3\" data-list-defn-props=\"{&quot;335552541&quot;:1,&quot;335559685&quot;:720,&quot;335559991&quot;:360,&quot;469769226&quot;:&quot;Symbol&quot;,&quot;469769242&quot;:[8226],&quot;469777803&quot;:&quot;left&quot;,&quot;469777804&quot;:&quot;\uf0b7&quot;,&quot;469777815&quot;:&quot;hybridMultilevel&quot;}\" data-aria-posinset=\"131\" data-aria-level=\"1\"><span style=\"color: #000000;\">Kh\u00f4ng c\u00f3 m\u00f9i v\u1ecb l\u1ea1, ch\u1ec9 c\u00f3 m\u00f9i \u0111\u1eb7c tr\u01b0ng c\u1ee7a s\u1ea3n ph\u1ea9m.\u00a0<\/span><\/li>\n<\/ul>\n<ul>\n<li data-leveltext=\"\uf0b7\" data-font=\"Symbol\" data-listid=\"3\" data-list-defn-props=\"{&quot;335552541&quot;:1,&quot;335559685&quot;:720,&quot;335559991&quot;:360,&quot;469769226&quot;:&quot;Symbol&quot;,&quot;469769242&quot;:[8226],&quot;469777803&quot;:&quot;left&quot;,&quot;469777804&quot;:&quot;\uf0b7&quot;,&quot;469777815&quot;:&quot;hybridMultilevel&quot;}\" data-aria-posinset=\"132\" data-aria-level=\"1\"><span style=\"color: #000000;\">Ng\u00e2m n\u01b0\u1edbc c\u00f3 nhi\u1ec7t \u0111\u1ed9 t\u1eeb 5 \u0111\u1ebfn 30 \u0111\u1ed9 C trong th\u1eddi gian t\u1eeb 30 \u0111\u1ebfn 90 ph\u00fat. Qu\u00e1 th\u1eddi gian tr\u00ean \u1ed1ng c\u00f3 th\u1ec3 b\u1ecb n\u1ee9t. S\u1ea3n ph\u1ea9m c\u00f3 th\u1ec3 \u0103n \u0111\u01b0\u1ee3c.\u00a0\u00a0<\/span><\/li>\n<\/ul>\n<figure id=\"attachment_18233\" aria-describedby=\"caption-attachment-18233\" style=\"width: 1000px\" class=\"wp-caption aligncenter\"><img loading=\"lazy\" decoding=\"async\" class=\"size-full wp-image-18233\" src=\"https:\/\/hfoods.vn\/wp-content\/uploads\/2025\/04\/HHF_Hang-Kho_OHG_2-1.jpg\" alt=\"\u1ed0ng h\u00fat g\u1ea1o Ochao\" width=\"1000\" height=\"1000\" srcset=\"https:\/\/hfoods.vn\/wp-content\/uploads\/2025\/04\/HHF_Hang-Kho_OHG_2-1.jpg 1000w, https:\/\/hfoods.vn\/wp-content\/uploads\/2025\/04\/HHF_Hang-Kho_OHG_2-1-768x768.jpg 768w, https:\/\/hfoods.vn\/wp-content\/uploads\/2025\/04\/HHF_Hang-Kho_OHG_2-1-45x45.jpg 45w, https:\/\/hfoods.vn\/wp-content\/uploads\/2025\/04\/HHF_Hang-Kho_OHG_2-1-100x100.jpg 100w\" sizes=\"auto, (max-width: 1000px) 100vw, 1000px\" \/><figcaption id=\"caption-attachment-18233\" class=\"wp-caption-text\"><center>\u1ed0ng h\u00fat g\u1ea1o Ochao k\u00edch th\u01b0\u1edbc<center><\/center><\/center><\/figcaption><\/figure>\n<p><span style=\"color: #000000;\"><b>H\u01af\u1edaNG D\u1eaaN S\u1eec D\u1ee4NG<\/b>\u00a0<\/span><\/p>\n<p><span style=\"color: #000000;\">D\u00f9ng tr\u1ef1c ti\u1ebfp, d\u00f9ng li\u1ec1n sau khi m\u1edf bao b\u00ec\u00a0<\/span><\/p>\n<figure id=\"attachment_18236\" aria-describedby=\"caption-attachment-18236\" style=\"width: 1000px\" class=\"wp-caption aligncenter\"><img loading=\"lazy\" decoding=\"async\" class=\"size-full wp-image-18236\" src=\"https:\/\/hfoods.vn\/wp-content\/uploads\/2019\/07\/HHF_Hang-Kho_OHG_4.jpg\" alt=\"HungHau OCHAO Product\" width=\"1000\" height=\"1000\" \/><figcaption id=\"caption-attachment-18236\" class=\"wp-caption-text\">\u1ed1ng h\u00fat g\u1ea1o ochao<\/figcaption><\/figure>\n<p><span style=\"color: #000000;\"><b>H\u01af\u1edaNG D\u1eaaN B\u1ea2O QU\u1ea2N<\/b>\u00a0<\/span><\/p>\n<ul>\n<li data-leveltext=\"\uf0b7\" data-font=\"Symbol\" data-listid=\"3\" data-list-defn-props=\"{&quot;335552541&quot;:1,&quot;335559685&quot;:720,&quot;335559991&quot;:360,&quot;469769226&quot;:&quot;Symbol&quot;,&quot;469769242&quot;:[8226],&quot;469777803&quot;:&quot;left&quot;,&quot;469777804&quot;:&quot;\uf0b7&quot;,&quot;469777815&quot;:&quot;hybridMultilevel&quot;}\" data-aria-posinset=\"133\" data-aria-level=\"1\"><span style=\"color: #000000;\">\u1ed0ng h\u00fat g\u1ea1o OCHAO c\u00f3 th\u1ec3 b\u1ea3o qu\u1ea3n trong m\u00f4i tr\u01b0\u1eddng b\u00ecnh th\u01b0\u1eddng kho\u1ea3ng 18 th\u00e1ng.\u00a0<\/span><\/li>\n<\/ul>\n<ul>\n<li data-leveltext=\"\uf0b7\" data-font=\"Symbol\" data-listid=\"3\" data-list-defn-props=\"{&quot;335552541&quot;:1,&quot;335559685&quot;:720,&quot;335559991&quot;:360,&quot;469769226&quot;:&quot;Symbol&quot;,&quot;469769242&quot;:[8226],&quot;469777803&quot;:&quot;left&quot;,&quot;469777804&quot;:&quot;\uf0b7&quot;,&quot;469777815&quot;:&quot;hybridMultilevel&quot;}\" data-aria-posinset=\"134\" data-aria-level=\"1\"><span style=\"color: #000000;\">Gi\u1eef nguy\u00ean d\u1ea1ng trong m\u00f4i tr\u01b0\u1eddng n\u01b0\u1edbc nhi\u1ec7t \u0111\u1ed9 b\u00ecnh th\u01b0\u1eddng v\u00e0 n\u01b0\u1edbc l\u1ea1nh trong kho\u1ea3ng 30 ph\u00fat \u0111\u1ebfn 90 ph\u00fat.\u00a0<\/span><\/li>\n<\/ul>\n<p><span style=\"color: #000000;\"><b>XU\u1ea4T X\u1ee8<\/b>\u00a0<\/span><\/p>\n<ul>\n<li data-leveltext=\"\uf0b7\" data-font=\"Symbol\" data-listid=\"3\" data-list-defn-props=\"{&quot;335552541&quot;:1,&quot;335559685&quot;:720,&quot;335559991&quot;:360,&quot;469769226&quot;:&quot;Symbol&quot;,&quot;469769242&quot;:[8226],&quot;469777803&quot;:&quot;left&quot;,&quot;469777804&quot;:&quot;\uf0b7&quot;,&quot;469777815&quot;:&quot;hybridMultilevel&quot;}\" data-aria-posinset=\"135\" data-aria-level=\"1\"><span style=\"color: #000000;\">S\u1ea3n ph\u1ea9m c\u1ee7a C\u00f4ng ty C\u1ed5 Ph\u1ea7n Th\u1ef1c Ph\u1ea9m H\u00f9ng H\u1eadu.\u00a0<\/span><\/li>\n<\/ul>\n<ul>\n<li data-leveltext=\"\uf0b7\" data-font=\"Symbol\" data-listid=\"3\" data-list-defn-props=\"{&quot;335552541&quot;:1,&quot;335559685&quot;:720,&quot;335559991&quot;:360,&quot;469769226&quot;:&quot;Symbol&quot;,&quot;469769242&quot;:[8226],&quot;469777803&quot;:&quot;left&quot;,&quot;469777804&quot;:&quot;\uf0b7&quot;,&quot;469777815&quot;:&quot;hybridMultilevel&quot;}\" data-aria-posinset=\"136\" data-aria-level=\"1\"><span style=\"color: #000000;\">S\u1ea3n xu\u1ea5t t\u1ea1i C\u00f4ng ty TNHH Nha M\u00e2n.\u00a0<\/span><\/li>\n<\/ul>\n<ul>\n<li data-leveltext=\"\uf0b7\" data-font=\"Symbol\" data-listid=\"3\" data-list-defn-props=\"{&quot;335552541&quot;:1,&quot;335559685&quot;:720,&quot;335559991&quot;:360,&quot;469769226&quot;:&quot;Symbol&quot;,&quot;469769242&quot;:[8226],&quot;469777803&quot;:&quot;left&quot;,&quot;469777804&quot;:&quot;\uf0b7&quot;,&quot;469777815&quot;:&quot;hybridMultilevel&quot;}\" data-aria-posinset=\"137\" data-aria-level=\"1\"><span style=\"color: #000000;\">\u0110\u1ecba ch\u1ec9: Khu C, Khu C\u00f4ng Nghi\u1ec7p Sa \u0110\u00e9c, ph\u01b0\u1eddng T\u00e2n Quy \u0110\u00f4ng, Th\u00e0nh ph\u1ed1 Sa \u0110\u00e9c, t\u1ec9nh \u0110\u1ed3ng Th\u00e1p, Vi\u1ec7t Nam.\u00a0<\/span><\/li>\n<\/ul>\n<p><img loading=\"lazy\" decoding=\"async\" class=\"aligncenter size-medium wp-image-22769\" src=\"https:\/\/hfoods.vn\/wp-content\/uploads\/2025\/04\/IMG_1305-scaled.jpg\" alt=\"\" width=\"1924\" height=\"2560\" srcset=\"https:\/\/hfoods.vn\/wp-content\/uploads\/2025\/04\/IMG_1305-scaled.jpg 1924w, https:\/\/hfoods.vn\/wp-content\/uploads\/2025\/04\/IMG_1305-768x1022.jpg 768w, https:\/\/hfoods.vn\/wp-content\/uploads\/2025\/04\/IMG_1305-1154x1536.jpg 1154w, https:\/\/hfoods.vn\/wp-content\/uploads\/2025\/04\/IMG_1305-1539x2048.jpg 1539w\" sizes=\"auto, (max-width: 1924px) 100vw, 1924px\" \/><\/p>\n<figure id=\"attachment_22771\" aria-describedby=\"caption-attachment-22771\" style=\"width: 2560px\" class=\"wp-caption aligncenter\"><img loading=\"lazy\" decoding=\"async\" class=\"size-full wp-image-22771\" src=\"https:\/\/hfoods.vn\/wp-content\/uploads\/2025\/04\/IMG_1253-scaled.jpg\" alt=\"\u1ed0ng h\u00fat g\u1ea1o Ochao \" width=\"2560\" height=\"2035\" srcset=\"https:\/\/hfoods.vn\/wp-content\/uploads\/2025\/04\/IMG_1253-scaled.jpg 2560w, https:\/\/hfoods.vn\/wp-content\/uploads\/2025\/04\/IMG_1253-768x610.jpg 768w, https:\/\/hfoods.vn\/wp-content\/uploads\/2025\/04\/IMG_1253-1536x1221.jpg 1536w, https:\/\/hfoods.vn\/wp-content\/uploads\/2025\/04\/IMG_1253-2048x1628.jpg 2048w\" sizes=\"auto, (max-width: 2560px) 100vw, 2560px\" \/><figcaption id=\"caption-attachment-22771\" class=\"wp-caption-text\"><center>\u1ed0ng h\u00fat g\u1ea1o Ochao 13mm x 20cm<\/center><\/figcaption><\/figure>\n","protected":false},"excerpt":{"rendered":"<table style=\"height: 129px; width: 377.244px;\">\n<tbody>\n<tr style=\"height: 43.2188px;\">\n<td style=\"width: 95px; height: 43.2188px;\"><span style=\"color: #1755ad;\"><strong>Th\u00e0nh ph\u1ea7n<\/strong><\/span><\/td>\n<td style=\"width: 265.244px; height: 43.2188px;\"><span style=\"color: #000000;\"><span class=\"NormalTextRun SpellingErrorV2Themed SCXW212970875 BCX8\">B\u1ed9t<\/span> <span class=\"NormalTextRun SpellingErrorV2Themed SCXW212970875 BCX8\">g\u1ea1o<\/span><span class=\"NormalTextRun SCXW212970875 BCX8\"> 75%. Tinh <\/span><span class=\"NormalTextRun SpellingErrorV2Themed SCXW212970875 BCX8\">b\u1ed9t<\/span> <span class=\"NormalTextRun SpellingErrorV2Themed SCXW212970875 BCX8\">khoai<\/span> <span class=\"NormalTextRun SpellingErrorV2Themed SCXW212970875 BCX8\">m\u00ec<\/span><span class=\"NormalTextRun SCXW212970875 BCX8\"> 24%, <\/span><span class=\"NormalTextRun SpellingErrorV2Themed SCXW212970875 BCX8\">m\u00e0u<\/span> <span class=\"NormalTextRun SpellingErrorV2Themed SCXW212970875 BCX8\">t\u1ef1<\/span> <span class=\"NormalTextRun SpellingErrorV2Themed SCXW212970875 BCX8\">nhi\u00ean<\/span><span class=\"NormalTextRun SCXW212970875 BCX8\">.<\/span><\/span><\/td>\n<\/tr>\n<tr style=\"height: 21px;\">\n<td style=\"width: 95px; height: 21px;\"><span style=\"color: #1755ad;\"><strong>\u0110\u00f3ng g\u00f3i<\/strong><\/span><\/td>\n<td style=\"width: 265.244px; height: 21px;\"><span style=\"color: #000000;\">500gr \/ t\u00fai PE ho\u1eb7c 500gr \/ t\u00fai gi\u1ea5y, 5kg ho\u1eb7c 10kg s\u1ed1 l\u01b0\u1ee3ng l\u1edbn<\/span><\/td>\n<\/tr>\n<tr style=\"height: 21px;\">\n<td style=\"width: 95px; height: 21px;\"><span style=\"color: #1755ad;\"><strong>H\u1ea1n s\u1eed d\u1ee5ng<\/strong><\/span><\/td>\n<td style=\"width: 265.244px; height: 21px;\"><span style=\"color: #000000;\">\u00a018 th\u00e1ng<\/span><\/td>\n<\/tr>\n<tr style=\"height: 21px;\">\n<td style=\"width: 95px; height: 21px;\"><strong><span style=\"color: #1755ad;\">\u0110\u1ed9 \u1ea9m\u00a0<\/span><\/strong><\/td>\n<td style=\"width: 265.244px; height: 21px;\"><span style=\"color: #000000;\"><span class=\"TextRun SCXW6191034 BCX8\" lang=\"EN-US\" xml:lang=\"EN-US\" data-contrast=\"auto\"><span class=\"NormalTextRun SpellingErrorV2Themed SCXW6191034 BCX8\">T\u1ed1i<\/span> <span class=\"NormalTextRun SpellingErrorV2Themed SCXW6191034 BCX8\">\u0111a<\/span><span class=\"NormalTextRun SCXW6191034 BCX8\"> 12%<\/span><\/span><span class=\"EOP SCXW6191034 BCX8\" data-ccp-props=\"{}\">\u00a0<\/span><\/span><\/td>\n<\/tr>\n<tr style=\"height: 21px;\">\n<td style=\"width: 95px; height: 21px;\"><span style=\"color: #1755ad;\"><strong>M\u00e0u<\/strong><\/span><\/td>\n<td style=\"width: 265.244px; height: 21px;\"><span style=\"color: #000000;\"><span class=\"NormalTextRun SpellingErrorV2Themed SCXW247101501 BCX8\">M\u00e0u<\/span> <span class=\"NormalTextRun SpellingErrorV2Themed SCXW247101501 BCX8\">t\u1ef1<\/span> <span class=\"NormalTextRun SpellingErrorV2Themed SCXW247101501 BCX8\">nhi\u00ean<\/span><span class=\"NormalTextRun SCXW247101501 BCX8\"> (<\/span><span class=\"NormalTextRun SpellingErrorV2Themed SCXW247101501 BCX8\">m\u00e0u<\/span> <span class=\"NormalTextRun SpellingErrorV2Themed SCXW247101501 BCX8\">xanh<\/span><span class=\"NormalTextRun SCXW247101501 BCX8\">, <\/span><span class=\"NormalTextRun SpellingErrorV2Themed SCXW247101501 BCX8\">m\u00e0u<\/span> <span class=\"NormalTextRun SpellingErrorV2Themed SCXW247101501 BCX8\">t\u00edm<\/span><span class=\"NormalTextRun SCXW247101501 BCX8\">, <\/span><span class=\"NormalTextRun SpellingErrorV2Themed SCXW247101501 BCX8\">m\u00e0u<\/span> <span class=\"NormalTextRun SpellingErrorV2Themed SCXW247101501 BCX8\">\u0111en<\/span><span class=\"NormalTextRun SCXW247101501 BCX8\">, <\/span><span class=\"NormalTextRun SpellingErrorV2Themed SCXW247101501 BCX8\">m\u00e0u<\/span> <span class=\"NormalTextRun SpellingErrorV2Themed SCXW247101501 BCX8\">tr\u1eafng<\/span><span class=\"NormalTextRun SCXW247101501 BCX8\">, <\/span><span class=\"NormalTextRun SpellingErrorV2Themed SCXW247101501 BCX8\">m\u00e0u<\/span><span class=\"NormalTextRun SCXW247101501 BCX8\"> cam)<\/span><\/span><\/td>\n<\/tr>\n<\/tbody>\n<\/table>\n","protected":false},"featured_media":16114,"comment_status":"closed","ping_status":"closed","template":"","meta":[],"product_brand":[],"product_cat":[57],"product_tag":[],"class_list":{"0":"post-24496","1":"product","2":"type-product","3":"status-publish","4":"has-post-thumbnail","6":"product_cat-ong-hut-gao","8":"first","9":"instock","10":"shipping-taxable","11":"product-type-simple"},"_links":{"self":[{"href":"https:\/\/hfoods.vn\/vi\/wp-json\/wp\/v2\/product\/24496","targetHints":{"allow":["GET"]}}],"collection":[{"href":"https:\/\/hfoods.vn\/vi\/wp-json\/wp\/v2\/product"}],"about":[{"href":"https:\/\/hfoods.vn\/vi\/wp-json\/wp\/v2\/types\/product"}],"replies":[{"embeddable":true,"href":"https:\/\/hfoods.vn\/vi\/wp-json\/wp\/v2\/comments?post=24496"}],"wp:featuredmedia":[{"embeddable":true,"href":"https:\/\/hfoods.vn\/vi\/wp-json\/wp\/v2\/media\/16114"}],"wp:attachment":[{"href":"https:\/\/hfoods.vn\/vi\/wp-json\/wp\/v2\/media?parent=24496"}],"wp:term":[{"taxonomy":"product_brand","embeddable":true,"href":"https:\/\/hfoods.vn\/vi\/wp-json\/wp\/v2\/product_brand?post=24496"},{"taxonomy":"product_cat","embeddable":true,"href":"https:\/\/hfoods.vn\/vi\/wp-json\/wp\/v2\/product_cat?post=24496"},{"taxonomy":"product_tag","embeddable":true,"href":"https:\/\/hfoods.vn\/vi\/wp-json\/wp\/v2\/product_tag?post=24496"}],"curies":[{"name":"wp","href":"https:\/\/api.w.org\/{rel}","templated":true}]}}