{"id":24775,"date":"2025-01-28T08:37:42","date_gmt":"2025-01-28T01:37:42","guid":{"rendered":"https:\/\/hfoods.vn\/product\/21682\/"},"modified":"2026-04-01T16:45:50","modified_gmt":"2026-04-01T09:45:50","slug":"21682","status":"publish","type":"product","link":"https:\/\/hfoods.vn\/vi\/san-pham\/21682\/","title":{"rendered":"B\u1eafp Ng\u1ecdt \u0110\u00f4ng L\u1ea1nh"},"content":{"rendered":"<div class=\"ewa-rteLine\">\n<h2><span style=\"color: #000000;\">B\u1eaeP NG\u1eccT \u0110\u00d4NG L\u1ea0NH<\/span><\/h2>\n<p><span style=\"color: #000000;\">B\u1eafp ng\u1ecdt \u0111\u00f4ng l\u1ea1nh c\u1ee7a C\u00f4ng ty C\u1ed5 ph\u1ea7n Th\u1ef1c ph\u1ea9m H\u00f9ng H\u1eadu (HungHau Foods), \u0111\u01b0\u1ee3c tuy\u1ec3n ch\u1ecdn t\u1eeb nh\u1eefng qu\u1ea3 b\u1eafp ng\u1ecdt \u0111\u1ea1t chu\u1ea9n t\u1ea1i c\u00e1c v\u00f9ng tr\u1ed3ng thu\u1ed9c \u0110\u1ed3ng B\u1eb1ng S\u00f4ng C\u1eedu Long (Vi\u1ec7t Nam). S\u1ea3n ph\u1ea9m \u0111\u01b0\u1ee3c c\u1ea5p \u0111\u00f4ng b\u1eb1ng c\u00f4ng ngh\u1ec7 IQF hi\u1ec7n \u0111\u1ea1i, \u0111\u1ea3m b\u1ea3o gi\u1eef \u0111\u01b0\u1ee3c h\u01b0\u01a1ng v\u1ecb, m\u00e0u s\u1eafc v\u00e0 ch\u1ea5t l\u01b0\u1ee3ng t\u1ef1 nhi\u00ean.<\/span><\/p>\n<p><span style=\"color: #000000;\">HungHau Foods s\u1edf h\u1eefu n\u0103ng l\u1ef1c cung \u1ee9ng b\u1eafp l\u00ean \u0111\u1ebfn 500 t\u1ea5n th\u00e0nh ph\u1ea9m m\u1ed7i n\u0103m. S\u1ea3n ph\u1ea9m &amp; nh\u00e0 m\u00e1y ch\u1ebf bi\u1ebfn c\u1ee7a HungHau Foods \u0111\u1ea1t c\u00e1c ch\u1ee9ng nh\u1eadn, ti\u00eau chu\u1ea9n qu\u1ed1c t\u1ebf, bao\u00a0 g\u1ed3m: BRCGS, HACCP, ISO 22000, FDA, KV, HALAL v\u00e0 SMETA.<\/span><\/p>\n<h2><span style=\"color: #000000;\">\u0110\u1eb6C \u0110I\u1ec2M N\u1ed4I B\u1eacT<\/span><\/h2>\n<ul>\n<li data-start=\"152\" data-end=\"260\"><span style=\"color: #000000;\">Tr\u1ecdng l\u01b0\u1ee3ng: T\u00f9y k\u00edch c\u1ee1: 200\u2013350g\/tr\u00e1i (nguy\u00ean tr\u00e1i) ho\u1eb7c theo quy c\u00e1ch c\u1eaft (h\u1ea1t, n\u1eeda tr\u00e1i, khoanh\u2026).<\/span><\/li>\n<li data-start=\"262\" data-end=\"368\"><span style=\"color: #000000;\">M\u00e0u s\u1eafc :\u00a0 m\u00e0u v\u00e0ng\u00a0<\/span><\/li>\n<li data-start=\"370\" data-end=\"502\"><span style=\"color: #000000;\">H\u1ea1t b\u1eafp: H\u1ea1t tr\u00f2n \u0111\u1ec1u,\u00a0 gi\u1eef \u0111\u01b0\u1ee3c \u0111\u1ed9 n\u1ebfp \u0111\u1eb7c tr\u01b0ng sau khi c\u1ea5p \u0111\u00f4ng.\u00a0<\/span><\/li>\n<li data-start=\"504\" data-end=\"611\"><span style=\"color: #000000;\">H\u01b0\u01a1ng v\u1ecb: \u0110\u1ed9 ng\u1ecdt t\u1ef1 nhi\u00ean<\/span><\/li>\n<li data-start=\"613\" data-end=\"746\"><span style=\"color: #000000;\">C\u00f4ng ngh\u1ec7 c\u1ea5p \u0111\u00f4ng: X\u1eed l\u00fd b\u1eb1ng c\u00f4ng ngh\u1ec7 IQF \u2013 c\u1ea5p \u0111\u00f4ng nhanh t\u1eebng h\u1ea1t, gi\u00fap gi\u1eef nguy\u00ean \u0111\u1ed9 d\u1ebbo, m\u00e0u s\u1eafc v\u00e0 ch\u1ea5t dinh d\u01b0\u1ee1ng.<\/span><\/li>\n<li data-start=\"613\" data-end=\"746\"><span style=\"color: #000000;\">D\u1ea1ng cung c\u1ea5p: Nguy\u00ean tr\u00e1i, t\u00e1ch h\u1ea1t, c\u1eaft kh\u00fac, fillet<\/span><\/li>\n<\/ul>\n<h2><span style=\"color: #000000;\">TH\u00d4NG TIN K\u1ef8 THU\u1eacT<\/span><\/h2>\n<div class=\"table-wrapper\">\n<table>\n<tbody>\n<tr>\n<td><span style=\"color: #000000;\">Lo\u1ea1i h\u00e0ng (Style)<\/span><\/td>\n<td><span style=\"color: #000000;\">\u0110\u00f4ng L\u1ea1nh<\/span><\/td>\n<\/tr>\n<tr>\n<td><span style=\"color: #000000;\">M\u00e0u s\u1eafc (Color)<\/span><\/td>\n<td><span style=\"color: #000000;\">V\u00e0ng<\/span><\/td>\n<\/tr>\n<tr>\n<td><span style=\"color: #000000;\">K\u00edch th\u01b0\u1edbc (size)<\/span><\/td>\n<td><span style=\"color: #000000;\">Nguy\u00ean tr\u00e1i, t\u00e1ch h\u1ea1t, c\u1eaft kh\u00fac, fillet<\/span><\/td>\n<\/tr>\n<tr>\n<td><span style=\"color: #000000;\">Qu\u00e1 tr\u00ecnh \u0111\u00f4ng l\u1ea1nh (Freezing Process):<\/span><\/td>\n<td><span style=\"color: #000000;\">S\u1eed d\u1ee5ng c\u00f4ng ngh\u1ec7 c\u1ea5p \u0111\u00f4ng nhanh IQF (Individual Quick Freezing) \u2013 c\u1ea5p \u0111\u00f4ng t\u1eebng c\u00e1 th\u1ec3.<\/span><\/td>\n<\/tr>\n<tr>\n<td><span style=\"color: #000000;\">Tr\u1ecdng l\u01b0\u1ee3ng PA (Weight\/PA)<\/span><\/td>\n<td><span style=\"color: #000000;\">T\u00f9y theo y\u00eau c\u1ea7u kh\u00e1ch h\u00e0ng<\/span><\/td>\n<\/tr>\n<tr>\n<td><span style=\"color: #000000;\">Tr\u1ecdng l\u01b0\u1ee3ng\/ctn (Weight\/ctn):<\/span><\/td>\n<td><span style=\"color: #000000;\">T\u00f9y theo y\u00eau c\u1ea7u kh\u00e1ch h\u00e0ng<\/span><\/td>\n<\/tr>\n<tr>\n<td><span style=\"color: #000000;\">Nhi\u1ec7t \u0111\u1ed9 l\u01b0u tr\u1eef (Storage):<\/span><\/td>\n<td><span style=\"color: #000000;\">-18\u2103<\/span><\/td>\n<\/tr>\n<tr>\n<td><span style=\"color: #000000;\">Ngu\u1ed3n g\u1ed1c (origin):\u00a0<\/span><\/td>\n<td><span style=\"color: #000000;\">Vi\u1ec7t Nam<\/span><\/td>\n<\/tr>\n<tr>\n<td><span style=\"color: #000000;\">Ph\u01b0\u01a1ng th\u1ee9c v\u1eadn chuy\u1ec3n (Method of delivery)<\/span><\/td>\n<td><span style=\"color: #000000;\">\u0110\u01b0\u1eddng bi\u1ec3n ho\u1eb7c \u0111\u01b0\u1eddng h\u00e0ng kh\u00f4ng.\u00a0<\/span><\/td>\n<\/tr>\n<tr>\n<td><span style=\"color: #000000;\">\u0110\u00f3ng g\u00f3i (packaging)<\/span><\/td>\n<td><span style=\"color: #000000;\">10kg \/ 1 t\u00fai ho\u1eb7c t\u00f9y theo y\u00eau c\u1ea7u kh\u00e1ch h\u00e0ng<\/span><\/td>\n<\/tr>\n<tr>\n<td><span style=\"color: #000000;\">Theo m\u00f9a (season)<\/span><\/td>\n<td><span style=\"color: #000000;\">T\u1eeb th\u00e1ng 12- th\u00e1ng 3<\/span><\/td>\n<\/tr>\n<tr>\n<td><span style=\"color: #000000;\">H\u1ea1n s\u1eed d\u1ee5ng (Shelf life)<\/span><\/td>\n<td><span style=\"color: #000000;\">\u00a024 th\u00e1ng<\/span><\/td>\n<\/tr>\n<\/tbody>\n<\/table>\n<\/div>\n<h2 data-start=\"613\" data-end=\"746\"><span style=\"color: #000000;\">TH\u00d4NG TIN LI\u00caN H\u1ec6<\/span><\/h2>\n<p><span style=\"color: #000000; font-family: arial, helvetica, sans-serif;\">Email:\u00a0<span style=\"color: #1755ad;\"><a style=\"color: #1755ad;\" href=\"mailto:sales@hunghau.vn\">sales@hunghau.vn<\/a><\/span><\/span><br \/>\n<span style=\"color: #000000; font-family: arial, helvetica, sans-serif;\">Hotline: (+84)79 721 3333\u00a0<\/span><\/p>\n<p><span style=\"color: #000000; font-family: arial, helvetica, sans-serif;\">Email:\u00a0 <span style=\"color: #1755ad;\"><a style=\"color: #1755ad;\" href=\"mailto:Anna@hunghau.vn\">hana@hunghau.vn<\/a>\u00a0<\/span><\/span><br \/>\n<span style=\"color: #000000; font-family: arial, helvetica, sans-serif;\">Hotline: (+84)79 721 3333\u00a0<\/span><\/p>\n<p><span style=\"color: #000000; font-family: arial, helvetica, sans-serif;\">Email:\u00a0<span style=\"color: #1755ad;\"><a style=\"color: #1755ad;\" href=\"mailto:yenn@hunghau.vn\">yenn@hunghau.vn<\/a>\u00a0<\/span><\/span><br \/>\n<span style=\"color: #000000; font-family: arial, helvetica, sans-serif;\">Hotline: (+84)78 520 3333<\/span><\/p>\n<p><span style=\"font-weight: 400; color: #000000;\">LinkedIn<span style=\"color: #1755ad;\">:<\/span><\/span><span style=\"color: #1755ad;\"><a style=\"color: #1755ad;\" href=\"https:\/\/lnkd.in\/g_KkBKHf\"><span style=\"font-weight: 400;\"> https:\/\/lnkd.in\/g_KkBKHf<\/span><\/a><\/span><\/p>\n<h2><span style=\"color: #000000;\">H\u00ccNH \u1ea2NH S\u1ea2N PH\u1ea8M<\/span><\/h2>\n<\/div>\n<div>\n<figure id=\"attachment_15709\" aria-describedby=\"caption-attachment-15709\" style=\"width: 2500px\" class=\"wp-caption alignnone\"><img loading=\"lazy\" decoding=\"async\" class=\"wp-image-15709 size-full\" src=\"https:\/\/hfoods.vn\/wp-content\/uploads\/2025\/04\/HHF_Hang-Dong_Bap-vang.jpg\" alt=\"B\u1eafp ng\u1ecdt \u0111\u00f4ng l\u1ea1nh \" width=\"2500\" height=\"2500\" \/><figcaption id=\"caption-attachment-15709\" class=\"wp-caption-text\"><center><span style=\"color: #000000;\">B\u1eafp ng\u1ecdt \u0111\u00f4ng l\u1ea1nh nguy\u00ean tr\u00e1i<\/span><center><\/center><\/center><\/figcaption><\/figure>\n<\/div>\n<div>\n<div>\n<figure id=\"attachment_15711\" aria-describedby=\"caption-attachment-15711\" style=\"width: 2500px\" class=\"wp-caption alignnone\"><img loading=\"lazy\" decoding=\"async\" class=\"wp-image-15711 size-full\" src=\"https:\/\/hfoods.vn\/wp-content\/uploads\/2025\/04\/HHF_Hang-Dong_Bap-vang-cat-khuc.jpg\" alt=\"B\u1eafp ng\u1ecdt \u0111\u00f4ng l\u1ea1nh \" width=\"2500\" height=\"2500\" \/><figcaption id=\"caption-attachment-15711\" class=\"wp-caption-text\"><center><span style=\"color: #000000;\">B\u1eafp ng\u1ecdt \u0111\u00f4ng l\u1ea1nh c\u1eaft kh\u00fac<\/span><center><\/center><\/center><\/figcaption><\/figure>\n<figure id=\"attachment_15713\" aria-describedby=\"caption-attachment-15713\" style=\"width: 2500px\" class=\"wp-caption alignnone\"><img loading=\"lazy\" decoding=\"async\" class=\"wp-image-15713 size-full\" src=\"https:\/\/hfoods.vn\/wp-content\/uploads\/2025\/04\/HHF_Hang-Dong_Bap-vang-hat.jpg\" alt=\"b\u1eafp ng\u1ecdt \u0111\u00f4ng l\u1ea1nh\" width=\"2500\" height=\"1407\" \/><figcaption id=\"caption-attachment-15713\" class=\"wp-caption-text\"><center><span style=\"color: #000000;\">B\u1eafp ng\u1ecdt \u0111\u00f4ng l\u1ea1nh t\u00e1ch h\u1ea1t<\/span><center><\/center><\/center><\/figcaption><\/figure>\n<\/div>\n<figure id=\"attachment_22482\" aria-describedby=\"caption-attachment-22482\" style=\"width: 1000px\" class=\"wp-caption aligncenter\"><img loading=\"lazy\" decoding=\"async\" class=\"size-full wp-image-22482\" src=\"https:\/\/hfoods.vn\/wp-content\/uploads\/2025\/04\/HHF_Hang-Dong_Bap-vang-hat-khay-2.jpg\" alt=\"B\u1eafp c\u1eaft fillet \u0111\u00f4ng l\u1ea1nh HungHau Foods\" width=\"1000\" height=\"1000\" srcset=\"https:\/\/hfoods.vn\/wp-content\/uploads\/2025\/04\/HHF_Hang-Dong_Bap-vang-hat-khay-2.jpg 1000w, https:\/\/hfoods.vn\/wp-content\/uploads\/2025\/04\/HHF_Hang-Dong_Bap-vang-hat-khay-2-768x768.jpg 768w, https:\/\/hfoods.vn\/wp-content\/uploads\/2025\/04\/HHF_Hang-Dong_Bap-vang-hat-khay-2-45x45.jpg 45w, https:\/\/hfoods.vn\/wp-content\/uploads\/2025\/04\/HHF_Hang-Dong_Bap-vang-hat-khay-2-100x100.jpg 100w\" sizes=\"auto, (max-width: 1000px) 100vw, 1000px\" \/><figcaption id=\"caption-attachment-22482\" class=\"wp-caption-text\"><center>B\u1eafp ng\u1ecdt c\u1eaft fillet \u0111\u00f4ng l\u1ea1nh HungHau Foods<center><\/center><\/center><\/figcaption><\/figure>\n<h3><span style=\"color: #000000;\">TH\u00c0NH PH\u1ea6N DINH D\u01af\u1ee0NG B\u1eaeP \u0110\u00d4NG L\u1ea0NH\u00a0<\/span><\/h3>\n<ul>\n<li data-start=\"150\" data-end=\"319\"><span style=\"color: #000000;\"><strong data-start=\"150\" data-end=\"180\">N\u0103ng l\u01b0\u1ee3ng &amp; Carbohydrate: <\/strong>B\u1eafp ng\u1ecdt ch\u1ee9a h\u00e0m l\u01b0\u1ee3ng \u0111\u01b0\u1eddng t\u1ef1 nhi\u00ean (glucose, sucrose, fructose) cao h\u01a1n b\u1eafp n\u1ebfp, t\u1ea1o v\u1ecb ng\u1ecdt \u0111\u1eb7c tr\u01b0ng v\u00e0 cung c\u1ea5p n\u0103ng l\u01b0\u1ee3ng nhanh.<\/span><\/li>\n<li data-start=\"321\" data-end=\"421\"><span style=\"color: #000000;\"><strong data-start=\"321\" data-end=\"333\">Ch\u1ea5t x\u01a1: <\/strong>Gi\u00e0u ch\u1ea5t x\u01a1 gi\u00fap h\u1ed7 tr\u1ee3 ti\u00eau h\u00f3a, t\u1ea1o c\u1ea3m gi\u00e1c no v\u00e0 c\u1ea3i thi\u1ec7n ch\u1ee9c n\u0103ng \u0111\u01b0\u1eddng ru\u1ed9t.<\/span><\/li>\n<li data-start=\"423\" data-end=\"571\"><span style=\"color: #000000;\"><strong data-start=\"423\" data-end=\"435\">Vitamin: <\/strong>Ch\u1ee9a nhi\u1ec1u vitamin A, C, v\u00e0 c\u00e1c vitamin nh\u00f3m B (\u0111\u1eb7c bi\u1ec7t B1, B6), gi\u00fap t\u0103ng c\u01b0\u1eddng mi\u1ec5n d\u1ecbch, h\u1ed7 tr\u1ee3 th\u1ecb l\u1ef1c v\u00e0 chuy\u1ec3n h\u00f3a n\u0103ng l\u01b0\u1ee3ng.<\/span><\/li>\n<li data-start=\"573\" data-end=\"739\"><span style=\"color: #000000;\"><strong data-start=\"573\" data-end=\"610\">Kho\u00e1ng ch\u1ea5t &amp; Ch\u1ea5t ch\u1ed1ng oxy h\u00f3a: <\/strong>Cung c\u1ea5p kali, magie, mangan v\u00e0 c\u00e1c ch\u1ea5t ch\u1ed1ng oxy h\u00f3a nh\u01b0 lutein, zeaxanthin \u2013 t\u1ed1t cho m\u1eaft, tim m\u1ea1ch v\u00e0 ch\u1ed1ng l\u00e3o h\u00f3a t\u1ebf b\u00e0o.<\/span><\/li>\n<\/ul>\n<h3 data-start=\"718\" data-end=\"751\"><span style=\"color: #000000;\">\u1ee8NG D\u1ee4NG B\u1eaeP NG\u1eccT \u0110\u00d4NG L\u1ea0NH<\/span><\/h3>\n<ul>\n<li data-start=\"756\" data-end=\"900\"><span style=\"color: #000000;\"><strong data-start=\"756\" data-end=\"799\">Ng\u00e0nh \u0111\u1ed3 \u0103n nhanh &amp; th\u1ef1c ph\u1ea9m ch\u1ebf bi\u1ebfn:\u00a0<\/strong>D\u00f9ng cho s\u1ea3n xu\u1ea5t b\u1eafp x\u00e0o, b\u1eafp tr\u1ed9n, s\u00fap, ch\u00e1o, nh\u00e2n b\u00e1nh, stuffing, snack b\u1eafp, \u0111\u1ed3 \u0103n ti\u1ec7n l\u1ee3i.<\/span><\/li>\n<li data-start=\"905\" data-end=\"1054\"><span style=\"color: #000000;\"><strong data-start=\"905\" data-end=\"951\">Nh\u00e0 h\u00e0ng \u2013 Kh\u00e1ch s\u1ea1n \u2013 B\u1ebfp \u0103n c\u00f4ng nghi\u1ec7p:\u00a0<\/strong>Ph\u1ee5c v\u1ee5 ch\u1ebf bi\u1ebfn m\u00f3n h\u1ea5p, lu\u1ed9c, n\u01b0\u1edbng, x\u00e0o; ho\u1eb7c l\u00e0m topping cho salad, pizza, pasta, m\u00f3n \u00c1 \u2013 \u00c2u.<\/span><\/li>\n<li data-start=\"1059\" data-end=\"1168\"><span style=\"color: #000000;\"><strong data-start=\"1059\" data-end=\"1093\">Th\u1ef1c ph\u1ea9m \u0111\u00f4ng l\u1ea1nh &amp; \u0111\u1ed3 chay:\u00a0<\/strong>Nguy\u00ean li\u1ec7u cho l\u1ea9u, m\u00f3n chay, th\u1ef1c ph\u1ea9m ready-to-cook, ready-to-eat.<\/span><\/li>\n<li data-start=\"1173\" data-end=\"1319\"><span style=\"color: #000000;\"><strong data-start=\"1173\" data-end=\"1199\">OEM \u2013 Nh\u00e3n hi\u1ec7u ri\u00eang:\u00a0<\/strong>\u0110\u00e1p \u1ee9ng c\u00e1c y\u00eau c\u1ea7u v\u1ec1 IQF, \u0111\u00f3ng g\u00f3i v\u00e0 ti\u00eau chu\u1ea9n xu\u1ea5t kh\u1ea9u cho c\u00e1c doanh nghi\u1ec7p nh\u00e3n h\u00e0ng ri\u00eang (Private Label).<\/span><\/li>\n<\/ul>\n<h3><span style=\"color: #000000;\">TH\u00d4NG TIN LI\u00caN H\u1ec6<\/span><\/h3>\n<p><span style=\"color: #000000; font-family: arial, helvetica, sans-serif;\">Email:\u00a0<span style=\"color: #1755ad;\"><a style=\"color: #1755ad;\" href=\"mailto:sales@hunghau.vn\">sales@hunghau.vn<\/a><\/span><\/span><br \/>\n<span style=\"color: #000000; font-family: arial, helvetica, sans-serif;\">Hotline: (+84)79 721 3333\u00a0<\/span><\/p>\n<p><span style=\"color: #000000; font-family: arial, helvetica, sans-serif;\">Email:\u00a0 <span style=\"color: #1755ad;\"><a style=\"color: #1755ad;\" href=\"mailto:Anna@hunghau.vn\">hana@hunghau.vn<\/a>\u00a0<\/span><\/span><br \/>\n<span style=\"color: #000000; font-family: arial, helvetica, sans-serif;\">Hotline: (+84)79 721 3333\u00a0<\/span><\/p>\n<p><span style=\"color: #000000; font-family: arial, helvetica, sans-serif;\">Email:\u00a0<span style=\"color: #1755ad;\"><a style=\"color: #1755ad;\" href=\"mailto:yenn@hunghau.vn\">yenn@hunghau.vn<\/a>\u00a0<\/span><\/span><br \/>\n<span style=\"color: #000000; font-family: arial, helvetica, sans-serif;\">Hotline: (+84)78 520 3333<\/span><\/p>\n<p><span style=\"font-weight: 400; color: #000000;\">LinkedIn<span style=\"color: #1755ad;\">:<\/span><\/span><span style=\"color: #1755ad;\"><a style=\"color: #1755ad;\" href=\"https:\/\/lnkd.in\/g_KkBKHf\"><span style=\"font-weight: 400;\"> https:\/\/lnkd.in\/g_KkBKHf<\/span><\/a><\/span><\/p>\n<p><span style=\"color: #000000;\"><b>C\u00f4ng ty C\u1ed5 ph\u1ea7n Th\u1ef1c ph\u1ea9m H\u00f9ng H\u1eadu (HungHau Foods)<\/b><\/span><\/p>\n<p><span style=\"color: #000000;\"><strong>\u0110\u1ecba ch\u1ec9: 642 \u00c2u C\u01a1, Ph\u01b0\u1eddng B\u1ea3y Hi\u1ec1n, Th\u00e0nh Ph\u1ed1 H\u1ed3 Ch\u00ed Minh<\/strong><\/span><\/p>\n<p><span style=\"color: #000000;\"><b>Nh\u00e0 xu\u1ea5t kh\u1ea9u n\u00f4ng s\u1ea3n \u2013 Nh\u00e0 cung \u1ee9ng tr\u00e1i c\u00e2y &amp; rau c\u1ee7 \u0111\u00f4ng l\u1ea1nh t\u1ea1i Vi\u1ec7t Nam.<\/b><\/span><\/p>\n<div class=\"ewa-rteLine\"><span style=\"color: #000000;\">\u00a0<\/span><\/div>\n<\/div>\n","protected":false},"excerpt":{"rendered":"<div>\n<table style=\"width: 385.354px;\">\n<tbody>\n<tr style=\"height: 21px;\">\n<td style=\"height: 21px; width: 128px;\"><span style=\"color: #1755ad;\"><strong>Lo\u1ea1i<\/strong><\/span><\/td>\n<td style=\"height: 21px; width: 244.354px;\"><span style=\"color: #000000;\">Nguy\u00ean tr\u00e1i, t\u00e1ch h\u1ea1t, c\u1eaft kh\u00fac, fillet \u2026ho\u1eb7c theo y\u00eau c\u1ea7u kh\u00e1ch h\u00e0ng.<\/span><\/td>\n<\/tr>\n<tr style=\"height: 21.5694px;\">\n<td style=\"height: 21.5694px; width: 128px;\"><span style=\"color: #1755ad;\"><strong>M\u00f9a v\u1ee5 ch\u00ednh<\/strong><\/span><\/td>\n<td style=\"height: 21.5694px; width: 244.354px;\"><span style=\"color: #000000;\">Th\u00e1ng 12-01-02-03<\/span><\/td>\n<\/tr>\n<tr style=\"height: 21px;\">\n<td style=\"height: 21px; width: 128px;\"><span style=\"color: #1755ad;\"><strong>Quy c\u00e1ch<\/strong><\/span><\/td>\n<td style=\"height: 21px; width: 244.354px;\"><span style=\"color: #000000;\">10kg\/t\u00fai ho\u1eb7c t\u00f9y theo y\u00eau c\u1ea7u kh\u00e1ch h\u00e0ng.\u00a0<\/span><\/td>\n<\/tr>\n<tr style=\"height: 21px;\">\n<td style=\"height: 21px; width: 128px;\"><span style=\"color: #1755ad;\"><strong>\u0110i\u1ec1u ki\u1ec7n<\/strong><\/span><\/td>\n<td style=\"height: 21px; width: 244.354px;\"><span style=\"color: #000000;\">-18 \u0111\u1ed9<\/span><\/td>\n<\/tr>\n<tr style=\"height: 21px;\">\n<td style=\"height: 21px; width: 128px;\"><span style=\"color: #1755ad;\"><b>C\u00f4ng su\u1ea5t<\/b><\/span><\/td>\n<td style=\"height: 21px; width: 244.354px;\"><span style=\"color: #000000;\">500 t\u1ea5n h\u00e0ng n\u0103m<\/span><\/td>\n<\/tr>\n<tr style=\"height: 21px;\">\n<td style=\"height: 21px; width: 128px;\"><span style=\"color: #1755ad;\"><b>Th\u1eddi h\u1ea1n s\u1eed d\u1ee5ng<\/b><\/span><\/td>\n<td style=\"height: 21px; width: 244.354px;\"><span style=\"color: #000000;\">24 th\u00e1ng<\/span><\/td>\n<\/tr>\n<\/tbody>\n<\/table>\n<\/div>\n","protected":false},"featured_media":21657,"comment_status":"closed","ping_status":"closed","template":"","meta":[],"product_brand":[],"product_cat":[99],"product_tag":[],"class_list":{"0":"post-24775","1":"product","2":"type-product","3":"status-publish","4":"has-post-thumbnail","6":"product_cat-rau-cu-qua-dong-lanh","8":"first","9":"instock","10":"shipping-taxable","11":"product-type-simple"},"_links":{"self":[{"href":"https:\/\/hfoods.vn\/vi\/wp-json\/wp\/v2\/product\/24775","targetHints":{"allow":["GET"]}}],"collection":[{"href":"https:\/\/hfoods.vn\/vi\/wp-json\/wp\/v2\/product"}],"about":[{"href":"https:\/\/hfoods.vn\/vi\/wp-json\/wp\/v2\/types\/product"}],"replies":[{"embeddable":true,"href":"https:\/\/hfoods.vn\/vi\/wp-json\/wp\/v2\/comments?post=24775"}],"wp:featuredmedia":[{"embeddable":true,"href":"https:\/\/hfoods.vn\/vi\/wp-json\/wp\/v2\/media\/21657"}],"wp:attachment":[{"href":"https:\/\/hfoods.vn\/vi\/wp-json\/wp\/v2\/media?parent=24775"}],"wp:term":[{"taxonomy":"product_brand","embeddable":true,"href":"https:\/\/hfoods.vn\/vi\/wp-json\/wp\/v2\/product_brand?post=24775"},{"taxonomy":"product_cat","embeddable":true,"href":"https:\/\/hfoods.vn\/vi\/wp-json\/wp\/v2\/product_cat?post=24775"},{"taxonomy":"product_tag","embeddable":true,"href":"https:\/\/hfoods.vn\/vi\/wp-json\/wp\/v2\/product_tag?post=24775"}],"curies":[{"name":"wp","href":"https:\/\/api.w.org\/{rel}","templated":true}]}}