{"id":24779,"date":"2025-04-11T04:25:40","date_gmt":"2025-04-11T04:25:40","guid":{"rendered":"https:\/\/hfoods.vn\/product\/iqf-white-corn\/"},"modified":"2026-04-01T16:56:39","modified_gmt":"2026-04-01T09:56:39","slug":"iqf-white-corn","status":"publish","type":"product","link":"https:\/\/hfoods.vn\/vi\/san-pham\/iqf-white-corn\/","title":{"rendered":"B\u1eafp N\u1ebfp \u0110\u00f4ng L\u1ea1nh"},"content":{"rendered":"<h2><span style=\"font-family: arial, helvetica, sans-serif;\">B\u1eaeP N\u1ebeP \u0110\u00d4NG L\u1ea0NH<\/span><\/h2>\n<p><span style=\"font-weight: 400; color: #000000; font-family: arial, helvetica, sans-serif;\">B\u1eafp n\u1ebfp \u0111\u00f4ng l\u1ea1nh c\u1ee7a C\u00f4ng ty C\u1ed5 ph\u1ea7n Th\u1ef1c ph\u1ea9m H\u00f9ng H\u1eadu (HungHau Foods), \u0111\u01b0\u1ee3c tuy\u1ec3n ch\u1ecdn t\u1eeb nh\u1eefng qu\u1ea3 b\u1eafp n\u1ebfp \u0111\u1ea1t chu\u1ea9n t\u1ea1i c\u00e1c v\u00f9ng tr\u1ed3ng thu\u1ed9c \u0110\u1ed3ng B\u1eb1ng S\u00f4ng C\u1eedu Long (Vi\u1ec7t Nam). S\u1ea3n ph\u1ea9m \u0111\u01b0\u1ee3c c\u1ea5p \u0111\u00f4ng b\u1eb1ng c\u00f4ng ngh\u1ec7 IQF hi\u1ec7n \u0111\u1ea1i, \u0111\u1ea3m b\u1ea3o gi\u1eef \u0111\u01b0\u1ee3c h\u01b0\u01a1ng v\u1ecb, m\u00e0u s\u1eafc v\u00e0 ch\u1ea5t l\u01b0\u1ee3ng t\u1ef1 nhi\u00ean.<\/span><\/p>\n<p><span style=\"font-weight: 400; color: #000000; font-family: arial, helvetica, sans-serif;\">HungHau Foods s\u1edf h\u1eefu n\u0103ng l\u1ef1c cung \u1ee9ng b\u1eafp l\u00ean \u0111\u1ebfn 500 t\u1ea5n th\u00e0nh ph\u1ea9m m\u1ed7i n\u0103m. S\u1ea3n ph\u1ea9m &amp; nh\u00e0 m\u00e1y ch\u1ebf bi\u1ebfn c\u1ee7a HungHau Foods \u0111\u1ea1t c\u00e1c ch\u1ee9ng nh\u1eadn, ti\u00eau chu\u1ea9n qu\u1ed1c t\u1ebf, bao\u00a0 g\u1ed3m: BRCGS, HACCP, ISO 22000, FDA, KV, HALAL v\u00e0 SMETA.<\/span><\/p>\n<h2><span style=\"font-family: arial, helvetica, sans-serif;\">\u0110\u1eb6C \u0110I\u1ec2M N\u1ed4I B\u1eacT<\/span><\/h2>\n<ul>\n<li data-start=\"152\" data-end=\"260\"><span style=\"color: #000000; font-family: arial, helvetica, sans-serif;\">Tr\u1ecdng l\u01b0\u1ee3ng: T\u00f9y k\u00edch c\u1ee1: 200\u2013350g\/tr\u00e1i (nguy\u00ean tr\u00e1i) ho\u1eb7c theo quy c\u00e1ch c\u1eaft (h\u1ea1t, n\u1eeda tr\u00e1i, khoanh\u2026).<\/span><\/li>\n<li data-start=\"262\" data-end=\"368\"><span style=\"color: #000000; font-family: arial, helvetica, sans-serif;\">M\u00e0u s\u1eafc\u00a0 H\u1ea1t b\u1eafp m\u00e0u tr\u1eafng \u0111\u1ee5c \u0111\u1eb7c tr\u01b0ng c\u1ee7a b\u1eafp n\u1ebfp.<\/span><\/li>\n<li data-start=\"370\" data-end=\"502\"><span style=\"color: #000000; font-family: arial, helvetica, sans-serif;\">H\u1ea1t b\u1eafp: H\u1ea1t tr\u00f2n \u0111\u1ec1u, d\u1ebbo, gi\u1eef \u0111\u01b0\u1ee3c \u0111\u1ed9 n\u1ebfp \u0111\u1eb7c tr\u01b0ng sau khi c\u1ea5p \u0111\u00f4ng. Khi ch\u1ebf bi\u1ebfn kh\u00f4ng b\u1ecb n\u00e1t hay chuy\u1ec3n m\u00e0u.<\/span><\/li>\n<li data-start=\"504\" data-end=\"611\"><span style=\"color: #000000; font-family: arial, helvetica, sans-serif;\">H\u01b0\u01a1ng v\u1ecb: \u0110\u1ed9 ng\u1ecdt t\u1ef1 nhi\u00ean<\/span><\/li>\n<li data-start=\"613\" data-end=\"746\"><span style=\"color: #000000; font-family: arial, helvetica, sans-serif;\">C\u00f4ng ngh\u1ec7 c\u1ea5p \u0111\u00f4ng: X\u1eed l\u00fd b\u1eb1ng c\u00f4ng ngh\u1ec7 IQF \u2013 c\u1ea5p \u0111\u00f4ng nhanh t\u1eebng h\u1ea1t, gi\u00fap gi\u1eef nguy\u00ean \u0111\u1ed9 d\u1ebbo, m\u00e0u s\u1eafc v\u00e0 ch\u1ea5t dinh d\u01b0\u1ee1ng.<\/span><\/li>\n<li data-start=\"613\" data-end=\"746\"><span style=\"color: #000000; font-family: arial, helvetica, sans-serif;\">D\u1ea1ng cung c\u1ea5p: Nguy\u00ean tr\u00e1i, t\u00e1ch h\u1ea1t, c\u1eaft kh\u00fac, fillet<\/span><\/li>\n<\/ul>\n<h2><span style=\"font-family: arial, helvetica, sans-serif;\">TH\u00d4NG TIN K\u1ef8 THU\u1eacT<\/span><\/h2>\n<table>\n<tbody>\n<tr style=\"height: 21px;\">\n<td style=\"height: 21px;\"><span style=\"font-weight: 400; color: #000000; font-family: arial, helvetica, sans-serif;\">Lo\u1ea1i h\u00e0ng (Style)<\/span><\/td>\n<td style=\"height: 21px;\"><span style=\"font-weight: 400; color: #000000; font-family: arial, helvetica, sans-serif;\">\u0110\u00f4ng L\u1ea1nh<\/span><\/td>\n<\/tr>\n<tr style=\"height: 21px;\">\n<td style=\"height: 21px;\"><span style=\"font-weight: 400; color: #000000; font-family: arial, helvetica, sans-serif;\">M\u00e0u s\u1eafc (Color)<\/span><\/td>\n<td style=\"height: 21px;\"><span style=\"font-weight: 400; color: #000000; font-family: arial, helvetica, sans-serif;\">Tr\u1eafng \u0111\u1ee5c<\/span><\/td>\n<\/tr>\n<tr style=\"height: 21px;\">\n<td style=\"height: 21px;\"><span style=\"font-weight: 400; color: #000000; font-family: arial, helvetica, sans-serif;\">K\u00edch th\u01b0\u1edbc (size)<\/span><\/td>\n<td style=\"height: 21px;\"><span style=\"font-family: arial, helvetica, sans-serif;\"><span style=\"color: #000000;\">Nguy\u00ean tr\u00e1i, t\u00e1ch h\u1ea1t, c\u1eaft kh\u00fac, fillet<\/span><\/span><\/td>\n<\/tr>\n<tr style=\"height: 21px;\">\n<td style=\"height: 21px;\"><span style=\"font-weight: 400; color: #000000; font-family: arial, helvetica, sans-serif;\">Qu\u00e1 tr\u00ecnh \u0111\u00f4ng l\u1ea1nh (Freezing Process):<\/span><\/td>\n<td style=\"height: 21px;\"><span style=\"font-weight: 400; color: #000000; font-family: arial, helvetica, sans-serif;\">S\u1eed d\u1ee5ng c\u00f4ng ngh\u1ec7 c\u1ea5p \u0111\u00f4ng nhanh IQF (Individual Quick Freezing) \u2013 c\u1ea5p \u0111\u00f4ng t\u1eebng c\u00e1 th\u1ec3.<\/span><\/td>\n<\/tr>\n<tr style=\"height: 21px;\">\n<td style=\"height: 21px;\"><span style=\"font-weight: 400; color: #000000; font-family: arial, helvetica, sans-serif;\">Tr\u1ecdng l\u01b0\u1ee3ng PA (Weight\/PA)<\/span><\/td>\n<td style=\"height: 21px;\"><span style=\"font-weight: 400; color: #000000; font-family: arial, helvetica, sans-serif;\">T\u00f9y theo y\u00eau c\u1ea7u kh\u00e1ch h\u00e0ng<\/span><\/td>\n<\/tr>\n<tr style=\"height: 21px;\">\n<td style=\"height: 21px;\"><span style=\"font-weight: 400; color: #000000; font-family: arial, helvetica, sans-serif;\">Tr\u1ecdng l\u01b0\u1ee3ng\/ctn (Weight\/ctn):<\/span><\/td>\n<td style=\"height: 21px;\"><span style=\"font-weight: 400; color: #000000; font-family: arial, helvetica, sans-serif;\">T\u00f9y theo y\u00eau c\u1ea7u kh\u00e1ch h\u00e0ng<\/span><\/td>\n<\/tr>\n<tr style=\"height: 20.8177px;\">\n<td style=\"height: 20.8177px;\"><span style=\"font-weight: 400; color: #000000; font-family: arial, helvetica, sans-serif;\">Nhi\u1ec7t \u0111\u1ed9 l\u01b0u tr\u1eef (Storage):<\/span><\/td>\n<td style=\"height: 20.8177px;\"><span style=\"font-weight: 400; color: #000000; font-family: arial, helvetica, sans-serif;\">-18\u2103<\/span><\/td>\n<\/tr>\n<tr style=\"height: 21px;\">\n<td style=\"height: 21px;\"><span style=\"font-weight: 400; color: #000000; font-family: arial, helvetica, sans-serif;\">Ngu\u1ed3n g\u1ed1c (origin):\u00a0<\/span><\/td>\n<td style=\"height: 21px;\"><span style=\"font-weight: 400; color: #000000; font-family: arial, helvetica, sans-serif;\">Vi\u1ec7t Nam<\/span><\/td>\n<\/tr>\n<tr style=\"height: 21px;\">\n<td style=\"height: 21px;\"><span style=\"font-weight: 400; color: #000000; font-family: arial, helvetica, sans-serif;\">Ph\u01b0\u01a1ng th\u1ee9c v\u1eadn chuy\u1ec3n (Method of delivery)<\/span><\/td>\n<td style=\"height: 21px;\"><span style=\"font-weight: 400; color: #000000; font-family: arial, helvetica, sans-serif;\">\u0110\u01b0\u1eddng bi\u1ec3n ho\u1eb7c \u0111\u01b0\u1eddng h\u00e0ng kh\u00f4ng.\u00a0<\/span><\/td>\n<\/tr>\n<tr style=\"height: 21px;\">\n<td style=\"height: 21px;\"><span style=\"font-weight: 400; color: #000000; font-family: arial, helvetica, sans-serif;\">\u0110\u00f3ng g\u00f3i (packaging)<\/span><\/td>\n<td style=\"height: 21px;\"><span style=\"font-weight: 400; color: #000000; font-family: arial, helvetica, sans-serif;\">10kg \/ 1 t\u00fai ho\u1eb7c t\u00f9y theo y\u00eau c\u1ea7u kh\u00e1ch h\u00e0ng<\/span><\/td>\n<\/tr>\n<tr style=\"height: 21px;\">\n<td style=\"height: 21px;\"><span style=\"font-weight: 400; color: #000000; font-family: arial, helvetica, sans-serif;\">Theo m\u00f9a (season)<\/span><\/td>\n<td style=\"height: 21px;\"><span style=\"font-family: arial, helvetica, sans-serif;\"><span style=\"color: #000000;\">T\u1eeb th\u00e1ng 12&#8211; th\u00e1ng 3<\/span><\/span><\/td>\n<\/tr>\n<tr style=\"height: 21px;\">\n<td style=\"height: 21px;\"><span style=\"font-weight: 400; color: #000000; font-family: arial, helvetica, sans-serif;\">H\u1ea1n s\u1eed d\u1ee5ng (Shelf life)<\/span><\/td>\n<td style=\"height: 21px;\"><span style=\"font-weight: 400; color: #000000; font-family: arial, helvetica, sans-serif;\">\u00a024 th\u00e1ng<\/span><\/td>\n<\/tr>\n<\/tbody>\n<\/table>\n<h2 data-start=\"613\" data-end=\"746\"><span style=\"font-family: arial, helvetica, sans-serif;\">H\u00ccNH \u1ea2NH S\u1ea2N PH\u1ea8M<\/span><\/h2>\n<figure id=\"attachment_22348\" aria-describedby=\"caption-attachment-22348\" style=\"width: 1000px\" class=\"wp-caption aligncenter\"><img loading=\"lazy\" decoding=\"async\" class=\"size-full wp-image-22348\" src=\"https:\/\/hfoods.vn\/wp-content\/uploads\/2025\/04\/HHF_Hang-Dong_Bap-trang_1-2.jpg\" alt=\"B\u1eafp n\u1ebfp nguy\u00ean qu\u1ea3 \u0111\u00f4ng l\u1ea1nh \" width=\"1000\" height=\"1000\" srcset=\"https:\/\/hfoods.vn\/wp-content\/uploads\/2025\/04\/HHF_Hang-Dong_Bap-trang_1-2.jpg 1000w, https:\/\/hfoods.vn\/wp-content\/uploads\/2025\/04\/HHF_Hang-Dong_Bap-trang_1-2-768x768.jpg 768w, https:\/\/hfoods.vn\/wp-content\/uploads\/2025\/04\/HHF_Hang-Dong_Bap-trang_1-2-45x45.jpg 45w, https:\/\/hfoods.vn\/wp-content\/uploads\/2025\/04\/HHF_Hang-Dong_Bap-trang_1-2-100x100.jpg 100w\" sizes=\"auto, (max-width: 1000px) 100vw, 1000px\" \/><figcaption id=\"caption-attachment-22348\" class=\"wp-caption-text\"><center><span style=\"font-family: arial, helvetica, sans-serif;\">B\u1eafp n\u1ebfp nguy\u00ean qu\u1ea3 \u0111\u00f4ng l\u1ea1nh<\/span><center><\/center><\/center><\/figcaption><\/figure>\n<figure id=\"attachment_22350\" aria-describedby=\"caption-attachment-22350\" style=\"width: 1000px\" class=\"wp-caption aligncenter\"><img loading=\"lazy\" decoding=\"async\" class=\"size-full wp-image-22350\" src=\"https:\/\/hfoods.vn\/wp-content\/uploads\/2025\/04\/HHF_Hang-Dong_bap-nep-hat-2.jpg\" alt=\"B\u1eafp n\u1ebfp t\u00e1ch h\u1ea1t \u0111\u00f4ng l\u1ea1nh \" width=\"1000\" height=\"1000\" srcset=\"https:\/\/hfoods.vn\/wp-content\/uploads\/2025\/04\/HHF_Hang-Dong_bap-nep-hat-2.jpg 1000w, https:\/\/hfoods.vn\/wp-content\/uploads\/2025\/04\/HHF_Hang-Dong_bap-nep-hat-2-768x768.jpg 768w, https:\/\/hfoods.vn\/wp-content\/uploads\/2025\/04\/HHF_Hang-Dong_bap-nep-hat-2-45x45.jpg 45w, https:\/\/hfoods.vn\/wp-content\/uploads\/2025\/04\/HHF_Hang-Dong_bap-nep-hat-2-100x100.jpg 100w\" sizes=\"auto, (max-width: 1000px) 100vw, 1000px\" \/><figcaption id=\"caption-attachment-22350\" class=\"wp-caption-text\"><center><span style=\"font-family: arial, helvetica, sans-serif;\">B\u1eafp n\u1ebfp t\u00e1ch h\u1ea1t \u0111\u00f4ng l\u1ea1nh<\/span><center><\/center><\/center><\/figcaption><\/figure>\n<h3><span style=\"color: #000000; font-family: arial, helvetica, sans-serif;\">TH\u00c0NH PH\u1ea6N DINH D\u01af\u1ee0NG B\u1eaeP \u0110\u00d4NG L\u1ea0NH\u00a0<\/span><\/h3>\n<ul>\n<li data-start=\"135\" data-end=\"286\"><span style=\"color: #000000; font-family: arial, helvetica, sans-serif;\"><strong data-start=\"135\" data-end=\"165\">N\u0103ng l\u01b0\u1ee3ng &amp; Carbohydrate: <\/strong>B\u1eafp n\u1ebfp cung c\u1ea5p n\u0103ng l\u01b0\u1ee3ng \u1ed5n \u0111\u1ecbnh nh\u1edd h\u00e0m l\u01b0\u1ee3ng tinh b\u1ed9t d\u1ebbo t\u1ef1 nhi\u00ean, gi\u00fap no l\u00e2u v\u00e0 duy tr\u00ec n\u0103ng l\u01b0\u1ee3ng cho c\u01a1 th\u1ec3.<\/span><\/li>\n<li data-start=\"288\" data-end=\"412\"><span style=\"color: #000000; font-family: arial, helvetica, sans-serif;\"><strong data-start=\"288\" data-end=\"300\">Ch\u1ea5t x\u01a1: <\/strong>Gi\u00e0u ch\u1ea5t x\u01a1 h\u00f2a tan v\u00e0 kh\u00f4ng h\u00f2a tan, h\u1ed7 tr\u1ee3 ti\u00eau h\u00f3a, gi\u1ea3m c\u1ea3m gi\u00e1c th\u00e8m \u0103n v\u00e0 g\u00f3p ph\u1ea7n ki\u1ec3m so\u00e1t c\u00e2n n\u1eb7ng.<\/span><\/li>\n<li data-start=\"414\" data-end=\"544\"><span style=\"color: #000000; font-family: arial, helvetica, sans-serif;\"><strong data-start=\"414\" data-end=\"426\">Vitamin: <\/strong>Ch\u1ee9a vitamin B1, B9, C v\u00e0 folate \u2013 gi\u00fap t\u0103ng c\u01b0\u1eddng mi\u1ec5n d\u1ecbch, h\u1ed7 tr\u1ee3 chuy\u1ec3n h\u00f3a n\u0103ng l\u01b0\u1ee3ng v\u00e0 t\u1ed1t cho h\u1ec7 th\u1ea7n kinh.<\/span><\/li>\n<li data-start=\"546\" data-end=\"711\"><span style=\"color: #000000; font-family: arial, helvetica, sans-serif;\"><strong data-start=\"546\" data-end=\"583\">Kho\u00e1ng ch\u1ea5t &amp; Ch\u1ea5t ch\u1ed1ng oxy h\u00f3a: <\/strong>Cung c\u1ea5p magnesium, potassium, phosphorus v\u00e0 c\u00e1c ch\u1ea5t ch\u1ed1ng oxy h\u00f3a t\u1ef1 nhi\u00ean (lutein, zeaxanthin) c\u00f3 l\u1ee3i cho m\u1eaft v\u00e0 tim m\u1ea1ch.<\/span><\/li>\n<\/ul>\n<h3 data-start=\"718\" data-end=\"751\"><span style=\"color: #000000; font-family: arial, helvetica, sans-serif;\">\u1ee8NG D\u1ee4NG B\u1eaeP N\u1ebeP \u0110\u00d4NG L\u1ea0NH<\/span><\/h3>\n<ul>\n<li data-start=\"756\" data-end=\"900\"><span style=\"font-family: arial, helvetica, sans-serif;\"><span style=\"color: #000000;\"><strong data-start=\"756\" data-end=\"799\">Ng\u00e0nh \u0111\u1ed3 \u0103n nhanh &amp; th\u1ef1c ph\u1ea9m ch\u1ebf bi\u1ebfn: <\/strong><\/span><span style=\"color: #000000;\">D\u00f9ng cho s\u1ea3n xu\u1ea5t b\u1eafp x\u00e0o, b\u1eafp tr\u1ed9n, s\u00fap, ch\u00e1o, nh\u00e2n b\u00e1nh, stuffing, snack b\u1eafp, \u0111\u1ed3 \u0103n ti\u1ec7n l\u1ee3i.<\/span><\/span><\/li>\n<li data-start=\"905\" data-end=\"1054\"><span style=\"font-family: arial, helvetica, sans-serif;\"><span style=\"color: #000000;\"><strong data-start=\"905\" data-end=\"951\">Nh\u00e0 h\u00e0ng \u2013 Kh\u00e1ch s\u1ea1n \u2013 B\u1ebfp \u0103n c\u00f4ng nghi\u1ec7p: <\/strong><\/span><span style=\"color: #000000;\">Ph\u1ee5c v\u1ee5 ch\u1ebf bi\u1ebfn m\u00f3n h\u1ea5p, lu\u1ed9c, n\u01b0\u1edbng, x\u00e0o; ho\u1eb7c l\u00e0m topping cho salad, pizza, pasta, m\u00f3n \u00c1 \u2013 \u00c2u.<\/span><\/span><\/li>\n<li data-start=\"1059\" data-end=\"1168\"><span style=\"font-family: arial, helvetica, sans-serif;\"><span style=\"color: #000000;\"><strong data-start=\"1059\" data-end=\"1093\">Th\u1ef1c ph\u1ea9m \u0111\u00f4ng l\u1ea1nh &amp; \u0111\u1ed3 chay: <\/strong><\/span><span style=\"color: #000000;\">Nguy\u00ean li\u1ec7u cho l\u1ea9u, m\u00f3n chay, th\u1ef1c ph\u1ea9m.\u00a0<\/span><\/span><\/li>\n<li data-start=\"1173\" data-end=\"1319\"><span style=\"font-family: arial, helvetica, sans-serif;\"><span style=\"color: #000000;\"><strong data-start=\"1173\" data-end=\"1199\">OEM \u2013 Nh\u00e3n hi\u1ec7u ri\u00eang: <\/strong><\/span><span style=\"color: #000000;\">\u0110\u00e1p \u1ee9ng c\u00e1c y\u00eau c\u1ea7u v\u1ec1 IQF, \u0111\u00f3ng g\u00f3i v\u00e0 ti\u00eau chu\u1ea9n xu\u1ea5t kh\u1ea9u cho c\u00e1c doanh nghi\u1ec7p nh\u00e3n h\u00e0ng ri\u00eang (Private Label).<\/span><\/span><\/li>\n<\/ul>\n<h3><span style=\"font-family: arial, helvetica, sans-serif;\">TH\u00d4NG TIN LI\u00caN H\u1ec6<\/span><\/h3>\n<p><span style=\"color: #000000; font-family: arial, helvetica, sans-serif;\">Email:\u00a0<span style=\"color: #1755ad;\"><a style=\"color: #1755ad;\" href=\"mailto:sales@hunghau.vn\">sales@hunghau.vn<\/a><\/span><\/span><br \/>\n<span style=\"color: #000000; font-family: arial, helvetica, sans-serif;\">Hotline: (+84)79 721 3333\u00a0<\/span><\/p>\n<p><span style=\"color: #000000; font-family: arial, helvetica, sans-serif;\">Email:\u00a0 <span style=\"color: #1755ad;\"><a style=\"color: #1755ad;\" href=\"mailto:Anna@hunghau.vn\">Hana@hunghau.vn<\/a>\u00a0<\/span><\/span><br \/>\n<span style=\"color: #000000; font-family: arial, helvetica, sans-serif;\">Hotline: (+84)79 721 3333\u00a0<\/span><\/p>\n<p><span style=\"color: #000000; font-family: arial, helvetica, sans-serif;\">Email:\u00a0<span style=\"color: #1755ad;\"><a style=\"color: #1755ad;\" href=\"mailto:yenn@hunghau.vn\">yenn@hunghau.vn<\/a>\u00a0<\/span><\/span><br \/>\n<span style=\"color: #000000; font-family: arial, helvetica, sans-serif;\">Hotline: (+84)78 520 3333<\/span><\/p>\n<p><span style=\"font-weight: 400; color: #000000;\">LinkedIn<span style=\"color: #1755ad;\">:<\/span><\/span><span style=\"color: #1755ad;\"><a style=\"color: #1755ad;\" href=\"https:\/\/lnkd.in\/g_KkBKHf\"><span style=\"font-weight: 400;\"> https:\/\/lnkd.in\/g_KkBKHf<\/span><\/a><\/span><\/p>\n<p><span style=\"color: #000000; font-family: arial, helvetica, sans-serif;\"><b>C\u00f4ng ty C\u1ed5 ph\u1ea7n Th\u1ef1c ph\u1ea9m H\u00f9ng H\u1eadu (HungHau Foods)<\/b><\/span><\/p>\n<p><span style=\"font-family: arial, helvetica, sans-serif;\"><strong><span style=\"color: #000000;\">\u0110\u1ecba ch\u1ec9: 642 \u00c2u C\u01a1, Ph\u01b0\u1eddng B\u1ea3y Hi\u1ec1n, Th\u00e0nh Ph\u1ed1 H\u1ed3 Ch\u00ed Minh<\/span><\/strong><\/span><\/p>\n<p><span style=\"color: #000000; font-family: arial, helvetica, sans-serif;\"><b>Nh\u00e0 xu\u1ea5t kh\u1ea9u n\u00f4ng s\u1ea3n &#8211; Nh\u00e0 cung \u1ee9ng tr\u00e1i c\u00e2y &amp; rau c\u1ee7 \u0111\u00f4ng l\u1ea1nh t\u1ea1i Vi\u1ec7t Nam.<\/b><\/span><\/p>\n","protected":false},"excerpt":{"rendered":"<div>\n<table>\n<tbody>\n<tr>\n<td><span style=\"color: #1755ad;\"><strong>Lo\u1ea1i<\/strong><\/span><\/td>\n<td><span style=\"color: #000000;\">Nguy\u00ean tr\u00e1i, t\u00e1ch h\u1ea1t, c\u1eaft kh\u00fac, fillet \u2026ho\u1eb7c theo y\u00eau c\u1ea7u kh\u00e1ch h\u00e0ng.<\/span><\/td>\n<\/tr>\n<tr>\n<td><span style=\"color: #1755ad;\"><strong>M\u00f9a v\u1ee5 ch\u00ednh<\/strong><\/span><\/td>\n<td><span style=\"color: #000000;\">Th\u00e1ng 12-1-2-3<\/span><\/td>\n<\/tr>\n<tr>\n<td><span style=\"color: #1755ad;\"><strong>Quy c\u00e1ch<\/strong><\/span><\/td>\n<td><span style=\"color: #000000;\">10kg\/ t\u00fai ho\u1eb7c theo y\u00eau c\u1ea7u kh\u00e1ch h\u00e0ng<\/span><\/td>\n<\/tr>\n<tr>\n<td><span style=\"color: #1755ad;\"><strong>\u0110i\u1ec1u ki\u1ec7n<\/strong><\/span><\/td>\n<td><span style=\"color: #000000;\">-18 \u0111\u1ed9<\/span><\/td>\n<\/tr>\n<tr>\n<td><span style=\"color: #1755ad;\"><b>C\u00f4ng su\u1ea5t<\/b><\/span><\/td>\n<td><span style=\"color: #000000;\">500 t\u1ea5n h\u1eb1ng n\u0103m<\/span><\/td>\n<\/tr>\n<tr>\n<td><span style=\"color: #1755ad;\"><b>Th\u1eddi h\u1ea1n s\u1eed d\u1ee5ng<\/b><\/span><\/td>\n<td><span style=\"color: #000000;\">24 th\u00e1ng<\/span><\/td>\n<\/tr>\n<\/tbody>\n<\/table>\n<\/div>\n","protected":false},"featured_media":22600,"comment_status":"closed","ping_status":"closed","template":"","meta":[],"product_brand":[],"product_cat":[99],"product_tag":[],"class_list":{"0":"post-24779","1":"product","2":"type-product","3":"status-publish","4":"has-post-thumbnail","6":"product_cat-rau-cu-qua-dong-lanh","8":"first","9":"instock","10":"shipping-taxable","11":"product-type-simple"},"_links":{"self":[{"href":"https:\/\/hfoods.vn\/vi\/wp-json\/wp\/v2\/product\/24779","targetHints":{"allow":["GET"]}}],"collection":[{"href":"https:\/\/hfoods.vn\/vi\/wp-json\/wp\/v2\/product"}],"about":[{"href":"https:\/\/hfoods.vn\/vi\/wp-json\/wp\/v2\/types\/product"}],"replies":[{"embeddable":true,"href":"https:\/\/hfoods.vn\/vi\/wp-json\/wp\/v2\/comments?post=24779"}],"wp:featuredmedia":[{"embeddable":true,"href":"https:\/\/hfoods.vn\/vi\/wp-json\/wp\/v2\/media\/22600"}],"wp:attachment":[{"href":"https:\/\/hfoods.vn\/vi\/wp-json\/wp\/v2\/media?parent=24779"}],"wp:term":[{"taxonomy":"product_brand","embeddable":true,"href":"https:\/\/hfoods.vn\/vi\/wp-json\/wp\/v2\/product_brand?post=24779"},{"taxonomy":"product_cat","embeddable":true,"href":"https:\/\/hfoods.vn\/vi\/wp-json\/wp\/v2\/product_cat?post=24779"},{"taxonomy":"product_tag","embeddable":true,"href":"https:\/\/hfoods.vn\/vi\/wp-json\/wp\/v2\/product_tag?post=24779"}],"curies":[{"name":"wp","href":"https:\/\/api.w.org\/{rel}","templated":true}]}}