{"id":24784,"date":"2025-03-15T09:23:12","date_gmt":"2025-03-15T02:23:12","guid":{"rendered":"https:\/\/hfoods.vn\/product\/iqf-baby-corn\/"},"modified":"2026-04-01T17:26:51","modified_gmt":"2026-04-01T10:26:51","slug":"iqf-baby-corn","status":"publish","type":"product","link":"https:\/\/hfoods.vn\/vi\/san-pham\/iqf-baby-corn\/","title":{"rendered":"B\u1eafp Non \u0110\u00f4ng L\u1ea1nh"},"content":{"rendered":"<h2><span style=\"font-family: arial, helvetica, sans-serif; color: #000000;\">B\u1eaeP NON \u0110\u00d4NG L\u1ea0NH<\/span><\/h2>\n<p><span style=\"font-weight: 400; color: #000000; font-family: arial, helvetica, sans-serif;\">B\u1eafp non \u0111\u00f4ng l\u1ea1nh c\u1ee7a C\u00f4ng ty C\u1ed5 ph\u1ea7n Th\u1ef1c ph\u1ea9m H\u00f9ng H\u1eadu (HungHau Foods), \u0111\u01b0\u1ee3c tuy\u1ec3n ch\u1ecdn t\u1eeb nh\u1eefng qu\u1ea3 b\u1eafp \u0111\u1ea1t chu\u1ea9n t\u1ea1i c\u00e1c v\u00f9ng tr\u1ed3ng thu\u1ed9c An GIang &amp; \u0110\u1ed3ng Th\u00e1p (Vi\u1ec7t Nam). S\u1ea3n ph\u1ea9m \u0111\u01b0\u1ee3c c\u1ea5p \u0111\u00f4ng b\u1eb1ng c\u00f4ng ngh\u1ec7 IQF hi\u1ec7n \u0111\u1ea1i, \u0111\u1ea3m b\u1ea3o gi\u1eef \u0111\u01b0\u1ee3c h\u01b0\u01a1ng v\u1ecb, m\u00e0u s\u1eafc v\u00e0 ch\u1ea5t l\u01b0\u1ee3ng t\u1ef1 nhi\u00ean.<\/span><\/p>\n<p><span style=\"font-weight: 400; color: #000000; font-family: arial, helvetica, sans-serif;\">HungHau Foods s\u1edf h\u1eefu n\u0103ng l\u1ef1c cung \u1ee9ng b\u1eafp l\u00ean \u0111\u1ebfn 500 t\u1ea5n th\u00e0nh ph\u1ea9m m\u1ed7i n\u0103m. S\u1ea3n ph\u1ea9m &amp; nh\u00e0 m\u00e1y ch\u1ebf bi\u1ebfn c\u1ee7a HungHau Foods \u0111\u1ea1t c\u00e1c ch\u1ee9ng nh\u1eadn, ti\u00eau chu\u1ea9n qu\u1ed1c t\u1ebf, bao\u00a0 g\u1ed3m: BRCGS, HACCP, ISO 22000, FDA, KV, HALAL v\u00e0 SMETA.<\/span><\/p>\n<h2 data-start=\"91\" data-end=\"144\"><span style=\"color: #000000; font-family: arial, helvetica, sans-serif;\">\u0110\u1eb6C \u0110I\u1ec2M N\u1ed4I B\u1eacT B\u1eaeP NON \u0110\u00d4NG L\u1ea0NH<\/span><\/h2>\n<ul>\n<li><span style=\"color: #000000; font-family: arial, helvetica, sans-serif;\">K\u00edch c\u1ee1 \u2013 Tr\u1ecdng l\u01b0\u1ee3ng: D\u00e0i t\u1eeb 6\u201312 cm; \u0111\u01b0\u1eddng k\u00ednh nh\u1ecf, \u0111\u1ed3ng \u0111\u1ec1u; ch\u1ecdn l\u1ecdc t\u1eeb nh\u1eefng tr\u00e1i b\u1eafp thu ho\u1ea1ch s\u1edbm khi c\u00f2n non.<\/span><\/li>\n<li><span style=\"color: #000000; font-family: arial, helvetica, sans-serif;\">V\u1ecf &amp; B\u1ec1 m\u1eb7t: B\u1ec1 m\u1eb7t h\u1ea1t m\u1ecbn, x\u1ebfp \u0111\u1ec1u, m\u00e0u v\u00e0ng nh\u1ea1t t\u1ef1 nhi\u00ean; kh\u00f4ng d\u1eadp n\u00e1t, kh\u00f4ng th\u00e2m \u0111en.<\/span><\/li>\n<li><span style=\"color: #000000; font-family: arial, helvetica, sans-serif;\">Th\u1ecbt b\u1eafp: Gi\u00f2n nh\u1eb9, ng\u1ecdt thanh, m\u1ec1m h\u01a1n b\u1eafp tr\u01b0\u1edfng th\u00e0nh; h\u01b0\u01a1ng v\u1ecb t\u01b0\u01a1i t\u1ef1 nhi\u00ean<\/span><\/li>\n<li><span style=\"color: #000000; font-family: arial, helvetica, sans-serif;\">H\u01b0\u01a1ng v\u1ecb: Ng\u1ecdt d\u1ecbu, kh\u00f4ng qu\u00e1 b\u00f9i; gi\u1eef nguy\u00ean \u0111\u1ed9 gi\u00f2n sau n\u1ea5u<\/span><\/li>\n<li><span style=\"color: #000000; font-family: arial, helvetica, sans-serif;\">C\u00f4ng ngh\u1ec7 c\u1ea5p \u0111\u00f4ng: S\u1ea3n xu\u1ea5t theo IQF \u2013 c\u1ea5p \u0111\u00f4ng nhanh t\u1eebng tr\u00e1i, gi\u00fap gi\u1eef l\u1ea1i c\u1ea5u tr\u00fac, \u0111\u1ed9 gi\u00f2n v\u00e0 m\u00e0u s\u1eafc v\u00e0ng t\u01b0\u01a1i.<\/span><\/li>\n<li><span style=\"color: #000000; font-family: arial, helvetica, sans-serif;\">D\u1ea1ng cung c\u1ea5p: Nguy\u00ean qu\u1ea3, c\u1eaft kh\u00fac.<\/span><\/li>\n<\/ul>\n<h2><span style=\"color: #000000; font-family: arial, helvetica, sans-serif;\">TH\u00d4NG TIN K\u1ef8 THU\u1eacT<\/span><\/h2>\n<table>\n<tbody>\n<tr>\n<td><span style=\"color: #000000; font-family: arial, helvetica, sans-serif;\">Lo\u1ea1i h\u00e0ng (Style)<\/span><\/td>\n<td><span style=\"color: #000000; font-family: arial, helvetica, sans-serif;\">\u0110\u00f4ng L\u1ea1nh<\/span><\/td>\n<\/tr>\n<tr>\n<td><span style=\"color: #000000; font-family: arial, helvetica, sans-serif;\">M\u00e0u s\u1eafc (Color)<\/span><\/td>\n<td><span style=\"color: #000000; font-family: arial, helvetica, sans-serif;\">V\u00e0ng nh\u1ea1t<\/span><\/td>\n<\/tr>\n<tr>\n<td><span style=\"color: #000000; font-family: arial, helvetica, sans-serif;\">K\u00edch th\u01b0\u1edbc (size)<\/span><\/td>\n<td><span style=\"color: #000000; font-family: arial, helvetica, sans-serif;\">Nguy\u00ean tr\u00e1i, c\u1eaft kh\u00fac<\/span><\/td>\n<\/tr>\n<tr>\n<td><span style=\"color: #000000; font-family: arial, helvetica, sans-serif;\">Qu\u00e1 tr\u00ecnh \u0111\u00f4ng l\u1ea1nh (Freezing Process):<\/span><\/td>\n<td><span style=\"color: #000000; font-family: arial, helvetica, sans-serif;\">S\u1eed d\u1ee5ng c\u00f4ng ngh\u1ec7 c\u1ea5p \u0111\u00f4ng nhanh IQF (Individual Quick Freezing) \u2013 c\u1ea5p \u0111\u00f4ng t\u1eebng c\u00e1 th\u1ec3.<\/span><\/td>\n<\/tr>\n<tr>\n<td><span style=\"color: #000000; font-family: arial, helvetica, sans-serif;\">Tr\u1ecdng l\u01b0\u1ee3ng PA (Weight\/PA)<\/span><\/td>\n<td><span style=\"color: #000000; font-family: arial, helvetica, sans-serif;\">T\u00f9y theo y\u00eau c\u1ea7u kh\u00e1ch h\u00e0ng<\/span><\/td>\n<\/tr>\n<tr>\n<td><span style=\"color: #000000; font-family: arial, helvetica, sans-serif;\">Tr\u1ecdng l\u01b0\u1ee3ng\/ctn (Weight\/ctn):<\/span><\/td>\n<td><span style=\"color: #000000; font-family: arial, helvetica, sans-serif;\">T\u00f9y theo y\u00eau c\u1ea7u kh\u00e1ch h\u00e0ng<\/span><\/td>\n<\/tr>\n<tr>\n<td><span style=\"color: #000000; font-family: arial, helvetica, sans-serif;\">Nhi\u1ec7t \u0111\u1ed9 l\u01b0u tr\u1eef (Storage):<\/span><\/td>\n<td><span style=\"color: #000000; font-family: arial, helvetica, sans-serif;\">-18\u2103<\/span><\/td>\n<\/tr>\n<tr>\n<td><span style=\"color: #000000; font-family: arial, helvetica, sans-serif;\">Ngu\u1ed3n g\u1ed1c (origin):\u00a0<\/span><\/td>\n<td><span style=\"color: #000000; font-family: arial, helvetica, sans-serif;\">Vi\u1ec7t Nam<\/span><\/td>\n<\/tr>\n<tr>\n<td><span style=\"color: #000000; font-family: arial, helvetica, sans-serif;\">Ph\u01b0\u01a1ng th\u1ee9c v\u1eadn chuy\u1ec3n (Method of delivery)<\/span><\/td>\n<td><span style=\"color: #000000; font-family: arial, helvetica, sans-serif;\">\u0110\u01b0\u1eddng bi\u1ec3n ho\u1eb7c \u0111\u01b0\u1eddng h\u00e0ng kh\u00f4ng.\u00a0<\/span><\/td>\n<\/tr>\n<tr>\n<td><span style=\"color: #000000; font-family: arial, helvetica, sans-serif;\">\u0110\u00f3ng g\u00f3i (packaging)<\/span><\/td>\n<td><span style=\"color: #000000; font-family: arial, helvetica, sans-serif;\">10kg \/ 1 th\u00f9ng ho\u1eb7c t\u00f9y theo y\u00eau c\u1ea7u kh\u00e1ch h\u00e0ng<\/span><\/td>\n<\/tr>\n<tr>\n<td><span style=\"color: #000000; font-family: arial, helvetica, sans-serif;\">Theo m\u00f9a (season)<\/span><\/td>\n<td><span style=\"color: #000000; font-family: arial, helvetica, sans-serif;\">Th\u00e1ng 12 &#8211; th\u00e1ng 5<\/span><\/td>\n<\/tr>\n<tr>\n<td><span style=\"color: #000000; font-family: arial, helvetica, sans-serif;\">H\u1ea1n s\u1eed d\u1ee5ng (Shelf life)<\/span><\/td>\n<td><span style=\"color: #000000; font-family: arial, helvetica, sans-serif;\">\u00a024 th\u00e1ng<\/span><\/td>\n<\/tr>\n<\/tbody>\n<\/table>\n<div><\/div>\n<h2><span style=\"color: #000000; font-family: arial, helvetica, sans-serif;\">TH\u00d4NG TIN LI\u00caN H\u1ec6\u00a0<\/span><\/h2>\n<p><span style=\"color: #000000; font-family: arial, helvetica, sans-serif;\">Email:\u00a0<span style=\"color: #1755ad;\"><a style=\"color: #1755ad;\" href=\"mailto:sales@hunghau.vn\">sales@hunghau.vn<\/a><\/span><\/span><br \/>\n<span style=\"color: #000000; font-family: arial, helvetica, sans-serif;\">Hotline: (+84)79 721 3333\u00a0<\/span><\/p>\n<p><span style=\"color: #000000; font-family: arial, helvetica, sans-serif;\">Email:\u00a0 <span style=\"color: #1755ad;\"><a style=\"color: #1755ad;\" href=\"mailto:Anna@hunghau.vn\">hana@hunghau.vn<\/a>\u00a0<\/span><\/span><br \/>\n<span style=\"color: #000000; font-family: arial, helvetica, sans-serif;\">Hotline: (+84)79 721 3333\u00a0<\/span><\/p>\n<p><span style=\"color: #000000; font-family: arial, helvetica, sans-serif;\">Email:\u00a0<span style=\"color: #1755ad;\"><a style=\"color: #1755ad;\" href=\"mailto:yenn@hunghau.vn\">yenn@hunghau.vn<\/a>\u00a0<\/span><\/span><br \/>\n<span style=\"color: #000000; font-family: arial, helvetica, sans-serif;\">Hotline: (+84)78 520 3333<\/span><\/p>\n<p><span style=\"font-weight: 400; color: #000000;\">LinkedIn<span style=\"color: #1755ad;\">:<\/span><\/span><span style=\"color: #1755ad;\"><a style=\"color: #1755ad;\" href=\"https:\/\/lnkd.in\/g_KkBKHf\"><span style=\"font-weight: 400;\"> https:\/\/lnkd.in\/g_KkBKHf<\/span><\/a><\/span><\/p>\n<figure id=\"attachment_15920\" aria-describedby=\"caption-attachment-15920\" style=\"width: 2500px\" class=\"wp-caption alignnone\"><img loading=\"lazy\" decoding=\"async\" class=\"wp-image-15920 size-full\" src=\"https:\/\/hfoods.vn\/wp-content\/uploads\/2025\/04\/HHF_Hang-Dong_bap-non-cat-khuc-1.jpg\" alt=\"B\u1eafp non \u0111\u00f4ng l\u1ea1nh c\u1eaft kh\u00fac\" width=\"2500\" height=\"2500\" \/><figcaption id=\"caption-attachment-15920\" class=\"wp-caption-text\"><center><span style=\"color: #000000; font-family: arial, helvetica, sans-serif;\">B\u1eafp non \u0111\u00f4ng l\u1ea1nh c\u1eaft kh\u00fac HungHau Foods<\/span><center><\/center><\/center><\/figcaption><\/figure>\n<figure id=\"attachment_15914\" aria-describedby=\"caption-attachment-15914\" style=\"width: 2500px\" class=\"wp-caption alignnone\"><img loading=\"lazy\" decoding=\"async\" class=\"wp-image-15914 size-full\" src=\"https:\/\/hfoods.vn\/wp-content\/uploads\/2025\/04\/HHF_Hang-Dong_bap-non.jpg\" alt=\"B\u1eafp non \u0111\u00f4ng l\u1ea1nh c\u1eaft kh\u00fac\" width=\"2500\" height=\"2500\" \/><figcaption id=\"caption-attachment-15914\" class=\"wp-caption-text\"><center><span style=\"color: #000000; font-family: arial, helvetica, sans-serif;\">B\u1eafp non \u0111\u00f4ng l\u1ea1nh nguy\u00ean tr\u00e1i HungHau Foods<\/span><center><\/center><\/center><\/figcaption><\/figure>\n<h2 data-start=\"117\" data-end=\"153\"><span style=\"color: #000000; font-family: arial, helvetica, sans-serif;\">TH\u00c0NH PH\u1ea6N DINH D\u01af\u1ee0NG B\u1eaeP NON<\/span><\/h2>\n<p data-start=\"155\" data-end=\"294\"><span style=\"color: #000000; font-family: arial, helvetica, sans-serif;\"><strong data-start=\"155\" data-end=\"185\">N\u0103ng l\u01b0\u1ee3ng &amp; Carbohydrate: <\/strong>Cung c\u1ea5p ngu\u1ed3n n\u0103ng l\u01b0\u1ee3ng nh\u1eb9 v\u1edbi l\u01b0\u1ee3ng carbohydrate th\u1ea5p h\u01a1n so v\u1edbi b\u1eafp gi\u00e0, ph\u00f9 h\u1ee3p ch\u1ebf \u0111\u1ed9 \u0103n l\u00e0nh m\u1ea1nh.<\/span><\/p>\n<p data-start=\"296\" data-end=\"396\"><span style=\"color: #000000; font-family: arial, helvetica, sans-serif;\"><strong data-start=\"296\" data-end=\"308\">Ch\u1ea5t x\u01a1: <\/strong>Gi\u00e0u ch\u1ea5t x\u01a1 gi\u00fap h\u1ed7 tr\u1ee3 ti\u00eau h\u00f3a, c\u1ea3i thi\u1ec7n ho\u1ea1t \u0111\u1ed9ng \u0111\u01b0\u1eddng ru\u1ed9t v\u00e0 t\u1ea1o c\u1ea3m gi\u00e1c no.<\/span><\/p>\n<p data-start=\"398\" data-end=\"538\"><span style=\"color: #000000; font-family: arial, helvetica, sans-serif;\"><strong data-start=\"398\" data-end=\"410\">Vitamin: <\/strong>Ch\u1ee9a carotenoids\u00a0 v\u00e0 c\u00e1c vitamin nh\u00f3m B (\u0111\u1eb7c bi\u1ec7t B1, B3, B6), g\u00f3p ph\u1ea7n t\u0103ng c\u01b0\u1eddng mi\u1ec5n d\u1ecbch v\u00e0 h\u1ed7 tr\u1ee3 chuy\u1ec3n h\u00f3a n\u0103ng l\u01b0\u1ee3ng.<\/span><\/p>\n<p data-start=\"540\" data-end=\"659\"><span style=\"color: #000000; font-family: arial, helvetica, sans-serif;\"><strong data-start=\"540\" data-end=\"556\">Kho\u00e1ng ch\u1ea5t: <\/strong>Gi\u00e0u kali, magie, s\u1eaft v\u00e0 k\u1ebdm\u2014nh\u1eefng kho\u00e1ng ch\u1ea5t quan tr\u1ecdng cho tim m\u1ea1ch, c\u01a1 b\u1eafp v\u00e0 s\u1ee9c kh\u1ecfe t\u1ed5ng th\u1ec3.<\/span><\/p>\n<p data-start=\"661\" data-end=\"776\"><span style=\"color: #000000; font-family: arial, helvetica, sans-serif;\"><strong data-start=\"661\" data-end=\"684\">Ch\u1ea5t ch\u1ed1ng oxy h\u00f3a: <\/strong>C\u00f3 ch\u1ee9a lutein, zeaxanthin t\u0103ng c\u01b0\u01a1ng th\u1ecb l\u1ef1c v\u00e0 tr\u1ed1ng l\u00e3o h\u00f3a.<\/span><\/p>\n<h2 data-start=\"783\" data-end=\"816\"><span style=\"color: #000000; font-family: arial, helvetica, sans-serif;\">\u1ee8NG D\u1ee4NG B\u1eaeP NON \u0110\u00d4NG L\u1ea0NH<\/span><\/h2>\n<ul>\n<li><span style=\"font-family: arial, helvetica, sans-serif;\"><span style=\"color: #000000;\"><strong>Nh\u00e0 h\u00e0ng \u2013 Kh\u00e1ch s\u1ea1n: <\/strong><\/span><span style=\"color: #000000;\">D\u00f9ng ch\u1ebf bi\u1ebfn m\u00f3n x\u00e0o, h\u1ea5p, n\u01b0\u1edbng, salad tr\u1ed9n, s\u00fap v\u00e0 c\u00e1c m\u00f3n \u00c2u\u2013\u00c1 nh\u01b0 b\u00f2 l\u00fac l\u1eafc, m\u00ec x\u00e0o, m\u00f3n l\u1ea9u.<\/span><\/span><\/li>\n<li><span style=\"font-family: arial, helvetica, sans-serif;\"><span style=\"color: #000000;\"><strong>C\u00f4ng nghi\u1ec7p th\u1ef1c ph\u1ea9m: <\/strong><\/span><span style=\"color: #000000;\">L\u00e0 nguy\u00ean li\u1ec7u cho s\u1ea3n xu\u1ea5t m\u00f3n \u0103n \u0111\u00f3ng g\u00f3i, \u0111\u1ed3 h\u1ed9p, th\u1ef1c ph\u1ea9m ch\u1ebf bi\u1ebfn ho\u1eb7c \u0111\u1ed1ng h\u1ed9p<\/span><\/span><\/li>\n<li><span style=\"font-family: arial, helvetica, sans-serif;\"><span style=\"color: #000000;\"><strong>OEM \u2013 Nh\u00e3n hi\u1ec7u ri\u00eang: <\/strong><\/span><span style=\"color: #000000;\">Cung c\u1ea5p b\u1eafp non IQF theo y\u00eau c\u1ea7u ti\u00eau chu\u1ea9n xu\u1ea5t kh\u1ea9u v\u00e0 \u0111\u00f3ng g\u00f3i ri\u00eang.<\/span><\/span><\/li>\n<\/ul>\n<h3><span style=\"color: #000000; font-family: arial, helvetica, sans-serif;\">TH\u00d4NG TIN LI\u00caN H\u1ec6<\/span><\/h3>\n<p><span style=\"color: #000000; font-family: arial, helvetica, sans-serif;\">Email:\u00a0<span style=\"color: #1755ad;\"><a style=\"color: #1755ad;\" href=\"mailto:sales@hunghau.vn\">sales@hunghau.vn<\/a><\/span><\/span><br \/>\n<span style=\"color: #000000; font-family: arial, helvetica, sans-serif;\">Hotline: (+84)79 721 3333\u00a0<\/span><\/p>\n<p><span style=\"color: #000000; font-family: arial, helvetica, sans-serif;\">Email:\u00a0 <span style=\"color: #1755ad;\"><a style=\"color: #1755ad;\" href=\"mailto:Anna@hunghau.vn\">hana@hunghau.vn<\/a>\u00a0<\/span><\/span><br \/>\n<span style=\"color: #000000; font-family: arial, helvetica, sans-serif;\">Hotline: (+84)79 721 3333\u00a0<\/span><\/p>\n<p><span style=\"color: #000000; font-family: arial, helvetica, sans-serif;\">Email:\u00a0<span style=\"color: #1755ad;\"><a style=\"color: #1755ad;\" href=\"mailto:yenn@hunghau.vn\">yenn@hunghau.vn<\/a>\u00a0<\/span><\/span><br \/>\n<span style=\"color: #000000; font-family: arial, helvetica, sans-serif;\">Hotline: (+84)78 520 3333<\/span><\/p>\n<p><span style=\"font-weight: 400; color: #000000;\">LinkedIn<span style=\"color: #1755ad;\">:<\/span><\/span><span style=\"color: #1755ad;\"><a style=\"color: #1755ad;\" href=\"https:\/\/lnkd.in\/g_KkBKHf\"><span style=\"font-weight: 400;\"> https:\/\/lnkd.in\/g_KkBKHf<\/span><\/a><\/span><\/p>\n<p><span style=\"color: #000000; font-family: arial, helvetica, sans-serif;\"><b>C\u00f4ng ty C\u1ed5 ph\u1ea7n Th\u1ef1c ph\u1ea9m H\u00f9ng H\u1eadu (HungHau Foods)<\/b><\/span><\/p>\n<p><span style=\"color: #000000; font-family: arial, helvetica, sans-serif;\"><strong>\u0110\u1ecba ch\u1ec9: 642 \u00c2u C\u01a1, Ph\u01b0\u1eddng B\u1ea3y Hi\u1ec1n, Th\u00e0nh Ph\u1ed1 H\u1ed3 Ch\u00ed Minh<\/strong><\/span><\/p>\n<p><span style=\"color: #000000; font-family: arial, helvetica, sans-serif;\"><b>Nh\u00e0 xu\u1ea5t kh\u1ea9u n\u00f4ng s\u1ea3n \u2013 Nh\u00e0 cung \u1ee9ng tr\u00e1i c\u00e2y &amp; rau c\u1ee7 \u0111\u00f4ng l\u1ea1nh t\u1ea1i Vi\u1ec7t Nam.<\/b><\/span><\/p>\n","protected":false},"excerpt":{"rendered":"<div>\n<table style=\"width: 345px;\">\n<tbody>\n<tr style=\"height: 43px;\">\n<td style=\"width: 92.5341px; height: 43px;\"><strong><span style=\"color: #1755ad;\">Lo\u1ea1i<\/span><\/strong><\/td>\n<td style=\"width: 229px; height: 43px;\"><span style=\"color: #000000;\">Nguy\u00ean qu\u1ea3, c\u1eaft kh\u00fac \u2026\u00a0<\/span><\/td>\n<\/tr>\n<tr style=\"height: 38px;\">\n<td style=\"width: 92.5341px; height: 38px;\"><span style=\"color: #1755ad;\"><strong>M\u00f9a v\u1ee5 ch\u00ednh<\/strong><\/span><\/td>\n<td style=\"width: 229px; height: 38px;\"><span style=\"color: #000000; font-family: arial, helvetica, sans-serif;\">Th\u00e1ng 12 -1-2-3-4-5<\/span><\/td>\n<\/tr>\n<tr style=\"height: 47.661px;\">\n<td style=\"width: 92.5341px; height: 47.661px;\"><span style=\"color: #1755ad;\"><strong>Quy c\u00e1ch<\/strong><\/span><\/td>\n<td style=\"width: 229px; height: 47.661px;\"><span style=\"font-weight: 400; color: #000000;\">10kg\/t\u00fai ho\u1eb7c t\u00f9y theo y\u00eau c\u1ea7u kh\u00e1ch h\u00e0ng<\/span><\/td>\n<\/tr>\n<tr style=\"height: 38px;\">\n<td style=\"width: 92.5341px; height: 38px;\"><span style=\"color: #1755ad;\"><b>Capacity<\/b><\/span><\/td>\n<td style=\"width: 229px; height: 38px;\"><span style=\"font-weight: 400; color: #000000;\">500 t\u1ea5n h\u1eb1ng n\u0103m<\/span><\/td>\n<\/tr>\n<\/tbody>\n<\/table>\n<table style=\"height: 30px; width: 345.085px;\">\n<tbody>\n<tr style=\"height: 5.55112px;\">\n<td style=\"width: 89px; height: 5.55112px;\"><span style=\"color: #1755ad;\"><strong>\u0110i\u1ec1u ki\u1ec7n b\u1ea3o qu\u1ea3n <\/strong><\/span><\/td>\n<td style=\"width: 222.085px; height: 5.55112px;\"><span style=\"color: #000000;\">-18\u2103<\/span><\/td>\n<\/tr>\n<tr style=\"height: 14px;\">\n<td style=\"width: 89px; height: 14px;\"><span style=\"color: #1755ad;\"><strong>Th\u1eddi h\u1ea1n s\u1eed d\u1ee5ng\u00a0<\/strong><\/span><\/td>\n<td style=\"width: 222.085px; height: 14px;\"><span style=\"color: #000000;\">24 th\u00e1ng\u00a0<\/span><\/td>\n<\/tr>\n<\/tbody>\n<\/table>\n<\/div>\n<div><\/div>\n<div><\/div>\n","protected":false},"featured_media":15978,"comment_status":"closed","ping_status":"closed","template":"","meta":[],"product_brand":[],"product_cat":[99],"product_tag":[],"class_list":{"0":"post-24784","1":"product","2":"type-product","3":"status-publish","4":"has-post-thumbnail","6":"product_cat-rau-cu-qua-dong-lanh","8":"first","9":"instock","10":"shipping-taxable","11":"product-type-simple"},"_links":{"self":[{"href":"https:\/\/hfoods.vn\/vi\/wp-json\/wp\/v2\/product\/24784","targetHints":{"allow":["GET"]}}],"collection":[{"href":"https:\/\/hfoods.vn\/vi\/wp-json\/wp\/v2\/product"}],"about":[{"href":"https:\/\/hfoods.vn\/vi\/wp-json\/wp\/v2\/types\/product"}],"replies":[{"embeddable":true,"href":"https:\/\/hfoods.vn\/vi\/wp-json\/wp\/v2\/comments?post=24784"}],"wp:featuredmedia":[{"embeddable":true,"href":"https:\/\/hfoods.vn\/vi\/wp-json\/wp\/v2\/media\/15978"}],"wp:attachment":[{"href":"https:\/\/hfoods.vn\/vi\/wp-json\/wp\/v2\/media?parent=24784"}],"wp:term":[{"taxonomy":"product_brand","embeddable":true,"href":"https:\/\/hfoods.vn\/vi\/wp-json\/wp\/v2\/product_brand?post=24784"},{"taxonomy":"product_cat","embeddable":true,"href":"https:\/\/hfoods.vn\/vi\/wp-json\/wp\/v2\/product_cat?post=24784"},{"taxonomy":"product_tag","embeddable":true,"href":"https:\/\/hfoods.vn\/vi\/wp-json\/wp\/v2\/product_tag?post=24784"}],"curies":[{"name":"wp","href":"https:\/\/api.w.org\/{rel}","templated":true}]}}