{"id":24786,"date":"2025-03-13T08:49:06","date_gmt":"2025-03-13T01:49:06","guid":{"rendered":"https:\/\/hfoods.vn\/product\/iqf-red-guava\/"},"modified":"2026-04-01T17:32:00","modified_gmt":"2026-04-01T10:32:00","slug":"iqf-red-guava","status":"publish","type":"product","link":"https:\/\/hfoods.vn\/vi\/san-pham\/iqf-red-guava\/","title":{"rendered":"\u1ed4i Ru\u1ed9t \u0110\u1ecf \u0110\u00f4ng L\u1ea1nh"},"content":{"rendered":"<h2><span style=\"color: #000000;\">\u1ed4I RU\u1ed8T \u0110\u1ece \u0110\u00d4NG L\u1ea0NH\u00a0<\/span><\/h2>\n<p><span style=\"font-weight: 400; color: #000000; font-family: arial, helvetica, sans-serif;\">\u1ed4i ru\u1ed9t \u0111\u1ecf \u0111\u00f4ng l\u1ea1nh c\u1ee7a C\u00f4ng ty C\u1ed5 ph\u1ea7n Th\u1ef1c ph\u1ea9m H\u00f9ng H\u1eadu (HungHau Foods), \u0111\u01b0\u1ee3c tuy\u1ec3n ch\u1ecdn t\u1eeb nh\u1eefng qu\u1ea3 \u1ed5i \u0111\u1ea1t chu\u1ea9n t\u1ea1i c\u00e1c v\u00f9ng tr\u1ed3ng thu\u1ed9c t\u1ec9nh \u0110\u1ed3ng Th\u00e1p v\u00e0 th\u00e0nh ph\u1ed1 C\u1ea7n Th\u01a1 (Vi\u1ec7t Nam). S\u1ea3n ph\u1ea9m \u0111\u01b0\u1ee3c c\u1ea5p \u0111\u00f4ng b\u1eb1ng c\u00f4ng ngh\u1ec7 IQF hi\u1ec7n \u0111\u1ea1i, \u0111\u1ea3m b\u1ea3o gi\u1eef \u0111\u01b0\u1ee3c h\u01b0\u01a1ng v\u1ecb, m\u00e0u s\u1eafc v\u00e0 ch\u1ea5t l\u01b0\u1ee3ng t\u1ef1 nhi\u00ean.<\/span><\/p>\n<p><span style=\"font-weight: 400; color: #000000; font-family: arial, helvetica, sans-serif;\">HungHau Foods s\u1edf h\u1eefu n\u0103ng l\u1ef1c cung \u1ee9ng \u1ed5i ru\u1ed9t \u0111\u1ecf \u0111\u00f4ng l\u1ea1nh l\u00ean \u0111\u1ebfn 500 t\u1ea5n th\u00e0nh ph\u1ea9m m\u1ed7i n\u0103m. S\u1ea3n ph\u1ea9m &amp; nh\u00e0 m\u00e1y ch\u1ebf bi\u1ebfn c\u1ee7a HungHau Foods \u0111\u1ea1t c\u00e1c ch\u1ee9ng nh\u1eadn, ti\u00eau chu\u1ea9n qu\u1ed1c t\u1ebf, bao g\u1ed3m g\u1ed3m: BRCGS, HACCP, ISO 22000, FDA, KV, HALAL v\u00e0 SMETA.<\/span><\/p>\n<h2><span style=\"color: #000000;\">\u0110\u1eb6C \u0110I\u1ec2M N\u1ed4I B\u1eacT:<\/span><\/h2>\n<ul>\n<li><span style=\"color: #000000;\">H\u00ecnh d\u1ea1ng v\u00e0 tr\u1ecdng l\u01b0\u1ee3ng: Qu\u1ea3 \u1ed5i c\u00f3 k\u00edch th\u01b0\u1edbc v\u1eeba, h\u00ecnh tr\u00f2n ho\u1eb7c h\u01a1i b\u1ea7u, m\u1ed7i qu\u1ea3 n\u1eb7ng trung b\u00ecnh 150\u2013250g.<\/span><\/li>\n<li><span style=\"color: #000000;\">M\u00e0u s\u1eafc: V\u1ecf xanh nh\u1ea1t, khi ch\u00edn v\u00e0ng nh\u1eb9;\u00a0<\/span><\/li>\n<li><span style=\"color: #000000;\">Th\u1ecbt qu\u1ea3: th\u1ecbt b\u00ean trong m\u00e0u tr\u1eafng ho\u1eb7c h\u1ed3ng nh\u1ea1t, gi\u00f2n v\u00e0 m\u1ecdng n\u01b0\u1edbc.<\/span><\/li>\n<li><span style=\"color: #000000;\">H\u01b0\u01a1ng v\u1ecb: V\u1ecb ng\u1ecdt thanh, h\u01a1i chua nh\u1eb9, gi\u1eef \u0111\u01b0\u1ee3c h\u01b0\u01a1ng th\u01a1m t\u1ef1 nhi\u00ean \u0111\u1eb7c tr\u01b0ng sau khi c\u1ea5p \u0111\u00f4ng.<\/span><\/li>\n<li><span style=\"color: #000000;\">C\u00f4ng ngh\u1ec7 c\u1ea5p \u0111\u00f4ng: \u0110\u01b0\u1ee3c x\u1eed l\u00fd theo c\u00f4ng ngh\u1ec7 IQF (Individual Quick Freezing), c\u1ea5p \u0111\u00f4ng nhanh t\u1eebng qu\u1ea3 ho\u1eb7c c\u1eaft kh\u1ed1i, gi\u1eef nguy\u00ean ch\u1ea5t l\u01b0\u1ee3ng, m\u00e0u s\u1eafc v\u00e0 gi\u00e1 tr\u1ecb dinh d\u01b0\u1ee1ng.<\/span><\/li>\n<li><span style=\"color: #000000;\">Ph\u00e2n lo\u1ea1i: Nguy\u00ean qu\u1ea3, c\u1eaft 1 n\u1eeda, c\u1eaft dices, puree kh\u00f4ng h\u1ea1t v\u00e0 c\u00f3 h\u1ea1t,..<\/span><\/li>\n<\/ul>\n<h2><span style=\"color: #000000;\">TH\u00d4NG TIN K\u1ef8 THU\u1eacT:<\/span><\/h2>\n<table>\n<tbody>\n<tr>\n<td><span style=\"font-weight: 400; color: #000000;\">Lo\u1ea1i h\u00e0ng (Style)<\/span><\/td>\n<td><span style=\"font-weight: 400; color: #000000;\">\u0110\u00f4ng L\u1ea1nh<\/span><\/td>\n<\/tr>\n<tr>\n<td><span style=\"font-weight: 400; color: #000000;\">M\u00e0u s\u1eafc (Color)<\/span><\/td>\n<td><span style=\"font-weight: 400; color: #000000;\">\u0110\u1ecf \/xanh<\/span><\/td>\n<\/tr>\n<tr>\n<td><span style=\"font-weight: 400; color: #000000;\">Ph\u00e2n lo\u1ea1i<\/span><\/td>\n<td><span style=\"font-weight: 400; color: #000000;\">\u1ed4i ru\u1ed9t \u0111\u1ecf\u00a0<\/span><\/td>\n<\/tr>\n<tr>\n<td><span style=\"font-weight: 400; color: #000000;\">K\u00edch th\u01b0\u1edbc (size)<\/span><\/td>\n<td><span style=\"font-weight: 400; color: #000000;\">Nguy\u00ean qu\u1ea3,\u00a0 n\u1eeda tr\u00e1i, c\u1eaft dices, puree kh\u00f4ng h\u1ea1t v\u00e0 c\u00f3 h\u1ea1t,..<\/span><\/td>\n<\/tr>\n<tr>\n<td><span style=\"font-weight: 400; color: #000000;\">Qu\u00e1 tr\u00ecnh \u0111\u00f4ng l\u1ea1nh (Freezing Process):<\/span><\/td>\n<td><span style=\"font-weight: 400; color: #000000;\">S\u1eed d\u1ee5ng c\u00f4ng ngh\u1ec7 c\u1ea5p \u0111\u00f4ng nhanh IQF (Individual Quick Freezing) \u2013 c\u1ea5p \u0111\u00f4ng t\u1eebng c\u00e1 th\u1ec3.<\/span><\/td>\n<\/tr>\n<tr>\n<td><span style=\"font-weight: 400; color: #000000;\">Tr\u1ecdng l\u01b0\u1ee3ng PA (Weight\/PA)<\/span><\/td>\n<td><span style=\"font-weight: 400; color: #000000;\">T\u00f9y theo y\u00eau c\u1ea7u kh\u00e1ch h\u00e0ng<\/span><\/td>\n<\/tr>\n<tr>\n<td><span style=\"font-weight: 400; color: #000000;\">Tr\u1ecdng l\u01b0\u1ee3ng\/ctn (Weight\/ctn):<\/span><\/td>\n<td><span style=\"font-weight: 400; color: #000000;\">T\u00f9y theo y\u00eau c\u1ea7u kh\u00e1ch h\u00e0ng<\/span><\/td>\n<\/tr>\n<tr>\n<td><span style=\"font-weight: 400; color: #000000;\">Nhi\u1ec7t \u0111\u1ed9 l\u01b0u tr\u1eef (Storage):<\/span><\/td>\n<td><span style=\"font-weight: 400; color: #000000;\">-18\u2103<\/span><\/td>\n<\/tr>\n<tr>\n<td><span style=\"font-weight: 400; color: #000000;\">Ngu\u1ed3n g\u1ed1c (origin):\u00a0<\/span><\/td>\n<td><span style=\"font-weight: 400; color: #000000;\">Vi\u1ec7t Nam<\/span><\/td>\n<\/tr>\n<tr>\n<td><span style=\"font-weight: 400; color: #000000;\">Ph\u01b0\u01a1ng th\u1ee9c v\u1eadn chuy\u1ec3n (Method of delivery)<\/span><\/td>\n<td><span style=\"font-weight: 400; color: #000000;\">\u0110\u01b0\u1eddng bi\u1ec3n ho\u1eb7c \u0111\u01b0\u1eddng h\u00e0ng kh\u00f4ng.\u00a0<\/span><\/td>\n<\/tr>\n<tr>\n<td><span style=\"font-weight: 400; color: #000000;\">\u0110\u00f3ng g\u00f3i (packaging)<\/span><\/td>\n<td><span style=\"font-weight: 400; color: #000000;\">10kg \/ 1 t\u00fai ho\u1eb7c t\u00f9y theo y\u00eau c\u1ea7u kh\u00e1ch h\u00e0ng<\/span><\/td>\n<\/tr>\n<tr>\n<td><span style=\"font-weight: 400; color: #000000;\">Theo m\u00f9a (season)<\/span><\/td>\n<td><span style=\"font-weight: 400; color: #000000;\">T\u1eeb th\u00e1ng 1 \u0111\u1ebfn th\u00e1ng 7<\/span><\/td>\n<\/tr>\n<tr>\n<td><span style=\"font-weight: 400; color: #000000;\">H\u1ea1n s\u1eed d\u1ee5ng (Shelf life)<\/span><\/td>\n<td><span style=\"font-weight: 400; color: #000000;\">\u00a024 th\u00e1ng<\/span><\/td>\n<\/tr>\n<\/tbody>\n<\/table>\n<h3>H\u00ccNH \u1ea2NH S\u1ea2N PH\u1ea8M<\/h3>\n<figure id=\"attachment_22323\" aria-describedby=\"caption-attachment-22323\" style=\"width: 1000px\" class=\"wp-caption aligncenter\"><img loading=\"lazy\" decoding=\"async\" class=\"size-full wp-image-22323\" src=\"https:\/\/hfoods.vn\/wp-content\/uploads\/2025\/04\/HHF_Hang-Dong_oi-hong-got-vo-KO-hat-dice-dia-1.jpg\" alt=\"\u1ed4i \u0111\u00f4ng l\u1ea1nh c\u1eaft dices c\u1eaft v\u1ecf\" width=\"1000\" height=\"1000\" srcset=\"https:\/\/hfoods.vn\/wp-content\/uploads\/2025\/04\/HHF_Hang-Dong_oi-hong-got-vo-KO-hat-dice-dia-1.jpg 1000w, https:\/\/hfoods.vn\/wp-content\/uploads\/2025\/04\/HHF_Hang-Dong_oi-hong-got-vo-KO-hat-dice-dia-1-768x768.jpg 768w, https:\/\/hfoods.vn\/wp-content\/uploads\/2025\/04\/HHF_Hang-Dong_oi-hong-got-vo-KO-hat-dice-dia-1-45x45.jpg 45w, https:\/\/hfoods.vn\/wp-content\/uploads\/2025\/04\/HHF_Hang-Dong_oi-hong-got-vo-KO-hat-dice-dia-1-100x100.jpg 100w\" sizes=\"auto, (max-width: 1000px) 100vw, 1000px\" \/><figcaption id=\"caption-attachment-22323\" class=\"wp-caption-text\"><center>\u1ed4i \u0111\u00f4ng l\u1ea1nh c\u1eaft dices c\u1eaft v\u1ecf HungHau Foods<center><\/center><\/center><\/figcaption><\/figure>\n<figure id=\"attachment_22325\" aria-describedby=\"caption-attachment-22325\" style=\"width: 1000px\" class=\"wp-caption aligncenter\"><img loading=\"lazy\" decoding=\"async\" class=\"size-full wp-image-22325\" src=\"https:\/\/hfoods.vn\/wp-content\/uploads\/2025\/04\/HHF_Hang-Dong_oi-hong-got-vo-hat-doi.jpg\" alt=\"\u1ed4i \u0111\u00f4ng l\u1ea1nh g\u1ecdt v\u1ecf \u0111\u00f4ng l\u1ea1nh \" width=\"1000\" height=\"1000\" srcset=\"https:\/\/hfoods.vn\/wp-content\/uploads\/2025\/04\/HHF_Hang-Dong_oi-hong-got-vo-hat-doi.jpg 1000w, https:\/\/hfoods.vn\/wp-content\/uploads\/2025\/04\/HHF_Hang-Dong_oi-hong-got-vo-hat-doi-768x768.jpg 768w, https:\/\/hfoods.vn\/wp-content\/uploads\/2025\/04\/HHF_Hang-Dong_oi-hong-got-vo-hat-doi-45x45.jpg 45w, https:\/\/hfoods.vn\/wp-content\/uploads\/2025\/04\/HHF_Hang-Dong_oi-hong-got-vo-hat-doi-100x100.jpg 100w\" sizes=\"auto, (max-width: 1000px) 100vw, 1000px\" \/><figcaption id=\"caption-attachment-22325\" class=\"wp-caption-text\"><center>\u1ed4i \u0111\u00f4ng l\u1ea1nh g\u1ecdt v\u1ecf \u0111\u00f4ng l\u1ea1nh HungHau Foods<center><\/center><\/center><\/figcaption><\/figure>\n<figure id=\"attachment_22327\" aria-describedby=\"caption-attachment-22327\" style=\"width: 1000px\" class=\"wp-caption aligncenter\"><img loading=\"lazy\" decoding=\"async\" class=\"size-full wp-image-22327\" src=\"https:\/\/hfoods.vn\/wp-content\/uploads\/2025\/04\/HHF_Hang-Dong_oi-hong-nguyen-trai-1.jpg\" alt=\"\u1ed4i \u0111\u00f4ng l\u1ea1nh ru\u1ed9t h\u1ed3ng nguy\u00ean tr\u00e1i \" width=\"1000\" height=\"1000\" srcset=\"https:\/\/hfoods.vn\/wp-content\/uploads\/2025\/04\/HHF_Hang-Dong_oi-hong-nguyen-trai-1.jpg 1000w, https:\/\/hfoods.vn\/wp-content\/uploads\/2025\/04\/HHF_Hang-Dong_oi-hong-nguyen-trai-1-768x768.jpg 768w, https:\/\/hfoods.vn\/wp-content\/uploads\/2025\/04\/HHF_Hang-Dong_oi-hong-nguyen-trai-1-45x45.jpg 45w, https:\/\/hfoods.vn\/wp-content\/uploads\/2025\/04\/HHF_Hang-Dong_oi-hong-nguyen-trai-1-100x100.jpg 100w\" sizes=\"auto, (max-width: 1000px) 100vw, 1000px\" \/><figcaption id=\"caption-attachment-22327\" class=\"wp-caption-text\"><center>\u1ed4i \u0111\u00f4ng l\u1ea1nh ru\u1ed9t h\u1ed3ng nguy\u00ean tr\u00e1i HungHau Foods<center><\/center><\/center><\/figcaption><\/figure>\n<h3><span style=\"color: #000000;\">TH\u00c0NH PH\u1ea6N DINH D\u01af\u1ee0NG<\/span><\/h3>\n<ul>\n<li><span style=\"color: #000000;\"><b>N\u0103ng l\u01b0\u1ee3ng &amp; Carbohydrate:<\/b><span style=\"font-weight: 400;\"> \u1ed4i cung c\u1ea5p n\u0103ng l\u01b0\u1ee3ng t\u1eeb \u0111\u01b0\u1eddng t\u1ef1 nhi\u00ean (glucose, fructose, sucrose), d\u1ec5 h\u1ea5p thu v\u00e0 h\u1ed7 tr\u1ee3 n\u0103ng l\u01b0\u1ee3ng t\u1ee9c th\u00ec cho c\u01a1 th\u1ec3.<\/span><\/span><\/li>\n<li><span style=\"color: #000000;\"><b>Ch\u1ea5t x\u01a1:<\/b><span style=\"font-weight: 400;\"> H\u00e0m l\u01b0\u1ee3ng ch\u1ea5t x\u01a1 cao gi\u00fap h\u1ed7 tr\u1ee3 ti\u00eau h\u00f3a, t\u1ea1o c\u1ea3m gi\u00e1c no l\u00e2u v\u00e0 g\u00f3p ph\u1ea7n ki\u1ec3m so\u00e1t c\u00e2n n\u1eb7ng.<\/span><\/span><\/li>\n<li><span style=\"color: #000000;\"><b>Vitamin:<\/b><span style=\"font-weight: 400;\"> Gi\u00e0u vitamin C, A v\u00e0 m\u1ed9t s\u1ed1 vitamin nh\u00f3m B, gi\u00fap t\u0103ng c\u01b0\u1eddng h\u1ec7 mi\u1ec5n d\u1ecbch, ch\u1ed1ng oxy h\u00f3a v\u00e0 b\u1ea3o v\u1ec7 s\u1ee9c kh\u1ecfe da, m\u1eaft.<\/span><\/span><\/li>\n<li><span style=\"color: #000000;\"><b>Kho\u00e1ng ch\u1ea5t &amp; Ch\u1ea5t ch\u1ed1ng oxy h\u00f3a:<\/b><span style=\"font-weight: 400;\"> Ch\u1ee9a kali, magie, canxi, s\u1eaft c\u00f9ng c\u00e1c h\u1ee3p ch\u1ea5t ch\u1ed1ng oxy h\u00f3a, gi\u00fap duy tr\u00ec ch\u1ee9c n\u0103ng c\u01a1 th\u1ec3 v\u00e0 b\u1ea3o v\u1ec7 t\u1ebf b\u00e0o kh\u1ecfi g\u1ed1c t\u1ef1 do.<\/span><\/span><\/li>\n<\/ul>\n<h3><span style=\"color: #000000;\">\u1ee8NG D\u1ee4NG \u1ed4I \u0110\u00d4NG L\u1ea0NH<\/span><\/h3>\n<ul>\n<li><span style=\"color: #000000;\"><b> Ng\u00e0nh \u0111\u1ed3 u\u1ed1ng:<\/b><span style=\"font-weight: 400;\"> \u1ed4i \u0111\u00f4ng l\u1ea1nh d\u00f9ng l\u00e0m nguy\u00ean li\u1ec7u cho n\u01b0\u1edbc \u00e9p, sinh t\u1ed1, smoothies, yogurt u\u1ed1ng v\u00e0 c\u00e1c d\u00f2ng \u0111\u1ed3 u\u1ed1ng pha ch\u1ebf, gi\u1eef \u0111\u01b0\u1ee3c m\u00e0u s\u1eafc v\u00e0 h\u01b0\u01a1ng v\u1ecb t\u1ef1 nhi\u00ean.<\/span><\/span><\/li>\n<li><span style=\"color: #000000;\"><b> Th\u1ef1c ph\u1ea9m ch\u1ebf bi\u1ebfn:<\/b><span style=\"font-weight: 400;\"> S\u1eed d\u1ee5ng trong s\u1ea3n xu\u1ea5t kem, sorbet, th\u1ea1ch, m\u1ee9t, nh\u00e2n b\u00e1nh, pudding, tr\u00e1ng mi\u1ec7ng l\u1ea1nh, ph\u00f9 h\u1ee3p d\u00e2y chuy\u1ec1n c\u00f4ng nghi\u1ec7p v\u00e0 s\u1ea3n l\u01b0\u1ee3ng l\u1edbn.<\/span><\/span><\/li>\n<li><span style=\"color: #000000;\"><b> Kh\u00e1ch s\u1ea1n \u2013 Nh\u00e0 h\u00e0ng \u2013 Caf\u00e9:<\/b><span style=\"font-weight: 400;\"> \u1ed4i \u0111\u00f4ng l\u1ea1nh ho\u1eb7c puree ph\u1ee5c v\u1ee5 ch\u1ebf bi\u1ebfn m\u00f3n tr\u00e1ng mi\u1ec7ng, smoothie bowls, trang tr\u00ed m\u00f3n \u0103n v\u00e0 c\u00e1c m\u00f3n \u0111\u1eb7c s\u1ea3n theo m\u00f9a.<\/span><\/span><\/li>\n<li><span style=\"color: #000000;\"><b> OEM \u2013 Nh\u00e3n hi\u1ec7u ri\u00eang:<\/b><span style=\"font-weight: 400;\"> Cung c\u1ea5p c\u00e1c d\u1ea1ng IQF cho doanh nghi\u1ec7p s\u1ea3n xu\u1ea5t nh\u00e3n hi\u1ec7u ri\u00eang (OEM\/Private Label), \u0111\u00e1p \u1ee9ng c\u00e1c y\u00eau c\u1ea7u v\u1ec1 ch\u1ea5t l\u01b0\u1ee3ng, \u0111\u00f3ng g\u00f3i v\u00e0 ti\u00eau chu\u1ea9n xu\u1ea5t kh\u1ea9u.<\/span><\/span><\/li>\n<\/ul>\n<p><span style=\"color: #000000;\"><b>TH\u00d4NG TIN LI\u00caN H\u1ec6<\/b><\/span><\/p>\n<p><span style=\"color: #000000; font-family: arial, helvetica, sans-serif;\">Email:\u00a0<span style=\"color: #1755ad;\"><a style=\"color: #1755ad;\" href=\"mailto:sales@hunghau.vn\">sales@hunghau.vn<\/a><\/span><\/span><br \/>\n<span style=\"color: #000000; font-family: arial, helvetica, sans-serif;\">Hotline: (+84)79 721 3333\u00a0<\/span><\/p>\n<p><span style=\"color: #000000; font-family: arial, helvetica, sans-serif;\">Email:\u00a0 <span style=\"color: #1755ad;\"><a style=\"color: #1755ad;\" href=\"mailto:Anna@hunghau.vn\">hana@hunghau.vn<\/a>\u00a0<\/span><\/span><br \/>\n<span style=\"color: #000000; font-family: arial, helvetica, sans-serif;\">Hotline: (+84)79 721 3333\u00a0<\/span><\/p>\n<p><span style=\"color: #000000; font-family: arial, helvetica, sans-serif;\">Email:\u00a0<span style=\"color: #1755ad;\"><a style=\"color: #1755ad;\" href=\"mailto:yenn@hunghau.vn\">yenn@hunghau.vn<\/a>\u00a0<\/span><\/span><br \/>\n<span style=\"color: #000000; font-family: arial, helvetica, sans-serif;\">Hotline: (+84)78 520 3333<\/span><\/p>\n<p><span style=\"font-weight: 400; color: #000000;\">LinkedIn<span style=\"color: #1755ad;\">:<\/span><\/span><span style=\"color: #1755ad;\"><a style=\"color: #1755ad;\" href=\"https:\/\/lnkd.in\/g_KkBKHf\"><span style=\"font-weight: 400;\"> https:\/\/lnkd.in\/g_KkBKHf<\/span><\/a><\/span><\/p>\n<p><span style=\"color: #000000; font-family: arial, helvetica, sans-serif;\"><b>C\u00f4ng ty C\u1ed5 ph\u1ea7n Th\u1ef1c ph\u1ea9m H\u00f9ng H\u1eadu (HungHau Foods)<\/b><\/span><\/p>\n<p><span style=\"font-family: arial, helvetica, sans-serif;\"><strong><span style=\"color: #000000;\">\u0110\u1ecba ch\u1ec9: 642 \u00c2u C\u01a1, Ph\u01b0\u1eddng B\u1ea3y Hi\u1ec1n, Th\u00e0nh Ph\u1ed1 H\u1ed3 Ch\u00ed Minh<\/span><\/strong><\/span><\/p>\n<p><span style=\"color: #000000; font-family: arial, helvetica, sans-serif;\"><b>Nh\u00e0 xu\u1ea5t kh\u1ea9u n\u00f4ng s\u1ea3n &#8211; Nh\u00e0 cung \u1ee9ng tr\u00e1i c\u00e2y &amp; rau c\u1ee7 \u0111\u00f4ng l\u1ea1nh t\u1ea1i Vi\u1ec7t Nam.<\/b><\/span><\/p>\n","protected":false},"excerpt":{"rendered":"<table style=\"width: 374px;\">\n<tbody>\n<tr>\n<td style=\"width: 123px;\"><span style=\"color: #1755ad;\"><strong>Lo\u1ea1i<\/strong><\/span><\/td>\n<td style=\"width: 237px;\"><span style=\"color: #000000;\">Nguy\u00ean tr\u00e1i, c\u1eaft dice b\u1ecf h\u1ea1t, dice c\u00f3 h\u1ea1t, n\u1eeda tr\u00e1i,\u2026ho\u1eb7c theo y\u00eau c\u1ea7u kh\u00e1ch h\u00e0ng.<\/span><\/td>\n<\/tr>\n<tr>\n<td style=\"width: 123px;\"><span style=\"color: #1755ad;\"><strong>M\u00f9a v\u1ee5 ch\u00ednh<\/strong><\/span><\/td>\n<td style=\"width: 237px;\"><span style=\"color: #000000;\">Th\u00e1ng 1-2-3-4-5-6-7<\/span><\/td>\n<\/tr>\n<tr>\n<td style=\"width: 123px;\"><span style=\"color: #1755ad;\"><strong>Quy c\u00e1ch<\/strong><\/span><\/td>\n<td style=\"width: 237px;\"><span style=\"color: #000000;\">10kg\/t\u00fai ho\u1eb7c t\u00f9y theo y\u00eau c\u1ea7u kh\u00e1ch h\u00e0ng<\/span><\/td>\n<\/tr>\n<tr>\n<td style=\"width: 123px;\"><span style=\"color: #1755ad;\"><strong>\u0110i\u1ec1u ki\u1ec7n<\/strong><\/span><\/td>\n<td style=\"width: 237px;\"><span style=\"color: #000000;\">-18 \u0111\u1ed9<\/span><\/td>\n<\/tr>\n<tr>\n<td style=\"width: 123px;\"><span style=\"color: #1755ad;\"><b>C\u00f4ng su\u1ea5t<\/b><\/span><\/td>\n<td style=\"width: 237px;\"><span style=\"color: #000000;\">500 t\u1ea5n h\u1eb1ng n\u0103m<\/span><\/td>\n<\/tr>\n<tr>\n<td style=\"width: 123px;\"><span style=\"color: #1755ad;\"><b>Th\u1eddi h\u1ea1n s\u1eed d\u1ee5ng<\/b><\/span><\/td>\n<td style=\"width: 237px;\"><span style=\"color: #000000;\">24 th\u00e1ng<\/span><\/td>\n<\/tr>\n<\/tbody>\n<\/table>\n","protected":false},"featured_media":17012,"comment_status":"closed","ping_status":"closed","template":"","meta":[],"product_brand":[],"product_cat":[99],"product_tag":[],"class_list":{"0":"post-24786","1":"product","2":"type-product","3":"status-publish","4":"has-post-thumbnail","6":"product_cat-rau-cu-qua-dong-lanh","8":"first","9":"instock","10":"shipping-taxable","11":"product-type-simple"},"_links":{"self":[{"href":"https:\/\/hfoods.vn\/vi\/wp-json\/wp\/v2\/product\/24786","targetHints":{"allow":["GET"]}}],"collection":[{"href":"https:\/\/hfoods.vn\/vi\/wp-json\/wp\/v2\/product"}],"about":[{"href":"https:\/\/hfoods.vn\/vi\/wp-json\/wp\/v2\/types\/product"}],"replies":[{"embeddable":true,"href":"https:\/\/hfoods.vn\/vi\/wp-json\/wp\/v2\/comments?post=24786"}],"wp:featuredmedia":[{"embeddable":true,"href":"https:\/\/hfoods.vn\/vi\/wp-json\/wp\/v2\/media\/17012"}],"wp:attachment":[{"href":"https:\/\/hfoods.vn\/vi\/wp-json\/wp\/v2\/media?parent=24786"}],"wp:term":[{"taxonomy":"product_brand","embeddable":true,"href":"https:\/\/hfoods.vn\/vi\/wp-json\/wp\/v2\/product_brand?post=24786"},{"taxonomy":"product_cat","embeddable":true,"href":"https:\/\/hfoods.vn\/vi\/wp-json\/wp\/v2\/product_cat?post=24786"},{"taxonomy":"product_tag","embeddable":true,"href":"https:\/\/hfoods.vn\/vi\/wp-json\/wp\/v2\/product_tag?post=24786"}],"curies":[{"name":"wp","href":"https:\/\/api.w.org\/{rel}","templated":true}]}}