{"id":24814,"date":"2025-05-09T06:51:35","date_gmt":"2025-05-09T06:51:35","guid":{"rendered":"https:\/\/hfoods.vn\/product\/puree-chanh-day\/"},"modified":"2026-04-03T08:22:40","modified_gmt":"2026-04-03T01:22:40","slug":"puree-chanh-day","status":"publish","type":"product","link":"https:\/\/hfoods.vn\/vi\/san-pham\/puree-chanh-day\/","title":{"rendered":"Puree Chanh D\u00e2y \u0110\u00f4ng L\u1ea1nh"},"content":{"rendered":"<h2><span style=\"color: #333300; font-family: arial, helvetica, sans-serif;\"><span style=\"color: #282828;\">PUREE CHANH D\u00c2Y \u0110\u00d4NG L\u1ea0NH<\/span><\/span><\/h2>\n<p><span style=\"font-weight: 400; color: #282828; font-family: arial, helvetica, sans-serif;\">Puree chanh d\u00e2y \u0111\u00f4ng l\u1ea1nh c\u1ee7a C\u00f4ng ty C\u1ed5 ph\u1ea7n Th\u1ef1c ph\u1ea9m H\u00f9ng H\u1eadu (HungHau Foods), \u0111\u01b0\u1ee3c tuy\u1ec3n ch\u1ecdn t\u1eeb nh\u1eefng tr\u00e1i chanh d\u00e2y \u0111\u1ea1t chu\u1ea9n t\u1ea1i c\u00e1c v\u00f9ng tr\u1ed3ng thu\u1ed9c t\u1ec9nh \u0110\u1eafk L\u1eafk v\u00e0 L\u00e2m \u0110\u1ed3ng (Vi\u1ec7t Nam). S\u1ea3n ph\u1ea9m \u0111\u01b0\u1ee3c c\u1ea5p \u0111\u00f4ng b\u1eb1ng c\u00f4ng ngh\u1ec7 IQF hi\u1ec7n \u0111\u1ea1i, \u0111\u1ea3m b\u1ea3o gi\u1eef \u0111\u01b0\u1ee3c h\u01b0\u01a1ng v\u1ecb, m\u00e0u s\u1eafc v\u00e0 ch\u1ea5t l\u01b0\u1ee3ng t\u1ef1 nhi\u00ean.\u00a0<\/span><\/p>\n<p><span style=\"font-weight: 400; color: #282828; font-family: arial, helvetica, sans-serif;\">HungHau Foods s\u1edf h\u1eefu n\u0103ng l\u1ef1c cung \u1ee9ng c\u00e1c s\u1ea3n ph\u1ea9m t\u1eeb chanh d\u00e2y \u0111\u00f4ng l\u1ea1nh l\u00ean \u0111\u1ebfn 500 t\u1ea5n th\u00e0nh ph\u1ea9m m\u1ed7i n\u0103m. S\u1ea3n ph\u1ea9m &amp; nh\u00e0 m\u00e1y ch\u1ebf bi\u1ebfn c\u1ee7a HungHau Foods \u0111\u1ea1t c\u00e1c ch\u1ee9ng nh\u1eadn, ti\u00eau chu\u1ea9n qu\u1ed1c t\u1ebf, bao g\u1ed3m g\u1ed3m: BRCGS, HACCP, ISO 22000, FDA, KV, HALAL v\u00e0 SMETA.<\/span><\/p>\n<p><span style=\"font-weight: 400; color: #282828; font-family: arial, helvetica, sans-serif;\"><span style=\"font-size: 23.04px;\">\u0110\u1eb6C \u0110I\u1ec2M N\u1ed4I B\u1eacT<\/span><\/span><\/p>\n<ul>\n<li style=\"font-weight: 400;\" aria-level=\"1\"><span style=\"font-weight: 400; color: #282828; font-family: arial, helvetica, sans-serif;\">M\u00f9i v\u1ecb: Chua\u00a0<\/span><\/li>\n<li style=\"font-weight: 400;\" aria-level=\"1\"><span style=\"font-weight: 400; color: #282828; font-family: arial, helvetica, sans-serif;\">M\u00e0u s\u1eafc: M\u00e0u v\u00e0ng cam t\u1eeb chanh d\u00e2y t\u1ef1 nhi\u00ean, c\u00f3 th\u1ec3 c\u00f3 m\u00e0u c\u1ee7a h\u1ea1t n\u1ebfu l\u00e0 puree chanh d\u00e2y h\u1ea1t.<\/span><\/li>\n<li style=\"font-weight: 400;\" aria-level=\"1\"><span style=\"font-weight: 400; color: #282828; font-family: arial, helvetica, sans-serif;\">C\u00f4ng ngh\u1ec7 c\u1ea5p \u0111\u00f4ng: \u0110\u01b0\u1ee3c x\u1eed l\u00fd theo c\u00f4ng ngh\u1ec7 IQF (Individual Quick Freezing) c\u1ea5p \u0111\u00f4ng nhanh gi\u00fap gi\u1eef tr\u1ecdn h\u01b0\u01a1ng v\u1ecb, m\u00e0u s\u1eafc v\u00e0 k\u1ebft c\u1ea5u s\u00e1nh m\u1ecbn t\u1ef1 nhi\u00ean, kh\u00f4ng l\u1eabn t\u1ea1p ch\u1ea5t hay ch\u1ea5t b\u1ea3o qu\u1ea3n.<\/span><\/li>\n<li style=\"font-weight: 400;\" aria-level=\"1\"><span style=\"font-weight: 400; color: #282828; font-family: arial, helvetica, sans-serif;\">B\u1ea3o qu\u1ea3n: D\u1ec5 b\u1ea3o qu\u1ea3n v\u00e0 r\u00e3 \u0111\u00f4ng nhanh<\/span><\/li>\n<li style=\"font-weight: 400;\" aria-level=\"1\"><span style=\"font-weight: 400; color: #282828; font-family: arial, helvetica, sans-serif;\">D\u1ea1ng cung c\u1ea5p: puree chanh d\u00e2y \u0111\u00f4ng l\u1ea1nh<\/span><\/li>\n<\/ul>\n<h2><span style=\"color: #282828; font-family: arial, helvetica, sans-serif;\">TH\u00d4NG TIN K\u1ef8 THU\u1eacT<\/span><\/h2>\n<table>\n<tbody>\n<tr>\n<td><span style=\"font-weight: 400; color: #282828; font-family: arial, helvetica, sans-serif;\">Lo\u1ea1i h\u00e0ng (Style)<\/span><\/td>\n<td><span style=\"font-weight: 400; color: #282828; font-family: arial, helvetica, sans-serif;\">Puree chanh d\u00e2y \u0111\u00f4ng l\u1ea1nh\u00a0<\/span><\/td>\n<\/tr>\n<tr>\n<td><span style=\"font-weight: 400; color: #282828; font-family: arial, helvetica, sans-serif;\">M\u00e0u s\u1eafc (Color)<\/span><\/td>\n<td><span style=\"font-weight: 400; color: #282828; font-family: arial, helvetica, sans-serif;\">V\u00e0ng cam ho\u1eb7c c\u00f3 h\u1ea1t \u0111en\u00a0<\/span><\/td>\n<\/tr>\n<tr>\n<td><span style=\"font-weight: 400; color: #282828; font-family: arial, helvetica, sans-serif;\">Ph\u00e2n lo\u1ea1i<\/span><\/td>\n<td><span style=\"font-weight: 400; color: #282828; font-family: arial, helvetica, sans-serif;\">Puree chanh d\u00e2y c\u00f3 h\u1ea1t v\u00e0 puree chanh d\u00e2y kh\u00f4ng h\u1ea1t<\/span><\/td>\n<\/tr>\n<tr>\n<td><span style=\"font-weight: 400; color: #282828; font-family: arial, helvetica, sans-serif;\">Qu\u00e1 tr\u00ecnh \u0111\u00f4ng l\u1ea1nh (Freezing Process):<\/span><\/td>\n<td><span style=\"font-weight: 400; color: #282828; font-family: arial, helvetica, sans-serif;\">S\u1eed d\u1ee5ng c\u00f4ng ngh\u1ec7 c\u1ea5p \u0111\u00f4ng nhanh IQF (Individual Quick Freezing) \u2013 c\u1ea5p \u0111\u00f4ng t\u1eebng c\u00e1 th\u1ec3.<\/span><\/td>\n<\/tr>\n<tr>\n<td><span style=\"font-weight: 400; color: #282828; font-family: arial, helvetica, sans-serif;\">Tr\u1ecdng l\u01b0\u1ee3ng PA (Weight\/PA)<\/span><\/td>\n<td><span style=\"font-weight: 400; color: #282828; font-family: arial, helvetica, sans-serif;\">T\u00f9y theo y\u00eau c\u1ea7u kh\u00e1ch h\u00e0ng<\/span><\/td>\n<\/tr>\n<tr>\n<td><span style=\"font-weight: 400; color: #282828; font-family: arial, helvetica, sans-serif;\">Tr\u1ecdng l\u01b0\u1ee3ng\/ctn (Weight\/ctn):<\/span><\/td>\n<td><span style=\"font-weight: 400; color: #282828; font-family: arial, helvetica, sans-serif;\">T\u00f9y theo y\u00eau c\u1ea7u kh\u00e1ch h\u00e0ng<\/span><\/td>\n<\/tr>\n<tr>\n<td><span style=\"font-weight: 400; color: #282828; font-family: arial, helvetica, sans-serif;\">Nhi\u1ec7t \u0111\u1ed9 l\u01b0u tr\u1eef (Storage):<\/span><\/td>\n<td><span style=\"font-weight: 400; color: #282828; font-family: arial, helvetica, sans-serif;\">-18\u2103<\/span><\/td>\n<\/tr>\n<tr>\n<td><span style=\"font-weight: 400; color: #282828; font-family: arial, helvetica, sans-serif;\">Ngu\u1ed3n g\u1ed1c (origin):\u00a0<\/span><\/td>\n<td><span style=\"font-weight: 400; color: #282828; font-family: arial, helvetica, sans-serif;\">Vi\u1ec7t Nam<\/span><\/td>\n<\/tr>\n<tr>\n<td><span style=\"font-weight: 400; color: #282828; font-family: arial, helvetica, sans-serif;\">Ph\u01b0\u01a1ng th\u1ee9c v\u1eadn chuy\u1ec3n (Method of delivery)<\/span><\/td>\n<td><span style=\"font-weight: 400; color: #282828; font-family: arial, helvetica, sans-serif;\">\u0110\u01b0\u1eddng bi\u1ec3n ho\u1eb7c \u0111\u01b0\u1eddng h\u00e0ng kh\u00f4ng.\u00a0<\/span><\/td>\n<\/tr>\n<tr>\n<td><span style=\"font-weight: 400; color: #282828; font-family: arial, helvetica, sans-serif;\">\u0110\u00f3ng g\u00f3i (packaging)<\/span><\/td>\n<td><span style=\"font-weight: 400; color: #282828; font-family: arial, helvetica, sans-serif;\">T\u00fai PE\/PA ho\u1eb7c bao b\u00ec theo y\u00eau c\u1ea7u (th\u01b0\u1eddng 1kg, 5kg, 10kg\u2026)<\/span><\/td>\n<\/tr>\n<tr>\n<td><span style=\"font-weight: 400; color: #282828; font-family: arial, helvetica, sans-serif;\">Theo m\u00f9a (season)<\/span><\/p>\n<p><span style=\"font-weight: 400; color: #282828; font-family: arial, helvetica, sans-serif;\">H\u1ea1n s\u1eed d\u1ee5ng (Shelf life)<\/span><\/td>\n<td><span style=\"font-weight: 400; color: #282828; font-family: arial, helvetica, sans-serif;\">T\u1eeb th\u00e1ng 3 \u0111\u1ebfn th\u00e1ng 8<\/span><\/p>\n<p><span style=\"font-weight: 400; color: #282828; font-family: arial, helvetica, sans-serif;\">24 th\u00e1ng\u00a0<\/span><\/td>\n<\/tr>\n<\/tbody>\n<\/table>\n<h3><span style=\"color: #000000; font-family: arial, helvetica, sans-serif;\">TH\u00d4NG TIN LI\u00caN H\u1ec6:<\/span><\/h3>\n<p><span style=\"color: #000000; font-family: arial, helvetica, sans-serif;\">Email:\u00a0<span style=\"color: #1755ad;\"><a style=\"color: #1755ad;\" href=\"mailto:sales@hunghau.vn\">sales@hunghau.vn<\/a><\/span><\/span><br \/>\n<span style=\"color: #000000; font-family: arial, helvetica, sans-serif;\">Hotline: (+84)79 721 3333\u00a0<\/span><\/p>\n<p><span style=\"color: #000000; font-family: arial, helvetica, sans-serif;\">Email:\u00a0\u00a0<span style=\"color: #1755ad;\"><a style=\"color: #1755ad;\" href=\"mailto:Anna@hunghau.vn\">Hana@hunghau.vn<\/a>\u00a0<\/span><\/span><br \/>\n<span style=\"color: #000000; font-family: arial, helvetica, sans-serif;\">Hotline: (+84)79 721 3333<\/span><\/p>\n<p><span style=\"color: #000000; font-family: arial, helvetica, sans-serif;\">Email:\u00a0<span style=\"color: #1755ad;\"><a style=\"color: #1755ad;\" href=\"mailto:yenn@hunghau.vn\">yenn@hunghau.vn<\/a>\u00a0<\/span><\/span><br \/>\n<span style=\"color: #000000; font-family: arial, helvetica, sans-serif;\">Hotline: (+84)78 520 3333<\/span><\/p>\n<h2>H\u00ccNH \u1ea2NH S\u1ea2N PH\u1ea8M<\/h2>\n<figure id=\"attachment_22498\" aria-describedby=\"caption-attachment-22498\" style=\"width: 1000px\" class=\"wp-caption aligncenter\"><img loading=\"lazy\" decoding=\"async\" class=\"size-full wp-image-22498\" src=\"https:\/\/hfoods.vn\/wp-content\/uploads\/2025\/05\/Hung-Hau-Foods_Puree_Chanh-day-KO-hat-1.jpg\" alt=\"Puree chanh d\u00e2y kh\u00f4ng h\u1ea1t HungHau Foods\" width=\"1000\" height=\"1000\" srcset=\"https:\/\/hfoods.vn\/wp-content\/uploads\/2025\/05\/Hung-Hau-Foods_Puree_Chanh-day-KO-hat-1.jpg 1000w, https:\/\/hfoods.vn\/wp-content\/uploads\/2025\/05\/Hung-Hau-Foods_Puree_Chanh-day-KO-hat-1-768x768.jpg 768w, https:\/\/hfoods.vn\/wp-content\/uploads\/2025\/05\/Hung-Hau-Foods_Puree_Chanh-day-KO-hat-1-45x45.jpg 45w, https:\/\/hfoods.vn\/wp-content\/uploads\/2025\/05\/Hung-Hau-Foods_Puree_Chanh-day-KO-hat-1-100x100.jpg 100w\" sizes=\"auto, (max-width: 1000px) 100vw, 1000px\" \/><figcaption id=\"caption-attachment-22498\" class=\"wp-caption-text\"><center>Puree chanh d\u00e2y kh\u00f4ng h\u1ea1t HungHau Foods<center><\/center><\/center><\/figcaption><\/figure>\n<figure id=\"attachment_22500\" aria-describedby=\"caption-attachment-22500\" style=\"width: 1000px\" class=\"wp-caption aligncenter\"><img loading=\"lazy\" decoding=\"async\" class=\"size-full wp-image-22500\" src=\"https:\/\/hfoods.vn\/wp-content\/uploads\/2025\/05\/Hung-Hau-Foods_Puree_Chanh-day-hat-1.jpg\" alt=\"Puree chanh d\u00e2y c\u00f3 h\u1ea1t HungHau Foods\" width=\"1000\" height=\"1000\" srcset=\"https:\/\/hfoods.vn\/wp-content\/uploads\/2025\/05\/Hung-Hau-Foods_Puree_Chanh-day-hat-1.jpg 1000w, https:\/\/hfoods.vn\/wp-content\/uploads\/2025\/05\/Hung-Hau-Foods_Puree_Chanh-day-hat-1-768x768.jpg 768w, https:\/\/hfoods.vn\/wp-content\/uploads\/2025\/05\/Hung-Hau-Foods_Puree_Chanh-day-hat-1-45x45.jpg 45w, https:\/\/hfoods.vn\/wp-content\/uploads\/2025\/05\/Hung-Hau-Foods_Puree_Chanh-day-hat-1-100x100.jpg 100w\" sizes=\"auto, (max-width: 1000px) 100vw, 1000px\" \/><figcaption id=\"caption-attachment-22500\" class=\"wp-caption-text\"><center>Puree chanh d\u00e2y c\u00f3 h\u1ea1t HungHau Foods<center><\/center><\/center><\/figcaption><\/figure>\n<h3><span style=\"color: #333300; font-family: arial, helvetica, sans-serif;\">TH\u00c0NH PH\u1ea6N DINH D\u01af\u1ee0NG\u00a0<\/span><\/h3>\n<ul>\n<li><span style=\"color: #282828; font-family: arial, helvetica, sans-serif;\"><b>Vitamin C: <\/b><span style=\"font-weight: 400;\">L\u00e0 m\u1ed9t ngu\u1ed3n cung c\u1ea5p vitamin C d\u1ed3i d\u00e0o, gi\u00fap t\u0103ng c\u01b0\u1eddng h\u1ec7 mi\u1ec5n d\u1ecbch v\u00e0 c\u1ea3i thi\u1ec7n s\u1ee9c \u0111\u1ec1 kh\u00e1ng cho c\u01a1 th\u1ec3. Vitamin C c\u00f2n h\u1ed7 tr\u1ee3 s\u1ef1 s\u1ea3n xu\u1ea5t collagen, t\u1ed1t cho l\u00e0n da v\u00e0 x\u01b0\u01a1ng kh\u1edbp.<\/span><\/span><\/li>\n<li><span style=\"color: #282828; font-family: arial, helvetica, sans-serif;\"><b>Carotenoids: <\/b><span style=\"font-weight: 400;\">Ch\u1ee9a m\u1ed9t l\u01b0\u1ee3ng carotenoids \u0111\u00e1ng k\u1ec3, xo\u00e0i keo gi\u00fap duy tr\u00ec s\u1ee9c kh\u1ecfe m\u1eaft, l\u00e0n da v\u00e0 h\u1ed7 tr\u1ee3 h\u1ec7 th\u1ed1ng mi\u1ec5n d\u1ecbch, \u0111\u1eb7c bi\u1ec7t c\u00f3 l\u1ee3i cho tr\u1ebb nh\u1ecf v\u00e0 ng\u01b0\u1eddi cao tu\u1ed5i.<\/span><\/span><\/li>\n<li><span style=\"color: #282828; font-family: arial, helvetica, sans-serif;\"><b>Ch\u1ea5t X\u01a1: <\/b><span style=\"font-weight: 400;\">Ch\u1ea5t x\u01a1 trong chanh d\u00e2y gi\u00fap h\u1ed7 tr\u1ee3 h\u1ec7 ti\u00eau h\u00f3a, duy tr\u00ec c\u1ea3m gi\u00e1c no l\u00e2u v\u00e0 ki\u1ec3m so\u00e1t m\u1ee9c cholesterol trong m\u00e1u, t\u1eeb \u0111\u00f3 gi\u00fap ph\u00f2ng ng\u1eeba b\u1ec7nh tim m\u1ea1ch.<\/span><\/span><\/li>\n<li><span style=\"color: #282828; font-family: arial, helvetica, sans-serif;\"><b>Kali: <\/b><span style=\"font-weight: 400;\">Trong puree chanh d\u00e2y ch\u1ee9a kali, m\u1ed9t kho\u00e1ng ch\u1ea5t quan tr\u1ecdng gi\u00fap ki\u1ec3m so\u00e1t huy\u1ebft \u00e1p v\u00e0 c\u1ea3i thi\u1ec7n s\u1ee9c kh\u1ecfe tim m\u1ea1ch. Kali c\u0169ng gi\u00fap duy tr\u00ec s\u1ef1 c\u00e2n b\u1eb1ng n\u01b0\u1edbc trong c\u01a1 th\u1ec3.<\/span><\/span><\/li>\n<\/ul>\n<h2><span style=\"color: #282828; font-family: arial, helvetica, sans-serif;\">\u1ee8NG D\u1ee4NG<\/span><\/h2>\n<ul>\n<li><span style=\"font-weight: 400; color: #282828; font-family: arial, helvetica, sans-serif;\">Nguy\u00ean li\u1ec7u s\u1ea3n xu\u1ea5t c\u00f4ng nghi\u1ec7p: L\u00e0 nguy\u00ean li\u1ec7u cho s\u1ed1t th\u01a1m, kem, yogurt v\u00e0 c\u00e1c s\u1ea3n ph\u1ea9m tr\u00e1ng mi\u1ec7ng, \u0111\u1ea3m b\u1ea3o ch\u1ea5t l\u01b0\u1ee3ng \u1ed5n \u0111\u1ecbnh quanh n\u0103m.<\/span><\/li>\n<li><span style=\"font-weight: 400; color: #282828; font-family: arial, helvetica, sans-serif;\">Nguy\u00ean li\u1ec7u ch\u1ebf bi\u1ebfn F&amp;B: Puree chanh d\u00e2y \u0111\u00f4ng l\u1ea1nh \u0111\u01b0\u1ee3c d\u00f9ng cho s\u1ea3n xu\u1ea5t n\u01b0\u1edbc \u00e9p, sinh t\u1ed1, tr\u00e0 xo\u00e0i v\u00e0 c\u00e1c d\u00f2ng \u0111\u1ed3 u\u1ed1ng pha ch\u1ebf nh\u1edd gi\u1eef \u0111\u01b0\u1ee3c m\u00e0u \u0111\u1eb9p v\u00e0 v\u1ecb chua ng\u1ecdt t\u1ef1 nhi\u00ean.<\/span><\/li>\n<li><span style=\"font-weight: 400; color: #282828; font-family: arial, helvetica, sans-serif;\">Nh\u00e2n b\u00e1nh &amp; tr\u00e1ng mi\u1ec7ng: Th\u00edch h\u1ee3p l\u00e0m nh\u00e2n b\u00e1nh, topping, th\u1ea1ch, pudding v\u00e0 c\u00e1c s\u1ea3n ph\u1ea9m bakery.<\/span><\/li>\n<li><span style=\"font-weight: 400; color: #282828; font-family: arial, helvetica, sans-serif;\">Xu\u1ea5t kh\u1ea9u &amp; OEM: \u0110\u00f3ng g\u00f3i theo nhi\u1ec1u quy c\u00e1ch (1kg, 5kg, 10kg, 200kg\u2026) thu\u1eadn ti\u1ec7n cho c\u00e1c nh\u00e0 m\u00e1y ch\u1ebf bi\u1ebfn, \u0111\u1ea3m b\u1ea3o ti\u00eau chu\u1ea9n qu\u1ed1c t\u1ebf cho th\u1ecb tr\u01b0\u1eddng xu\u1ea5t kh\u1ea9u.<\/span><\/li>\n<\/ul>\n<h3><span style=\"color: #000000; font-family: arial, helvetica, sans-serif;\">TH\u00d4NG TIN LI\u00caN H\u1ec6:<\/span><\/h3>\n<p><span style=\"color: #000000; font-family: arial, helvetica, sans-serif;\">Email:\u00a0<span style=\"color: #1755ad;\"><a style=\"color: #1755ad;\" href=\"mailto:sales@hunghau.vn\">sales@hunghau.vn<\/a><\/span><\/span><br \/>\n<span style=\"color: #000000; font-family: arial, helvetica, sans-serif;\">Hotline: (+84)79 721 3333\u00a0<\/span><\/p>\n<p><span style=\"color: #000000; font-family: arial, helvetica, sans-serif;\">Email:\u00a0<span style=\"color: #333399;\"> Ha<a style=\"color: #333399;\" href=\"mailto:Anna@hunghau.vn\">na@hunghau.vn<\/a>\u00a0<\/span><\/span><br \/>\n<span style=\"color: #000000; font-family: arial, helvetica, sans-serif;\">Hotline:(+84)79 721 3333<\/span><\/p>\n<p><span style=\"color: #000000; font-family: arial, helvetica, sans-serif;\">Email:\u00a0<span style=\"color: #1755ad;\"><a style=\"color: #1755ad;\" href=\"mailto:yenn@hunghau.vn\">yenn@hunghau.vn<\/a>\u00a0<\/span><\/span><br \/>\n<span style=\"color: #000000; font-family: arial, helvetica, sans-serif;\">Hotline: (+84)78 520 3333<\/span><\/p>\n<p><span style=\"color: #000000; font-family: arial, helvetica, sans-serif;\"><b>C\u00f4ng ty C\u1ed5 ph\u1ea7n Th\u1ef1c ph\u1ea9m H\u00f9ng H\u1eadu (HungHau Foods)<\/b><\/span><\/p>\n<p><span style=\"font-family: arial, helvetica, sans-serif;\"><strong><span style=\"color: #000000;\">\u0110\u1ecba ch\u1ec9: 642 \u00c2u C\u01a1, Ph\u01b0\u1eddng B\u1ea3y Hi\u1ec1n, Th\u00e0nh Ph\u1ed1 H\u1ed3 Ch\u00ed Minh<\/span><\/strong><\/span><\/p>\n<p><span style=\"color: #000000; font-family: arial, helvetica, sans-serif;\"><b>Nh\u00e0 xu\u1ea5t kh\u1ea9u n\u00f4ng s\u1ea3n &#8211; Nh\u00e0 cung \u1ee9ng tr\u00e1i c\u00e2y &amp; rau c\u1ee7 \u0111\u00f4ng l\u1ea1nh t\u1ea1i Vi\u1ec7t Nam.<\/b><\/span><\/p>\n","protected":false},"excerpt":{"rendered":"<table style=\"width: 410.486px;\">\n<tbody>\n<tr style=\"height: 21px;\">\n<td style=\"width: 131px; height: 21px;\"><span style=\"color: #1755ad;\"><strong>Th\u00f4ng tin<\/strong><\/span><\/td>\n<td style=\"width: 265.486px; height: 21px;\"><span style=\"color: #000000;\">Puree Chanh d\u00e2y\u00a0<\/span><\/td>\n<\/tr>\n<tr style=\"height: 21.3148px;\">\n<td style=\"width: 131px; height: 21.3148px;\"><span style=\"color: #1755ad;\"><strong>Lo\u1ea1i<\/strong><\/span><\/td>\n<td style=\"width: 265.486px; height: 21.3148px;\"><span style=\"color: #000000;\">Puree chanh d\u00e2y c\u00f3 h\u1ea1t v\u00e0 kh\u00f4ng h\u1ea1t<\/span><\/td>\n<\/tr>\n<tr style=\"height: 21px;\">\n<td style=\"width: 131px; height: 21px;\"><span style=\"color: #1755ad;\"><strong>M\u00f9a v\u1ee5<\/strong><\/span><\/td>\n<td style=\"width: 265.486px; height: 21px;\"><span style=\"color: #000000;\">Th\u00e1ng 12 \u2013 1 \u2013 2 \u2013 3<\/span><\/td>\n<\/tr>\n<tr style=\"height: 21px;\">\n<td style=\"width: 131px; height: 21px;\"><span style=\"color: #1755ad;\"><strong>Quy c\u00e1ch \u0111\u00f3ng g\u00f3i<\/strong><\/span><\/td>\n<td style=\"width: 265.486px; height: 21px;\"><span style=\"color: #000000;\">10kg\/t\u00fai ho\u1eb7c theo y\u00eau c\u1ea7u kh\u00e1ch<\/span><\/td>\n<\/tr>\n<tr style=\"height: 43px;\">\n<td style=\"width: 131px; height: 43px;\"><span style=\"color: #1755ad;\"><strong>\u0110i\u1ec1u ki\u1ec7n b\u1ea3o qu\u1ea3n<\/strong><\/span><\/td>\n<td style=\"width: 265.486px; height: 43px;\"><span style=\"color: #000000;\">S\u1ea3n ph\u1ea9m \u0111\u01b0\u1ee3c l\u01b0u tr\u1eef trong kho -18\u00b0C<\/span><\/td>\n<\/tr>\n<tr style=\"height: 21px;\">\n<td style=\"width: 131px; height: 21px;\"><span style=\"color: #1755ad;\"><strong>Th\u1eddi h\u1ea1n s\u1eed d\u1ee5ng<\/strong><\/span><\/td>\n<td style=\"width: 265.486px; height: 21px;\"><span style=\"color: #000000;\">24 th\u00e1ng k\u1ec3 t\u1eeb ng\u00e0y s\u1ea3n xu\u1ea5t\u00a0<\/span><\/td>\n<\/tr>\n<\/tbody>\n<\/table>\n","protected":false},"featured_media":18193,"comment_status":"closed","ping_status":"closed","template":"","meta":[],"product_brand":[],"product_cat":[100],"product_tag":[],"class_list":{"0":"post-24814","1":"product","2":"type-product","3":"status-publish","4":"has-post-thumbnail","6":"product_cat-san-pham-xay-nhuyen","8":"first","9":"instock","10":"shipping-taxable","11":"product-type-simple"},"_links":{"self":[{"href":"https:\/\/hfoods.vn\/vi\/wp-json\/wp\/v2\/product\/24814","targetHints":{"allow":["GET"]}}],"collection":[{"href":"https:\/\/hfoods.vn\/vi\/wp-json\/wp\/v2\/product"}],"about":[{"href":"https:\/\/hfoods.vn\/vi\/wp-json\/wp\/v2\/types\/product"}],"replies":[{"embeddable":true,"href":"https:\/\/hfoods.vn\/vi\/wp-json\/wp\/v2\/comments?post=24814"}],"wp:featuredmedia":[{"embeddable":true,"href":"https:\/\/hfoods.vn\/vi\/wp-json\/wp\/v2\/media\/18193"}],"wp:attachment":[{"href":"https:\/\/hfoods.vn\/vi\/wp-json\/wp\/v2\/media?parent=24814"}],"wp:term":[{"taxonomy":"product_brand","embeddable":true,"href":"https:\/\/hfoods.vn\/vi\/wp-json\/wp\/v2\/product_brand?post=24814"},{"taxonomy":"product_cat","embeddable":true,"href":"https:\/\/hfoods.vn\/vi\/wp-json\/wp\/v2\/product_cat?post=24814"},{"taxonomy":"product_tag","embeddable":true,"href":"https:\/\/hfoods.vn\/vi\/wp-json\/wp\/v2\/product_tag?post=24814"}],"curies":[{"name":"wp","href":"https:\/\/api.w.org\/{rel}","templated":true}]}}