{"id":24984,"date":"2026-04-13T10:01:43","date_gmt":"2026-04-13T03:01:43","guid":{"rendered":"https:\/\/hfoods.vn\/?post_type=product&#038;p=24984"},"modified":"2026-04-13T10:01:44","modified_gmt":"2026-04-13T03:01:44","slug":"nuoc-dua-tuoi-dong-hop-comoon","status":"publish","type":"product","link":"https:\/\/hfoods.vn\/vi\/san-pham\/nuoc-dua-tuoi-dong-hop-comoon\/","title":{"rendered":"N\u01b0\u1edbc D\u1eeba T\u01b0\u01a1i \u0110\u00f3ng H\u1ed9p Comoon"},"content":{"rendered":"<h2><span style=\"color: #000000;\">M\u00d4 T\u1ea2 S\u1ea2N PH\u1ea8M<\/span><\/h2>\n<p><span style=\"color: #000000;\">N\u01b0\u1edbc d\u1eeba Comoon \u0111\u00f3ng h\u1ed9p \u0111\u01b0\u1ee3c s\u1ea3n xu\u1ea5t t\u1eeb n\u01b0\u1edbc d\u1eeba t\u01b0\u01a1i tuy\u1ec3n ch\u1ecdn t\u1eeb v\u00f9ng nguy\u00ean li\u1ec7u d\u1eeba B\u1ebfn Tre (nay thu\u1ed9c V\u0129nh Long), n\u01a1i n\u1ed5i ti\u1ebfng v\u1edbi ch\u1ea5t l\u01b0\u1ee3ng d\u1eeba thu\u1ed9c h\u00e0ng ngon nh\u1ea5t th\u1ebf gi\u1edbi. S\u1ea3n ph\u1ea9m \u0111\u01b0\u1ee3c s\u1ea3n xu\u1ea5t tr\u00ean d\u00e2y chuy\u1ec1n ch\u1ebf bi\u1ebfn hi\u1ec7n \u0111\u1ea1i, \u0111\u1ea3m b\u1ea3o gi\u1eef tr\u1ecdn gi\u00e1 tr\u1ecb dinh d\u01b0\u1ee1ng c\u00f9ng kho\u00e1ng ch\u1ea5t t\u1ef1 nhi\u00ean c\u00f3 trong n\u01b0\u1edbc d\u1eeba.<\/span><\/p>\n<p><span style=\"color: #000000;\">N\u01b0\u1edbc d\u1eeba Comoon c\u00f3 v\u1ecb ngon, thanh m\u00e1t, h\u01b0\u01a1ng b\u00e9o c\u1ee7a d\u1eeba t\u1ef1 nhi\u00ean, ph\u00f9 h\u1ee3p l\u00e0 th\u1ee9c u\u1ed1ng l\u00e0nh m\u1ea1nh cho ng\u01b0\u1eddi ti\u00eau d\u00f9ng to\u00e0n c\u1ea7u.\u00a0<\/span><\/p>\n<h2><span style=\"color: #000000;\">\u0110\u1eb6C \u0110I\u1ec2M N\u1ed4I B\u1eacT N\u01af\u1edaC D\u1eeaA COMOON<\/span><\/h2>\n<p data-start=\"639\" data-end=\"754\"><span style=\"color: #000000;\">H\u01b0\u01a1ng v\u1ecb: V\u1ecb nh\u1eb9, d\u1ec5 u\u1ed1ng, ph\u00f9 h\u1ee3p cho m\u1ecdi \u0111\u1ed9 tu\u1ed5i, \u0111\u1eb7c bi\u1ec7t l\u00e0 tr\u1ebb nh\u1ecf v\u00e0 ng\u01b0\u1eddi cao tu\u1ed5i.<\/span><\/p>\n<p data-start=\"757\" data-end=\"890\"><span style=\"color: #000000;\">Th\u1ec3 t\u00edch: H\u1ed9p\u00a0 330ml &amp; 1000ml<\/span><\/p>\n<p data-start=\"757\" data-end=\"890\"><span style=\"color: #000000;\">H\u00e0m l\u01b0\u1ee3ng calo th\u1ea5p: Ch\u1ec9 t\u1eeb 18\u201326 calo\/100ml, t\u01b0\u01a1ng \u0111\u01b0\u01a1ng 90\u2013130 calo\/chai, th\u00edch h\u1ee3p cho ng\u01b0\u1eddi \u0103n ki\u00eang, ng\u01b0\u1eddi c\u1ea7n ki\u1ec3m so\u00e1t n\u0103ng l\u01b0\u1ee3ng n\u1ea1p v\u00e0o.<\/span><\/p>\n<p data-start=\"1053\" data-end=\"1188\"><span style=\"color: #000000;\">Gi\u00e0u kho\u00e1ng ch\u1ea5t nh\u01b0 Natri (35\u201355mg), Carbohydrate t\u1ef1 nhi\u00ean (4.5\u20136.5g), Ch\u1ea5t \u0111\u1ea1m (&lt;0.5g), c\u00f9ng l\u01b0\u1ee3ng nh\u1ecf protein v\u00e0 ch\u1ea5t b\u00e9o l\u00e0nh m\u1ea1nh (&lt;0.5g)<\/span><\/p>\n<h2 data-start=\"1053\" data-end=\"1188\"><span style=\"color: #000000;\">TH\u00d4NG TIN K\u1ef8 THU\u1eacT<\/span><\/h2>\n<table style=\"font-weight: 300;\">\n<tbody>\n<tr>\n<td><span style=\"color: #000000;\"><strong style=\"font-weight: 600;\">Ti\u00eau ch\u00ed<\/strong><\/span><\/td>\n<td><span style=\"color: #000000;\"><strong style=\"font-weight: 600;\">Th\u00f4ng tin<\/strong><\/span><\/td>\n<\/tr>\n<tr>\n<td><span style=\"color: #000000;\">T\u00ean s\u1ea3n ph\u1ea9m<\/span><\/td>\n<td><span style=\"color: #000000;\">N\u01b0\u1edbc d\u1eeba \u0111\u00f3ng h\u1ed9p<\/span><\/td>\n<\/tr>\n<tr>\n<td><span style=\"color: #000000;\">Th\u00e0nh ph\u1ea7n<\/span><\/td>\n<td><span style=\"color: #000000;\">99,8% n\u01b0\u1edbc d\u1eeba, 0,2% \u0111\u01b0\u1eddng m\u00eda\u00a0<\/span><\/td>\n<\/tr>\n<tr>\n<td><span style=\"color: #000000;\">Dung t\u00edch<\/span><\/td>\n<td><span style=\"color: #000000;\">h\u1ed9p\u00a0 (330ml &amp; 1000ml)<\/span><\/td>\n<\/tr>\n<tr>\n<td><span style=\"color: #000000;\">Lo\u1ea1i h\u00e0ng<\/span><\/td>\n<td><span style=\"color: #000000;\">\u0110\u1ed3 u\u1ed1ng kh\u00f4ng c\u1ed3n<\/span><\/td>\n<\/tr>\n<tr>\n<td><span style=\"color: #000000;\">M\u00e0u s\u1eafc<\/span><\/td>\n<td><span style=\"color: #000000;\">Trong su\u1ed1t, h\u01a1i \u0111\u1ee5c nh\u1eb9<\/span><\/td>\n<\/tr>\n<tr>\n<td><span style=\"color: #000000;\">Nguy\u00ean li\u1ec7u<\/span><\/td>\n<td><span style=\"color: #000000;\">N\u01b0\u1edbc d\u1eeba t\u01b0\u01a1i<\/span><\/td>\n<\/tr>\n<tr>\n<td><span style=\"color: #000000;\">H\u01b0\u01a1ng v\u1ecb<\/span><\/td>\n<td><span style=\"color: #000000;\">Ng\u1ecdt thanh t\u1ef1 nhi\u00ean, c\u00f3 h\u01b0\u01a1ng d\u1eeba nh\u1eb9<\/span><\/td>\n<\/tr>\n<tr>\n<td><span style=\"color: #000000;\">Nhi\u1ec7t \u0111\u1ed9 l\u01b0u tr\u1eef<\/span><\/td>\n<td><span style=\"color: #000000;\">B\u1ea3o qu\u1ea3n \u1edf nhi\u1ec7t \u0111\u1ed9 th\u01b0\u1eddng<\/span><\/td>\n<\/tr>\n<tr>\n<td><span style=\"color: #000000;\">Quy c\u00e1ch \u0111\u00f3ng g\u00f3i<\/span><\/td>\n<td><span style=\"color: #000000;\">T\u00f9y ch\u1ec9nh theo y\u00eau c\u1ea7u kh\u00e1ch h\u00e0ng<\/span><\/td>\n<\/tr>\n<tr>\n<td><span style=\"color: #000000;\">Ngu\u1ed3n g\u1ed1c<\/span><\/td>\n<td><span style=\"color: #000000;\">Vi\u1ec7t Nam<\/span><\/td>\n<\/tr>\n<tr>\n<td><span style=\"color: #000000;\">Ph\u01b0\u01a1ng th\u1ee9c v\u1eadn chuy\u1ec3n<\/span><\/td>\n<td><span style=\"color: #000000;\">\u0110\u01b0\u1eddng bi\u1ec3n ho\u1eb7c \u0111\u01b0\u1eddng h\u00e0ng kh\u00f4ng<\/span><\/td>\n<\/tr>\n<tr>\n<td><span style=\"color: #000000;\">\u0110i\u1ec1u ki\u1ec7n b\u1ea3o qu\u1ea3n<\/span><\/td>\n<td><span style=\"color: #000000;\">B\u1ea3o qu\u1ea3n n\u01a1i kh\u00f4 r\u00e1o, tho\u00e1ng m\u00e1t, tr\u00e1nh \u00e1nh n\u1eafng tr\u1ef1c ti\u1ebfp<\/span><\/td>\n<\/tr>\n<tr>\n<td><span style=\"color: #000000;\">H\u1ea1n s\u1eed d\u1ee5ng<\/span><\/td>\n<td><span style=\"color: #000000;\">15\u00a0th\u00e1ng k\u1ec3 t\u1eeb ng\u00e0y s\u1ea3n xu\u1ea5t<\/span><\/td>\n<\/tr>\n<\/tbody>\n<\/table>\n<h2><span style=\"color: #000000;\">H\u00ccNH \u1ea2NH S\u1ea2N PH\u1ea8M\u00a0<\/span><\/h2>\n<figure id=\"attachment_24957\" aria-describedby=\"caption-attachment-24957\" style=\"width: 2048px\" class=\"wp-caption aligncenter\"><img loading=\"lazy\" decoding=\"async\" class=\"size-full wp-image-24957\" src=\"https:\/\/hfoods.vn\/wp-content\/uploads\/2025\/07\/2.png\" alt=\"COMOON Tetra Prisma Coconut Water\" width=\"2048\" height=\"2044\" \/><figcaption id=\"caption-attachment-24957\" class=\"wp-caption-text\"><\/span> <center><span style=\"color: #000000;\">N\u01b0\u1edbc d\u1eeba \u0111\u00f3ng h\u1ed9p Comoon 330ml<\/span><center><\/center><\/center><\/figcaption><\/figure>\n<figure id=\"attachment_24989\" aria-describedby=\"caption-attachment-24989\" style=\"width: 2048px\" class=\"wp-caption aligncenter\"><img loading=\"lazy\" decoding=\"async\" class=\"size-full wp-image-24989\" src=\"https:\/\/hfoods.vn\/wp-content\/uploads\/2026\/04\/Thiet-ke-chua-co-ten-16-2.png\" alt=\"N\u01b0\u1edbc d\u1eeba \u0111\u00f3ng h\u1ed9p Comoon \" width=\"2048\" height=\"2044\" \/><figcaption id=\"caption-attachment-24989\" class=\"wp-caption-text\"><\/span> <center><span style=\"color: #000000;\">N\u01b0\u1edbc d\u1eeba \u0111\u00f3ng h\u1ed9p Comoon 1L<\/span><center><\/center><\/center><\/figcaption><\/figure>\n<h2 data-start=\"1449\" data-end=\"1495\"><span style=\"color: #000000;\">L\u1ee2I \u00cdCH KHI S\u1eec D\u1ee4NG N\u01af\u1edaC D\u1eeaA COMOON<\/span><\/h2>\n<p data-start=\"1829\" data-end=\"2063\"><span style=\"color: #000000;\">COMOON kh\u00f4ng ch\u1ec9 l\u00e0 m\u1ed9t lo\u1ea1i n\u01b0\u1edbc gi\u1ea3i kh\u00e1t \u2013 m\u00e0 l\u00e0 m\u1ed9t l\u1ef1a ch\u1ecdn s\u1ed1ng l\u00e0nh m\u1ea1nh v\u00e0 c\u00e2n b\u1eb1ng. S\u1ea3n ph\u1ea9m ph\u00f9 h\u1ee3p v\u1edbi xu h\u01b0\u1edbng s\u1ed1ng xanh, ti\u1ec7n l\u1ee3i, an to\u00e0n \u2013 v\u00e0 \u0111\u1eb7c bi\u1ec7t l\u00e0 mang l\u1ea1i c\u1ea3m gi\u00e1c \u201cthanh m\u00e1t \u2013 t\u01b0\u01a1i m\u1edbi\u201d trong t\u1eebng ng\u1ee5m nh\u1ecf.<\/span><\/p>\n<ul data-start=\"1496\" data-end=\"1790\">\n<li data-start=\"1496\" data-end=\"1595\">\n<p data-start=\"1498\" data-end=\"1595\"><span style=\"color: #000000;\">B\u00f9 n\u01b0\u1edbc t\u1ef1 nhi\u00ean ph\u00f9 h\u1ee3p sau v\u1eadn \u0111\u1ed9ng, gi\u1edd ra ch\u01a1i ho\u1eb7c trong nh\u1eefng ng\u00e0y n\u1eafng n\u00f3ng, m\u1ec7t m\u1ecfi.<\/span><\/p>\n<\/li>\n<li data-start=\"1596\" data-end=\"1707\">\n<p data-start=\"1598\" data-end=\"1707\"><span style=\"color: #000000;\">Thay th\u1ebf n\u01b0\u1edbc ng\u1ecdt c\u00f3 gas, gi\u1ea3i ph\u00e1p l\u00e0nh m\u1ea1nh cho kh\u00e1ch h\u00e0ng thay \u0111\u1ed5i \u201ckh\u1ea9u v\u1ecb\u201d th\u01b0\u1eddng ng\u00e0y.<\/span><\/p>\n<\/li>\n<li data-start=\"1708\" data-end=\"1790\">\n<p data-start=\"1710\" data-end=\"1790\"><span style=\"color: #000000;\">H\u1ed7 tr\u1ee3 ti\u00eau h\u00f3a, gi\u1ea3m m\u1ec7t m\u1ecfi nh\u1eb9 nh\u1edd ch\u1ee9a ch\u1ea5t \u0111i\u1ec7n gi\u1ea3i v\u00e0 kali t\u1ef1 nhi\u00ean.<\/span><\/p>\n<\/li>\n<\/ul>\n<h2><span style=\"color: #000000;\">H\u01af\u1edaNG D\u1eaaN S\u1eec D\u1ee4NG V\u00c0 B\u1ea2O QU\u1ea2N N\u01af\u1edaC D\u1eeaA COMOON<\/span><\/h2>\n<p><span style=\"color: #000000;\">N\u00ean l\u1eafc \u0111\u1ec1u tr\u01b0\u1edbc khi u\u1ed1ng, ngon h\u01a1n khi u\u1ed1ng l\u1ea1nh. B\u1ea3o qu\u1ea3n n\u01a1i kh\u00f4 r\u00e1o, tho\u00e1ng m\u00e1t, tr\u00e1nh \u00e1nh n\u1eafng tr\u1ef1c ti\u1ebfp. Sau khi m\u1edf n\u1eafp, b\u1ea3o qu\u1ea3n l\u1ea1nh v\u00e0 s\u1eed d\u1ee5ng trong th\u1eddi gian ng\u1eafn.<\/span><\/p>\n<h2><span style=\"color: #000000;\">XU\u1ea4T X\u1ee8<\/span><\/h2>\n<p><span style=\"color: #000000;\">N\u01b0\u1edbc d\u1eeba t\u01b0\u01a1i COMOON l\u00e0 s\u1ea3n ph\u1ea9m c\u1ee7a C\u00f4ng ty TNHH COMOON \u2013 m\u1ed9t trong ba doanh nghi\u1ec7p ti\u00eau bi\u1ec3u c\u1ee7a C\u00f4ng ty Th\u1ef1c Ph\u1ea9m H\u00f9ng H\u1eadu (HungHau Foods).<\/span><\/p>\n<ul>\n<li><span style=\"color: #000000;\">\u0110\u1ecba ch\u1ec9 c\u00f4ng ty TNHH COMOON: 727 \u0110\u01b0\u1eddng 3\/2 Ph\u01b0\u1eddng Di\u00ean H\u1ed3ng, TP.HCM<\/span><\/li>\n<li><span style=\"color: #000000;\">Website:\u00a0<a style=\"color: #000000;\" href=\"https:\/\/comoon.vn\/\">COMOON<\/a><\/span><\/li>\n<\/ul>\n<h3><span style=\"color: #000000;\">TH\u00d4NG TIN LI\u00caN H\u1ec6<\/span><\/h3>\n<p><span style=\"color: #000000;\">Email:\u00a0<span style=\"color: #333399;\"><a style=\"color: #333399;\" href=\"mailto:sales@hunghau.vn\">sales@hunghau.vn<\/a><\/span><\/span><br \/>\n<span style=\"color: #000000;\">Hotline: (+84)79 721 3333\u00a0<\/span><\/p>\n<p><span style=\"color: #000000;\">Email:\u00a0\u00a0<span style=\"color: #333399;\"><a style=\"color: #333399;\" href=\"mailto:Anna@hunghau.vn\">hana@hunghau.vn<\/a><\/span><\/span><br \/>\n<span style=\"color: #000000;\">Hotline: (+84)79 721 3333\u00a0<\/span><\/p>\n<p><span style=\"color: #000000;\">Email:\u00a0<span style=\"color: #333399;\"><a style=\"color: #333399;\" href=\"mailto:yenn@hunghau.vn\">yenn@hunghau.vn<\/a><\/span><\/span><br \/>\n<span style=\"color: #000000;\">Hotline: (+84)78 520 3333<\/span><\/p>\n<p data-start=\"379\" data-end=\"462\" data-is-last-node=\"\" data-is-only-node=\"\"><span class=\"text\" style=\"color: #000000;\">Th\u00f4ng tin mua h\u00e0ng tr\u00ean k\u00eanh TM\u0110T:<\/span><\/p>\n<p data-start=\"379\" data-end=\"462\" data-is-last-node=\"\" data-is-only-node=\"\"><span class=\"text\" style=\"color: #000000;\">Shopee:<span style=\"color: #333399;\">\u00a0https:\/\/shopee.vn\/comoon_official_store?entryPoint=ShopBySearch&amp;searchKeyword=comoon<\/span><\/span><\/p>\n<p data-start=\"379\" data-end=\"462\" data-is-last-node=\"\" data-is-only-node=\"\"><span class=\"text\" style=\"color: #000000;\">MyU:\u00a0<span style=\"color: #333399;\">https:\/\/myu.vn\/shop\/chi-tiet\/nuoc-dua-comoon-2378<\/span><\/span><\/p>\n","protected":false},"excerpt":{"rendered":"<table style=\"width: 342px;\">\n<tbody>\n<tr>\n<td style=\"width: 108.036px;\"><span style=\"color: #1755ad;\"><strong>Lo\u1ea1i<\/strong><\/span><\/td>\n<td style=\"width: 218.964px;\"><span style=\"color: #000000;\">N\u01b0\u1edbc d\u1eeba t\u01b0\u01a1i<\/span><\/td>\n<\/tr>\n<tr>\n<td style=\"width: 108.036px;\"><span style=\"color: #1755ad;\"><strong>\u0110\u00f3ng g\u00f3i<\/strong><\/span><\/td>\n<td style=\"width: 218.964px;\"><span style=\"color: #000000;\">H\u1ed9p ( 330ml &amp; 1000ml)<\/span><\/td>\n<\/tr>\n<tr>\n<td style=\"width: 108.036px;\"><span style=\"color: #1755ad;\"><strong>H\u1ea1n s\u1eed d\u1ee5ng<\/strong><\/span><\/td>\n<td style=\"width: 218.964px;\"><span style=\"color: #000000;\">\u00a015 th\u00e1ng<\/span><\/td>\n<\/tr>\n<tr>\n<td style=\"width: 108.036px;\"><span style=\"color: #1755ad;\"><strong>Ngu\u1ed3n g\u1ed1c<\/strong><\/span><\/td>\n<td style=\"width: 218.964px;\"><span style=\"color: #000000;\">Vietnam<\/span><\/td>\n<\/tr>\n<\/tbody>\n<\/table>\n","protected":false},"featured_media":24957,"comment_status":"closed","ping_status":"closed","template":"","meta":[],"product_brand":[],"product_cat":[179],"product_tag":[],"class_list":{"0":"post-24984","1":"product","2":"type-product","3":"status-publish","4":"has-post-thumbnail","6":"product_cat-san-pham-tu-dua-dong-lanh","8":"first","9":"instock","10":"shipping-taxable","11":"product-type-simple"},"_links":{"self":[{"href":"https:\/\/hfoods.vn\/vi\/wp-json\/wp\/v2\/product\/24984","targetHints":{"allow":["GET"]}}],"collection":[{"href":"https:\/\/hfoods.vn\/vi\/wp-json\/wp\/v2\/product"}],"about":[{"href":"https:\/\/hfoods.vn\/vi\/wp-json\/wp\/v2\/types\/product"}],"replies":[{"embeddable":true,"href":"https:\/\/hfoods.vn\/vi\/wp-json\/wp\/v2\/comments?post=24984"}],"wp:featuredmedia":[{"embeddable":true,"href":"https:\/\/hfoods.vn\/vi\/wp-json\/wp\/v2\/media\/24957"}],"wp:attachment":[{"href":"https:\/\/hfoods.vn\/vi\/wp-json\/wp\/v2\/media?parent=24984"}],"wp:term":[{"taxonomy":"product_brand","embeddable":true,"href":"https:\/\/hfoods.vn\/vi\/wp-json\/wp\/v2\/product_brand?post=24984"},{"taxonomy":"product_cat","embeddable":true,"href":"https:\/\/hfoods.vn\/vi\/wp-json\/wp\/v2\/product_cat?post=24984"},{"taxonomy":"product_tag","embeddable":true,"href":"https:\/\/hfoods.vn\/vi\/wp-json\/wp\/v2\/product_tag?post=24984"}],"curies":[{"name":"wp","href":"https:\/\/api.w.org\/{rel}","templated":true}]}}