{"id":25006,"date":"2026-04-13T14:31:22","date_gmt":"2026-04-13T07:31:22","guid":{"rendered":"https:\/\/hfoods.vn\/?post_type=product&#038;p=25006"},"modified":"2026-04-13T18:46:18","modified_gmt":"2026-04-13T11:46:18","slug":"nuoc-cot-dua-dong-lanh","status":"publish","type":"product","link":"https:\/\/hfoods.vn\/vi\/san-pham\/nuoc-cot-dua-dong-lanh\/","title":{"rendered":"N\u01b0\u1edbc C\u1ed1t D\u1eeba \u0110\u00f4ng L\u1ea1nh"},"content":{"rendered":"<h2><span style=\"color: #000000;\">TH\u00d4NG TIN S\u1ea2N PH\u1ea8M\u00a0<\/span><\/h2>\n<p><span style=\"color: #000000;\">N\u01b0\u1edbc c\u1ed1t d\u1eeba \u0111\u00f4ng l\u1ea1nh COMOON \u0111\u01b0\u1ee3c s\u1ea3n xu\u1ea5t t\u1eeb c\u01a1m d\u1eeba t\u01b0\u01a1i nguy\u00ean ch\u1ea5t, tr\u1ea3i qua qu\u00e1 tr\u00ecnh \u00e9p, thanh tr\u00f9ng v\u00e0 x\u1eed l\u00fd hi\u1ec7n \u0111\u1ea1i v\u1edbi c\u00f4ng ngh\u1ec7 l\u00e0m l\u1ea1nh nhanh, gi\u00fap gi\u1eef tr\u1ecdn h\u01b0\u01a1ng v\u1ecb t\u1ef1 nhi\u00ean v\u00e0 gi\u00e1 tr\u1ecb dinh d\u01b0\u1ee1ng. Quy tr\u00ecnh ch\u1ebf bi\u1ebfn kh\u00e9p k\u00edn \u0111\u1ea1t chu\u1ea9n qu\u1ed1c t\u1ebf, \u0111\u1ea3m b\u1ea3o an to\u00e0n v\u1ec7 sinh th\u1ef1c ph\u1ea9m v\u00e0 ch\u1ea5t l\u01b0\u1ee3ng \u1ed5n \u0111\u1ecbnh.<\/span><\/p>\n<p><span style=\"color: #000000;\">N\u01b0\u1edbc c\u1ed1t d\u1eeba \u0111\u00f4ng l\u1ea1nh l\u00e0 s\u1ea3n ph\u1ea9m \u0111\u01b0\u1ee3c \u1ee9ng d\u1ee5ng r\u1ed9ng r\u00e3i trong ng\u00e0nh F&amp;B v\u00e0 l\u00e0 nguy\u00ean li\u1ec7u quan tr\u1ecdng cho ch\u1ebf bi\u1ebfn th\u1ef1c ph\u1ea9m. N\u01b0\u1edbc c\u1ed1t d\u1eeba \u0111\u00f4ng l\u1ea1nh COMOON \u0111\u00e1p \u1ee9ng linh ho\u1ea1t c\u00e1c y\u00eau c\u1ea7u v\u1ec1 ch\u1ea5t l\u01b0\u1ee3ng, quy c\u00e1ch v\u00e0 nhu c\u1ea7u s\u1eed d\u1ee5ng c\u1ee7a kh\u00e1ch h\u00e0ng, \u0111\u1ed1i t\u00e1c to\u00e0n c\u1ea7u.<\/span><\/p>\n<h2><span style=\"color: #000000;\">\u0110\u1eb6C \u0110I\u1ec2M N\u1ed4I B\u1eacT<\/span><\/h2>\n<ul>\n<li><span style=\"color: #000000;\"><strong>Nguy\u00ean li\u1ec7u t\u1ef1 nhi\u00ean<\/strong>: S\u1ea3n xu\u1ea5t t\u1eeb c\u01a1m d\u1eeba t\u01b0\u01a1i, kh\u00f4ng pha tr\u1ed9n t\u1ea1p ch\u1ea5t.<\/span><\/li>\n<li><span style=\"color: #000000;\"><strong>Quy tr\u00ecnh ch\u1ebf bi\u1ebfn an to\u00e0n<\/strong>: Thanh tr\u00f9ng nhi\u1ec7t \u0111\u1ed9 cao k\u1ebft h\u1ee3p h\u1ea1 nhi\u1ec7t nhanh ch\u00f3ng trong nhi\u1ec7t \u0111\u1ed9 th\u1ea5p gi\u00fap \u1ed5n \u0111\u1ecbnh ch\u1ea5t l\u01b0\u1ee3ng s\u1ea3n ph\u1ea9m.<\/span><\/li>\n<li><span style=\"color: #000000;\"><strong>Gi\u1eef h\u01b0\u01a1ng v\u1ecb \u0111\u1eb7c tr\u01b0ng<\/strong>: M\u00f9i th\u01a1m b\u00e9o t\u1ef1 nhi\u00ean c\u1ee7a n\u01b0\u1edbc c\u1ed1t d\u1eeba nguy\u00ean ch\u1ea5t.<\/span><\/li>\n<li><span style=\"color: #000000;\"><strong>Ph\u00f9 h\u1ee3p s\u1ea3n xu\u1ea5t c\u00f4ng nghi\u1ec7p<\/strong>: L\u00e0 nguy\u00ean li\u1ec7u th\u00f4 d\u00f9ng cho \u0111\u1ed3 u\u1ed1ng, l\u00e0m b\u00e1nh v\u00e0 ch\u1ebf bi\u1ebfn th\u1ef1c ph\u1ea9m.<\/span><\/li>\n<\/ul>\n<h2><span style=\"color: #000000;\">TH\u00d4NG TIN K\u1ef8 THU\u1eacT<\/span><\/h2>\n<table style=\"font-weight: 300; width: 480.638px;\">\n<tbody>\n<tr>\n<td style=\"width: 175px;\"><span style=\"color: #000000;\"><strong style=\"font-weight: 600;\">Ti\u00eau ch\u00ed<\/strong><\/span><\/td>\n<td style=\"width: 290.638px;\"><span style=\"color: #000000;\"><strong style=\"font-weight: 600;\">Chi ti\u1ebft<\/strong><\/span><\/td>\n<\/tr>\n<tr>\n<td style=\"width: 175px;\"><span style=\"color: #000000;\">T\u00ean s\u1ea3n ph\u1ea9m<\/span><\/td>\n<td style=\"width: 290.638px;\"><span style=\"color: #000000;\">N\u01b0\u1edbc c\u1ed1t d\u1eeba \u0111\u00f4ng l\u1ea1nh<\/span><\/td>\n<\/tr>\n<tr>\n<td style=\"width: 175px;\"><span style=\"color: #000000;\">Th\u01b0\u01a1ng hi\u1ec7u<\/span><\/td>\n<td style=\"width: 290.638px;\"><span style=\"color: #000000;\">COMOON<\/span><\/td>\n<\/tr>\n<tr>\n<td style=\"width: 175px;\"><span style=\"color: #000000;\">Ch\u1ea5t li\u1ec7u<\/span><\/td>\n<td style=\"width: 290.638px;\"><span style=\"color: #000000;\">C\u01a1m d\u1eeba \u00e9p l\u1ea5y n\u01b0\u1edbc<\/span><\/td>\n<\/tr>\n<tr>\n<td style=\"width: 175px;\"><span style=\"color: #000000;\">M\u00e0u s\u1eafc<\/span><\/td>\n<td style=\"width: 290.638px;\"><span style=\"color: #000000;\">Tr\u1eafng s\u1eefa<\/span><\/td>\n<\/tr>\n<tr>\n<td style=\"width: 175px;\"><span style=\"color: #000000;\">Ngu\u1ed3n g\u1ed1c<\/span><\/td>\n<td style=\"width: 290.638px;\"><span style=\"color: #000000;\">Vi\u1ec7t Nam<\/span><\/td>\n<\/tr>\n<tr>\n<td style=\"width: 175px;\"><span style=\"color: #000000;\">\u0110\u00f3ng g\u00f3i<\/span><\/td>\n<td style=\"width: 290.638px;\"><span style=\"color: #000000;\">5 kg\/t\u00fai, 4 t\u00fai\/th\u00f9ng<\/span><\/td>\n<\/tr>\n<tr>\n<td style=\"width: 175px;\"><span style=\"color: #000000;\">Ph\u01b0\u01a1ng th\u1ee9c v\u1eadn chuy\u1ec3n<\/span><\/td>\n<td style=\"width: 290.638px;\"><span style=\"color: #000000;\">\u0110\u01b0\u1eddng bi\u1ec3n ho\u1eb7c \u0111\u01b0\u1eddng h\u00e0ng kh\u00f4ng<\/span><\/td>\n<\/tr>\n<tr>\n<td style=\"width: 175px;\"><span style=\"color: #000000;\">Th\u1eddi gian s\u1eed d\u1ee5ng \u01b0\u1edbc t\u00ednh<\/span><\/td>\n<td style=\"width: 290.638px;\"><span style=\"color: #000000;\">24 th\u00e1ng<\/span><\/td>\n<\/tr>\n<\/tbody>\n<\/table>\n<h2 style=\"font-weight: 300;\"><span style=\"color: #000000;\">CH\u1ec8 TI\u00caU K\u1ef8 THU\u1eacT<\/span><\/h2>\n<table style=\"font-weight: 300; width: 459.505px;\">\n<tbody>\n<tr>\n<td style=\"width: 289px;\"><span style=\"color: #000000;\"><strong style=\"font-weight: 600;\">Ch\u1ec9 ti\u00eau<\/strong><\/span><\/td>\n<td style=\"width: 155.505px;\"><span style=\"color: #000000;\"><strong style=\"font-weight: 600;\">M\u1ee9c ki\u1ec3m so\u00e1t<\/strong><\/span><\/td>\n<\/tr>\n<tr>\n<td style=\"width: 289px;\"><span style=\"color: #000000;\">pH<\/span><\/td>\n<td style=\"width: 155.505px;\"><span style=\"color: #000000;\">5.9 \u2013 6.2<\/span><\/td>\n<\/tr>\n<tr>\n<td style=\"width: 289px;\"><span style=\"color: #000000;\">B\u00e9o \/ Fat (2 lo\u1ea1i)<\/span><\/td>\n<td style=\"width: 155.505px;\"><span style=\"color: #000000;\">\u2265 28% ; \u2265 30%<\/span><\/td>\n<\/tr>\n<tr>\n<td style=\"width: 289px;\"><span style=\"color: #000000;\">Ch\u1ea5t \u0111\u1ea1m \/ Protein<\/span><\/td>\n<td style=\"width: 155.505px;\"><span style=\"color: #000000;\">\u2265 3.0%<\/span><\/td>\n<\/tr>\n<tr>\n<td style=\"width: 289px;\"><span style=\"color: #000000;\">\u0110\u1ed9 \u0111\u01b0\u1eddng \/ Brix<\/span><\/td>\n<td style=\"width: 155.505px;\"><span style=\"color: #000000;\">\u2265 12%<\/span><\/td>\n<\/tr>\n<tr>\n<td style=\"width: 289px;\"><span style=\"color: #000000;\">T\u1ed5ng s\u1ed1 vi sinh hi\u1ebfu kh\u00ed (Total Aerobic Count)<\/span><\/td>\n<td style=\"width: 155.505px;\"><span style=\"color: #000000;\">\u2264 5.0 \u00d7 10\u2074 cfu\/g<\/span><\/td>\n<\/tr>\n<tr>\n<td style=\"width: 289px;\"><span style=\"color: #000000;\">Coliform<\/span><\/td>\n<td style=\"width: 155.505px;\"><span style=\"color: #000000;\">\u2264 100<\/span><\/td>\n<\/tr>\n<tr>\n<td style=\"width: 289px;\"><span style=\"color: #000000;\">E. coli<\/span><\/td>\n<td style=\"width: 155.505px;\"><span style=\"color: #000000;\">\u2264 100<\/span><\/td>\n<\/tr>\n<\/tbody>\n<\/table>\n<h3><span style=\"color: #000000;\">TH\u00d4NG TIN LI\u00caN H\u1ec6<\/span><\/h3>\n<p><span style=\"color: #000000;\">Email:\u00a0sales@hunghau.vn<\/span><br \/>\n<span style=\"color: #000000;\">Hotline: (+84)79 721 3333<\/span><\/p>\n<p><span style=\"color: #000000;\">Email:\u00a0Hana@hunghau.vn<\/span><br \/>\n<span style=\"color: #000000;\">Hotline: (+84)79 721 3333<\/span><\/p>\n<p><span style=\"color: #000000;\">Email: yenn@hunghau.vn<\/span><br \/>\n<span style=\"color: #000000;\">Hotline: (+84)78 520 3333<\/span><\/p>\n<h2><span style=\"color: #000000;\">H\u00ccNH \u1ea2NH S\u1ea2N PH\u1ea8M<\/span><\/h2>\n<figure id=\"attachment_25007\" aria-describedby=\"caption-attachment-25007\" style=\"width: 2048px\" class=\"wp-caption aligncenter\"><img loading=\"lazy\" decoding=\"async\" class=\"size-full wp-image-25007\" src=\"https:\/\/hfoods.vn\/wp-content\/uploads\/2026\/04\/Thiet-ke-chua-co-ten-19.png\" alt=\"N\u01b0\u1edbc c\u1ed1t d\u1eeba \u0111\u00f4ng l\u1ea1nh\" width=\"2048\" height=\"2044\" \/><figcaption id=\"caption-attachment-25007\" class=\"wp-caption-text\"><center><span style=\"color: #000000;\">N\u01b0\u1edbc c\u1ed1t d\u1eeba \u0111\u00f4ng l\u1ea1nh<\/span><center><\/center><\/center><\/figcaption><\/figure>\n<h3 data-start=\"0\" data-end=\"25\"><span style=\"color: #000000;\">TH\u00c0NH PH\u1ea6N DINH D\u01af\u1ee0NG<\/span><\/h3>\n<ul>\n<li><span style=\"color: #000000;\"><strong>N\u0103ng l\u01b0\u1ee3ng cao:<\/strong>\u00a0Cung c\u1ea5p kho\u1ea3ng 450\u2013500 kcal\/250 ml (v\u1edbi h\u00e0m l\u01b0\u1ee3ng b\u00e9o dao \u0111\u1ed9ng 28-30%). N\u01b0\u1edbc c\u1ed1t d\u1eeba l\u00e0 ngu\u1ed3n n\u0103ng l\u01b0\u1ee3ng d\u1ed3i d\u00e0o cho c\u00e1c ho\u1ea1t \u0111\u1ed9ng th\u1ec3 ch\u1ea5t v\u00e0 ch\u1ebf bi\u1ebfn th\u1ef1c ph\u1ea9m.<\/span><\/li>\n<li><span style=\"color: #000000;\"><strong>Ch\u1ea5t b\u00e9o t\u1ef1 nhi\u00ean:<\/strong>\u00a0G\u00f3p ph\u1ea7n t\u1ea1o \u0111\u1ed9 b\u00e9o, h\u01b0\u01a1ng v\u1ecb \u0111\u1eb7c tr\u01b0ng v\u00e0 gi\u00e1 tr\u1ecb n\u0103ng l\u01b0\u1ee3ng cho s\u1ea3n ph\u1ea9m.<\/span><\/li>\n<li><span style=\"color: #000000;\"><strong>Kho\u00e1ng ch\u1ea5t thi\u1ebft y\u1ebfu:<\/strong>\u00a0Bao g\u1ed3m s\u1eaft, selenium, \u0111\u1ed3ng, canxi, magie, ph\u1ed1t pho v\u00e0 kali, h\u1ed7 tr\u1ee3 ho\u1ea1t \u0111\u1ed9ng c\u1ee7a c\u01a1 th\u1ec3 v\u00e0 c\u00e2n b\u1eb1ng \u0111i\u1ec7n gi\u1ea3i.<\/span><\/li>\n<li><span style=\"color: #000000;\"><strong>Vitamin t\u1ef1 nhi\u00ean:<\/strong>\u00a0Ch\u1ee9a vitamin E v\u00e0 c\u00e1c vitamin nh\u00f3m B (B1, B3, B5, B6), g\u00f3p ph\u1ea7n h\u1ed7 tr\u1ee3 trao \u0111\u1ed5i ch\u1ea5t v\u00e0 t\u0103ng c\u01b0\u1eddng s\u1ee9c kh\u1ecfe t\u1ed5ng th\u1ec3.<\/span><\/li>\n<li><span style=\"color: #000000;\"><strong>Ngu\u1ed3n g\u1ed1c th\u1ef1c v\u1eadt:<\/strong>\u00a0Kh\u00f4ng ch\u1ee9a s\u1eefa \u0111\u1ed9ng v\u1eadt, ph\u00f9 h\u1ee3p cho ng\u01b0\u1eddi kh\u00f4ng dung n\u1ea1p lactose.<\/span><\/li>\n<\/ul>\n<p><span style=\"font-size: 23.04px; color: #000000;\">\u1ee8NG D\u1ee4NG<\/span><\/p>\n<div class=\"bbconts\">\n<div class=\"wrapper\">\n<div class=\"wraps\">\n<div class=\"the-content desc\">\n<p><span style=\"color: #000000;\"><strong>S\u1ea3n xu\u1ea5t b\u00e1nh, \u0111\u1ed3 u\u1ed1ng &amp; ch\u1ebf bi\u1ebfn th\u1ef1c ph\u1ea9m:<\/strong>\u00a0S\u1eed d\u1ee5ng l\u00e0m nguy\u00ean li\u1ec7u \u0111\u1ea7u v\u00e0o trong s\u1ea3n xu\u1ea5t \u0111\u1ed3 u\u1ed1ng, b\u00e1nh k\u1eb9o v\u00e0 c\u00e1c m\u00f3n \u0103n tr\u00ean to\u00e0n th\u1ebf gi\u1edbi, g\u00f3p ph\u1ea7n b\u1ed5 sung n\u0103ng l\u01b0\u1ee3ng v\u00e0 h\u1ed7 tr\u1ee3 c\u00e2n b\u1eb1ng dinh d\u01b0\u1ee1ng.<\/span><\/p>\n<p><span style=\"color: #000000;\"><strong>Xu\u1ea5t<\/strong><strong>\u00a0kh\u1ea9u OEM:<\/strong>\u00a0Nguy\u00ean li\u1ec7u c\u00e1c \u0111\u01a1n h\u00e0ng OEM ph\u1ee5c v\u1ee5 th\u1ecb tr\u01b0\u1eddng trong n\u01b0\u1edbc v\u00e0 xu\u1ea5t kh\u1ea9u.<\/span><\/p>\n<h3><span style=\"color: #000000;\">TH\u00d4NG TIN LI\u00caN H\u1ec6<\/span><\/h3>\n<p><span style=\"color: #000000;\">Email:\u00a0<span style=\"color: #000080;\">sales@hunghau.vn<\/span><\/span><br \/>\n<span style=\"color: #000000;\">Hotline: (+84)79 721 3333<\/span><\/p>\n<p><span style=\"color: #000000;\">Email:<span style=\"color: #000080;\">\u00a0Hana@hunghau.vn<\/span><\/span><br \/>\n<span style=\"color: #000000;\">Hotline: (+84)79 721 3333<\/span><\/p>\n<p><span style=\"color: #000000;\">Email: <span style=\"color: #000080;\">yenn@hunghau.vn<\/span><\/span><br \/>\n<span style=\"color: #000000;\">Hotline: (+84)78 520 3333<\/span><\/p>\n<\/div>\n<\/div>\n<\/div>\n<\/div>\n","protected":false},"excerpt":{"rendered":"<table>\n<tbody>\n<tr>\n<td><span style=\"color: #1755ad;\"><strong>Th\u00f4ng tin<\/strong><\/span><\/td>\n<td><span style=\"color: #000000;\">N\u01b0\u1edbc c\u1ed1t d\u1eeba \u0111\u00f4ng l\u1ea1nh\u00a0<\/span><\/td>\n<\/tr>\n<tr>\n<td><span style=\"color: #1755ad;\"><strong>M\u00f9a v\u1ee5<\/strong><\/span><\/td>\n<td><span style=\"color: #000000;\">Quanh n\u0103m<\/span><\/td>\n<\/tr>\n<tr>\n<td><span style=\"color: #1755ad;\"><strong>Quy c\u00e1ch \u0111\u00f3ng g\u00f3i<\/strong><\/span><\/td>\n<td><span style=\"color: #000000;\">5 kg\/t\u00fai, 4 t\u00fai\/th\u00f9ng<\/span><\/td>\n<\/tr>\n<tr>\n<td><span style=\"color: #1755ad;\"><strong>\u0110i\u1ec1u ki\u1ec7n b\u1ea3o qu\u1ea3n<\/strong><\/span><\/td>\n<td><span style=\"color: #000000;\">S\u1ea3n ph\u1ea9m \u0111\u01b0\u1ee3c l\u01b0u tr\u1eef trong kho -18\u00b0C<\/span><\/td>\n<\/tr>\n<tr>\n<td><span style=\"color: #1755ad;\"><strong>Th\u1eddi h\u1ea1n s\u1eed d\u1ee5ng<\/strong><\/span><\/td>\n<td><span style=\"color: #000000;\">24 th\u00e1ng k\u1ec3 t\u1eeb ng\u00e0y s\u1ea3n xu\u1ea5t\u00a0<\/span><\/td>\n<\/tr>\n<\/tbody>\n<\/table>\n","protected":false},"featured_media":25012,"comment_status":"closed","ping_status":"closed","template":"","meta":[],"product_brand":[],"product_cat":[179],"product_tag":[],"class_list":{"0":"post-25006","1":"product","2":"type-product","3":"status-publish","4":"has-post-thumbnail","6":"product_cat-san-pham-tu-dua-dong-lanh","8":"first","9":"instock","10":"shipping-taxable","11":"product-type-simple"},"_links":{"self":[{"href":"https:\/\/hfoods.vn\/vi\/wp-json\/wp\/v2\/product\/25006","targetHints":{"allow":["GET"]}}],"collection":[{"href":"https:\/\/hfoods.vn\/vi\/wp-json\/wp\/v2\/product"}],"about":[{"href":"https:\/\/hfoods.vn\/vi\/wp-json\/wp\/v2\/types\/product"}],"replies":[{"embeddable":true,"href":"https:\/\/hfoods.vn\/vi\/wp-json\/wp\/v2\/comments?post=25006"}],"wp:featuredmedia":[{"embeddable":true,"href":"https:\/\/hfoods.vn\/vi\/wp-json\/wp\/v2\/media\/25012"}],"wp:attachment":[{"href":"https:\/\/hfoods.vn\/vi\/wp-json\/wp\/v2\/media?parent=25006"}],"wp:term":[{"taxonomy":"product_brand","embeddable":true,"href":"https:\/\/hfoods.vn\/vi\/wp-json\/wp\/v2\/product_brand?post=25006"},{"taxonomy":"product_cat","embeddable":true,"href":"https:\/\/hfoods.vn\/vi\/wp-json\/wp\/v2\/product_cat?post=25006"},{"taxonomy":"product_tag","embeddable":true,"href":"https:\/\/hfoods.vn\/vi\/wp-json\/wp\/v2\/product_tag?post=25006"}],"curies":[{"name":"wp","href":"https:\/\/api.w.org\/{rel}","templated":true}]}}