{"id":25133,"date":"2026-04-24T16:57:23","date_gmt":"2026-04-24T09:57:23","guid":{"rendered":"https:\/\/hfoods.vn\/?post_type=product&#038;p=25133"},"modified":"2026-04-24T16:57:24","modified_gmt":"2026-04-24T09:57:24","slug":"nui-gao","status":"publish","type":"product","link":"https:\/\/hfoods.vn\/vi\/san-pham\/nui-gao\/","title":{"rendered":"Nui G\u1ea1o"},"content":{"rendered":"<h2><span style=\"font-weight: 400; color: #000000;\">TH\u00d4NG TIN S\u1ea2N PH\u1ea8M\u202f\u00a0<\/span><\/h2>\n<ul>\n<li style=\"font-weight: 400;\" aria-level=\"1\"><span style=\"font-weight: 400; color: #000000;\">Nui g\u1ea1o HungHau Foods \u202f\u00a0<\/span><\/li>\n<li style=\"font-weight: 400;\" aria-level=\"1\"><span style=\"color: #000000;\"><span style=\"font-weight: 400;\">Quy c\u00e1ch: <\/span><span style=\"font-weight: 400;\">300gr\/ t\u00fai x 40 t\u00fai\/ctn\u00a0 ho\u1eb7c t\u00f9y theo y\u00eau c\u1ea7u kh\u00e1ch h\u00e0ng<\/span><\/span><\/li>\n<\/ul>\n<p><span style=\"font-weight: 400; color: #000000;\">Nui g\u1ea1o c\u1ee7a C\u00f4ng ty C\u1ed5 ph\u1ea7n Th\u1ef1c ph\u1ea9m H\u00f9ng H\u1eadu (HungHau Foods) \u0111\u01b0\u1ee3c ch\u1ebf bi\u1ebfn t\u1eeb b\u1ed9t g\u1ea1o cao c\u1ea5p v\u00e0 tinh b\u1ed9t khoai m\u00ec, tr\u1ea3i qua quy tr\u00ecnh s\u1ea3n xu\u1ea5t kh\u00e9p k\u00edn, hi\u1ec7n \u0111\u1ea1i, \u0111\u1ea3m b\u1ea3o an to\u00e0n v\u1ec7 sinh th\u1ef1c ph\u1ea9m v\u00e0 gi\u1eef tr\u1ecdn \u0111\u1ed9 dai ngon t\u1ef1 nhi\u00ean. S\u1ea3n ph\u1ea9m c\u00f3 k\u1ebft c\u1ea5u m\u1ec1m dai, d\u1ec5 ch\u1ebf bi\u1ebfn, ph\u00f9 h\u1ee3p v\u1edbi nhi\u1ec1u \u0111\u1ed1i t\u01b0\u1ee3ng ng\u01b0\u1eddi d\u00f9ng.<\/span><\/p>\n<p><span style=\"font-weight: 400; color: #000000;\">Nui g\u1ea1o c\u00f3 th\u1ec3 bi\u1ebfn t\u1ea5u th\u00e0nh nhi\u1ec1u m\u00f3n \u0103n h\u1ea5p d\u1eabn nh\u01b0 nui lu\u1ed9c, nui x\u00e0o rau c\u1ee7, nui n\u1ea5u b\u00f2 b\u1eb1m, nui tr\u1ed9n s\u1ed1t kem, nui s\u00fap g\u00e0 ho\u1eb7c nui tr\u1ed9n salad.<\/span><\/p>\n<p><span style=\"font-weight: 400; color: #000000;\">S\u1ea3n ph\u1ea9m \u0111\u01b0\u1ee3c s\u1ea3n xu\u1ea5t t\u1ea1i C\u00f4ng ty TNHH Nha M\u00e2n (thu\u1ed9c HungHau Foods). Nh\u00e0 m\u00e1y k\u1ebf th\u1eeba tinh hoa l\u00e0ng b\u1ed9t Sa \u0110\u00e9c, chuy\u00ean ch\u1ebf bi\u1ebfn th\u1ef1c ph\u1ea9m t\u1eeb b\u1ed9t \u0111\u1ea1t ti\u00eau chu\u1ea9n qu\u1ed1c t\u1ebf. \u0110\u00e2y c\u0169ng l\u00e0 nh\u00e0 m\u00e1y s\u1ea3n xu\u1ea5t \u1ed1ng h\u00fat g\u1ea1o OCHAO \u0111\u1ea1t th\u01b0\u01a1ng hi\u1ec7u qu\u1ed1c gia Vi\u1ec7t Nam.<\/span><\/p>\n<h2><span style=\"color: #000000;\"><span style=\"font-weight: 400;\">\u00a0<\/span><span style=\"font-weight: 400;\">TH\u00d4NG TIN K\u1ef8 THU\u1eacT<\/span><\/span><\/h2>\n<table>\n<tbody>\n<tr>\n<td><span style=\"font-weight: 400; color: #000000;\">Th\u00f4ng tin<\/span><\/td>\n<td><span style=\"font-weight: 400; color: #000000;\">N\u1ed9i dung<\/span><\/td>\n<\/tr>\n<tr>\n<td><span style=\"font-weight: 400; color: #000000;\">Th\u00e0nh ph\u1ea7n<\/span><\/td>\n<td><span style=\"font-weight: 400; color: #000000;\">b\u1ed9t g\u1ea1o, tinh b\u1ed9t khoai m\u00ec, ch\u1ea5t \u1ed5n \u0111\u1ecbnh, ch\u1ea5t b\u1ea3o qu\u1ea3n<\/span><\/td>\n<\/tr>\n<tr>\n<td><span style=\"font-weight: 400; color: #000000;\">H\u00ecnh d\u1ea1ng<\/span><\/td>\n<td><span style=\"font-weight: 400; color: #000000;\">D\u1ea1ng \u1ed1ng, \u0111\u1ea7u c\u1eaft b\u00e0n, kh\u00f4ng n\u1ee9t, g\u00e3y<\/span><\/td>\n<\/tr>\n<tr>\n<td><span style=\"font-weight: 400; color: #000000;\">\u0110\u1ed9 d\u00e0i \u1ed1ng<\/span><\/td>\n<td><span style=\"font-weight: 400; color: #000000;\">3.5cm \u00b1 0.5cm<\/span><\/td>\n<\/tr>\n<tr>\n<td><span style=\"font-weight: 400; color: #000000;\">\u0110\u01b0\u1eddng k\u00ednh\u00a0<\/span><\/td>\n<td><span style=\"font-weight: 400; color: #000000;\">6.5mm\u00a0 \u00b1 0.2mm<\/span><\/td>\n<\/tr>\n<tr>\n<td><span style=\"font-weight: 400; color: #000000;\">M\u00e0u s\u1eafc<\/span><\/td>\n<td><span style=\"font-weight: 400; color: #000000;\">C\u00f3 m\u00e0u s\u1eafc tr\u1eafng \u0111\u1eb7c tr\u01b0ng c\u1ee7a b\u1ed9t g\u1ea1o<\/span><\/td>\n<\/tr>\n<tr>\n<td><span style=\"font-weight: 400; color: #000000;\">H\u1ea1n s\u1eed d\u1ee5ng<\/span><\/td>\n<td><span style=\"font-weight: 400; color: #000000;\">24 th\u00e1ng<\/span><\/td>\n<\/tr>\n<\/tbody>\n<\/table>\n<h2><span style=\"color: #000000;\">L\u1ee2I \u00cdCH DINH D\u01af\u1ee0NG<\/span><\/h2>\n<ul>\n<li><span style=\"color: #000000;\"><b>Cung c\u1ea5p n\u0103ng l\u01b0\u1ee3ng \u1ed5n \u0111\u1ecbnh:<\/b><span style=\"font-weight: 400;\"> Nui g\u1ea1o gi\u00e0u carbohydrate t\u1eeb b\u1ed9t g\u1ea1o \u2013 ngu\u1ed3n n\u0103ng l\u01b0\u1ee3ng ch\u00ednh gi\u00fap c\u01a1 th\u1ec3 ho\u1ea1t \u0111\u1ed9ng hi\u1ec7u qu\u1ea3 m\u1ed7i ng\u00e0y.<\/span><\/span><\/li>\n<li><span style=\"color: #000000;\"><b>D\u1ec5 ti\u00eau h\u00f3a:<\/b><span style=\"font-weight: 400;\"> \u0110\u01b0\u1ee3c l\u00e0m t\u1eeb b\u1ed9t g\u1ea1o v\u00e0 tinh b\u1ed9t khoai m\u00ec, nui g\u1ea1o c\u00f3 k\u1ebft c\u1ea5u m\u1ec1m dai, ph\u00f9 h\u1ee3p cho c\u1ea3 tr\u1ebb em, ng\u01b0\u1eddi l\u1edbn tu\u1ed5i v\u00e0 ng\u01b0\u1eddi c\u00f3 h\u1ec7 ti\u00eau h\u00f3a nh\u1ea1y c\u1ea3m.<\/span><\/span><\/li>\n<li><span style=\"color: #000000;\"><b>\u00cdt ch\u1ea5t b\u00e9o:<\/b><span style=\"font-weight: 400;\"> H\u00e0m l\u01b0\u1ee3ng ch\u1ea5t b\u00e9o th\u1ea5p, th\u00edch h\u1ee3p cho ch\u1ebf \u0111\u1ed9 \u0103n c\u00e2n b\u1eb1ng v\u00e0 l\u00e0nh m\u1ea1nh.<\/span><\/span><\/li>\n<li><span style=\"color: #000000;\"><b>D\u1ec5 k\u1ebft h\u1ee3p nguy\u00ean li\u1ec7u khi n\u1ea5u:<\/b><span style=\"font-weight: 400;\"> Khi ch\u1ebf bi\u1ebfn c\u00f9ng rau c\u1ee7, th\u1ecbt, tr\u1ee9ng ho\u1eb7c h\u1ea3i s\u1ea3n, nui g\u1ea1o gi\u00fap t\u1ea1o n\u00ean b\u1eefa \u0103n \u0111\u1ea7y \u0111\u1ee7 \u0111\u1ea1m, ch\u1ea5t x\u01a1 v\u00e0 vi ch\u1ea5t dinh d\u01b0\u1ee1ng.<\/span><\/span><\/li>\n<li><span style=\"color: #000000;\"><b>Ph\u00f9 h\u1ee3p nhi\u1ec1u ch\u1ebf \u0111\u1ed9 \u0103n:<\/b><span style=\"font-weight: 400;\"> L\u00e0 l\u1ef1a ch\u1ecdn linh ho\u1ea1t cho b\u1eefa s\u00e1ng, b\u1eefa ch\u00ednh ho\u1eb7c b\u1eefa ph\u1ee5, \u0111\u00e1p \u1ee9ng nhu c\u1ea7u dinh d\u01b0\u1ee1ng \u0111a d\u1ea1ng c\u1ee7a ng\u01b0\u1eddi ti\u00eau d\u00f9ng.<\/span><\/span><\/li>\n<\/ul>\n<h2><span style=\"color: #000000;\">H\u01af\u1edaNG D\u1eaaN S\u1eec D\u1ee4NG V\u00c0 B\u1ea2O QU\u1ea2N<\/span><\/h2>\n<p><span style=\"font-weight: 400; color: #000000;\">Cho nui g\u1ea1o v\u00e0o n\u01b0\u1edbc s\u00f4i, n\u1ea5u trong kho\u1ea3ng 10\u201312 ph\u00fat v\u00e0 khu\u1ea5y nh\u1eb9 \u0111\u1ec3 nui ch\u00edn \u0111\u1ec1u. Khi nui \u0111\u1ea1t \u0111\u1ed9 m\u1ec1m dai ph\u00f9 h\u1ee3p, v\u1edbt ra v\u00e0 tr\u1ee5ng nhanh qua n\u01b0\u1edbc l\u1ea1nh \u0111\u1ec3 t\u00e1ch nui, gi\u1eef \u0111\u1ed9 dai ngon, sau \u0111\u00f3 \u0111\u1ec3 r\u00e1o n\u01b0\u1edbc. Th\u00eam m\u1ed9t l\u01b0\u1ee3ng nh\u1ecf d\u1ea7u \u0103n ho\u1eb7c d\u1ea7u \u00f4 liu v\u00e0 tr\u1ed9n \u0111\u1ec1u \u0111\u1ec3 nui g\u1ea1o kh\u00f4ng d\u00ednh v\u00e0o nhau. S\u1ea3n ph\u1ea9m c\u00f3 th\u1ec3 ch\u1ebf bi\u1ebfn th\u00e0nh nhi\u1ec1u m\u00f3n \u0103n h\u1ea5p d\u1eabn, gi\u00fap mang l\u1ea1i n\u0103ng l\u01b0\u1ee3ng t\u1eeb tinh b\u1ed9t cho ng\u01b0\u1eddi s\u1eed d\u1ee5ng.<\/span><\/p>\n<p><span style=\"font-weight: 400; color: #000000;\">B\u1ea3o qu\u1ea3n s\u1ea3n ph\u1ea9m \u1edf n\u01a1i kh\u00f4 r\u00e1o, tho\u00e1ng m\u00e1t, tr\u00e1nh \u00e1nh n\u1eafng tr\u1ef1c ti\u1ebfp. Kh\u00f4ng s\u1eed d\u1ee5ng cho ng\u01b0\u1eddi d\u1ecb \u1ee9ng v\u1edbi b\u1ea5t k\u1ef3 th\u00e0nh ph\u1ea7n n\u00e0o c\u1ee7a s\u1ea3n ph\u1ea9m.<\/span><\/p>\n<h2><span style=\"color: #000000;\">XU\u1ea4T X\u1ee8<\/span><\/h2>\n<p><span style=\"font-weight: 400; color: #000000;\">Nui g\u1ea1o l\u00e0 s\u1ea3n ph\u1ea9m c\u1ee7a C\u00f4ng ty C\u1ed5 ph\u1ea7n Th\u1ef1c ph\u1ea9m H\u00f9ng H\u1eadu (HungHau Foods). \u0110\u01b0\u1ee3c bi\u1ebft \u0111\u1ebfn l\u00e0 doanh nghi\u1ec7p ti\u00eau bi\u1ec3u trong l\u0129nh v\u1ef1c s\u1ea3n xu\u1ea5t v\u00e0 ch\u1ebf bi\u1ebfn th\u1ef1c ph\u1ea9m t\u1ea1i Vi\u1ec7t Nam. HungHau Foods t\u1ef1 h\u00e0o l\u00e0 doanh nghi\u1ec7p mang \u0111\u1ebfn h\u1ea1nh ph\u00fac cho t\u1eebng b\u00e0n \u0103n c\u1ee7a gia \u0111\u00ecnh.<\/span><\/p>\n<p><span style=\"font-weight: 400; color: #000000;\">\u0110\u1ecba ch\u1ec9 nh\u00e0 m\u00e1y: Khu C, Khu C\u00f4ng nghi\u1ec7p Sa \u0110\u00e9c, ph\u01b0\u1eddng T\u00e2n Quy \u0110\u00f4ng, Th\u00e0nh ph\u1ed1 Sa \u0110\u00e9c, t\u1ec9nh \u0110\u1ed3ng Th\u00e1p, Vi\u1ec7t Nam.<\/span><\/p>\n<h2><span style=\"font-weight: 400; color: #000000;\">Th\u00f4ng tin li\u00ean h\u1ec7:\u00a0<\/span><\/h2>\n<p><span style=\"color: #000000;\">Email:\u00a0<span style=\"color: #1755ad;\"><a style=\"color: #1755ad;\" href=\"mailto:sales@hunghau.vn\">sales@hunghau.vn<\/a><\/span><\/span><br \/>\n<span style=\"color: #000000;\">Hotline: (+84)79 721 3333\u00a0<\/span><\/p>\n<p><span style=\"color: #000000;\">Email:\u00a0\u00a0<span style=\"color: #1755ad;\"><a style=\"color: #1755ad;\" href=\"mailto:Anna@hunghau.vn\">hana@hunghau.vn<\/a>\u00a0<\/span><\/span><br \/>\n<span style=\"color: #000000;\">Hotline: (+84)79 721 3333\u00a0<\/span><\/p>\n<p><span style=\"color: #000000;\">Email:\u00a0<span style=\"color: #1755ad;\"><a style=\"color: #1755ad;\" href=\"mailto:yenn@hunghau.vn\">yenn@hunghau.vn<\/a>\u00a0<\/span><\/span><br \/>\n<span style=\"color: #000000;\">Hotline: (+84)78 520 3333<\/span><\/p>\n<p><span style=\"color: #000000;\">LinkedIn:<a style=\"color: #000000;\" href=\"https:\/\/lnkd.in\/g_KkBKHf\">\u00a0<span style=\"color: #1755ad;\">https:\/\/lnkd.in\/g_KkBKHf<\/span><\/a><\/span><\/p>\n<p><span style=\"font-weight: 400; color: #000000;\">.<\/span><\/p>\n","protected":false},"excerpt":{"rendered":"<table style=\"width: 316.222px;\">\n<tbody>\n<tr>\n<td style=\"width: 92px;\"><strong><span style=\"color: #1755ad;\">T\u00ean s\u1ea3n ph\u1ea9m<\/span><\/strong><\/td>\n<td style=\"width: 209.222px;\"><span style=\"font-weight: 400; color: #000000;\">Nui g\u1ea1o\u00a0<\/span><\/td>\n<\/tr>\n<tr>\n<td style=\"width: 92px;\"><strong><span style=\"color: #1755ad;\">Quy c\u00e1ch<\/span><\/strong><\/td>\n<td style=\"width: 209.222px;\"><span style=\"font-weight: 400; color: #000000;\">300gr\/ t\u00fai x 40 t\u00fai\/container\u00a0 ho\u1eb7c t\u00f9y theo y\u00eau c\u1ea7u kh\u00e1ch h\u00e0ng<\/span><\/td>\n<\/tr>\n<tr>\n<td style=\"width: 92px;\"><strong><span style=\"color: #1755ad;\">Th\u00e0nh ph\u1ea7n<\/span><\/strong><\/td>\n<td style=\"width: 209.222px;\"><span style=\"font-weight: 400; color: #000000;\">b\u1ed9t g\u1ea1o, tinh b\u1ed9t khoai m\u00ec, mu\u1ed1i, ch\u1ea5t b\u1ea3o qu\u1ea3n, ch\u1ea5t \u1ed5n \u0111\u1ecbnh<\/span><\/td>\n<\/tr>\n<tr>\n<td style=\"width: 92px;\"><strong><span style=\"color: #1755ad;\">\u0110\u01b0\u1eddng k\u00ednh<\/span><\/strong><\/td>\n<td style=\"width: 209.222px;\"><span style=\"font-weight: 400; color: #000000;\">6.5mm +-0.2mm<\/span><\/td>\n<\/tr>\n<tr>\n<td style=\"width: 92px;\"><strong><span style=\"color: #1755ad;\">M\u00e0u s\u1eafc<\/span><\/strong><\/td>\n<td style=\"width: 209.222px;\"><span style=\"font-weight: 400; color: #000000;\">C\u00f3 m\u00e0u s\u1eafc tr\u1eafng \u0111\u1eb7c tr\u01b0ng c\u1ee7a b\u1ed9t g\u1ea1o\u00a0<\/span><\/td>\n<\/tr>\n<tr>\n<td style=\"width: 92px;\"><strong><span style=\"color: #1755ad;\">Xu\u1ea5t x\u1ee9<\/span><\/strong><\/td>\n<td style=\"width: 209.222px;\"><span style=\"font-weight: 400; color: #000000;\">Vi\u1ec7t Nam<\/span><\/td>\n<\/tr>\n<\/tbody>\n<\/table>\n","protected":false},"featured_media":25132,"comment_status":"closed","ping_status":"closed","template":"","meta":[],"product_brand":[],"product_cat":[183],"product_tag":[],"class_list":{"0":"post-25133","1":"product","2":"type-product","3":"status-publish","4":"has-post-thumbnail","6":"product_cat-mi-nui","8":"first","9":"instock","10":"shipping-taxable","11":"product-type-simple"},"_links":{"self":[{"href":"https:\/\/hfoods.vn\/vi\/wp-json\/wp\/v2\/product\/25133","targetHints":{"allow":["GET"]}}],"collection":[{"href":"https:\/\/hfoods.vn\/vi\/wp-json\/wp\/v2\/product"}],"about":[{"href":"https:\/\/hfoods.vn\/vi\/wp-json\/wp\/v2\/types\/product"}],"replies":[{"embeddable":true,"href":"https:\/\/hfoods.vn\/vi\/wp-json\/wp\/v2\/comments?post=25133"}],"wp:featuredmedia":[{"embeddable":true,"href":"https:\/\/hfoods.vn\/vi\/wp-json\/wp\/v2\/media\/25132"}],"wp:attachment":[{"href":"https:\/\/hfoods.vn\/vi\/wp-json\/wp\/v2\/media?parent=25133"}],"wp:term":[{"taxonomy":"product_brand","embeddable":true,"href":"https:\/\/hfoods.vn\/vi\/wp-json\/wp\/v2\/product_brand?post=25133"},{"taxonomy":"product_cat","embeddable":true,"href":"https:\/\/hfoods.vn\/vi\/wp-json\/wp\/v2\/product_cat?post=25133"},{"taxonomy":"product_tag","embeddable":true,"href":"https:\/\/hfoods.vn\/vi\/wp-json\/wp\/v2\/product_tag?post=25133"}],"curies":[{"name":"wp","href":"https:\/\/api.w.org\/{rel}","templated":true}]}}