{"id":25153,"date":"2026-04-28T15:05:21","date_gmt":"2026-04-28T08:05:21","guid":{"rendered":"https:\/\/hfoods.vn\/?post_type=product&#038;p=25153"},"modified":"2026-04-28T15:05:21","modified_gmt":"2026-04-28T08:05:21","slug":"nui-gao-an-lien","status":"publish","type":"product","link":"https:\/\/hfoods.vn\/vi\/san-pham\/nui-gao-an-lien\/","title":{"rendered":"Nui G\u1ea1o \u0102n Li\u1ec1n"},"content":{"rendered":"<h2><span style=\"color: #000000;\">TH\u00d4NG TIN S\u1ea2N PH\u1ea8M<\/span><\/h2>\n<p><strong><span style=\"color: #000000;\">Nui g\u1ea1o \u0103n li\u1ec1n HungHau Foods<\/span><\/strong><\/p>\n<p><span style=\"color: #000000;\"><b>Quy c\u00e1ch:<\/b> <span style=\"font-weight: 400;\">60gr\/ t\u00fai x 100 t\u00fai<\/span><span style=\"font-weight: 400;\">\/ctn ho\u1eb7c t\u00f9y theo y\u00eau c\u1ea7u kh\u00e1ch h\u00e0ng<\/span><\/span><\/p>\n<p><span style=\"font-weight: 400; color: #000000;\">Nui g\u1ea1o \u0103n li\u1ec1n c\u1ee7a C\u00f4ng ty C\u1ed5 ph\u1ea7n Th\u1ef1c ph\u1ea9m H\u00f9ng H\u1eadu (HungHau Foods) \u0111\u01b0\u1ee3c ch\u1ebf bi\u1ebfn t\u1eeb b\u1ed9t g\u1ea1o cao c\u1ea5p v\u00e0 tinh b\u1ed9t khoai m\u00ec, \u1ee9ng d\u1ee5ng c\u00f4ng ngh\u1ec7 s\u1ea3n xu\u1ea5t hi\u1ec7n \u0111\u1ea1i gi\u00fap r\u00fat ng\u1eafn th\u1eddi gian ch\u1ebf bi\u1ebfn m\u00e0 v\u1eabn gi\u1eef \u0111\u01b0\u1ee3c \u0111\u1ed9 dai ngon t\u1ef1 nhi\u00ean. S\u1ea3n ph\u1ea9m ti\u1ec7n l\u1ee3i, d\u1ec5 s\u1eed d\u1ee5ng, ph\u00f9 h\u1ee3p v\u1edbi nh\u1ecbp s\u1ed1ng b\u1eadn r\u1ed9n nh\u01b0ng v\u1eabn \u0111\u1ea3m b\u1ea3o dinh d\u01b0\u1ee1ng cho ng\u01b0\u1eddi ti\u00eau d\u00f9ng.<\/span><\/p>\n<p><span style=\"font-weight: 400; color: #000000;\">Nui g\u1ea1o \u0103n li\u1ec1n c\u00f3 th\u1ec3 ch\u1ebf bi\u1ebfn nhanh ch\u00f3ng th\u00e0nh nhi\u1ec1u m\u00f3n \u0103n h\u1ea5p d\u1eabn nh\u01b0 nui x\u00e0o, nui tr\u1ed9n, nui s\u00fap, nui n\u1ea5u b\u00f2 b\u1eb1m, nui s\u1ed1t kem ho\u1eb7c salad nui ch\u1ec9 trong v\u00e0i ph\u00fat.<\/span><\/p>\n<p><span style=\"font-weight: 400; color: #000000;\">S\u1ea3n ph\u1ea9m \u0111\u01b0\u1ee3c s\u1ea3n xu\u1ea5t t\u1ea1i C\u00f4ng ty TNHH Nha M\u00e2n (thu\u1ed9c HungHau Foods). Nh\u00e0 m\u00e1y k\u1ebf th\u1eeba tinh hoa l\u00e0ng b\u1ed9t Sa \u0110\u00e9c, chuy\u00ean ch\u1ebf bi\u1ebfn th\u1ef1c ph\u1ea9m t\u1eeb b\u1ed9t \u0111\u1ea1t ti\u00eau chu\u1ea9n qu\u1ed1c t\u1ebf, \u0111\u1ea3m b\u1ea3o ch\u1ea5t l\u01b0\u1ee3ng v\u00e0 an to\u00e0n v\u1ec7 sinh th\u1ef1c ph\u1ea9m.<\/span><\/p>\n<h2><span style=\"color: #000000;\">TH\u00d4NG TIN K\u1ef8 THU\u1eacT<\/span><\/h2>\n<table>\n<tbody>\n<tr>\n<td><span style=\"color: #000000;\"><b>Th\u00f4ng tin<\/b><\/span><\/td>\n<td><span style=\"color: #000000;\"><b>N\u1ed9i dung<\/b><\/span><\/td>\n<\/tr>\n<tr>\n<td><span style=\"font-weight: 400; color: #000000;\">Th\u00e0nh ph\u1ea7n<\/span><\/td>\n<td><span style=\"font-weight: 400; color: #000000;\">B\u1ed9t g\u1ea1o, tinh b\u1ed9t khoai m\u00ec, mu\u1ed1i, ch\u1ea5t \u1ed5n \u0111\u1ecbnh, ch\u1ea5t b\u1ea3o qu\u1ea3n<\/span><\/td>\n<\/tr>\n<tr>\n<td><span style=\"font-weight: 400; color: #000000;\">H\u00ecnh d\u1ea1ng<\/span><\/td>\n<td><span style=\"color: #000000;\"><span style=\"font-weight: 400;\">D\u1ea1ng \u1ed1ng, \u0111\u1ea7u c\u1eaft b\u1eb1ng, kh\u00f4ng n\u1ee9t, g\u00e3y. <\/span><span style=\"font-weight: 400;\">\u00a0<\/span><\/span><\/td>\n<\/tr>\n<tr>\n<td><span style=\"font-weight: 400; color: #000000;\">\u0110\u1ed9 d\u00e0i \u1ed1ng<\/span><\/td>\n<td><span style=\"color: #000000;\"><span style=\"font-weight: 400;\">&lt; 2cm <\/span><span style=\"font-weight: 400;\">\u00a0<\/span><\/span><\/td>\n<\/tr>\n<tr>\n<td><span style=\"font-weight: 400; color: #000000;\">\u0110\u01b0\u1eddng k\u00ednh<\/span><\/td>\n<td><span style=\"color: #000000;\"><span style=\"font-weight: 400;\">4,8mm \u00b1 0.2mm<\/span><span style=\"font-weight: 400;\">\u00a0<\/span><\/span><\/td>\n<\/tr>\n<tr>\n<td><span style=\"font-weight: 400; color: #000000;\">M\u00e0u s\u1eafc<\/span><\/td>\n<td><span style=\"font-weight: 400; color: #000000;\">M\u00e0u tr\u1eafng \u0111\u1eb7c tr\u01b0ng c\u1ee7a b\u1ed9t g\u1ea1o<\/span><\/td>\n<\/tr>\n<tr>\n<td><span style=\"font-weight: 400; color: #000000;\">H\u1ea1n s\u1eed d\u1ee5ng<\/span><\/td>\n<td><span style=\"font-weight: 400; color: #000000;\">9 th\u00e1ng<\/span><\/td>\n<\/tr>\n<\/tbody>\n<\/table>\n<h2><span style=\"color: #000000;\">L\u1ee2I \u00cdCH DINH D\u01af\u1ee0NG<\/span><\/h2>\n<p><span style=\"color: #000000;\"><b>Nui g\u1ea1o \u0103n li\u1ec1n HungHau Foods l\u00e0 s\u1ea3n ph\u1ea9m nui cao c\u1ea5p, s\u1eed d\u1ee5ng \u0111\u1ec3 ch\u1ebf bi\u1ebfn b\u1eefa \u0103n nhanh, \u0111\u1ea7y \u0111\u1ee7 n\u0103ng l\u01b0\u1ee3ng cho ng\u01b0\u1eddi ti\u00eau d\u00f9ng. S\u1ea3n ph\u1ea9m c\u00f3 nh\u1eefng l\u1ee3i \u00edch sau:<\/b><\/span><\/p>\n<ul>\n<li style=\"font-weight: 400;\" aria-level=\"1\"><span style=\"color: #000000;\"><b>Cung c\u1ea5p n\u0103ng l\u01b0\u1ee3ng:<\/b><span style=\"font-weight: 400;\"> s\u1ea3n ph\u1ea9m gi\u00e0u carbohydrate t\u1eeb b\u1ed9t g\u1ea1o, cung c\u1ea5p n\u0103ng l\u01b0\u1ee3ng cho ho\u1ea1t \u0111\u1ed9ng h\u00e0ng ng\u00e0y.<\/span><\/span><\/li>\n<li style=\"font-weight: 400;\" aria-level=\"1\"><span style=\"color: #000000;\"><b>D\u1ec5 ti\u00eau h\u00f3a:<\/b><span style=\"font-weight: 400;\"> K\u1ebft c\u1ea5u m\u1ec1m dai, ph\u00f9 h\u1ee3p cho tr\u1ebb em, ng\u01b0\u1eddi l\u1edbn tu\u1ed5i v\u00e0 ng\u01b0\u1eddi c\u00f3 h\u1ec7 ti\u00eau h\u00f3a nh\u1ea1y c\u1ea3m.<\/span><\/span><\/li>\n<li style=\"font-weight: 400;\" aria-level=\"1\"><span style=\"color: #000000;\"><b>\u00cdt ch\u1ea5t b\u00e9o<\/b><\/span><\/li>\n<li style=\"font-weight: 400;\" aria-level=\"1\"><span style=\"color: #000000;\"><b>D\u1ec5 k\u1ebft h\u1ee3p v\u1edbi c\u00e1c lo\u1ea1i nguy\u00ean li\u1ec7u kh\u00e1c nhau:<\/b><span style=\"font-weight: 400;\"> C\u00f3 th\u1ec3 ch\u1ebf bi\u1ebfn c\u00f9ng rau c\u1ee7, th\u1ecbt, tr\u1ee9ng, h\u1ea3i s\u1ea3n \u0111\u1ec3 t\u1ea1o n\u00ean b\u1eefa \u0103n \u0111\u1ea7y \u0111\u1ee7 dinh d\u01b0\u1ee1ng.<\/span><\/span><\/li>\n<\/ul>\n<h2><span style=\"color: #000000;\">H\u01af\u1edaNG D\u1eaaN S\u1eec D\u1ee4NG V\u00c0 B\u1ea2O QU\u1ea2N<\/span><\/h2>\n<p><span style=\"font-weight: 400; color: #000000;\">Cho n\u01b0\u1edbc s\u00f4i v\u00e0o nui g\u1ea1o l\u1ea7n 1, \u1ee7 kho\u1ea3ng 2 ph\u00fat. Sau \u0111\u00f3 \u0111\u1ed5 b\u1ecf n\u01b0\u1edbc, ti\u1ebfp t\u1ee5c cho n\u01b0\u1edbc s\u00f4i l\u1ea7n 2 v\u00e0o, th\u00eam g\u00f3i gia v\u1ecb ho\u1eb7c c\u00e1c lo\u1ea1i topping t\u00f9y th\u00edch (n\u1ebfu c\u00f3), tr\u1ed9n \u0111\u1ec1u v\u00e0 th\u01b0\u1edfng th\u1ee9c.\u00a0<\/span><\/p>\n<p><span style=\"font-weight: 400; color: #000000;\">S\u1ea3n ph\u1ea9m ti\u1ec7n l\u1ee3i, gi\u00fap ch\u1ebf bi\u1ebfn nhanh nhi\u1ec1u m\u00f3n \u0103n, cung c\u1ea5p ngu\u1ed3n n\u0103ng l\u01b0\u1ee3ng ph\u00f9 h\u1ee3p cho nhu c\u1ea7u h\u00e0ng ng\u00e0y.<\/span><\/p>\n<p><span style=\"font-weight: 400; color: #000000;\">B\u1ea3o qu\u1ea3n n\u01a1i kh\u00f4 r\u00e1o, tho\u00e1ng m\u00e1t, tr\u00e1nh \u00e1nh n\u1eafng tr\u1ef1c ti\u1ebfp. Kh\u00f4ng s\u1eed d\u1ee5ng cho ng\u01b0\u1eddi d\u1ecb \u1ee9ng v\u1edbi b\u1ea5t k\u1ef3 th\u00e0nh ph\u1ea7n n\u00e0o c\u1ee7a s\u1ea3n ph\u1ea9m.<\/span><\/p>\n<h2><span style=\"color: #000000;\">XU\u1ea4T X\u1ee8<\/span><\/h2>\n<p><span style=\"font-weight: 400; color: #000000;\">Nui g\u1ea1o \u0103n li\u1ec1n l\u00e0 s\u1ea3n ph\u1ea9m c\u1ee7a C\u00f4ng ty C\u1ed5 ph\u1ea7n Th\u1ef1c ph\u1ea9m H\u00f9ng H\u1eadu (HungHau Foods)\u00a0 doanh nghi\u1ec7p ti\u00eau bi\u1ec3u trong l\u0129nh v\u1ef1c s\u1ea3n xu\u1ea5t v\u00e0 ch\u1ebf bi\u1ebfn th\u1ef1c ph\u1ea9m t\u1ea1i Vi\u1ec7t Nam. HungHau Foods lu\u00f4n h\u01b0\u1edbng \u0111\u1ebfn vi\u1ec7c mang l\u1ea1i nh\u1eefng s\u1ea3n ph\u1ea9m ch\u1ea5t l\u01b0\u1ee3ng, an to\u00e0n v\u00e0 ti\u1ec7n l\u1ee3i cho ng\u01b0\u1eddi ti\u00eau d\u00f9ng.<\/span><\/p>\n<p><span style=\"color: #000000;\">\u0110\u1ecba ch\u1ec9 nh\u00e0 m\u00e1y:<b><br \/>\n<\/b><span style=\"font-weight: 400;\">Khu C, Khu C\u00f4ng nghi\u1ec7p Sa \u0110\u00e9c, ph\u01b0\u1eddng T\u00e2n Quy \u0110\u00f4ng, Th\u00e0nh ph\u1ed1 Sa \u0110\u00e9c, t\u1ec9nh \u0110\u1ed3ng Th\u00e1p, Vi\u1ec7t Nam.<\/span><\/span><\/p>\n<h2>Th\u00f4ng tin li\u00ean h\u1ec7:<\/h2>\n<p><span style=\"color: #000000;\">Email:\u00a0<\/span><a href=\"mailto:sales@hunghau.vn\">sales@hunghau.vn<\/a><br \/>\n<span style=\"color: #000000;\">Hotline: (+84)79 721 3333\u00a0<\/span><\/p>\n<p><span style=\"color: #000000;\">Email:\u00a0\u00a0<\/span><a href=\"mailto:Anna@hunghau.vn\">hana@hunghau.vn<\/a><br \/>\n<span style=\"color: #000000;\">Hotline: (+84)79 721 3333\u00a0<\/span><\/p>\n<p><span style=\"color: #000000;\">Email<\/span>:\u00a0<a href=\"mailto:yenn@hunghau.vn\">yenn@hunghau.vn<\/a><br \/>\n<span style=\"color: #000000;\">Hotline: (+84)78 520 3333<\/span><\/p>\n<p><span style=\"color: #000000;\">LinkedIn:<\/span><a href=\"https:\/\/lnkd.in\/g_KkBKHf\"><span style=\"color: #000000;\">\u00a0<\/span>https:\/\/lnkd.in\/g_KkBKHf<\/a><\/p>\n","protected":false},"excerpt":{"rendered":"<table style=\"width: 359.222px;\">\n<tbody>\n<tr>\n<td style=\"width: 92px;\"><span style=\"color: #1755ad;\"><strong>T\u00ean s\u1ea3n ph\u1ea9m<\/strong><\/span><\/td>\n<td style=\"width: 252.222px;\"><span style=\"font-weight: 400; color: #000000;\">Nui g\u1ea1o \u0103n li\u1ec1n<\/span><\/td>\n<\/tr>\n<tr>\n<td style=\"width: 92px;\"><span style=\"color: #1755ad;\"><strong>Quy c\u00e1ch<\/strong><\/span><\/td>\n<td style=\"width: 252.222px;\"><span style=\"font-weight: 400; color: #000000;\">60gr\/ t\u00fai x 100 t\u00fai\/cnt\u00a0 ho\u1eb7c t\u00f9y theo y\u00eau c\u1ea7u kh\u00e1ch h\u00e0ng<\/span><\/td>\n<\/tr>\n<tr>\n<td style=\"width: 92px;\"><span style=\"color: #1755ad;\"><strong>Th\u00e0nh ph\u1ea7n<\/strong><\/span><\/td>\n<td style=\"width: 252.222px;\"><span style=\"font-weight: 400; color: #000000;\">b\u1ed9t g\u1ea1o, tinh b\u1ed9t khoai m\u00ec, mu\u1ed1i, ch\u1ea5t b\u1ea3o qu\u1ea3n, ch\u1ea5t \u1ed5n \u0111\u1ecbnh<\/span><\/td>\n<\/tr>\n<tr>\n<td style=\"width: 92px;\"><span style=\"color: #1755ad;\"><strong>\u0110\u01b0\u1eddng k\u00ednh<\/strong><\/span><\/td>\n<td style=\"width: 252.222px;\"><span style=\"font-weight: 400; color: #000000;\">4.8mm +0.2mm<\/span><\/td>\n<\/tr>\n<tr>\n<td style=\"width: 92px;\"><span style=\"color: #1755ad;\"><strong>M\u00e0u s\u1eafc<\/strong><\/span><\/td>\n<td style=\"width: 252.222px;\"><span style=\"font-weight: 400; color: #000000;\">C\u00f3 m\u00e0u s\u1eafc tr\u1eafng \u0111\u1eb7c tr\u01b0ng c\u1ee7a b\u1ed9t g\u1ea1o\u00a0<\/span><\/td>\n<\/tr>\n<tr>\n<td style=\"width: 92px;\"><span style=\"color: #1755ad;\"><strong>Xu\u1ea5t x\u1ee9<\/strong><\/span><\/td>\n<td style=\"width: 252.222px;\"><span style=\"font-weight: 400; color: #000000;\">Vi\u1ec7t Nam<\/span><\/td>\n<\/tr>\n<\/tbody>\n<\/table>\n","protected":false},"featured_media":25154,"comment_status":"closed","ping_status":"closed","template":"","meta":[],"product_brand":[],"product_cat":[183],"product_tag":[],"class_list":{"0":"post-25153","1":"product","2":"type-product","3":"status-publish","4":"has-post-thumbnail","6":"product_cat-mi-nui","8":"first","9":"instock","10":"shipping-taxable","11":"product-type-simple"},"_links":{"self":[{"href":"https:\/\/hfoods.vn\/vi\/wp-json\/wp\/v2\/product\/25153","targetHints":{"allow":["GET"]}}],"collection":[{"href":"https:\/\/hfoods.vn\/vi\/wp-json\/wp\/v2\/product"}],"about":[{"href":"https:\/\/hfoods.vn\/vi\/wp-json\/wp\/v2\/types\/product"}],"replies":[{"embeddable":true,"href":"https:\/\/hfoods.vn\/vi\/wp-json\/wp\/v2\/comments?post=25153"}],"wp:featuredmedia":[{"embeddable":true,"href":"https:\/\/hfoods.vn\/vi\/wp-json\/wp\/v2\/media\/25154"}],"wp:attachment":[{"href":"https:\/\/hfoods.vn\/vi\/wp-json\/wp\/v2\/media?parent=25153"}],"wp:term":[{"taxonomy":"product_brand","embeddable":true,"href":"https:\/\/hfoods.vn\/vi\/wp-json\/wp\/v2\/product_brand?post=25153"},{"taxonomy":"product_cat","embeddable":true,"href":"https:\/\/hfoods.vn\/vi\/wp-json\/wp\/v2\/product_cat?post=25153"},{"taxonomy":"product_tag","embeddable":true,"href":"https:\/\/hfoods.vn\/vi\/wp-json\/wp\/v2\/product_tag?post=25153"}],"curies":[{"name":"wp","href":"https:\/\/api.w.org\/{rel}","templated":true}]}}